{"id":993,"date":"2025-08-27T10:57:19","date_gmt":"2025-08-27T10:57:19","guid":{"rendered":"https:\/\/www.billiondaysupplier.com\/?post_type=product&#038;p=993"},"modified":"2025-08-29T09:09:30","modified_gmt":"2025-08-29T09:09:30","slug":"bulk-mixing-bowls","status":"publish","type":"product","link":"https:\/\/www.billiondaysupplier.com\/fr\/product\/bulk-mixing-bowls\/","title":{"rendered":"Bols \u00e0 m\u00e9langer en acier inoxydable, Nouveau bol de cuisine cor\u00e9en multi-taille Argent Or Personnalis\u00e9"},"content":{"rendered":"<div class=\"wp-block-columns is-layout-flex wp-container-core-columns-is-layout-9d6595d7 wp-block-columns-is-layout-flex\">\n<div class=\"wp-block-column is-layout-flow wp-block-column-is-layout-flow\">\n<h2 class=\"wp-block-heading\">Bols \u00e0 m\u00e9langer en vrac Caract\u00e9ristiques :<\/h2>\n\n\n\n<p><strong>Acier inoxydable de haute qualit\u00e9<\/strong>: Fabriqu\u00e9 en acier inoxydable de qualit\u00e9 alimentaire, il garantit la s\u00e9curit\u00e9, la durabilit\u00e9, la r\u00e9sistance \u00e0 la corrosion, la r\u00e9sistance \u00e0 l'oxydation et la pr\u00e9vention de la rouille pour des performances durables convenant \u00e0 une utilisation commerciale fr\u00e9quente.<\/p>\n\n\n\n<p><strong>Plusieurs tailles disponibles<\/strong>: Offre diverses options de capacit\u00e9, allant des saladiers pour les repas individuels aux grands bols pour la cuisson et le m\u00e9lange des ingr\u00e9dients, afin de r\u00e9pondre aux divers besoins de la restauration.<\/p>\n\n\n\n<p><strong>Riche choix de couleurs<\/strong>: Disponible en plusieurs couleurs \u00e9l\u00e9gantes, alliant praticit\u00e9 et esth\u00e9tique pour am\u00e9liorer l'exp\u00e9rience visuelle globale des \u00e9tablissements de restauration.<\/p>\n\n\n\n<p><strong>Fonctionnalit\u00e9 polyvalente<\/strong>: Id\u00e9al pour m\u00e9langer les salades, mixer les p\u00e2tes, faire mariner les ingr\u00e9dients, pr\u00e9parer les desserts, cuisiner et r\u00e9frig\u00e9rer les aliments.<\/p>\n\n\n\n<p><strong>Facile \u00e0 nettoyer<\/strong>: Les parois int\u00e9rieures lisses minimisent les r\u00e9sidus alimentaires, ce qui simplifie le nettoyage et r\u00e9duit le temps d'entretien pour des op\u00e9rations efficaces.<\/p>\n\n\n\n<p><strong>D\u00e9tails pratiques raffin\u00e9s<\/strong>: Les bords arrondis garantissent la s\u00e9curit\u00e9, tandis que les bases antid\u00e9rapantes emp\u00eachent les \u00e9claboussures lors d'une utilisation fr\u00e9quente dans une cuisine commerciale.<\/p>\n<\/div>\n\n\n\n<div class=\"wp-block-column is-layout-flow wp-block-column-is-layout-flow\">\n<figure class=\"wp-block-image size-full\"><img decoding=\"async\" width=\"1772\" height=\"1772\" src=\"https:\/\/www.billiondaysupplier.com\/wp-content\/uploads\/2025\/08\/bulk-mixing-bowls-5.webp\" alt=\"bols \u00e0 m\u00e9langer en vrac (5)\" class=\"wp-image-1029\" srcset=\"https:\/\/www.billiondaysupplier.com\/wp-content\/uploads\/2025\/08\/bulk-mixing-bowls-5.webp 1772w, https:\/\/www.billiondaysupplier.com\/wp-content\/uploads\/2025\/08\/bulk-mixing-bowls-5-300x300.webp 300w, https:\/\/www.billiondaysupplier.com\/wp-content\/uploads\/2025\/08\/bulk-mixing-bowls-5-150x150.webp 150w, https:\/\/www.billiondaysupplier.com\/wp-content\/uploads\/2025\/08\/bulk-mixing-bowls-5-768x768.webp 768w, https:\/\/www.billiondaysupplier.com\/wp-content\/uploads\/2025\/08\/bulk-mixing-bowls-5-12x12.webp 12w, https:\/\/www.billiondaysupplier.com\/wp-content\/uploads\/2025\/08\/bulk-mixing-bowls-5-1200x1200.webp 1200w, https:\/\/www.billiondaysupplier.com\/wp-content\/uploads\/2025\/08\/bulk-mixing-bowls-5-600x600.webp 600w, https:\/\/www.billiondaysupplier.com\/wp-content\/uploads\/2025\/08\/bulk-mixing-bowls-5-100x100.webp 100w\" sizes=\"(max-width: 1772px) 100vw, 1772px\" \/><\/figure>\n<\/div>\n<\/div>\n\n\n\n<div class=\"wp-block-columns is-layout-flex wp-container-core-columns-is-layout-9d6595d7 wp-block-columns-is-layout-flex\">\n<div class=\"wp-block-column is-layout-flow wp-block-column-is-layout-flow\">\n<figure class=\"wp-block-image size-full\"><img decoding=\"async\" width=\"1772\" height=\"1772\" src=\"https:\/\/www.billiondaysupplier.com\/wp-content\/uploads\/2025\/08\/bulk-mixing-bowls-2.webp\" alt=\"bols \u00e0 m\u00e9langer en vrac (2)\" class=\"wp-image-1026\" srcset=\"https:\/\/www.billiondaysupplier.com\/wp-content\/uploads\/2025\/08\/bulk-mixing-bowls-2.webp 1772w, https:\/\/www.billiondaysupplier.com\/wp-content\/uploads\/2025\/08\/bulk-mixing-bowls-2-300x300.webp 300w, https:\/\/www.billiondaysupplier.com\/wp-content\/uploads\/2025\/08\/bulk-mixing-bowls-2-150x150.webp 150w, https:\/\/www.billiondaysupplier.com\/wp-content\/uploads\/2025\/08\/bulk-mixing-bowls-2-768x768.webp 768w, https:\/\/www.billiondaysupplier.com\/wp-content\/uploads\/2025\/08\/bulk-mixing-bowls-2-12x12.webp 12w, https:\/\/www.billiondaysupplier.com\/wp-content\/uploads\/2025\/08\/bulk-mixing-bowls-2-1200x1200.webp 1200w, https:\/\/www.billiondaysupplier.com\/wp-content\/uploads\/2025\/08\/bulk-mixing-bowls-2-600x600.webp 600w, https:\/\/www.billiondaysupplier.com\/wp-content\/uploads\/2025\/08\/bulk-mixing-bowls-2-100x100.webp 100w\" sizes=\"(max-width: 1772px) 100vw, 1772px\" \/><\/figure>\n<\/div>\n\n\n\n<div class=\"wp-block-column is-layout-flow wp-block-column-is-layout-flow\">\n<figure class=\"wp-block-image size-full\"><img decoding=\"async\" width=\"1772\" height=\"1772\" src=\"https:\/\/www.billiondaysupplier.com\/wp-content\/uploads\/2025\/08\/bulk-mixing-bowls-3.webp\" alt=\"bols \u00e0 m\u00e9langer en vrac (3)\" class=\"wp-image-1027\" srcset=\"https:\/\/www.billiondaysupplier.com\/wp-content\/uploads\/2025\/08\/bulk-mixing-bowls-3.webp 1772w, https:\/\/www.billiondaysupplier.com\/wp-content\/uploads\/2025\/08\/bulk-mixing-bowls-3-300x300.webp 300w, https:\/\/www.billiondaysupplier.com\/wp-content\/uploads\/2025\/08\/bulk-mixing-bowls-3-150x150.webp 150w, https:\/\/www.billiondaysupplier.com\/wp-content\/uploads\/2025\/08\/bulk-mixing-bowls-3-768x768.webp 768w, https:\/\/www.billiondaysupplier.com\/wp-content\/uploads\/2025\/08\/bulk-mixing-bowls-3-12x12.webp 12w, https:\/\/www.billiondaysupplier.com\/wp-content\/uploads\/2025\/08\/bulk-mixing-bowls-3-1200x1200.webp 1200w, https:\/\/www.billiondaysupplier.com\/wp-content\/uploads\/2025\/08\/bulk-mixing-bowls-3-600x600.webp 600w, https:\/\/www.billiondaysupplier.com\/wp-content\/uploads\/2025\/08\/bulk-mixing-bowls-3-100x100.webp 100w\" sizes=\"(max-width: 1772px) 100vw, 1772px\" \/><\/figure>\n<\/div>\n<\/div>","protected":false},"excerpt":{"rendered":"<p>Les bols \u00e0 m\u00e9langer en vrac sont en acier inoxydable de qualit\u00e9 alimentaire, disponibles en plusieurs tailles et couleurs, durables, \u00e9l\u00e9gants, s\u00fbrs et faciles \u00e0 nettoyer, ce qui est id\u00e9al pour les restaurants, les caf\u00e9s et les cuisines en gros. Vente en gros directe de l'usine avec des options de personnalisation disponibles.  N'h\u00e9sitez pas \u00e0 nous contacter pour obtenir des prix de gros et des services personnalis\u00e9s !<\/p>\n<h2>Param\u00e8tres des bols m\u00e9langeurs en vrac\uff1a<\/h2>\n<table border=\"0\" width=\"404\" cellspacing=\"0\" cellpadding=\"0\">\n<tbody>\n<tr>\n<td style=\"text-align: left;\" width=\"148\" height=\"24\"><strong>Mat\u00e9riau<\/strong><\/td>\n<td style=\"text-align: left;\" width=\"256\">Acier inoxydable 201<\/td>\n<\/tr>\n<tr>\n<td style=\"text-align: left;\" height=\"69\"><strong>Couleur<\/strong><\/td>\n<td style=\"text-align: left;\" width=\"256\">Argent\/Or\/Jaune\/Blanc<\/td>\n<\/tr>\n<tr>\n<td style=\"text-align: left;\" height=\"69\"><strong>Application<\/strong><\/td>\n<td style=\"text-align: left;\" width=\"256\">Remuer, m\u00e9langer la salade, p\u00e9trir la p\u00e2te, pr\u00e9parer les sauces, servir les ingr\u00e9dients<\/td>\n<\/tr>\n<tr>\n<td style=\"text-align: left;\" height=\"69\"><strong>Occasin<\/strong><\/td>\n<td style=\"text-align: left;\" width=\"256\">Cuisines domestiques, caf\u00e9t\u00e9rias, boulangeries, cuisines commerciales, buffets et camping.<\/td>\n<\/tr>\n<tr>\n<td style=\"text-align: left;\" height=\"92\"><strong>Fonctionnalit\u00e9<\/strong><\/td>\n<td style=\"text-align: left;\" width=\"256\">1. Facile \u00e0 nettoyer<br \/>2. Durable<\/td>\n<\/tr>\n<tr>\n<td style=\"text-align: left;\" height=\"24\"><strong>Option personnalis\u00e9e<\/strong><\/td>\n<td style=\"text-align: left;\">Logo\/couvercle\/emballage\/accessoires<\/td>\n<\/tr>\n<\/tbody>\n<\/table>","protected":false},"featured_media":1025,"comment_status":"closed","ping_status":"closed","template":"","meta":{"_acf_changed":false},"product_brand":[],"product_cat":[25],"product_tag":[],"class_list":{"0":"post-993","1":"product","2":"type-product","3":"status-publish","4":"has-post-thumbnail","6":"product_cat-bulk-custom-mixing-bowls","8":"first","9":"instock","10":"shipping-taxable","11":"product-type-simple"},"acf":[],"_links":{"self":[{"href":"https:\/\/www.billiondaysupplier.com\/fr\/wp-json\/wp\/v2\/product\/993","targetHints":{"allow":["GET"]}}],"collection":[{"href":"https:\/\/www.billiondaysupplier.com\/fr\/wp-json\/wp\/v2\/product"}],"about":[{"href":"https:\/\/www.billiondaysupplier.com\/fr\/wp-json\/wp\/v2\/types\/product"}],"replies":[{"embeddable":true,"href":"https:\/\/www.billiondaysupplier.com\/fr\/wp-json\/wp\/v2\/comments?post=993"}],"wp:featuredmedia":[{"embeddable":true,"href":"https:\/\/www.billiondaysupplier.com\/fr\/wp-json\/wp\/v2\/media\/1025"}],"wp:attachment":[{"href":"https:\/\/www.billiondaysupplier.com\/fr\/wp-json\/wp\/v2\/media?parent=993"}],"wp:term":[{"taxonomy":"product_brand","embeddable":true,"href":"https:\/\/www.billiondaysupplier.com\/fr\/wp-json\/wp\/v2\/product_brand?post=993"},{"taxonomy":"product_cat","embeddable":true,"href":"https:\/\/www.billiondaysupplier.com\/fr\/wp-json\/wp\/v2\/product_cat?post=993"},{"taxonomy":"product_tag","embeddable":true,"href":"https:\/\/www.billiondaysupplier.com\/fr\/wp-json\/wp\/v2\/product_tag?post=993"}],"curies":[{"name":"wp","href":"https:\/\/api.w.org\/{rel}","templated":true}]}}