{"id":991,"date":"2025-08-27T10:39:57","date_gmt":"2025-08-27T10:39:57","guid":{"rendered":"https:\/\/www.billiondaysupplier.com\/?post_type=product&#038;p=991"},"modified":"2025-08-29T09:14:58","modified_gmt":"2025-08-29T09:14:58","slug":"wholesale-childrens-food-tray","status":"publish","type":"product","link":"https:\/\/www.billiondaysupplier.com\/fr\/product\/wholesale-childrens-food-tray\/","title":{"rendered":"Grossiste Plateau Alimentaire pour Enfants, Assiette \u00e0 D\u00eener en Acier Inoxydable \u00e0 3 Compartiments en forme de Visage de Singe en Bulk"},"content":{"rendered":"<div class=\"wp-block-columns is-layout-flex wp-container-core-columns-is-layout-9d6595d7 wp-block-columns-is-layout-flex\">\n<div class=\"wp-block-column is-layout-flow wp-block-column-is-layout-flow\">\n<h2 class=\"wp-block-heading\">Plateau pour enfants Caract\u00e9ristiques :<\/h2>\n\n\n\n<p><strong>Acier inoxydable de qualit\u00e9 alimentaire<\/strong>: Fabriqu\u00e9 en acier inoxydable de premi\u00e8re qualit\u00e9, il est s\u00fbr et non toxique, r\u00e9sistant \u00e0 la rouille et durable, et conforme aux normes internationales de s\u00e9curit\u00e9 en mati\u00e8re de coutellerie.<\/p>\n\n\n\n<p><strong>Design de forme amusant<\/strong>: La forme du singe souriant am\u00e9liore l'exp\u00e9rience des enfants au moment des repas, et est largement pl\u00e9biscit\u00e9e par les jardins d'enfants, les \u00e9coles et les centres de soins maternels et infantiles.<\/p>\n\n\n\n<p><strong>Compartimentage scientifique<\/strong>: La conception en trois parties emp\u00eache le transfert de saveurs, facilite la r\u00e9partition \u00e9quilibr\u00e9e des portions et permet de planifier des repas nutritifs pour les enfants.<\/p>\n\n\n\n<p><strong>Approfondissement et renforcement de la construction<\/strong>: Personnalisable avec des plateaux plus profonds pour une capacit\u00e9 accrue, s'adaptant \u00e0 divers sc\u00e9narios d'utilisation.<\/p>\n\n\n\n<p><strong>Personnalisation en masse flexible<\/strong>: Nous proposons des services OEM\/ODM, notamment des logos grav\u00e9s au laser, des emballages personnalis\u00e9s, des sp\u00e9cifications sur mesure, etc.<\/p>\n\n\n\n<p><strong>Applications polyvalentes<\/strong>: Id\u00e9al pour les cantines scolaires, les jardins d'enfants, les grossistes en produits pour b\u00e9b\u00e9s, les cha\u00eenes de restaurants et les canaux de distribution de cadeaux.<\/p>\n\n\n\n<p><strong>Facile \u00e0 nettoyer :<\/strong> La surface lisse r\u00e9siste \u00e0 l'accumulation de graisse et peut \u00eatre lav\u00e9e au lave-vaisselle.<\/p>\n<\/div>\n\n\n\n<div class=\"wp-block-column is-layout-flow wp-block-column-is-layout-flow\">\n<figure class=\"wp-block-image size-full\"><img decoding=\"async\" width=\"800\" height=\"800\" src=\"https:\/\/www.billiondaysupplier.com\/wp-content\/uploads\/2025\/08\/wholesale-childrens-food-tray-5.webp\" alt=\"barquettes alimentaires pour enfants en gros (5)\" class=\"wp-image-1003\" srcset=\"https:\/\/www.billiondaysupplier.com\/wp-content\/uploads\/2025\/08\/wholesale-childrens-food-tray-5.webp 800w, https:\/\/www.billiondaysupplier.com\/wp-content\/uploads\/2025\/08\/wholesale-childrens-food-tray-5-300x300.webp 300w, https:\/\/www.billiondaysupplier.com\/wp-content\/uploads\/2025\/08\/wholesale-childrens-food-tray-5-150x150.webp 150w, https:\/\/www.billiondaysupplier.com\/wp-content\/uploads\/2025\/08\/wholesale-childrens-food-tray-5-768x768.webp 768w, https:\/\/www.billiondaysupplier.com\/wp-content\/uploads\/2025\/08\/wholesale-childrens-food-tray-5-12x12.webp 12w, https:\/\/www.billiondaysupplier.com\/wp-content\/uploads\/2025\/08\/wholesale-childrens-food-tray-5-600x600.webp 600w, https:\/\/www.billiondaysupplier.com\/wp-content\/uploads\/2025\/08\/wholesale-childrens-food-tray-5-100x100.webp 100w\" sizes=\"(max-width: 800px) 100vw, 800px\" \/><\/figure>\n<\/div>\n<\/div>\n\n\n\n<div class=\"wp-block-columns is-layout-flex wp-container-core-columns-is-layout-9d6595d7 wp-block-columns-is-layout-flex\">\n<div class=\"wp-block-column is-layout-flow wp-block-column-is-layout-flow\">\n<figure class=\"wp-block-image size-full\"><img decoding=\"async\" width=\"1907\" height=\"1720\" src=\"https:\/\/www.billiondaysupplier.com\/wp-content\/uploads\/2025\/08\/wholesale-childrens-food-tray-4.webp\" alt=\"barquettes alimentaires pour enfants en gros (4)\" class=\"wp-image-1002\" style=\"aspect-ratio:1;object-fit:cover\" srcset=\"https:\/\/www.billiondaysupplier.com\/wp-content\/uploads\/2025\/08\/wholesale-childrens-food-tray-4.webp 1907w, https:\/\/www.billiondaysupplier.com\/wp-content\/uploads\/2025\/08\/wholesale-childrens-food-tray-4-300x271.webp 300w, https:\/\/www.billiondaysupplier.com\/wp-content\/uploads\/2025\/08\/wholesale-childrens-food-tray-4-768x693.webp 768w, https:\/\/www.billiondaysupplier.com\/wp-content\/uploads\/2025\/08\/wholesale-childrens-food-tray-4-13x12.webp 13w, https:\/\/www.billiondaysupplier.com\/wp-content\/uploads\/2025\/08\/wholesale-childrens-food-tray-4-1200x1082.webp 1200w, https:\/\/www.billiondaysupplier.com\/wp-content\/uploads\/2025\/08\/wholesale-childrens-food-tray-4-600x541.webp 600w\" sizes=\"(max-width: 1907px) 100vw, 1907px\" \/><\/figure>\n<\/div>\n\n\n\n<div class=\"wp-block-column is-layout-flow wp-block-column-is-layout-flow\">\n<figure class=\"wp-block-image size-full\"><img decoding=\"async\" width=\"789\" height=\"638\" src=\"https:\/\/www.billiondaysupplier.com\/wp-content\/uploads\/2025\/08\/wholesale-childrens-food-tray-3.webp\" alt=\"barquettes alimentaires pour enfants en gros (3)\" class=\"wp-image-1001\" style=\"aspect-ratio:1;object-fit:cover\" srcset=\"https:\/\/www.billiondaysupplier.com\/wp-content\/uploads\/2025\/08\/wholesale-childrens-food-tray-3.webp 789w, https:\/\/www.billiondaysupplier.com\/wp-content\/uploads\/2025\/08\/wholesale-childrens-food-tray-3-300x243.webp 300w, https:\/\/www.billiondaysupplier.com\/wp-content\/uploads\/2025\/08\/wholesale-childrens-food-tray-3-768x621.webp 768w, https:\/\/www.billiondaysupplier.com\/wp-content\/uploads\/2025\/08\/wholesale-childrens-food-tray-3-15x12.webp 15w, https:\/\/www.billiondaysupplier.com\/wp-content\/uploads\/2025\/08\/wholesale-childrens-food-tray-3-600x485.webp 600w\" sizes=\"(max-width: 789px) 100vw, 789px\" \/><\/figure>\n<\/div>\n<\/div>","protected":false},"excerpt":{"rendered":"<p>Plateau alimentaire pour enfants en gros, en acier inoxydable, au design amusant de singe, avec 3 compartiments. S\u00fbr, durable et personnalisable gr\u00e2ce aux options OEM\/ODM. Id\u00e9al pour les \u00e9coles, les jardins d'enfants, les traiteurs et les distributeurs. Contactez-nous pour obtenir des prix de gros et des \u00e9chantillons !<\/p>\n<h2>Param\u00e8tre du plateau alimentaire pour enfants\uff1a<\/h2>\n<table border=\"0\" width=\"404\" cellspacing=\"0\" cellpadding=\"0\">\n<tbody>\n<tr>\n<td style=\"text-align: left;\" width=\"148\" height=\"24\"><strong>Mat\u00e9riau<\/strong><\/td>\n<td style=\"text-align: left;\" width=\"256\">Acier inoxydable 304<\/td>\n<\/tr>\n<tr>\n<td style=\"text-align: left;\" width=\"148\" height=\"24\"><strong>Couleur<\/strong><\/td>\n<td style=\"text-align: left;\" width=\"256\">Argent<\/td>\n<\/tr>\n<tr>\n<td style=\"text-align: left;\" width=\"148\" height=\"24\"><strong>Couvercle<\/strong><\/td>\n<td style=\"text-align: left;\" width=\"256\">PP\/Acier<\/td>\n<\/tr>\n<tr>\n<td style=\"text-align: left;\" width=\"148\" height=\"24\"><strong>Taille<\/strong><\/td>\n<td style=\"text-align: left;\" width=\"256\">23.5*20*4cm<\/td>\n<\/tr>\n<tr>\n<td style=\"text-align: left;\" width=\"148\" height=\"24\"><strong>Poids<\/strong><\/td>\n<td style=\"text-align: left;\" width=\"256\">150g<\/td>\n<\/tr>\n<tr>\n<td style=\"text-align: left;\" height=\"92\"><strong>Fonctionnalit\u00e9<\/strong><\/td>\n<td style=\"text-align: left;\" width=\"256\">1. Compartiments raisonnables<br \/>2. Durable et respectueux de l'environnement<br \/>3. Empilable<\/td>\n<\/tr>\n<tr>\n<td style=\"text-align: left;\" height=\"24\"><strong>Option personnalis\u00e9e<\/strong><\/td>\n<td style=\"text-align: left;\">Logo\/taille\/emballage\/accessoires<\/td>\n<\/tr>\n<\/tbody>\n<\/table>","protected":false},"featured_media":999,"comment_status":"closed","ping_status":"closed","template":"","meta":{"_acf_changed":false},"product_brand":[],"product_cat":[24],"product_tag":[],"class_list":{"0":"post-991","1":"product","2":"type-product","3":"status-publish","4":"has-post-thumbnail","6":"product_cat-bulk-custom-food-tray","8":"first","9":"instock","10":"shipping-taxable","11":"product-type-simple"},"acf":[],"_links":{"self":[{"href":"https:\/\/www.billiondaysupplier.com\/fr\/wp-json\/wp\/v2\/product\/991","targetHints":{"allow":["GET"]}}],"collection":[{"href":"https:\/\/www.billiondaysupplier.com\/fr\/wp-json\/wp\/v2\/product"}],"about":[{"href":"https:\/\/www.billiondaysupplier.com\/fr\/wp-json\/wp\/v2\/types\/product"}],"replies":[{"embeddable":true,"href":"https:\/\/www.billiondaysupplier.com\/fr\/wp-json\/wp\/v2\/comments?post=991"}],"wp:featuredmedia":[{"embeddable":true,"href":"https:\/\/www.billiondaysupplier.com\/fr\/wp-json\/wp\/v2\/media\/999"}],"wp:attachment":[{"href":"https:\/\/www.billiondaysupplier.com\/fr\/wp-json\/wp\/v2\/media?parent=991"}],"wp:term":[{"taxonomy":"product_brand","embeddable":true,"href":"https:\/\/www.billiondaysupplier.com\/fr\/wp-json\/wp\/v2\/product_brand?post=991"},{"taxonomy":"product_cat","embeddable":true,"href":"https:\/\/www.billiondaysupplier.com\/fr\/wp-json\/wp\/v2\/product_cat?post=991"},{"taxonomy":"product_tag","embeddable":true,"href":"https:\/\/www.billiondaysupplier.com\/fr\/wp-json\/wp\/v2\/product_tag?post=991"}],"curies":[{"name":"wp","href":"https:\/\/api.w.org\/{rel}","templated":true}]}}