{"id":988,"date":"2025-08-29T09:24:58","date_gmt":"2025-08-29T09:24:58","guid":{"rendered":"https:\/\/www.billiondaysupplier.com\/?post_type=product&#038;p=988"},"modified":"2025-08-29T09:25:01","modified_gmt":"2025-08-29T09:25:01","slug":"bulk-american-style-gn-pan","status":"publish","type":"product","link":"https:\/\/www.billiondaysupplier.com\/fr\/product\/bulk-american-style-gn-pan\/","title":{"rendered":"R\u00e9cipient \u00e0 aliments GN en vrac de style am\u00e9ricain pour la restauration Acier inoxydable de qualit\u00e9 alimentaire Toutes tailles"},"content":{"rendered":"<div class=\"wp-block-columns is-layout-flex wp-container-core-columns-is-layout-9d6595d7 wp-block-columns-is-layout-flex\">\n<div class=\"wp-block-column is-layout-flow wp-block-column-is-layout-flow\">\n<h2 class=\"wp-block-heading\">Po\u00eale GN de style am\u00e9ricain Caract\u00e9ristiques :<\/h2>\n\n\n\n<p><strong>Conception structurelle \u00e0 haute r\u00e9sistance<\/strong>: Construit en acier inoxydable \u00e9pais, il est durable et r\u00e9sistant, et conserve sa stabilit\u00e9 m\u00eame en cas d'utilisation commerciale intensive.<\/p>\n\n\n\n<p><strong>\u00a0Gamme compl\u00e8te de normes GN disponible<\/strong>: Plusieurs tailles (1\/1, 1\/2, 1\/3, 1\/4, 1\/6 et 1\/9) sont librement r\u00e9glables, ce qui facilite le stockage et optimise l'utilisation de l'espace.<\/p>\n\n\n\n<p><strong>Empilage facile :<\/strong> Les bords bien con\u00e7us des plateaux permettent de les empiler facilement, ce qui \u00e9conomise de l'espace de stockage et facilite le transport et la manutention.<\/p>\n\n\n\n<p><strong>R\u00e9sistance aux temp\u00e9ratures \u00e9lev\u00e9es<\/strong>: Adapt\u00e9s aux environnements chauds et froids, ils peuvent \u00eatre plac\u00e9s directement dans les r\u00e9frig\u00e9rateurs ou les appareils de chauffage pour garantir que les aliments sont toujours conserv\u00e9s \u00e0 la temp\u00e9rature id\u00e9ale.<\/p>\n\n\n\n<p><strong>Hygi\u00e9nique et s\u00fbr :<\/strong> Les coins arrondis sans soudure r\u00e9duisent la salet\u00e9 et facilitent le nettoyage, emp\u00eachant ainsi la prolif\u00e9ration des bact\u00e9ries et garantissant la s\u00e9curit\u00e9 alimentaire.<\/p>\n\n\n\n<p><strong>Application polyvalente<\/strong>: Convient aux restaurants, aux h\u00f4tels, aux buffets, aux op\u00e9rations de vente \u00e0 emporter, aux caf\u00e9t\u00e9rias scolaires et aux services de restauration \u00e0 grande \u00e9chelle, ce qui en fait un compl\u00e9ment efficace \u00e0 l'industrie de la restauration.<\/p>\n<\/div>\n\n\n\n<div class=\"wp-block-column is-layout-flow wp-block-column-is-layout-flow\">\n<figure class=\"wp-block-image size-full\"><img decoding=\"async\" width=\"720\" height=\"720\" src=\"https:\/\/www.billiondaysupplier.com\/wp-content\/uploads\/2025\/08\/Bulk-American-Style-GN-Pan-1.webp\" alt=\"Bac GN \u00e0 l&#039;am\u00e9ricaine en vrac (1)\" class=\"wp-image-977\" srcset=\"https:\/\/www.billiondaysupplier.com\/wp-content\/uploads\/2025\/08\/Bulk-American-Style-GN-Pan-1.webp 720w, https:\/\/www.billiondaysupplier.com\/wp-content\/uploads\/2025\/08\/Bulk-American-Style-GN-Pan-1-300x300.webp 300w, https:\/\/www.billiondaysupplier.com\/wp-content\/uploads\/2025\/08\/Bulk-American-Style-GN-Pan-1-150x150.webp 150w, https:\/\/www.billiondaysupplier.com\/wp-content\/uploads\/2025\/08\/Bulk-American-Style-GN-Pan-1-12x12.webp 12w, https:\/\/www.billiondaysupplier.com\/wp-content\/uploads\/2025\/08\/Bulk-American-Style-GN-Pan-1-600x600.webp 600w, https:\/\/www.billiondaysupplier.com\/wp-content\/uploads\/2025\/08\/Bulk-American-Style-GN-Pan-1-100x100.webp 100w\" sizes=\"(max-width: 720px) 100vw, 720px\" \/><\/figure>\n<\/div>\n<\/div>\n\n\n\n<div class=\"wp-block-columns is-layout-flex wp-container-core-columns-is-layout-9d6595d7 wp-block-columns-is-layout-flex\">\n<div class=\"wp-block-column is-layout-flow wp-block-column-is-layout-flow\">\n<figure class=\"wp-block-image size-full\"><img decoding=\"async\" width=\"849\" height=\"849\" src=\"https:\/\/www.billiondaysupplier.com\/wp-content\/uploads\/2025\/08\/Bulk-American-Style-GN-Pan-2.webp\" alt=\"Bac GN \u00e0 l&#039;am\u00e9ricaine en vrac (2)\" class=\"wp-image-978\" srcset=\"https:\/\/www.billiondaysupplier.com\/wp-content\/uploads\/2025\/08\/Bulk-American-Style-GN-Pan-2.webp 849w, https:\/\/www.billiondaysupplier.com\/wp-content\/uploads\/2025\/08\/Bulk-American-Style-GN-Pan-2-300x300.webp 300w, https:\/\/www.billiondaysupplier.com\/wp-content\/uploads\/2025\/08\/Bulk-American-Style-GN-Pan-2-150x150.webp 150w, https:\/\/www.billiondaysupplier.com\/wp-content\/uploads\/2025\/08\/Bulk-American-Style-GN-Pan-2-768x768.webp 768w, https:\/\/www.billiondaysupplier.com\/wp-content\/uploads\/2025\/08\/Bulk-American-Style-GN-Pan-2-12x12.webp 12w, https:\/\/www.billiondaysupplier.com\/wp-content\/uploads\/2025\/08\/Bulk-American-Style-GN-Pan-2-600x600.webp 600w, https:\/\/www.billiondaysupplier.com\/wp-content\/uploads\/2025\/08\/Bulk-American-Style-GN-Pan-2-100x100.webp 100w\" sizes=\"(max-width: 849px) 100vw, 849px\" \/><\/figure>\n<\/div>\n\n\n\n<div class=\"wp-block-column is-layout-flow wp-block-column-is-layout-flow\">\n<figure class=\"wp-block-image size-full\"><img decoding=\"async\" width=\"2362\" height=\"2362\" src=\"https:\/\/www.billiondaysupplier.com\/wp-content\/uploads\/2025\/08\/Bulk-American-Style-GN-Pan-3.webp\" alt=\"Bac GN \u00e0 l&#039;am\u00e9ricaine en vrac (3)\" class=\"wp-image-979\" srcset=\"https:\/\/www.billiondaysupplier.com\/wp-content\/uploads\/2025\/08\/Bulk-American-Style-GN-Pan-3.webp 2362w, https:\/\/www.billiondaysupplier.com\/wp-content\/uploads\/2025\/08\/Bulk-American-Style-GN-Pan-3-300x300.webp 300w, https:\/\/www.billiondaysupplier.com\/wp-content\/uploads\/2025\/08\/Bulk-American-Style-GN-Pan-3-150x150.webp 150w, https:\/\/www.billiondaysupplier.com\/wp-content\/uploads\/2025\/08\/Bulk-American-Style-GN-Pan-3-768x768.webp 768w, https:\/\/www.billiondaysupplier.com\/wp-content\/uploads\/2025\/08\/Bulk-American-Style-GN-Pan-3-12x12.webp 12w, https:\/\/www.billiondaysupplier.com\/wp-content\/uploads\/2025\/08\/Bulk-American-Style-GN-Pan-3-1200x1200.webp 1200w, https:\/\/www.billiondaysupplier.com\/wp-content\/uploads\/2025\/08\/Bulk-American-Style-GN-Pan-3-600x600.webp 600w, https:\/\/www.billiondaysupplier.com\/wp-content\/uploads\/2025\/08\/Bulk-American-Style-GN-Pan-3-100x100.webp 100w\" sizes=\"(max-width: 2362px) 100vw, 2362px\" \/><\/figure>\n<\/div>\n<\/div>","protected":false},"excerpt":{"rendered":"<p>Po\u00eale GN en vrac de style am\u00e9ricain, fabriqu\u00e9e en acier inoxydable \u00e9paissi de qualit\u00e9 alimentaire, disponible en plusieurs tailles standard. Durable, s\u00fbre, hygi\u00e9nique et facile \u00e0 nettoyer. Id\u00e9ale pour les restaurants, les buffets, les cuisines d'h\u00f4tels et les caf\u00e9t\u00e9rias. Convient \u00e0 la fois pour le chauffage et la r\u00e9frig\u00e9ration, ce qui permet de r\u00e9pondre aux besoins de la restauration. Contactez-nous pour acheter en gros et b\u00e9n\u00e9ficier d'une remise d'usine.<\/p>\n<h2>Param\u00e8tres de la po\u00eale GN \u00e0 l'am\u00e9ricaine\uff1a<\/h2>\n<table border=\"0\" width=\"404\" cellspacing=\"0\" cellpadding=\"0\">\n<tbody>\n<tr>\n<td style=\"text-align: left;\" width=\"148\" height=\"24\"><strong>Mat\u00e9riau<\/strong><\/td>\n<td style=\"text-align: left;\" width=\"256\">Acier inoxydable 201<\/td>\n<\/tr>\n<tr>\n<td style=\"text-align: left;\" height=\"69\"><strong>Taille<\/strong><\/td>\n<td style=\"text-align: left;\" width=\"256\">Toutes tailles<\/td>\n<\/tr>\n<tr>\n<td style=\"text-align: left;\" height=\"92\"><strong>Fonctionnalit\u00e9<\/strong><\/td>\n<td style=\"text-align: left;\" width=\"256\">1. Facile \u00e0 nettoyer<br \/>2. Durable<\/td>\n<\/tr>\n<tr>\n<td style=\"text-align: left;\" height=\"24\"><strong>Option personnalis\u00e9e<\/strong><\/td>\n<td style=\"text-align: left;\">Logo\/couvercle\/emballage\/accessoires<\/td>\n<\/tr>\n<\/tbody>\n<\/table>","protected":false},"featured_media":989,"comment_status":"closed","ping_status":"closed","template":"","meta":{"_acf_changed":true},"product_brand":[],"product_cat":[22],"product_tag":[],"class_list":{"0":"post-988","1":"product","2":"type-product","3":"status-publish","4":"has-post-thumbnail","6":"product_cat-gastronorm-pan-manufacturer","8":"first","9":"instock","10":"shipping-taxable","11":"product-type-simple"},"acf":[],"_links":{"self":[{"href":"https:\/\/www.billiondaysupplier.com\/fr\/wp-json\/wp\/v2\/product\/988","targetHints":{"allow":["GET"]}}],"collection":[{"href":"https:\/\/www.billiondaysupplier.com\/fr\/wp-json\/wp\/v2\/product"}],"about":[{"href":"https:\/\/www.billiondaysupplier.com\/fr\/wp-json\/wp\/v2\/types\/product"}],"replies":[{"embeddable":true,"href":"https:\/\/www.billiondaysupplier.com\/fr\/wp-json\/wp\/v2\/comments?post=988"}],"wp:featuredmedia":[{"embeddable":true,"href":"https:\/\/www.billiondaysupplier.com\/fr\/wp-json\/wp\/v2\/media\/989"}],"wp:attachment":[{"href":"https:\/\/www.billiondaysupplier.com\/fr\/wp-json\/wp\/v2\/media?parent=988"}],"wp:term":[{"taxonomy":"product_brand","embeddable":true,"href":"https:\/\/www.billiondaysupplier.com\/fr\/wp-json\/wp\/v2\/product_brand?post=988"},{"taxonomy":"product_cat","embeddable":true,"href":"https:\/\/www.billiondaysupplier.com\/fr\/wp-json\/wp\/v2\/product_cat?post=988"},{"taxonomy":"product_tag","embeddable":true,"href":"https:\/\/www.billiondaysupplier.com\/fr\/wp-json\/wp\/v2\/product_tag?post=988"}],"curies":[{"name":"wp","href":"https:\/\/api.w.org\/{rel}","templated":true}]}}