{"id":976,"date":"2025-08-29T09:19:03","date_gmt":"2025-08-29T09:19:03","guid":{"rendered":"https:\/\/www.billiondaysupplier.com\/?post_type=product&#038;p=976"},"modified":"2025-08-29T09:19:05","modified_gmt":"2025-08-29T09:19:05","slug":"bulk-stainless-steel-gn-pan","status":"publish","type":"product","link":"https:\/\/www.billiondaysupplier.com\/fr\/product\/bulk-stainless-steel-gn-pan\/","title":{"rendered":"Bac GN en acier inoxydable avec couvercle R\u00e9cipient de stockage de nourriture pour buffet en vrac"},"content":{"rendered":"<div class=\"wp-block-columns is-layout-flex wp-container-core-columns-is-layout-9d6595d7 wp-block-columns-is-layout-flex\">\n<div class=\"wp-block-column is-layout-flow wp-block-column-is-layout-flow\">\n<h2 class=\"wp-block-heading\">Acier inoxydable Caract\u00e9ristiques de la casserole GN :<\/h2>\n\n\n\n<p><strong>Conception s\u00fbre des coins arrondis<\/strong>: Les coins arrondis polis \u00e9vitent les rayures et garantissent la s\u00e9curit\u00e9, m\u00eame pour les enfants.<\/p>\n\n\n\n<p><strong>Acier inoxydable 304 de haute qualit\u00e9<\/strong>: R\u00e9sistant \u00e0 la corrosion et \u00e0 la rouille, durable et r\u00e9sistant, garantissant une utilisation \u00e0 long terme.<\/p>\n\n\n\n<p><strong>Couvercle protecteur hygi\u00e9nique<\/strong>: Emp\u00eache efficacement la poussi\u00e8re et les bact\u00e9ries de p\u00e9n\u00e9trer, garantissant ainsi que les aliments restent sains et hygi\u00e9niques.<\/p>\n\n\n\n<p><strong>Surface lisse et facile \u00e0 nettoyer<\/strong>: L'int\u00e9rieur lisse comme un miroir est facile \u00e0 nettoyer et ne laisse ni r\u00e9sidu ni odeur, ce qui permet d'\u00e9conomiser du temps de nettoyage.<\/p>\n\n\n\n<p><strong>Application polyvalente<\/strong>: Largement utilis\u00e9 dans les restaurants, les buffets, les cuisines d'h\u00f4tels, les caf\u00e9t\u00e9rias d'\u00e9coles et les r\u00e9unions de famille, pour r\u00e9pondre \u00e0 divers besoins en mati\u00e8re de restauration.<\/p>\n\n\n\n<p><strong>Sp\u00e9cifications normalis\u00e9es du GN<\/strong>: Conforme aux dimensions internationales de la norme GN, parfaitement compatible avec divers r\u00e9chauds, armoires chauffantes et comptoirs r\u00e9frig\u00e9r\u00e9s, permettant un empilage et un stockage faciles.<\/p>\n\n\n\n<p><strong>R\u00e9sistance aux hautes et basses temp\u00e9ratures<\/strong>: R\u00e9siste aux fluctuations extr\u00eames de temp\u00e9rature, convient au chauffage \u00e0 la vapeur et au stockage r\u00e9frig\u00e9r\u00e9.<\/p>\n<\/div>\n\n\n\n<div class=\"wp-block-column is-layout-flow wp-block-column-is-layout-flow\">\n<figure class=\"wp-block-image size-full\"><img decoding=\"async\" width=\"2362\" height=\"2362\" src=\"https:\/\/www.billiondaysupplier.com\/wp-content\/uploads\/2025\/08\/Bulk-Stainless-Steel-GN-Pan-4.webp\" alt=\"Bac GN en acier inoxydable en vrac (4)\" class=\"wp-image-985\" srcset=\"https:\/\/www.billiondaysupplier.com\/wp-content\/uploads\/2025\/08\/Bulk-Stainless-Steel-GN-Pan-4.webp 2362w, https:\/\/www.billiondaysupplier.com\/wp-content\/uploads\/2025\/08\/Bulk-Stainless-Steel-GN-Pan-4-300x300.webp 300w, https:\/\/www.billiondaysupplier.com\/wp-content\/uploads\/2025\/08\/Bulk-Stainless-Steel-GN-Pan-4-150x150.webp 150w, https:\/\/www.billiondaysupplier.com\/wp-content\/uploads\/2025\/08\/Bulk-Stainless-Steel-GN-Pan-4-768x768.webp 768w, https:\/\/www.billiondaysupplier.com\/wp-content\/uploads\/2025\/08\/Bulk-Stainless-Steel-GN-Pan-4-12x12.webp 12w, https:\/\/www.billiondaysupplier.com\/wp-content\/uploads\/2025\/08\/Bulk-Stainless-Steel-GN-Pan-4-1200x1200.webp 1200w, https:\/\/www.billiondaysupplier.com\/wp-content\/uploads\/2025\/08\/Bulk-Stainless-Steel-GN-Pan-4-600x600.webp 600w, https:\/\/www.billiondaysupplier.com\/wp-content\/uploads\/2025\/08\/Bulk-Stainless-Steel-GN-Pan-4-100x100.webp 100w\" sizes=\"(max-width: 2362px) 100vw, 2362px\" \/><\/figure>\n<\/div>\n<\/div>\n\n\n\n<div class=\"wp-block-columns is-layout-flex wp-container-core-columns-is-layout-9d6595d7 wp-block-columns-is-layout-flex\">\n<div class=\"wp-block-column is-layout-flow wp-block-column-is-layout-flow\">\n<figure class=\"wp-block-image size-full\"><img decoding=\"async\" width=\"1446\" height=\"1446\" src=\"https:\/\/www.billiondaysupplier.com\/wp-content\/uploads\/2025\/08\/Bulk-Stainless-Steel-GN-Pan-5.webp\" alt=\"Bac GN en acier inoxydable en vrac (5)\" class=\"wp-image-986\" srcset=\"https:\/\/www.billiondaysupplier.com\/wp-content\/uploads\/2025\/08\/Bulk-Stainless-Steel-GN-Pan-5.webp 1446w, https:\/\/www.billiondaysupplier.com\/wp-content\/uploads\/2025\/08\/Bulk-Stainless-Steel-GN-Pan-5-300x300.webp 300w, https:\/\/www.billiondaysupplier.com\/wp-content\/uploads\/2025\/08\/Bulk-Stainless-Steel-GN-Pan-5-150x150.webp 150w, https:\/\/www.billiondaysupplier.com\/wp-content\/uploads\/2025\/08\/Bulk-Stainless-Steel-GN-Pan-5-768x768.webp 768w, https:\/\/www.billiondaysupplier.com\/wp-content\/uploads\/2025\/08\/Bulk-Stainless-Steel-GN-Pan-5-12x12.webp 12w, https:\/\/www.billiondaysupplier.com\/wp-content\/uploads\/2025\/08\/Bulk-Stainless-Steel-GN-Pan-5-1200x1200.webp 1200w, https:\/\/www.billiondaysupplier.com\/wp-content\/uploads\/2025\/08\/Bulk-Stainless-Steel-GN-Pan-5-600x600.webp 600w, https:\/\/www.billiondaysupplier.com\/wp-content\/uploads\/2025\/08\/Bulk-Stainless-Steel-GN-Pan-5-100x100.webp 100w\" sizes=\"(max-width: 1446px) 100vw, 1446px\" \/><\/figure>\n<\/div>\n\n\n\n<div class=\"wp-block-column is-layout-flow wp-block-column-is-layout-flow\">\n<figure class=\"wp-block-image size-full\"><img decoding=\"async\" width=\"849\" height=\"849\" src=\"https:\/\/www.billiondaysupplier.com\/wp-content\/uploads\/2025\/08\/Bulk-Stainless-Steel-GN-Pan-3.webp\" alt=\"Bac GN en acier inoxydable en vrac (3)\" class=\"wp-image-984\" srcset=\"https:\/\/www.billiondaysupplier.com\/wp-content\/uploads\/2025\/08\/Bulk-Stainless-Steel-GN-Pan-3.webp 849w, https:\/\/www.billiondaysupplier.com\/wp-content\/uploads\/2025\/08\/Bulk-Stainless-Steel-GN-Pan-3-300x300.webp 300w, https:\/\/www.billiondaysupplier.com\/wp-content\/uploads\/2025\/08\/Bulk-Stainless-Steel-GN-Pan-3-150x150.webp 150w, https:\/\/www.billiondaysupplier.com\/wp-content\/uploads\/2025\/08\/Bulk-Stainless-Steel-GN-Pan-3-768x768.webp 768w, https:\/\/www.billiondaysupplier.com\/wp-content\/uploads\/2025\/08\/Bulk-Stainless-Steel-GN-Pan-3-12x12.webp 12w, https:\/\/www.billiondaysupplier.com\/wp-content\/uploads\/2025\/08\/Bulk-Stainless-Steel-GN-Pan-3-600x600.webp 600w, https:\/\/www.billiondaysupplier.com\/wp-content\/uploads\/2025\/08\/Bulk-Stainless-Steel-GN-Pan-3-100x100.webp 100w\" sizes=\"(max-width: 849px) 100vw, 849px\" \/><\/figure>\n<\/div>\n<\/div>","protected":false},"excerpt":{"rendered":"<p>Le bac GN en vrac en acier inoxydable, \u00e9paissi et poli avec des coins arrondis, est s\u00fbr, durable et r\u00e9sistant \u00e0 la poussi\u00e8re et aux bact\u00e9ries, ce qui garantit l'hygi\u00e8ne alimentaire. Sa construction durable en acier inoxydable en fait un choix id\u00e9al pour les cuisines commerciales et la restauration. Contactez-nous pour b\u00e9n\u00e9ficier de prix exclusifs gr\u00e2ce \u00e0 l'approvisionnement direct de Billion Day.<\/p>\n<h2>Param\u00e8tres du bac GN en acier inoxydable\uff1a<\/h2>\n<table border=\"0\" width=\"404\" cellspacing=\"0\" cellpadding=\"0\">\n<tbody>\n<tr>\n<td style=\"text-align: left;\" width=\"148\" height=\"24\"><strong>Mat\u00e9riau<\/strong><\/td>\n<td style=\"text-align: left;\" width=\"256\">Acier inoxydable 201<\/td>\n<\/tr>\n<tr>\n<td style=\"text-align: left;\" height=\"69\"><strong>Taille<\/strong><\/td>\n<td style=\"text-align: left;\" width=\"256\">Toutes tailles<\/td>\n<\/tr>\n<tr>\n<td style=\"text-align: left;\" height=\"92\"><strong>Fonctionnalit\u00e9<\/strong><\/td>\n<td style=\"text-align: left;\" width=\"256\">1. Facile \u00e0 nettoyer<br \/>2. Durable<\/td>\n<\/tr>\n<tr>\n<td style=\"text-align: left;\" height=\"24\"><strong>Option personnalis\u00e9e<\/strong><\/td>\n<td style=\"text-align: left;\">Logo\/couvercle\/emballage\/accessoires<\/td>\n<\/tr>\n<\/tbody>\n<\/table>","protected":false},"featured_media":982,"comment_status":"closed","ping_status":"closed","template":"","meta":{"_acf_changed":true},"product_brand":[],"product_cat":[22],"product_tag":[],"class_list":{"0":"post-976","1":"product","2":"type-product","3":"status-publish","4":"has-post-thumbnail","6":"product_cat-gastronorm-pan-manufacturer","8":"first","9":"instock","10":"shipping-taxable","11":"product-type-simple"},"acf":[],"_links":{"self":[{"href":"https:\/\/www.billiondaysupplier.com\/fr\/wp-json\/wp\/v2\/product\/976","targetHints":{"allow":["GET"]}}],"collection":[{"href":"https:\/\/www.billiondaysupplier.com\/fr\/wp-json\/wp\/v2\/product"}],"about":[{"href":"https:\/\/www.billiondaysupplier.com\/fr\/wp-json\/wp\/v2\/types\/product"}],"replies":[{"embeddable":true,"href":"https:\/\/www.billiondaysupplier.com\/fr\/wp-json\/wp\/v2\/comments?post=976"}],"wp:featuredmedia":[{"embeddable":true,"href":"https:\/\/www.billiondaysupplier.com\/fr\/wp-json\/wp\/v2\/media\/982"}],"wp:attachment":[{"href":"https:\/\/www.billiondaysupplier.com\/fr\/wp-json\/wp\/v2\/media?parent=976"}],"wp:term":[{"taxonomy":"product_brand","embeddable":true,"href":"https:\/\/www.billiondaysupplier.com\/fr\/wp-json\/wp\/v2\/product_brand?post=976"},{"taxonomy":"product_cat","embeddable":true,"href":"https:\/\/www.billiondaysupplier.com\/fr\/wp-json\/wp\/v2\/product_cat?post=976"},{"taxonomy":"product_tag","embeddable":true,"href":"https:\/\/www.billiondaysupplier.com\/fr\/wp-json\/wp\/v2\/product_tag?post=976"}],"curies":[{"name":"wp","href":"https:\/\/api.w.org\/{rel}","templated":true}]}}