{"id":917,"date":"2025-08-06T08:32:40","date_gmt":"2025-08-06T08:32:40","guid":{"rendered":"https:\/\/www.billiondaysupplier.com\/?post_type=product&#038;p=917"},"modified":"2025-08-06T12:35:10","modified_gmt":"2025-08-06T12:35:10","slug":"chafing-dish-buffet-set-wholesale","status":"publish","type":"product","link":"https:\/\/www.billiondaysupplier.com\/fr\/product\/chafing-dish-buffet-set-wholesale\/","title":{"rendered":"Chafing Dish Buffet Set Wholesale, Custom Rectangular Food Warmer with Handle Electric"},"content":{"rendered":"<div class=\"wp-block-columns is-layout-flex wp-container-core-columns-is-layout-9d6595d7 wp-block-columns-is-layout-flex\">\n<div class=\"wp-block-column is-layout-flow wp-block-column-is-layout-flow\">\n<h2 class=\"wp-block-heading\">Set de buffets pour chafing dish Wholesale Caract\u00e9ristiques :<\/h2>\n\n\n\n<p><strong>Polissage miroir<\/strong>: La finition lisse et brillante rehausse l'esth\u00e9tique tout en \u00e9tant facile \u00e0 nettoyer, garantissant un aspect impeccable et durable, ce qui convient \u00e0 tout environnement de restauration haut de gamme.<\/p>\n\n\n\n<p><strong>Mat\u00e9riau durable<\/strong>: Fabriqu\u00e9 en acier inoxydable haute r\u00e9sistance, il offre une excellente r\u00e9sistance aux rayures et aux taches, aux temp\u00e9ratures \u00e9lev\u00e9es et \u00e0 la corrosion, ce qui le rend suffisamment durable pour r\u00e9sister \u00e0 une utilisation fr\u00e9quente.<\/p>\n\n\n\n<p><strong>Chauffage \u00e9lectrique<\/strong>: Utilisant un syst\u00e8me de chauffage \u00e9lectrique avanc\u00e9, il chauffe rapidement jusqu'\u00e0 la temp\u00e9rature souhait\u00e9e et maintient une temp\u00e9rature constante, offrant \u00e0 la fois une efficacit\u00e9 \u00e9nerg\u00e9tique et un rendement \u00e9lev\u00e9.<\/p>\n\n\n\n<p><strong>Couvercle en verre transparent : <\/strong>Le couvercle en verre tr\u00e8s transparent permet de voir clairement les aliments \u00e0 l'int\u00e9rieur du four, cr\u00e9ant ainsi un verrouillage thermique esth\u00e9tique et efficace, pr\u00e9servant la temp\u00e9rature et la fra\u00eecheur des aliments.<\/p>\n\n\n\n<p><strong>Fourniture directe par l'usine : <\/strong>Fournis par l'usine de Billion Day, nous garantissons une haute qualit\u00e9 \u00e0 des prix comp\u00e9titifs. Nous proposons \u00e9galement des services OEM\/ODM.<\/p>\n<\/div>\n\n\n\n<div class=\"wp-block-column is-layout-flow wp-block-column-is-layout-flow\">\n<figure class=\"wp-block-image size-full\"><img decoding=\"async\" width=\"720\" height=\"720\" src=\"https:\/\/www.billiondaysupplier.com\/wp-content\/uploads\/2025\/08\/chafing-dish-buffet-set-wholesale-1.webp\" alt=\"Set de buffet pour chafing dish wholesale (1)\" class=\"wp-image-918\" srcset=\"https:\/\/www.billiondaysupplier.com\/wp-content\/uploads\/2025\/08\/chafing-dish-buffet-set-wholesale-1.webp 720w, https:\/\/www.billiondaysupplier.com\/wp-content\/uploads\/2025\/08\/chafing-dish-buffet-set-wholesale-1-300x300.webp 300w, https:\/\/www.billiondaysupplier.com\/wp-content\/uploads\/2025\/08\/chafing-dish-buffet-set-wholesale-1-150x150.webp 150w, https:\/\/www.billiondaysupplier.com\/wp-content\/uploads\/2025\/08\/chafing-dish-buffet-set-wholesale-1-12x12.webp 12w, https:\/\/www.billiondaysupplier.com\/wp-content\/uploads\/2025\/08\/chafing-dish-buffet-set-wholesale-1-600x600.webp 600w, https:\/\/www.billiondaysupplier.com\/wp-content\/uploads\/2025\/08\/chafing-dish-buffet-set-wholesale-1-100x100.webp 100w\" sizes=\"(max-width: 720px) 100vw, 720px\" \/><\/figure>\n<\/div>\n<\/div>\n\n\n\n<div class=\"wp-block-columns is-layout-flex wp-container-core-columns-is-layout-9d6595d7 wp-block-columns-is-layout-flex\">\n<div class=\"wp-block-column is-layout-flow wp-block-column-is-layout-flow\">\n<figure class=\"wp-block-image size-full\"><img decoding=\"async\" width=\"720\" height=\"720\" src=\"https:\/\/www.billiondaysupplier.com\/wp-content\/uploads\/2025\/08\/chafing-dish-buffet-set-wholesale-2.webp\" alt=\"Set de buffet pour chafing dish wholesale (2)\" class=\"wp-image-919\" srcset=\"https:\/\/www.billiondaysupplier.com\/wp-content\/uploads\/2025\/08\/chafing-dish-buffet-set-wholesale-2.webp 720w, https:\/\/www.billiondaysupplier.com\/wp-content\/uploads\/2025\/08\/chafing-dish-buffet-set-wholesale-2-300x300.webp 300w, https:\/\/www.billiondaysupplier.com\/wp-content\/uploads\/2025\/08\/chafing-dish-buffet-set-wholesale-2-150x150.webp 150w, https:\/\/www.billiondaysupplier.com\/wp-content\/uploads\/2025\/08\/chafing-dish-buffet-set-wholesale-2-12x12.webp 12w, https:\/\/www.billiondaysupplier.com\/wp-content\/uploads\/2025\/08\/chafing-dish-buffet-set-wholesale-2-600x600.webp 600w, https:\/\/www.billiondaysupplier.com\/wp-content\/uploads\/2025\/08\/chafing-dish-buffet-set-wholesale-2-100x100.webp 100w\" sizes=\"(max-width: 720px) 100vw, 720px\" \/><\/figure>\n<\/div>\n\n\n\n<div class=\"wp-block-column is-layout-flow wp-block-column-is-layout-flow\">\n<figure class=\"wp-block-image size-full\"><img decoding=\"async\" width=\"720\" height=\"720\" src=\"https:\/\/www.billiondaysupplier.com\/wp-content\/uploads\/2025\/08\/chafing-dish-buffet-set-wholesale-4.webp\" alt=\"Set de buffet pour chafing dish wholesale (4)\" class=\"wp-image-921\" srcset=\"https:\/\/www.billiondaysupplier.com\/wp-content\/uploads\/2025\/08\/chafing-dish-buffet-set-wholesale-4.webp 720w, https:\/\/www.billiondaysupplier.com\/wp-content\/uploads\/2025\/08\/chafing-dish-buffet-set-wholesale-4-300x300.webp 300w, https:\/\/www.billiondaysupplier.com\/wp-content\/uploads\/2025\/08\/chafing-dish-buffet-set-wholesale-4-150x150.webp 150w, https:\/\/www.billiondaysupplier.com\/wp-content\/uploads\/2025\/08\/chafing-dish-buffet-set-wholesale-4-12x12.webp 12w, https:\/\/www.billiondaysupplier.com\/wp-content\/uploads\/2025\/08\/chafing-dish-buffet-set-wholesale-4-600x600.webp 600w, https:\/\/www.billiondaysupplier.com\/wp-content\/uploads\/2025\/08\/chafing-dish-buffet-set-wholesale-4-100x100.webp 100w\" sizes=\"(max-width: 720px) 100vw, 720px\" \/><\/figure>\n<\/div>\n<\/div>","protected":false},"excerpt":{"rendered":"<p>Les mat\u00e9riaux durables, polis miroir, et le syst\u00e8me de chauffage \u00e9lectrique efficace permettent de chauffer et de maintenir la temp\u00e9rature rapidement, ce qui convient \u00e0 une vari\u00e9t\u00e9 de sc\u00e9narios de repas. Prix comp\u00e9titifs en direct de l'usine. Contactez-nous pour un devis en gros.<\/p>\n<h2>Set de buffets pour chafing dish Parameter\uff1a<\/h2>\n<table border=\"0\" width=\"404\" cellspacing=\"0\" cellpadding=\"0\">\n<tbody>\n<tr>\n<td style=\"text-align: left;\" width=\"148\" height=\"24\"><strong>Mat\u00e9riau<\/strong><\/td>\n<td style=\"text-align: left;\" width=\"256\">Acier inoxydable 201<\/td>\n<\/tr>\n<tr>\n<td style=\"text-align: left;\" height=\"69\"><strong>Couleur<\/strong><\/td>\n<td style=\"text-align: left;\" width=\"256\">Dor\u00e9\/demi-dor\u00e9\/argent\u00e9\/Acceptation du sur-mesure<\/td>\n<\/tr>\n<tr>\n<td style=\"text-align: left;\" height=\"24\"><strong>M\u00e9thode de chauffage<\/strong><\/td>\n<td style=\"text-align: left;\">Chauffage \u00e9lectrique<\/td>\n<\/tr>\n<tr>\n<td style=\"text-align: left;\" height=\"24\"><strong>Capacit\u00e9<\/strong><\/td>\n<td style=\"text-align: left;\">9.0L<\/td>\n<\/tr>\n<tr>\n<td style=\"text-align: left;\" height=\"92\"><strong>Fonctionnalit\u00e9<\/strong><\/td>\n<td style=\"text-align: left;\" width=\"256\">1. Couvercle hydraulique avec fen\u00eatre en verre<br \/>2. Bords arrondis polis miroir<br \/>3. Cadre vertical stable<\/td>\n<\/tr>\n<tr>\n<td style=\"text-align: left;\" height=\"24\"><strong>Option personnalis\u00e9e<\/strong><\/td>\n<td style=\"text-align: left;\">Logo\/couleur\/taille\/emballage\/accessoires<\/td>\n<\/tr>\n<\/tbody>\n<\/table>","protected":false},"featured_media":922,"comment_status":"closed","ping_status":"closed","template":"","meta":{"_acf_changed":false},"product_brand":[],"product_cat":[18],"product_tag":[],"class_list":{"0":"post-917","1":"product","2":"type-product","3":"status-publish","4":"has-post-thumbnail","6":"product_cat-wholesale-chafing-dishes","8":"first","9":"instock","10":"shipping-taxable","11":"product-type-simple"},"acf":[],"_links":{"self":[{"href":"https:\/\/www.billiondaysupplier.com\/fr\/wp-json\/wp\/v2\/product\/917","targetHints":{"allow":["GET"]}}],"collection":[{"href":"https:\/\/www.billiondaysupplier.com\/fr\/wp-json\/wp\/v2\/product"}],"about":[{"href":"https:\/\/www.billiondaysupplier.com\/fr\/wp-json\/wp\/v2\/types\/product"}],"replies":[{"embeddable":true,"href":"https:\/\/www.billiondaysupplier.com\/fr\/wp-json\/wp\/v2\/comments?post=917"}],"wp:featuredmedia":[{"embeddable":true,"href":"https:\/\/www.billiondaysupplier.com\/fr\/wp-json\/wp\/v2\/media\/922"}],"wp:attachment":[{"href":"https:\/\/www.billiondaysupplier.com\/fr\/wp-json\/wp\/v2\/media?parent=917"}],"wp:term":[{"taxonomy":"product_brand","embeddable":true,"href":"https:\/\/www.billiondaysupplier.com\/fr\/wp-json\/wp\/v2\/product_brand?post=917"},{"taxonomy":"product_cat","embeddable":true,"href":"https:\/\/www.billiondaysupplier.com\/fr\/wp-json\/wp\/v2\/product_cat?post=917"},{"taxonomy":"product_tag","embeddable":true,"href":"https:\/\/www.billiondaysupplier.com\/fr\/wp-json\/wp\/v2\/product_tag?post=917"}],"curies":[{"name":"wp","href":"https:\/\/api.w.org\/{rel}","templated":true}]}}