{"id":912,"date":"2025-08-06T08:09:28","date_gmt":"2025-08-06T08:09:28","guid":{"rendered":"https:\/\/www.billiondaysupplier.com\/?post_type=product&#038;p=912"},"modified":"2025-08-06T12:35:06","modified_gmt":"2025-08-06T12:35:06","slug":"wholesale-electric-chafing-dish","status":"publish","type":"product","link":"https:\/\/www.billiondaysupplier.com\/fr\/product\/wholesale-electric-chafing-dish\/","title":{"rendered":"Grossiste plat \u00e0 gratin \u00e9lectrique, set de buffet hydraulique en acier inoxydable 9L, argent\u00e9"},"content":{"rendered":"<div class=\"wp-block-columns is-layout-flex wp-container-core-columns-is-layout-9d6595d7 wp-block-columns-is-layout-flex\">\n<div class=\"wp-block-column is-layout-flow wp-block-column-is-layout-flow\">\n<h2 class=\"wp-block-heading\">Caract\u00e9ristiques d'un plat \u00e0 gratin \u00e9lectrique :<\/h2>\n\n\n\n<p><strong>Ext\u00e9rieur en acier inoxydable argent\u00e9 :<\/strong> Fabriqu\u00e9e en acier inoxydable argent\u00e9 de haute qualit\u00e9, sa surface est lisse et raffin\u00e9e, compl\u00e9tant parfaitement le d\u00e9cor des lieux de restauration haut de gamme.<\/p>\n\n\n\n<p><strong>Couvercle en verre transparent :<\/strong> Le couvercle en verre transparent et durable offre une vue claire, ce qui permet de maintenir efficacement la temp\u00e9rature des aliments et de v\u00e9rifier facilement l'\u00e9tat des plats, am\u00e9liorant ainsi la qualit\u00e9 du service de restauration.<\/p>\n\n\n\n<p><strong>Chauffage \u00e9lectrique efficace :<\/strong> Augmente rapidement et maintient avec pr\u00e9cision la temp\u00e9rature souhait\u00e9e, offrant un chauffage rapide et homog\u00e8ne pour r\u00e9pondre \u00e0 divers besoins de chauffage.<\/p>\n\n\n\n<p><strong>Panneau de commande num\u00e9rique :<\/strong> Le r\u00e9glage facile et pr\u00e9cis de la temp\u00e9rature et de la dur\u00e9e permet aux utilisateurs d'obtenir facilement l'effet de chauffage souhait\u00e9, ce qui am\u00e9liore la facilit\u00e9 d'utilisation.<\/p>\n\n\n\n<p><strong>Grande capacit\u00e9 de 9L<\/strong>: Id\u00e9al pour les restaurants de taille moyenne \u00e0 grande, les banquets ou les rassemblements de groupes, il peut chauffer de grandes quantit\u00e9s d'aliments en m\u00eame temps, tout en garantissant une grande efficacit\u00e9 \u00e9nerg\u00e9tique.<\/p>\n\n\n\n<p><strong>Convient \u00e0 une vari\u00e9t\u00e9 de sc\u00e9narios de repas<\/strong>: Qu'il s'agisse d'h\u00f4tels, de buffets, de banquets ou de r\u00e9unions de famille, ce plat s'adapte facilement \u00e0 toutes les occasions et offre une exp\u00e9rience gastronomique exceptionnelle.<\/p>\n<\/div>\n\n\n\n<div class=\"wp-block-column is-layout-flow wp-block-column-is-layout-flow\">\n<figure class=\"wp-block-image size-full\"><img decoding=\"async\" width=\"720\" height=\"720\" src=\"https:\/\/www.billiondaysupplier.com\/wp-content\/uploads\/2025\/08\/wholesale-electric-chafing-dish-1.webp\" alt=\"Gros chafing dish \u00e9lectrique (1)\" class=\"wp-image-913\" srcset=\"https:\/\/www.billiondaysupplier.com\/wp-content\/uploads\/2025\/08\/wholesale-electric-chafing-dish-1.webp 720w, https:\/\/www.billiondaysupplier.com\/wp-content\/uploads\/2025\/08\/wholesale-electric-chafing-dish-1-300x300.webp 300w, https:\/\/www.billiondaysupplier.com\/wp-content\/uploads\/2025\/08\/wholesale-electric-chafing-dish-1-150x150.webp 150w, https:\/\/www.billiondaysupplier.com\/wp-content\/uploads\/2025\/08\/wholesale-electric-chafing-dish-1-12x12.webp 12w, https:\/\/www.billiondaysupplier.com\/wp-content\/uploads\/2025\/08\/wholesale-electric-chafing-dish-1-600x600.webp 600w, https:\/\/www.billiondaysupplier.com\/wp-content\/uploads\/2025\/08\/wholesale-electric-chafing-dish-1-100x100.webp 100w\" sizes=\"(max-width: 720px) 100vw, 720px\" \/><\/figure>\n<\/div>\n<\/div>\n\n\n\n<div class=\"wp-block-columns is-layout-flex wp-container-core-columns-is-layout-9d6595d7 wp-block-columns-is-layout-flex\">\n<div class=\"wp-block-column is-layout-flow wp-block-column-is-layout-flow\">\n<figure class=\"wp-block-image size-full\"><img decoding=\"async\" width=\"720\" height=\"720\" src=\"https:\/\/www.billiondaysupplier.com\/wp-content\/uploads\/2025\/08\/wholesale-electric-chafing-dish-3.webp\" alt=\"gros chafing dish \u00e9lectrique (3)\" class=\"wp-image-915\" srcset=\"https:\/\/www.billiondaysupplier.com\/wp-content\/uploads\/2025\/08\/wholesale-electric-chafing-dish-3.webp 720w, https:\/\/www.billiondaysupplier.com\/wp-content\/uploads\/2025\/08\/wholesale-electric-chafing-dish-3-300x300.webp 300w, https:\/\/www.billiondaysupplier.com\/wp-content\/uploads\/2025\/08\/wholesale-electric-chafing-dish-3-150x150.webp 150w, https:\/\/www.billiondaysupplier.com\/wp-content\/uploads\/2025\/08\/wholesale-electric-chafing-dish-3-12x12.webp 12w, https:\/\/www.billiondaysupplier.com\/wp-content\/uploads\/2025\/08\/wholesale-electric-chafing-dish-3-600x600.webp 600w, https:\/\/www.billiondaysupplier.com\/wp-content\/uploads\/2025\/08\/wholesale-electric-chafing-dish-3-100x100.webp 100w\" sizes=\"(max-width: 720px) 100vw, 720px\" \/><\/figure>\n<\/div>\n\n\n\n<div class=\"wp-block-column is-layout-flow wp-block-column-is-layout-flow\">\n<figure class=\"wp-block-image size-full\"><img decoding=\"async\" width=\"720\" height=\"719\" src=\"https:\/\/www.billiondaysupplier.com\/wp-content\/uploads\/2025\/08\/wholesale-electric-chafing-dish-4.webp\" alt=\"gros chafing dish \u00e9lectrique (4)\" class=\"wp-image-916\" srcset=\"https:\/\/www.billiondaysupplier.com\/wp-content\/uploads\/2025\/08\/wholesale-electric-chafing-dish-4.webp 720w, https:\/\/www.billiondaysupplier.com\/wp-content\/uploads\/2025\/08\/wholesale-electric-chafing-dish-4-300x300.webp 300w, https:\/\/www.billiondaysupplier.com\/wp-content\/uploads\/2025\/08\/wholesale-electric-chafing-dish-4-150x150.webp 150w, https:\/\/www.billiondaysupplier.com\/wp-content\/uploads\/2025\/08\/wholesale-electric-chafing-dish-4-12x12.webp 12w, https:\/\/www.billiondaysupplier.com\/wp-content\/uploads\/2025\/08\/wholesale-electric-chafing-dish-4-600x599.webp 600w, https:\/\/www.billiondaysupplier.com\/wp-content\/uploads\/2025\/08\/wholesale-electric-chafing-dish-4-100x100.webp 100w\" sizes=\"(max-width: 720px) 100vw, 720px\" \/><\/figure>\n<\/div>\n<\/div>","protected":false},"excerpt":{"rendered":"<p>Le chafing dish \u00e9lectrique Wholesale, d'une capacit\u00e9 de 9 litres, r\u00e9pond parfaitement aux besoins des banquets et des rassemblements de groupes. Associ\u00e9 \u00e0 un couvercle en verre transparent et \u00e0 un fonctionnement \u00e0 commande num\u00e9rique, il peut facilement s'adapter \u00e0 diff\u00e9rents sc\u00e9narios. Contactez-nous pour personnaliser votre \u00e9quipement de restauration !<\/p>\n<h2>Param\u00e8tres du r\u00e9chaud \u00e9lectrique\uff1a<\/h2>\n<table border=\"0\" width=\"404\" cellspacing=\"0\" cellpadding=\"0\">\n<tbody>\n<tr>\n<td style=\"text-align: left;\" width=\"148\" height=\"24\"><strong>Mat\u00e9riau<\/strong><\/td>\n<td style=\"text-align: left;\" width=\"256\">Acier inoxydable 201<\/td>\n<\/tr>\n<tr>\n<td style=\"text-align: left;\" height=\"69\"><strong>Couleur<\/strong><\/td>\n<td style=\"text-align: left;\" width=\"256\">Dor\u00e9\/demi-dor\u00e9\/argent\u00e9\/Acceptation du sur-mesure<\/td>\n<\/tr>\n<tr>\n<td style=\"text-align: left;\" height=\"24\"><strong>M\u00e9thode de chauffage<\/strong><\/td>\n<td style=\"text-align: left;\">Chauffage \u00e9lectrique<\/td>\n<\/tr>\n<tr>\n<td style=\"text-align: left;\" height=\"24\"><strong>Capacit\u00e9<\/strong><\/td>\n<td style=\"text-align: left;\">9.0L<\/td>\n<\/tr>\n<tr>\n<td style=\"text-align: left;\" height=\"92\"><strong>Fonctionnalit\u00e9<\/strong><\/td>\n<td style=\"text-align: left;\" width=\"256\">1. Couvercle hydraulique avec fen\u00eatre en verre<br \/>2. Bords arrondis polis miroir<br \/>3. Cadre vertical stable<\/td>\n<\/tr>\n<tr>\n<td style=\"text-align: left;\" height=\"24\"><strong>Option personnalis\u00e9e<\/strong><\/td>\n<td style=\"text-align: left;\">Logo\/couleur\/taille\/emballage\/accessoires<\/td>\n<\/tr>\n<\/tbody>\n<\/table>","protected":false},"featured_media":914,"comment_status":"closed","ping_status":"closed","template":"","meta":{"_acf_changed":true},"product_brand":[],"product_cat":[18],"product_tag":[],"class_list":{"0":"post-912","1":"product","2":"type-product","3":"status-publish","4":"has-post-thumbnail","6":"product_cat-wholesale-chafing-dishes","8":"first","9":"instock","10":"shipping-taxable","11":"product-type-simple"},"acf":[],"_links":{"self":[{"href":"https:\/\/www.billiondaysupplier.com\/fr\/wp-json\/wp\/v2\/product\/912","targetHints":{"allow":["GET"]}}],"collection":[{"href":"https:\/\/www.billiondaysupplier.com\/fr\/wp-json\/wp\/v2\/product"}],"about":[{"href":"https:\/\/www.billiondaysupplier.com\/fr\/wp-json\/wp\/v2\/types\/product"}],"replies":[{"embeddable":true,"href":"https:\/\/www.billiondaysupplier.com\/fr\/wp-json\/wp\/v2\/comments?post=912"}],"wp:featuredmedia":[{"embeddable":true,"href":"https:\/\/www.billiondaysupplier.com\/fr\/wp-json\/wp\/v2\/media\/914"}],"wp:attachment":[{"href":"https:\/\/www.billiondaysupplier.com\/fr\/wp-json\/wp\/v2\/media?parent=912"}],"wp:term":[{"taxonomy":"product_brand","embeddable":true,"href":"https:\/\/www.billiondaysupplier.com\/fr\/wp-json\/wp\/v2\/product_brand?post=912"},{"taxonomy":"product_cat","embeddable":true,"href":"https:\/\/www.billiondaysupplier.com\/fr\/wp-json\/wp\/v2\/product_cat?post=912"},{"taxonomy":"product_tag","embeddable":true,"href":"https:\/\/www.billiondaysupplier.com\/fr\/wp-json\/wp\/v2\/product_tag?post=912"}],"curies":[{"name":"wp","href":"https:\/\/api.w.org\/{rel}","templated":true}]}}