{"id":892,"date":"2025-08-06T02:17:06","date_gmt":"2025-08-06T02:17:06","guid":{"rendered":"https:\/\/www.billiondaysupplier.com\/?post_type=product&#038;p=892"},"modified":"2025-08-06T12:16:37","modified_gmt":"2025-08-06T12:16:37","slug":"chafing-dish-wholesale","status":"publish","type":"product","link":"https:\/\/www.billiondaysupplier.com\/fr\/product\/chafing-dish-wholesale\/","title":{"rendered":"Chafing Dish Wholesale Gold, R\u00e9chauffeur d'aliments rectangulaire personnalis\u00e9 avec couvercle en verre pour le mariage"},"content":{"rendered":"<div class=\"wp-block-columns is-layout-flex wp-container-core-columns-is-layout-9d6595d7 wp-block-columns-is-layout-flex\">\n<div class=\"wp-block-column is-layout-flow wp-block-column-is-layout-flow\">\n<h2 class=\"wp-block-heading\">Chafing Dish Wholesale Caract\u00e9ristiques :<\/h2>\n\n\n\n<p><strong>Aspect \u00e9l\u00e9gant :<\/strong> La finition galvanique or brillant r\u00e9siste \u00e0 la corrosion et \u00e0 l'oxydation, ce qui lui conf\u00e8re un aspect haut de gamme.<\/p>\n\n\n\n<p><strong>Couvercle en verre :<\/strong> Permet aux utilisateurs de voir les aliments sans ouvrir le couvercle, ce qui \u00e9vite les pertes de chaleur dues \u00e0 des ouvertures fr\u00e9quentes et maintient la temp\u00e9rature et l'humidit\u00e9 des aliments.<\/p>\n\n\n\n<p><strong>Pot int\u00e9rieur divis\u00e9<\/strong>: Permet de maintenir simultan\u00e9ment au chaud deux plats diff\u00e9rents, ce qui am\u00e9liore la pr\u00e9sentation et s'adapte \u00e0 diverses occasions.<\/p>\n\n\n\n<p><strong>Jambes sur\u00e9lev\u00e9es :<\/strong> Placez le fond du four \u00e0 l'\u00e9cart de la table, ce qui permet d'\u00e9viter les retours d'aliments chauds, d'am\u00e9liorer l'esth\u00e9tique, de faciliter le nettoyage et de rehausser l'espace de restauration.<\/p>\n\n\n\n<p><strong>Polyvalent : <\/strong>Convient aux h\u00f4tels, aux buffets, aux banquets et \u00e0 d'autres lieux, et r\u00e9pond parfaitement aux exigences de la restauration commerciale en mati\u00e8re d'efficacit\u00e9, de durabilit\u00e9 et d'\u00e9l\u00e9gance.<\/p>\n\n\n\n<p><strong>Facile \u00e0 nettoyer : <\/strong>Fabriqu\u00e9e en acier inoxydable et en verre de haute qualit\u00e9, la surface lisse facilite le nettoyage et l'entretien, ce qui accro\u00eet l'efficacit\u00e9.<\/p>\n\n\n\n<p><strong>Service OEM<\/strong>: Nous proposons des logos, des couleurs, des capacit\u00e9s, des styles et des emballages personnalis\u00e9s afin de personnaliser nos produits et de r\u00e9pondre aux divers besoins du march\u00e9.<\/p>\n<\/div>\n\n\n\n<div class=\"wp-block-column is-layout-flow wp-block-column-is-layout-flow\">\n<figure class=\"wp-block-image size-full\"><img decoding=\"async\" width=\"720\" height=\"720\" src=\"https:\/\/www.billiondaysupplier.com\/wp-content\/uploads\/2025\/08\/chafing-dish-wholesale-1.webp\" alt=\"chafing dish wholesale (1)\" class=\"wp-image-893\" srcset=\"https:\/\/www.billiondaysupplier.com\/wp-content\/uploads\/2025\/08\/chafing-dish-wholesale-1.webp 720w, https:\/\/www.billiondaysupplier.com\/wp-content\/uploads\/2025\/08\/chafing-dish-wholesale-1-300x300.webp 300w, https:\/\/www.billiondaysupplier.com\/wp-content\/uploads\/2025\/08\/chafing-dish-wholesale-1-150x150.webp 150w, https:\/\/www.billiondaysupplier.com\/wp-content\/uploads\/2025\/08\/chafing-dish-wholesale-1-12x12.webp 12w, https:\/\/www.billiondaysupplier.com\/wp-content\/uploads\/2025\/08\/chafing-dish-wholesale-1-600x600.webp 600w, https:\/\/www.billiondaysupplier.com\/wp-content\/uploads\/2025\/08\/chafing-dish-wholesale-1-100x100.webp 100w\" sizes=\"(max-width: 720px) 100vw, 720px\" \/><\/figure>\n<\/div>\n<\/div>\n\n\n\n<div class=\"wp-block-columns is-layout-flex wp-container-core-columns-is-layout-9d6595d7 wp-block-columns-is-layout-flex\">\n<div class=\"wp-block-column is-layout-flow wp-block-column-is-layout-flow\">\n<figure class=\"wp-block-image size-full\"><img decoding=\"async\" width=\"720\" height=\"720\" src=\"https:\/\/www.billiondaysupplier.com\/wp-content\/uploads\/2025\/08\/chafing-dish-wholesale-3.webp\" alt=\"chafing dish wholesale (3)\" class=\"wp-image-895\" srcset=\"https:\/\/www.billiondaysupplier.com\/wp-content\/uploads\/2025\/08\/chafing-dish-wholesale-3.webp 720w, https:\/\/www.billiondaysupplier.com\/wp-content\/uploads\/2025\/08\/chafing-dish-wholesale-3-300x300.webp 300w, https:\/\/www.billiondaysupplier.com\/wp-content\/uploads\/2025\/08\/chafing-dish-wholesale-3-150x150.webp 150w, https:\/\/www.billiondaysupplier.com\/wp-content\/uploads\/2025\/08\/chafing-dish-wholesale-3-12x12.webp 12w, https:\/\/www.billiondaysupplier.com\/wp-content\/uploads\/2025\/08\/chafing-dish-wholesale-3-600x600.webp 600w, https:\/\/www.billiondaysupplier.com\/wp-content\/uploads\/2025\/08\/chafing-dish-wholesale-3-100x100.webp 100w\" sizes=\"(max-width: 720px) 100vw, 720px\" \/><\/figure>\n<\/div>\n\n\n\n<div class=\"wp-block-column is-layout-flow wp-block-column-is-layout-flow\">\n<figure class=\"wp-block-image size-full\"><img decoding=\"async\" width=\"720\" height=\"713\" src=\"https:\/\/www.billiondaysupplier.com\/wp-content\/uploads\/2025\/08\/chafing-dish-wholesale-2.webp\" alt=\"chafing dish wholesale (2)\" class=\"wp-image-894\" srcset=\"https:\/\/www.billiondaysupplier.com\/wp-content\/uploads\/2025\/08\/chafing-dish-wholesale-2.webp 720w, https:\/\/www.billiondaysupplier.com\/wp-content\/uploads\/2025\/08\/chafing-dish-wholesale-2-300x297.webp 300w, https:\/\/www.billiondaysupplier.com\/wp-content\/uploads\/2025\/08\/chafing-dish-wholesale-2-150x150.webp 150w, https:\/\/www.billiondaysupplier.com\/wp-content\/uploads\/2025\/08\/chafing-dish-wholesale-2-12x12.webp 12w, https:\/\/www.billiondaysupplier.com\/wp-content\/uploads\/2025\/08\/chafing-dish-wholesale-2-600x594.webp 600w, https:\/\/www.billiondaysupplier.com\/wp-content\/uploads\/2025\/08\/chafing-dish-wholesale-2-100x100.webp 100w\" sizes=\"(max-width: 720px) 100vw, 720px\" \/><\/figure>\n<\/div>\n<\/div>","protected":false},"excerpt":{"rendered":"<p>La conception \u00e0 pied haut, le couvercle hydraulique avec fen\u00eatre en verre et le r\u00e9servoir int\u00e9rieur cloisonn\u00e9 en font un produit adapt\u00e9 aux banquets et aux h\u00f4tels. Nous fournissons \u00e9galement des services OEM. N'h\u00e9sitez pas \u00e0 nous contacter pour des solutions personnalis\u00e9es.<\/p>\n<h2>Chafing Dish Wholesale Parameter\uff1a (R\u00e9cipient pour chafing)<\/h2>\n<table border=\"0\" width=\"404\" cellspacing=\"0\" cellpadding=\"0\">\n<tbody>\n<tr>\n<td style=\"text-align: left;\" width=\"148\" height=\"24\"><strong>Mat\u00e9riau<\/strong><\/td>\n<td style=\"text-align: left;\" width=\"256\">Acier inoxydable 201<\/td>\n<\/tr>\n<tr>\n<td style=\"text-align: left;\" height=\"69\"><strong>Couleur<\/strong><\/td>\n<td style=\"text-align: left;\" width=\"256\">Or\/Acceptation du sur mesure<\/td>\n<\/tr>\n<tr>\n<td style=\"text-align: left;\" height=\"24\"><strong>M\u00e9thode de chauffage<\/strong><\/td>\n<td style=\"text-align: left;\">Chauffage au fuel ou \u00e9lectrique<\/td>\n<\/tr>\n<tr>\n<td style=\"text-align: left;\" height=\"24\"><strong>Capacit\u00e9<\/strong><\/td>\n<td style=\"text-align: left;\">9.0L<\/td>\n<\/tr>\n<tr>\n<td style=\"text-align: left;\" height=\"92\"><strong>Fonctionnalit\u00e9<\/strong><\/td>\n<td style=\"text-align: left;\" width=\"256\">1. Couvercle hydraulique avec fen\u00eatre en verre<br \/>2. Bords arrondis polis miroir<br \/>3. Cadre vertical stable<\/td>\n<\/tr>\n<tr>\n<td style=\"text-align: left;\" height=\"24\"><strong>Option personnalis\u00e9e<\/strong><\/td>\n<td style=\"text-align: left;\">Logo\/couleur\/taille\/emballage\/accessoires<\/td>\n<\/tr>\n<\/tbody>\n<\/table>","protected":false},"featured_media":893,"comment_status":"closed","ping_status":"closed","template":"","meta":{"_acf_changed":true},"product_brand":[],"product_cat":[18],"product_tag":[],"class_list":{"0":"post-892","1":"product","2":"type-product","3":"status-publish","4":"has-post-thumbnail","6":"product_cat-wholesale-chafing-dishes","8":"first","9":"instock","10":"shipping-taxable","11":"product-type-simple"},"acf":[],"_links":{"self":[{"href":"https:\/\/www.billiondaysupplier.com\/fr\/wp-json\/wp\/v2\/product\/892","targetHints":{"allow":["GET"]}}],"collection":[{"href":"https:\/\/www.billiondaysupplier.com\/fr\/wp-json\/wp\/v2\/product"}],"about":[{"href":"https:\/\/www.billiondaysupplier.com\/fr\/wp-json\/wp\/v2\/types\/product"}],"replies":[{"embeddable":true,"href":"https:\/\/www.billiondaysupplier.com\/fr\/wp-json\/wp\/v2\/comments?post=892"}],"wp:featuredmedia":[{"embeddable":true,"href":"https:\/\/www.billiondaysupplier.com\/fr\/wp-json\/wp\/v2\/media\/893"}],"wp:attachment":[{"href":"https:\/\/www.billiondaysupplier.com\/fr\/wp-json\/wp\/v2\/media?parent=892"}],"wp:term":[{"taxonomy":"product_brand","embeddable":true,"href":"https:\/\/www.billiondaysupplier.com\/fr\/wp-json\/wp\/v2\/product_brand?post=892"},{"taxonomy":"product_cat","embeddable":true,"href":"https:\/\/www.billiondaysupplier.com\/fr\/wp-json\/wp\/v2\/product_cat?post=892"},{"taxonomy":"product_tag","embeddable":true,"href":"https:\/\/www.billiondaysupplier.com\/fr\/wp-json\/wp\/v2\/product_tag?post=892"}],"curies":[{"name":"wp","href":"https:\/\/api.w.org\/{rel}","templated":true}]}}