{"id":891,"date":"2025-08-06T02:15:42","date_gmt":"2025-08-06T02:15:42","guid":{"rendered":"https:\/\/www.billiondaysupplier.com\/?post_type=product&#038;p=891"},"modified":"2025-08-06T12:34:52","modified_gmt":"2025-08-06T12:34:52","slug":"wholesale-chafing-dish-set","status":"publish","type":"product","link":"https:\/\/www.billiondaysupplier.com\/fr\/product\/wholesale-chafing-dish-set\/","title":{"rendered":"Wholesale Chafing Dish Set with Glass Lid, Rectangular Luxury Food Warmer Wooden Base Custom"},"content":{"rendered":"<div class=\"wp-block-columns is-layout-flex wp-container-core-columns-is-layout-9d6595d7 wp-block-columns-is-layout-flex\">\n<div class=\"wp-block-column is-layout-flow wp-block-column-is-layout-flow\">\n<h2 class=\"wp-block-heading\">Ensemble de chafing dish Caract\u00e9ristiques :<\/h2>\n\n\n\n<p><strong>Acier inoxydable de haute qualit\u00e9<\/strong>: L'acier inoxydable de qualit\u00e9 alimentaire est r\u00e9sistant \u00e0 la corrosion et \u00e0 l'oxydation, ce qui garantit une r\u00e9sistance \u00e0 la rouille \u00e0 long terme et un aspect impeccable.<\/p>\n\n\n\n<p><strong>Base en bois<\/strong>: Il offre un support stable et rehausse l'attrait visuel du produit, alliant parfaitement les \u00e9l\u00e9ments modernes et classiques, ce qui lui permet de s'adapter \u00e0 n'importe quel restaurant.<\/p>\n\n\n\n<p><strong>Conception de brides circulaires<\/strong>: La bride circulaire soigneusement con\u00e7ue am\u00e9liore non seulement la stabilit\u00e9 structurelle, mais aussi l'esth\u00e9tique.<\/p>\n\n\n\n<p><strong>Couvercle en verre transparent<\/strong>: Le couvercle en verre transparent de haute qualit\u00e9 permet de voir facilement les plats, d'assurer la s\u00e9curit\u00e9 pendant le repas tout en maintenant la chaleur et en offrant une meilleure exp\u00e9rience \u00e0 l'utilisateur.<\/p>\n\n\n\n<p><strong>\u00c9vent de gaz<\/strong>: La conception optimis\u00e9e de l'\u00e9vent r\u00e9gule efficacement la temp\u00e9rature, emp\u00eache la surchauffe et l'accumulation de gaz, et am\u00e9liore l'efficacit\u00e9 du carburant, en conservant les aliments \u00e0 la temp\u00e9rature id\u00e9ale.<\/p>\n\n\n\n<p><strong>Poign\u00e9e lisse :<\/strong> La poign\u00e9e ergonomique et lisse facilite le d\u00e9placement et l'utilisation, garantissant un fonctionnement confortable et s\u00fbr.<\/p>\n<\/div>\n\n\n\n<div class=\"wp-block-column is-layout-flow wp-block-column-is-layout-flow\">\n<figure class=\"wp-block-image size-full\"><img decoding=\"async\" width=\"720\" height=\"720\" src=\"https:\/\/www.billiondaysupplier.com\/wp-content\/uploads\/2025\/08\/wholesale-chafing-dish-set-1.webp\" alt=\"Set de chafing dish en gros (1)\" class=\"wp-image-906\" srcset=\"https:\/\/www.billiondaysupplier.com\/wp-content\/uploads\/2025\/08\/wholesale-chafing-dish-set-1.webp 720w, https:\/\/www.billiondaysupplier.com\/wp-content\/uploads\/2025\/08\/wholesale-chafing-dish-set-1-300x300.webp 300w, https:\/\/www.billiondaysupplier.com\/wp-content\/uploads\/2025\/08\/wholesale-chafing-dish-set-1-150x150.webp 150w, https:\/\/www.billiondaysupplier.com\/wp-content\/uploads\/2025\/08\/wholesale-chafing-dish-set-1-12x12.webp 12w, https:\/\/www.billiondaysupplier.com\/wp-content\/uploads\/2025\/08\/wholesale-chafing-dish-set-1-600x600.webp 600w, https:\/\/www.billiondaysupplier.com\/wp-content\/uploads\/2025\/08\/wholesale-chafing-dish-set-1-100x100.webp 100w\" sizes=\"(max-width: 720px) 100vw, 720px\" \/><\/figure>\n<\/div>\n<\/div>\n\n\n\n<div class=\"wp-block-columns is-layout-flex wp-container-core-columns-is-layout-9d6595d7 wp-block-columns-is-layout-flex\">\n<div class=\"wp-block-column is-layout-flow wp-block-column-is-layout-flow\">\n<figure class=\"wp-block-image size-full\"><img decoding=\"async\" width=\"720\" height=\"720\" src=\"https:\/\/www.billiondaysupplier.com\/wp-content\/uploads\/2025\/08\/wholesale-chafing-dish-set-2.webp\" alt=\"Set de chafing dish en gros (2)\" class=\"wp-image-907\" srcset=\"https:\/\/www.billiondaysupplier.com\/wp-content\/uploads\/2025\/08\/wholesale-chafing-dish-set-2.webp 720w, https:\/\/www.billiondaysupplier.com\/wp-content\/uploads\/2025\/08\/wholesale-chafing-dish-set-2-300x300.webp 300w, https:\/\/www.billiondaysupplier.com\/wp-content\/uploads\/2025\/08\/wholesale-chafing-dish-set-2-150x150.webp 150w, https:\/\/www.billiondaysupplier.com\/wp-content\/uploads\/2025\/08\/wholesale-chafing-dish-set-2-12x12.webp 12w, https:\/\/www.billiondaysupplier.com\/wp-content\/uploads\/2025\/08\/wholesale-chafing-dish-set-2-600x600.webp 600w, https:\/\/www.billiondaysupplier.com\/wp-content\/uploads\/2025\/08\/wholesale-chafing-dish-set-2-100x100.webp 100w\" sizes=\"(max-width: 720px) 100vw, 720px\" \/><\/figure>\n<\/div>\n\n\n\n<div class=\"wp-block-column is-layout-flow wp-block-column-is-layout-flow\">\n<figure class=\"wp-block-image size-full\"><img decoding=\"async\" width=\"720\" height=\"720\" src=\"https:\/\/www.billiondaysupplier.com\/wp-content\/uploads\/2025\/08\/wholesale-chafing-dish-set-6.webp\" alt=\"Set de chafing dish en gros (6)\" class=\"wp-image-911\" srcset=\"https:\/\/www.billiondaysupplier.com\/wp-content\/uploads\/2025\/08\/wholesale-chafing-dish-set-6.webp 720w, https:\/\/www.billiondaysupplier.com\/wp-content\/uploads\/2025\/08\/wholesale-chafing-dish-set-6-300x300.webp 300w, https:\/\/www.billiondaysupplier.com\/wp-content\/uploads\/2025\/08\/wholesale-chafing-dish-set-6-150x150.webp 150w, https:\/\/www.billiondaysupplier.com\/wp-content\/uploads\/2025\/08\/wholesale-chafing-dish-set-6-12x12.webp 12w, https:\/\/www.billiondaysupplier.com\/wp-content\/uploads\/2025\/08\/wholesale-chafing-dish-set-6-600x600.webp 600w, https:\/\/www.billiondaysupplier.com\/wp-content\/uploads\/2025\/08\/wholesale-chafing-dish-set-6-100x100.webp 100w\" sizes=\"(max-width: 720px) 100vw, 720px\" \/><\/figure>\n<\/div>\n<\/div>","protected":false},"excerpt":{"rendered":"<p>Ensemble de chafing dish en gros, avec une base en bois raffin\u00e9e, un design de bride circulaire et un couvercle en verre transparent, cet \u00e9quipement de buffet haut de gamme et raffin\u00e9 est id\u00e9al pour tout \u00e9tablissement de restauration. Contactez-nous d\u00e8s aujourd'hui pour personnaliser votre set de chafing dish !<\/p>\n<h2>Param\u00e8tres de l'ensemble de r\u00e9chauds\uff1a<\/h2>\n<table border=\"0\" width=\"404\" cellspacing=\"0\" cellpadding=\"0\">\n<tbody>\n<tr>\n<td style=\"text-align: left;\" width=\"148\" height=\"24\"><strong>Mat\u00e9riau<\/strong><\/td>\n<td style=\"text-align: left;\" width=\"256\">Acier inoxydable 201<\/td>\n<\/tr>\n<tr>\n<td style=\"text-align: left;\" height=\"69\"><strong>Couleur<\/strong><\/td>\n<td style=\"text-align: left;\" width=\"256\">Argent\/Acceptation de la personnalisation<\/td>\n<\/tr>\n<tr>\n<td style=\"text-align: left;\" height=\"24\"><strong>M\u00e9thode de chauffage<\/strong><\/td>\n<td style=\"text-align: left;\">Chauffage au fuel<\/td>\n<\/tr>\n<tr>\n<td style=\"text-align: left;\" height=\"24\"><strong>Capacit\u00e9<\/strong><\/td>\n<td style=\"text-align: left;\">9.0L<\/td>\n<\/tr>\n<tr>\n<td style=\"text-align: left;\" height=\"92\"><strong>Fonctionnalit\u00e9<\/strong><\/td>\n<td style=\"text-align: left;\" width=\"256\">\n<p>1. Couvercle hydraulique avec fen\u00eatre en verre<br \/>2. Bords arrondis polis miroir<br \/>3. Cadre vertical stable<br \/>4. Base en bois<\/p>\n<\/td>\n<\/tr>\n<tr>\n<td style=\"text-align: left;\" height=\"24\"><strong>Option personnalis\u00e9e<\/strong><\/td>\n<td style=\"text-align: left;\">Logo\/couleur\/taille\/emballage\/accessoires<\/td>\n<\/tr>\n<\/tbody>\n<\/table>","protected":false},"featured_media":908,"comment_status":"closed","ping_status":"closed","template":"","meta":{"_acf_changed":false},"product_brand":[],"product_cat":[18],"product_tag":[],"class_list":{"0":"post-891","1":"product","2":"type-product","3":"status-publish","4":"has-post-thumbnail","6":"product_cat-wholesale-chafing-dishes","8":"first","9":"instock","10":"shipping-taxable","11":"product-type-simple"},"acf":[],"_links":{"self":[{"href":"https:\/\/www.billiondaysupplier.com\/fr\/wp-json\/wp\/v2\/product\/891","targetHints":{"allow":["GET"]}}],"collection":[{"href":"https:\/\/www.billiondaysupplier.com\/fr\/wp-json\/wp\/v2\/product"}],"about":[{"href":"https:\/\/www.billiondaysupplier.com\/fr\/wp-json\/wp\/v2\/types\/product"}],"replies":[{"embeddable":true,"href":"https:\/\/www.billiondaysupplier.com\/fr\/wp-json\/wp\/v2\/comments?post=891"}],"wp:featuredmedia":[{"embeddable":true,"href":"https:\/\/www.billiondaysupplier.com\/fr\/wp-json\/wp\/v2\/media\/908"}],"wp:attachment":[{"href":"https:\/\/www.billiondaysupplier.com\/fr\/wp-json\/wp\/v2\/media?parent=891"}],"wp:term":[{"taxonomy":"product_brand","embeddable":true,"href":"https:\/\/www.billiondaysupplier.com\/fr\/wp-json\/wp\/v2\/product_brand?post=891"},{"taxonomy":"product_cat","embeddable":true,"href":"https:\/\/www.billiondaysupplier.com\/fr\/wp-json\/wp\/v2\/product_cat?post=891"},{"taxonomy":"product_tag","embeddable":true,"href":"https:\/\/www.billiondaysupplier.com\/fr\/wp-json\/wp\/v2\/product_tag?post=891"}],"curies":[{"name":"wp","href":"https:\/\/api.w.org\/{rel}","templated":true}]}}