{"id":879,"date":"2025-08-06T01:30:11","date_gmt":"2025-08-06T01:30:11","guid":{"rendered":"https:\/\/www.billiondaysupplier.com\/?post_type=product&#038;p=879"},"modified":"2025-08-06T12:35:37","modified_gmt":"2025-08-06T12:35:37","slug":"wholesale-chafing-dishes","status":"publish","type":"product","link":"https:\/\/www.billiondaysupplier.com\/fr\/product\/wholesale-chafing-dishes\/","title":{"rendered":"Vente en gros de plats chauds, chauffe-buffet \u00e9lectrique hydraulique 9L Silver Custom"},"content":{"rendered":"<div class=\"wp-block-columns is-layout-flex wp-container-core-columns-is-layout-9d6595d7 wp-block-columns-is-layout-flex\">\n<div class=\"wp-block-column is-layout-flow wp-block-column-is-layout-flow\">\n<h2 class=\"wp-block-heading\">R\u00e9cipients pour chafing Caract\u00e9ristiques :<\/h2>\n\n\n\n<p><strong>Apparence moderne<\/strong>: Fabriqu\u00e9e en acier inoxydable de haute qualit\u00e9 avec un rev\u00eatement \u00e9lectrolytique argent\u00e9, la surface est lisse, durable, r\u00e9sistante \u00e0 la corrosion et facile \u00e0 nettoyer, ce qui la rend adapt\u00e9e \u00e0 une utilisation commerciale fr\u00e9quente.<\/p>\n\n\n\n<p><strong>Couvercle \u00e0 ralentissement hydraulique<\/strong>: \u00c9quip\u00e9 d'un syst\u00e8me hydraulique, le couvercle s'abaisse lentement, ce qui \u00e9limine le risque de br\u00fblure li\u00e9 \u00e0 une fermeture rapide et offre une exp\u00e9rience plus s\u00fbre \u00e0 l'utilisateur.<\/p>\n\n\n\n<p><strong>Couvercle en verre haute d\u00e9finition<\/strong>: Une fen\u00eatre transparente permet d'inspecter facilement les aliments, r\u00e9duisant ainsi les ouvertures fr\u00e9quentes et conservant les aliments dans des conditions optimales.<\/p>\n\n\n\n<p><strong>Contr\u00f4le num\u00e9rique de la temp\u00e9rature : <\/strong>Il contr\u00f4le avec pr\u00e9cision la temp\u00e9rature jusqu'\u00e0 100\u00b0C, s'adaptant aux besoins de conservation de la chaleur des diff\u00e9rents plats et garantissant fra\u00eecheur et gourmandise.<\/p>\n\n\n\n<p><strong>Plusieurs formes disponibles :<\/strong> Disponibles en formes rondes, carr\u00e9es et rectangulaires pour r\u00e9pondre aux besoins de divers sc\u00e9narios de restauration, ils offrent davantage d'options aux restaurants et aux h\u00f4tels.<\/p>\n\n\n\n<p><strong>Structure stable et de grande hauteur :<\/strong> \u00c9quip\u00e9 d'un support robuste, le r\u00e9chaud assure stabilit\u00e9 et s\u00e9curit\u00e9 lors d'une utilisation prolong\u00e9e, en \u00e9vitant tout basculement accidentel.<\/p>\n<\/div>\n\n\n\n<div class=\"wp-block-column is-layout-flow wp-block-column-is-layout-flow\">\n<figure class=\"wp-block-image size-full\"><img decoding=\"async\" width=\"720\" height=\"720\" src=\"https:\/\/www.billiondaysupplier.com\/wp-content\/uploads\/2025\/08\/wholesale-chafing-dishes-6.webp\" alt=\"Plats \u00e0 r\u00e9chauffer en gros (6)\" class=\"wp-image-885\" srcset=\"https:\/\/www.billiondaysupplier.com\/wp-content\/uploads\/2025\/08\/wholesale-chafing-dishes-6.webp 720w, https:\/\/www.billiondaysupplier.com\/wp-content\/uploads\/2025\/08\/wholesale-chafing-dishes-6-300x300.webp 300w, https:\/\/www.billiondaysupplier.com\/wp-content\/uploads\/2025\/08\/wholesale-chafing-dishes-6-150x150.webp 150w, https:\/\/www.billiondaysupplier.com\/wp-content\/uploads\/2025\/08\/wholesale-chafing-dishes-6-12x12.webp 12w, https:\/\/www.billiondaysupplier.com\/wp-content\/uploads\/2025\/08\/wholesale-chafing-dishes-6-600x600.webp 600w, https:\/\/www.billiondaysupplier.com\/wp-content\/uploads\/2025\/08\/wholesale-chafing-dishes-6-100x100.webp 100w\" sizes=\"(max-width: 720px) 100vw, 720px\" \/><\/figure>\n<\/div>\n<\/div>\n\n\n\n<div class=\"wp-block-columns is-layout-flex wp-container-core-columns-is-layout-9d6595d7 wp-block-columns-is-layout-flex\">\n<div class=\"wp-block-column is-layout-flow wp-block-column-is-layout-flow\">\n<figure class=\"wp-block-image size-full\"><img decoding=\"async\" width=\"720\" height=\"720\" src=\"https:\/\/www.billiondaysupplier.com\/wp-content\/uploads\/2025\/08\/wholesale-chafing-dishes-4.webp\" alt=\"Plats \u00e0 r\u00e9chauffer en gros (4)\" class=\"wp-image-883\" srcset=\"https:\/\/www.billiondaysupplier.com\/wp-content\/uploads\/2025\/08\/wholesale-chafing-dishes-4.webp 720w, https:\/\/www.billiondaysupplier.com\/wp-content\/uploads\/2025\/08\/wholesale-chafing-dishes-4-300x300.webp 300w, https:\/\/www.billiondaysupplier.com\/wp-content\/uploads\/2025\/08\/wholesale-chafing-dishes-4-150x150.webp 150w, https:\/\/www.billiondaysupplier.com\/wp-content\/uploads\/2025\/08\/wholesale-chafing-dishes-4-12x12.webp 12w, https:\/\/www.billiondaysupplier.com\/wp-content\/uploads\/2025\/08\/wholesale-chafing-dishes-4-600x600.webp 600w, https:\/\/www.billiondaysupplier.com\/wp-content\/uploads\/2025\/08\/wholesale-chafing-dishes-4-100x100.webp 100w\" sizes=\"(max-width: 720px) 100vw, 720px\" \/><\/figure>\n<\/div>\n\n\n\n<div class=\"wp-block-column is-layout-flow wp-block-column-is-layout-flow\">\n<figure class=\"wp-block-image size-full\"><img decoding=\"async\" width=\"720\" height=\"720\" src=\"https:\/\/www.billiondaysupplier.com\/wp-content\/uploads\/2025\/08\/wholesale-chafing-dishes-7.webp\" alt=\"Plats \u00e0 r\u00e9chauffer en gros (7)\" class=\"wp-image-886\" srcset=\"https:\/\/www.billiondaysupplier.com\/wp-content\/uploads\/2025\/08\/wholesale-chafing-dishes-7.webp 720w, https:\/\/www.billiondaysupplier.com\/wp-content\/uploads\/2025\/08\/wholesale-chafing-dishes-7-300x300.webp 300w, https:\/\/www.billiondaysupplier.com\/wp-content\/uploads\/2025\/08\/wholesale-chafing-dishes-7-150x150.webp 150w, https:\/\/www.billiondaysupplier.com\/wp-content\/uploads\/2025\/08\/wholesale-chafing-dishes-7-12x12.webp 12w, https:\/\/www.billiondaysupplier.com\/wp-content\/uploads\/2025\/08\/wholesale-chafing-dishes-7-600x600.webp 600w, https:\/\/www.billiondaysupplier.com\/wp-content\/uploads\/2025\/08\/wholesale-chafing-dishes-7-100x100.webp 100w\" sizes=\"(max-width: 720px) 100vw, 720px\" \/><\/figure>\n<\/div>\n<\/div>","protected":false},"excerpt":{"rendered":"<p>Les chafing dishes en gros, \u00e9quip\u00e9s d'un syst\u00e8me hydraulique, d'un couvercle en verre, d'un panneau CNC intelligent, etc., offrent un contr\u00f4le pr\u00e9cis de la temp\u00e9rature et une vari\u00e9t\u00e9 de formes pour r\u00e9pondre aux besoins de divers sc\u00e9narios de restauration. Contactez-nous d\u00e8s maintenant pour des solutions de vente en gros et de personnalisation !<\/p>\n<h2>Param\u00e8tres des plats \u00e0 r\u00e9chauffer\uff1a<\/h2>\n<table border=\"0\" width=\"404\" cellspacing=\"0\" cellpadding=\"0\">\n<tbody>\n<tr>\n<td style=\"text-align: left;\" width=\"148\" height=\"24\"><strong>Mat\u00e9riau<\/strong><\/td>\n<td style=\"text-align: left;\" width=\"256\">Acier inoxydable 201<\/td>\n<\/tr>\n<tr>\n<td style=\"text-align: left;\" height=\"69\"><strong>Couleur<\/strong><\/td>\n<td style=\"text-align: left;\" width=\"256\">Argent\/Acceptation de la personnalisation<\/td>\n<\/tr>\n<tr>\n<td style=\"text-align: left;\" height=\"24\"><strong>M\u00e9thode de chauffage<\/strong><\/td>\n<td style=\"text-align: left;\">Chauffage \u00e9lectrique<\/td>\n<\/tr>\n<tr>\n<td style=\"text-align: left;\" height=\"24\"><strong>Capacit\u00e9<\/strong><\/td>\n<td style=\"text-align: left;\">9.0L<\/td>\n<\/tr>\n<tr>\n<td style=\"text-align: left;\" height=\"92\"><strong>Fonctionnalit\u00e9<\/strong><\/td>\n<td style=\"text-align: left;\" width=\"256\">1. Couvercle hydraulique avec fen\u00eatre en verre<br \/>2. Bords arrondis polis miroir<br \/>3. Cadre vertical stable<\/td>\n<\/tr>\n<tr>\n<td style=\"text-align: left;\" height=\"24\"><strong>Option personnalis\u00e9e<\/strong><\/td>\n<td style=\"text-align: left;\">Logo\/couleur\/taille\/emballage\/accessoires<\/td>\n<\/tr>\n<\/tbody>\n<\/table>","protected":false},"featured_media":885,"comment_status":"closed","ping_status":"closed","template":"","meta":{"_acf_changed":true},"product_brand":[],"product_cat":[18],"product_tag":[],"class_list":{"0":"post-879","1":"product","2":"type-product","3":"status-publish","4":"has-post-thumbnail","6":"product_cat-wholesale-chafing-dishes","8":"first","9":"instock","10":"shipping-taxable","11":"product-type-simple"},"acf":[],"_links":{"self":[{"href":"https:\/\/www.billiondaysupplier.com\/fr\/wp-json\/wp\/v2\/product\/879","targetHints":{"allow":["GET"]}}],"collection":[{"href":"https:\/\/www.billiondaysupplier.com\/fr\/wp-json\/wp\/v2\/product"}],"about":[{"href":"https:\/\/www.billiondaysupplier.com\/fr\/wp-json\/wp\/v2\/types\/product"}],"replies":[{"embeddable":true,"href":"https:\/\/www.billiondaysupplier.com\/fr\/wp-json\/wp\/v2\/comments?post=879"}],"wp:featuredmedia":[{"embeddable":true,"href":"https:\/\/www.billiondaysupplier.com\/fr\/wp-json\/wp\/v2\/media\/885"}],"wp:attachment":[{"href":"https:\/\/www.billiondaysupplier.com\/fr\/wp-json\/wp\/v2\/media?parent=879"}],"wp:term":[{"taxonomy":"product_brand","embeddable":true,"href":"https:\/\/www.billiondaysupplier.com\/fr\/wp-json\/wp\/v2\/product_brand?post=879"},{"taxonomy":"product_cat","embeddable":true,"href":"https:\/\/www.billiondaysupplier.com\/fr\/wp-json\/wp\/v2\/product_cat?post=879"},{"taxonomy":"product_tag","embeddable":true,"href":"https:\/\/www.billiondaysupplier.com\/fr\/wp-json\/wp\/v2\/product_tag?post=879"}],"curies":[{"name":"wp","href":"https:\/\/api.w.org\/{rel}","templated":true}]}}