{"id":661,"date":"2025-08-04T10:28:52","date_gmt":"2025-08-04T10:28:52","guid":{"rendered":"https:\/\/www.billiondaysupplier.com\/?post_type=product&#038;p=661"},"modified":"2025-08-05T09:06:06","modified_gmt":"2025-08-05T09:06:06","slug":"wholesale-large-drink-dispenser","status":"publish","type":"product","link":"https:\/\/www.billiondaysupplier.com\/fr\/product\/wholesale-large-drink-dispenser\/","title":{"rendered":"Distributeur de boissons en gros, Urnes \u00e0 caf\u00e9 personnalis\u00e9es en acier inoxydable 12L"},"content":{"rendered":"<div class=\"wp-block-columns is-layout-flex wp-container-core-columns-is-layout-9d6595d7 wp-block-columns-is-layout-flex\">\n<div class=\"wp-block-column is-layout-flow wp-block-column-is-layout-flow\">\n<h2 class=\"wp-block-heading\">Grand distributeur de boissons Caract\u00e9ristiques :<\/h2>\n\n\n\n<p><strong>Grande capacit\u00e9<\/strong>: Avec une grande capacit\u00e9 de 12 litres, il est id\u00e9al pour les grands groupes, les caf\u00e9s, les h\u00f4tels et autres lieux \u00e0 forte demande, r\u00e9pondant aux besoins en boisson de plusieurs personnes.<\/p>\n\n\n\n<p><strong>Mat\u00e9riau en acier inoxydable de haute qualit\u00e9<\/strong>: Fabriqu\u00e9 en acier inoxydable de qualit\u00e9 alimentaire, r\u00e9sistant \u00e0 la corrosion et \u00e0 la rouille, il peut \u00eatre utilis\u00e9 pendant longtemps avec une finition brillante.<\/p>\n\n\n\n<p><strong>Structure d'isolation \u00e0 double couche<\/strong>: La conception \u00e0 double couche int\u00e9rieure et ext\u00e9rieure permet de maintenir la boisson \u00e0 une temp\u00e9rature uniforme pendant une p\u00e9riode prolong\u00e9e, afin que chaque tasse de boisson ait un go\u00fbt id\u00e9al.<\/p>\n\n\n\n<p><strong>Syst\u00e8me de distribution pr\u00e9cis<\/strong>: Gr\u00e2ce \u00e0 une vanne d'eau contr\u00f4l\u00e9e avec pr\u00e9cision, le d\u00e9bit est r\u00e9gulier, le gaspillage minimis\u00e9 et la distribution sans obstruction se fait en douceur \u00e0 chaque fois.<\/p>\n\n\n\n<p><strong>Facile \u00e0 nettoyer<\/strong>: La surface en acier inoxydable est lisse et facile \u00e0 nettoyer, ce qui permet d'emp\u00eacher la croissance des bact\u00e9ries et de maintenir la puret\u00e9 et l'hygi\u00e8ne des boissons.<\/p>\n\n\n\n<p><strong>Utilisation multifonctionnelle<\/strong>: Convient \u00e0 une vari\u00e9t\u00e9 de situations, fournissant des services de distribution de boissons, non limit\u00e9s au caf\u00e9, mais pouvant \u00e9galement \u00eatre utilis\u00e9s pour les jus, les th\u00e9s et autres boissons.<\/p>\n<\/div>\n\n\n\n<div class=\"wp-block-column is-layout-flow wp-block-column-is-layout-flow\">\n<figure class=\"wp-block-image size-full\"><img decoding=\"async\" width=\"720\" height=\"720\" src=\"https:\/\/www.billiondaysupplier.com\/wp-content\/uploads\/2025\/08\/wholesale-large-drink-dispenser-2.webp\" alt=\"distributeur de boissons en gros (2)\" class=\"wp-image-663\" srcset=\"https:\/\/www.billiondaysupplier.com\/wp-content\/uploads\/2025\/08\/wholesale-large-drink-dispenser-2.webp 720w, https:\/\/www.billiondaysupplier.com\/wp-content\/uploads\/2025\/08\/wholesale-large-drink-dispenser-2-300x300.webp 300w, https:\/\/www.billiondaysupplier.com\/wp-content\/uploads\/2025\/08\/wholesale-large-drink-dispenser-2-150x150.webp 150w, https:\/\/www.billiondaysupplier.com\/wp-content\/uploads\/2025\/08\/wholesale-large-drink-dispenser-2-600x600.webp 600w, https:\/\/www.billiondaysupplier.com\/wp-content\/uploads\/2025\/08\/wholesale-large-drink-dispenser-2-100x100.webp 100w\" sizes=\"(max-width: 720px) 100vw, 720px\" \/><\/figure>\n<\/div>\n<\/div>\n\n\n\n<div class=\"wp-block-columns is-layout-flex wp-container-core-columns-is-layout-9d6595d7 wp-block-columns-is-layout-flex\">\n<div class=\"wp-block-column is-layout-flow wp-block-column-is-layout-flow\">\n<figure class=\"wp-block-image size-full\"><img decoding=\"async\" width=\"720\" height=\"720\" src=\"https:\/\/www.billiondaysupplier.com\/wp-content\/uploads\/2025\/08\/wholesale-large-drink-dispenser-5.webp\" alt=\"Distributeur de boissons en gros (5)\" class=\"wp-image-666\" srcset=\"https:\/\/www.billiondaysupplier.com\/wp-content\/uploads\/2025\/08\/wholesale-large-drink-dispenser-5.webp 720w, https:\/\/www.billiondaysupplier.com\/wp-content\/uploads\/2025\/08\/wholesale-large-drink-dispenser-5-300x300.webp 300w, https:\/\/www.billiondaysupplier.com\/wp-content\/uploads\/2025\/08\/wholesale-large-drink-dispenser-5-150x150.webp 150w, https:\/\/www.billiondaysupplier.com\/wp-content\/uploads\/2025\/08\/wholesale-large-drink-dispenser-5-600x600.webp 600w, https:\/\/www.billiondaysupplier.com\/wp-content\/uploads\/2025\/08\/wholesale-large-drink-dispenser-5-100x100.webp 100w\" sizes=\"(max-width: 720px) 100vw, 720px\" \/><\/figure>\n<\/div>\n\n\n\n<div class=\"wp-block-column is-layout-flow wp-block-column-is-layout-flow\">\n<figure class=\"wp-block-image size-full\"><img decoding=\"async\" width=\"720\" height=\"720\" src=\"https:\/\/www.billiondaysupplier.com\/wp-content\/uploads\/2025\/08\/wholesale-large-drink-dispenser-4.webp\" alt=\"distributeur de boissons en gros (4)\" class=\"wp-image-665\" srcset=\"https:\/\/www.billiondaysupplier.com\/wp-content\/uploads\/2025\/08\/wholesale-large-drink-dispenser-4.webp 720w, https:\/\/www.billiondaysupplier.com\/wp-content\/uploads\/2025\/08\/wholesale-large-drink-dispenser-4-300x300.webp 300w, https:\/\/www.billiondaysupplier.com\/wp-content\/uploads\/2025\/08\/wholesale-large-drink-dispenser-4-150x150.webp 150w, https:\/\/www.billiondaysupplier.com\/wp-content\/uploads\/2025\/08\/wholesale-large-drink-dispenser-4-600x600.webp 600w, https:\/\/www.billiondaysupplier.com\/wp-content\/uploads\/2025\/08\/wholesale-large-drink-dispenser-4-100x100.webp 100w\" sizes=\"(max-width: 720px) 100vw, 720px\" \/><\/figure>\n<\/div>\n<\/div>","protected":false},"excerpt":{"rendered":"<p>Distributeur de boissons en gros, grande capacit\u00e9 de 12L, aspect moderne, adapt\u00e9 aux \u00e9v\u00e9nements de grande envergure, durable et excellente r\u00e9tention de la chaleur, parfait pour la distribution de diverses boissons. Contactez-nous pour plus d'informations sur les produits et des devis !<\/p>\n<h2>Grand distributeur de boissons Param\u00e8tre\uff1a<\/h2>\n<table width=\"378\">\n<tbody>\n<tr>\n<td width=\"155\">Mat\u00e9riau<\/td>\n<td width=\"223\">Acier inoxydable 201 + PC<\/td>\n<\/tr>\n<tr>\n<td>Couleur<\/td>\n<td width=\"223\">Argent \/ Or<\/td>\n<\/tr>\n<tr>\n<td>Capacit\u00e9<\/td>\n<td>12L<\/td>\n<\/tr>\n<tr>\n<td>Fonction<\/td>\n<td>Isolation froide ou chaude<\/td>\n<\/tr>\n<tr>\n<td>Fonctionnalit\u00e9<\/td>\n<td width=\"223\">\n<p>1. Corps de godet en PC<br \/>2. Robinet en acier inoxydable<br \/>3. Chauffage \u00e0 l'alcool<br \/>4. Carotte de glace isol\u00e9e<\/p>\n<\/td>\n<\/tr>\n<tr>\n<td>Option personnalis\u00e9e<\/td>\n<td width=\"223\">Logo\/couleur\/taille\/emballage\/accessoires<\/td>\n<\/tr>\n<\/tbody>\n<\/table>","protected":false},"featured_media":662,"comment_status":"closed","ping_status":"closed","template":"","meta":{"_acf_changed":false},"product_brand":[],"product_cat":[19],"product_tag":[],"class_list":{"0":"post-661","1":"product","2":"type-product","3":"status-publish","4":"has-post-thumbnail","6":"product_cat-wholesale-beverage-dispenser","8":"first","9":"instock","10":"shipping-taxable","11":"product-type-simple"},"acf":[],"_links":{"self":[{"href":"https:\/\/www.billiondaysupplier.com\/fr\/wp-json\/wp\/v2\/product\/661","targetHints":{"allow":["GET"]}}],"collection":[{"href":"https:\/\/www.billiondaysupplier.com\/fr\/wp-json\/wp\/v2\/product"}],"about":[{"href":"https:\/\/www.billiondaysupplier.com\/fr\/wp-json\/wp\/v2\/types\/product"}],"replies":[{"embeddable":true,"href":"https:\/\/www.billiondaysupplier.com\/fr\/wp-json\/wp\/v2\/comments?post=661"}],"wp:featuredmedia":[{"embeddable":true,"href":"https:\/\/www.billiondaysupplier.com\/fr\/wp-json\/wp\/v2\/media\/662"}],"wp:attachment":[{"href":"https:\/\/www.billiondaysupplier.com\/fr\/wp-json\/wp\/v2\/media?parent=661"}],"wp:term":[{"taxonomy":"product_brand","embeddable":true,"href":"https:\/\/www.billiondaysupplier.com\/fr\/wp-json\/wp\/v2\/product_brand?post=661"},{"taxonomy":"product_cat","embeddable":true,"href":"https:\/\/www.billiondaysupplier.com\/fr\/wp-json\/wp\/v2\/product_cat?post=661"},{"taxonomy":"product_tag","embeddable":true,"href":"https:\/\/www.billiondaysupplier.com\/fr\/wp-json\/wp\/v2\/product_tag?post=661"}],"curies":[{"name":"wp","href":"https:\/\/api.w.org\/{rel}","templated":true}]}}