{"id":660,"date":"2025-08-04T10:12:05","date_gmt":"2025-08-04T10:12:05","guid":{"rendered":"https:\/\/www.billiondaysupplier.com\/?post_type=product&#038;p=660"},"modified":"2026-01-30T03:58:43","modified_gmt":"2026-01-30T03:58:43","slug":"bulk-coffee-urn","status":"publish","type":"product","link":"https:\/\/www.billiondaysupplier.com\/fr\/product\/bulk-coffee-urn\/","title":{"rendered":"Urne \u00e0 caf\u00e9 en vrac, Urne \u00e0 caf\u00e9 en acier inoxydable en gros Tr\u00e9pied"},"content":{"rendered":"<div class=\"wp-block-columns is-layout-flex wp-container-core-columns-is-layout-9d6595d7 wp-block-columns-is-layout-flex\">\n<div class=\"wp-block-column is-layout-flow wp-block-column-is-layout-flow\">\n<h2 class=\"wp-block-heading\">Distributeur de boissons en vrac Caract\u00e9ristiques :<\/h2>\n\n\n\n<p><strong>Mat\u00e9riau en acier inoxydable de haute qualit\u00e9<\/strong>: Fabriqu\u00e9 en acier inoxydable de premi\u00e8re qualit\u00e9, il est durable et r\u00e9sistant \u00e0 la corrosion, ce qui garantit sa stabilit\u00e9 et son \u00e9clat lors d'une utilisation \u00e0 long terme.<\/p>\n\n\n\n<p><strong>Conception du tr\u00e9pied<\/strong>: La structure en tr\u00e9pied offre un support plus stable, emp\u00eachant la cafeti\u00e8re de basculer ou de se renverser, garantissant ainsi la stabilit\u00e9 de chaque pr\u00e9paration.<\/p>\n\n\n\n<p><strong>Aspect moderne et \u00e9l\u00e9gant<\/strong>: Le design simple et tendance s'adapte \u00e0 tous les styles de cuisine et am\u00e9liore l'exp\u00e9rience culinaire et gastronomique.<\/p>\n\n\n\n<p><strong>Fonctionnement pratique :<\/strong> Versez facilement le caf\u00e9 en contr\u00f4lant pr\u00e9cis\u00e9ment le d\u00e9bit, pour une exp\u00e9rience d'\u00e9coulement plus douce.<\/p>\n\n\n\n<p><strong>Application polyvalente :<\/strong> Convient \u00e0 de multiples environnements tels que les maisons, les bureaux et les caf\u00e9s, r\u00e9pondant aux besoins quotidiens tout en assurant un fonctionnement efficace pour les baristas professionnels.<\/p>\n\n\n\n<p><strong>Facile \u00e0 nettoyer<\/strong>: La surface en acier inoxydable est lisse, ce qui r\u00e9duit le risque d'adh\u00e9rence des r\u00e9sidus et permet un nettoyage simple et pratique pour maintenir la fra\u00eecheur \u00e0 chaque utilisation.<\/p>\n<\/div>\n\n\n\n<div class=\"wp-block-column is-layout-flow wp-block-column-is-layout-flow\">\n<figure class=\"wp-block-image size-full\"><img decoding=\"async\" width=\"720\" height=\"720\" src=\"https:\/\/www.billiondaysupplier.com\/wp-content\/uploads\/2025\/08\/coffee-urn-in-bulk.webp\" alt=\"urne \u00e0 caf\u00e9 en vrac\" class=\"wp-image-622\" srcset=\"https:\/\/www.billiondaysupplier.com\/wp-content\/uploads\/2025\/08\/coffee-urn-in-bulk.webp 720w, https:\/\/www.billiondaysupplier.com\/wp-content\/uploads\/2025\/08\/coffee-urn-in-bulk-300x300.webp 300w, https:\/\/www.billiondaysupplier.com\/wp-content\/uploads\/2025\/08\/coffee-urn-in-bulk-150x150.webp 150w, https:\/\/www.billiondaysupplier.com\/wp-content\/uploads\/2025\/08\/coffee-urn-in-bulk-600x600.webp 600w, https:\/\/www.billiondaysupplier.com\/wp-content\/uploads\/2025\/08\/coffee-urn-in-bulk-100x100.webp 100w\" sizes=\"(max-width: 720px) 100vw, 720px\" \/><\/figure>\n<\/div>\n<\/div>\n\n\n\n<div class=\"wp-block-columns is-layout-flex wp-container-core-columns-is-layout-9d6595d7 wp-block-columns-is-layout-flex\">\n<div class=\"wp-block-column is-layout-flow wp-block-column-is-layout-flow\">\n<figure class=\"wp-block-image size-full\"><img decoding=\"async\" width=\"720\" height=\"720\" src=\"https:\/\/www.billiondaysupplier.com\/wp-content\/uploads\/2025\/08\/wholesale-coffee-urn-2-1.webp\" alt=\"urne \u00e0 caf\u00e9 en gros\" class=\"wp-image-658\" srcset=\"https:\/\/www.billiondaysupplier.com\/wp-content\/uploads\/2025\/08\/wholesale-coffee-urn-2-1.webp 720w, https:\/\/www.billiondaysupplier.com\/wp-content\/uploads\/2025\/08\/wholesale-coffee-urn-2-1-300x300.webp 300w, https:\/\/www.billiondaysupplier.com\/wp-content\/uploads\/2025\/08\/wholesale-coffee-urn-2-1-150x150.webp 150w, https:\/\/www.billiondaysupplier.com\/wp-content\/uploads\/2025\/08\/wholesale-coffee-urn-2-1-600x600.webp 600w, https:\/\/www.billiondaysupplier.com\/wp-content\/uploads\/2025\/08\/wholesale-coffee-urn-2-1-100x100.webp 100w\" sizes=\"(max-width: 720px) 100vw, 720px\" \/><\/figure>\n<\/div>\n\n\n\n<div class=\"wp-block-column is-layout-flow wp-block-column-is-layout-flow\">\n<figure class=\"wp-block-image size-full\"><img decoding=\"async\" width=\"720\" height=\"720\" src=\"https:\/\/www.billiondaysupplier.com\/wp-content\/uploads\/2025\/08\/custom-coffee-urn.webp\" alt=\"urne \u00e0 caf\u00e9 personnalis\u00e9e\" class=\"wp-image-630\" srcset=\"https:\/\/www.billiondaysupplier.com\/wp-content\/uploads\/2025\/08\/custom-coffee-urn.webp 720w, https:\/\/www.billiondaysupplier.com\/wp-content\/uploads\/2025\/08\/custom-coffee-urn-300x300.webp 300w, https:\/\/www.billiondaysupplier.com\/wp-content\/uploads\/2025\/08\/custom-coffee-urn-150x150.webp 150w, https:\/\/www.billiondaysupplier.com\/wp-content\/uploads\/2025\/08\/custom-coffee-urn-600x600.webp 600w, https:\/\/www.billiondaysupplier.com\/wp-content\/uploads\/2025\/08\/custom-coffee-urn-100x100.webp 100w\" sizes=\"(max-width: 720px) 100vw, 720px\" \/><\/figure>\n<\/div>\n<\/div>","protected":false},"excerpt":{"rendered":"<p>Urne \u00e0 caf\u00e9 en vrac, cafeti\u00e8re en acier inoxydable avec tr\u00e9pied, r\u00e9sistante aux temp\u00e9ratures \u00e9lev\u00e9es, facile \u00e0 nettoyer, offrant un support stable et une exp\u00e9rience utilisateur fluide, convenant \u00e0 une vari\u00e9t\u00e9 de sc\u00e9narios. Nous offrons une solution sur mesure. N'h\u00e9sitez pas \u00e0 nous contacter pour plus de d\u00e9tails ou pour demander un devis !<\/p>\n<h2>Param\u00e8tres de l'urne \u00e0 caf\u00e9 en vrac\uff1a<\/h2>\n<table width=\"378\">\n<tbody>\n<tr>\n<td width=\"155\">Mat\u00e9riau<\/td>\n<td width=\"223\">Acier inoxydable 201<\/td>\n<\/tr>\n<tr>\n<td>Couleur<\/td>\n<td width=\"223\">Argent \/ Or<\/td>\n<\/tr>\n<tr>\n<td>Capacit\u00e9<\/td>\n<td>13L<\/td>\n<\/tr>\n<tr>\n<td>Fonction<\/td>\n<td>Isolation froide ou chaude<\/td>\n<\/tr>\n<tr>\n<td>Fonctionnalit\u00e9<\/td>\n<td width=\"223\">1. Corps du godet en acier inoxydable<br \/>2. Robinet en acier inoxydable<br \/>3. Br\u00fbleur d'alcool<\/td>\n<\/tr>\n<tr>\n<td>Option personnalis\u00e9e<\/td>\n<td width=\"223\">Logo\/couleur\/taille\/emballage\/accessoires<\/td>\n<\/tr>\n<\/tbody>\n<\/table>","protected":false},"featured_media":621,"comment_status":"closed","ping_status":"closed","template":"","meta":{"_acf_changed":false},"product_brand":[],"product_cat":[19],"product_tag":[],"class_list":{"0":"post-660","1":"product","2":"type-product","3":"status-publish","4":"has-post-thumbnail","6":"product_cat-wholesale-beverage-dispenser","8":"first","9":"instock","10":"shipping-taxable","11":"product-type-simple"},"acf":[],"_links":{"self":[{"href":"https:\/\/www.billiondaysupplier.com\/fr\/wp-json\/wp\/v2\/product\/660","targetHints":{"allow":["GET"]}}],"collection":[{"href":"https:\/\/www.billiondaysupplier.com\/fr\/wp-json\/wp\/v2\/product"}],"about":[{"href":"https:\/\/www.billiondaysupplier.com\/fr\/wp-json\/wp\/v2\/types\/product"}],"replies":[{"embeddable":true,"href":"https:\/\/www.billiondaysupplier.com\/fr\/wp-json\/wp\/v2\/comments?post=660"}],"wp:featuredmedia":[{"embeddable":true,"href":"https:\/\/www.billiondaysupplier.com\/fr\/wp-json\/wp\/v2\/media\/621"}],"wp:attachment":[{"href":"https:\/\/www.billiondaysupplier.com\/fr\/wp-json\/wp\/v2\/media?parent=660"}],"wp:term":[{"taxonomy":"product_brand","embeddable":true,"href":"https:\/\/www.billiondaysupplier.com\/fr\/wp-json\/wp\/v2\/product_brand?post=660"},{"taxonomy":"product_cat","embeddable":true,"href":"https:\/\/www.billiondaysupplier.com\/fr\/wp-json\/wp\/v2\/product_cat?post=660"},{"taxonomy":"product_tag","embeddable":true,"href":"https:\/\/www.billiondaysupplier.com\/fr\/wp-json\/wp\/v2\/product_tag?post=660"}],"curies":[{"name":"wp","href":"https:\/\/api.w.org\/{rel}","templated":true}]}}