{"id":645,"date":"2025-08-04T09:32:13","date_gmt":"2025-08-04T09:32:13","guid":{"rendered":"https:\/\/www.billiondaysupplier.com\/?post_type=product&#038;p=645"},"modified":"2026-01-30T03:53:41","modified_gmt":"2026-01-30T03:53:41","slug":"wholesale-drink-dispensers","status":"publish","type":"product","link":"https:\/\/www.billiondaysupplier.com\/fr\/product\/wholesale-drink-dispensers\/","title":{"rendered":"Wholesale Drink Dispensers with Stand, Fancy Beverage Dispenser Gold for Hot Cold Drinks (distributeur de boissons chaudes et froides avec support)"},"content":{"rendered":"<div class=\"wp-block-columns is-layout-flex wp-container-core-columns-is-layout-9d6595d7 wp-block-columns-is-layout-flex\">\n<div class=\"wp-block-column is-layout-flow wp-block-column-is-layout-flow\">\n<h2 class=\"wp-block-heading\">Distributeurs de boissons en gros Caract\u00e9ristiques :<\/h2>\n\n\n\n<p><strong>Base fantaisie \u00e0 motifs perfor\u00e9s :<\/strong> Am\u00e9liore l'attrait esth\u00e9tique g\u00e9n\u00e9ral du produit, offrant un effet visuel raffin\u00e9 et rehaussant la sophistication des tables \u00e0 manger ou des comptoirs de buffet.<\/p>\n\n\n\n<p><strong>Construction en acier inoxydable de premi\u00e8re qualit\u00e9<\/strong>: Fabriqu\u00e9 en acier inoxydable de haute qualit\u00e9, il conserve une finition brillante et offre une r\u00e9sistance sup\u00e9rieure \u00e0 la corrosion, garantissant que les boissons restent fra\u00eeches et conservent leur saveur d'origine.<\/p>\n\n\n\n<p><strong>Syst\u00e8me de distribution pratique<\/strong>: La conception pratique de la distribution garantit que chaque boisson s'\u00e9coule de mani\u00e8re r\u00e9guli\u00e8re et ordonn\u00e9e, \u00e9liminant ainsi les probl\u00e8mes de d\u00e9versement ou de gaspillage, ce qui am\u00e9liore consid\u00e9rablement l'efficacit\u00e9 et l'exp\u00e9rience de l'utilisateur.<\/p>\n\n\n\n<p><strong>Facile \u00e0 nettoyer et \u00e0 entretenir :<\/strong> La conception modulaire permet un d\u00e9montage et un nettoyage faciles, garantissant une hygi\u00e8ne compl\u00e8te sans angles morts, pr\u00e9servant la fra\u00eecheur au fil du temps et r\u00e9pondant aux normes d'hygi\u00e8ne \u00e9lev\u00e9es des \u00e9tablissements commerciaux.<\/p>\n\n\n\n<p><strong>Application polyvalente :<\/strong> Il convient \u00e0 un large \u00e9ventail d'environnements, des restaurants aux h\u00f4tels et aux caf\u00e9s. Qu'il s'agisse de boissons froides ou chaudes, il assure une distribution parfaite pour r\u00e9pondre \u00e0 tous les besoins en mati\u00e8re de boissons.<\/p>\n\n\n\n<p><strong>Durable et stable<\/strong>: La base est lest\u00e9e pour une meilleure stabilit\u00e9, ce qui \u00e9vite les secousses et les basculements. Elle reste s\u00fbre et fiable pendant l'utilisation, m\u00eame dans les environnements tr\u00e8s fr\u00e9quent\u00e9s.<\/p>\n<\/div>\n\n\n\n<div class=\"wp-block-column is-layout-flow wp-block-column-is-layout-flow\">\n<figure class=\"wp-block-image size-full\"><img decoding=\"async\" width=\"720\" height=\"720\" src=\"https:\/\/www.billiondaysupplier.com\/wp-content\/uploads\/2025\/08\/wholesale-drink-dispensers-5.webp\" alt=\"distributeurs de boissons en gros (5)\" class=\"wp-image-650\" srcset=\"https:\/\/www.billiondaysupplier.com\/wp-content\/uploads\/2025\/08\/wholesale-drink-dispensers-5.webp 720w, https:\/\/www.billiondaysupplier.com\/wp-content\/uploads\/2025\/08\/wholesale-drink-dispensers-5-300x300.webp 300w, https:\/\/www.billiondaysupplier.com\/wp-content\/uploads\/2025\/08\/wholesale-drink-dispensers-5-150x150.webp 150w, https:\/\/www.billiondaysupplier.com\/wp-content\/uploads\/2025\/08\/wholesale-drink-dispensers-5-600x600.webp 600w, https:\/\/www.billiondaysupplier.com\/wp-content\/uploads\/2025\/08\/wholesale-drink-dispensers-5-100x100.webp 100w\" sizes=\"(max-width: 720px) 100vw, 720px\" \/><\/figure>\n<\/div>\n<\/div>","protected":false},"excerpt":{"rendered":"<p>Les distributeurs de boissons en gros, dot\u00e9s d'une base creuse \u00e9l\u00e9gante et fabriqu\u00e9s en acier inoxydable de haute qualit\u00e9, assurent une distribution r\u00e9guli\u00e8re d'une grande vari\u00e9t\u00e9 de boissons. En direct de l'usine et rapidement, nous offrons des services OEM\/ODM. Contactez-nous pour une solution personnalis\u00e9e !<\/p>\n<h2>Param\u00e8tres des distributeurs de boissons en gros\uff1a<\/h2>\n<table width=\"378\">\n<tbody>\n<tr>\n<td width=\"155\">Mat\u00e9riau<\/td>\n<td width=\"223\">Acier inoxydable 201 + PC<\/td>\n<\/tr>\n<tr>\n<td>Couleur<\/td>\n<td width=\"223\">Argent \/ Or<\/td>\n<\/tr>\n<tr>\n<td>Nombre de robinets<\/td>\n<td>1, 2, 3<\/td>\n<\/tr>\n<tr>\n<td>Capacit\u00e9<\/td>\n<td>8L\/16L<\/td>\n<\/tr>\n<tr>\n<td>Fonction<\/td>\n<td>Isolation froide ou chaude<\/td>\n<\/tr>\n<tr>\n<td>Fonctionnalit\u00e9<\/td>\n<td width=\"223\">\n<p>1. Corps de godet en PC<br \/>2. Robinet en acier inoxydable<br \/>3. Carotte de glace isol\u00e9e<br \/>4. Base fantaisie<\/p>\n<\/td>\n<\/tr>\n<tr>\n<td>Option personnalis\u00e9e<\/td>\n<td width=\"223\">Logo\/couleur\/taille\/emballage\/accessoires<\/td>\n<\/tr>\n<\/tbody>\n<\/table>","protected":false},"featured_media":646,"comment_status":"closed","ping_status":"closed","template":"","meta":{"_acf_changed":true},"product_brand":[],"product_cat":[19],"product_tag":[],"class_list":{"0":"post-645","1":"product","2":"type-product","3":"status-publish","4":"has-post-thumbnail","6":"product_cat-wholesale-beverage-dispenser","8":"first","9":"instock","10":"shipping-taxable","11":"product-type-simple"},"acf":[],"_links":{"self":[{"href":"https:\/\/www.billiondaysupplier.com\/fr\/wp-json\/wp\/v2\/product\/645","targetHints":{"allow":["GET"]}}],"collection":[{"href":"https:\/\/www.billiondaysupplier.com\/fr\/wp-json\/wp\/v2\/product"}],"about":[{"href":"https:\/\/www.billiondaysupplier.com\/fr\/wp-json\/wp\/v2\/types\/product"}],"replies":[{"embeddable":true,"href":"https:\/\/www.billiondaysupplier.com\/fr\/wp-json\/wp\/v2\/comments?post=645"}],"wp:featuredmedia":[{"embeddable":true,"href":"https:\/\/www.billiondaysupplier.com\/fr\/wp-json\/wp\/v2\/media\/646"}],"wp:attachment":[{"href":"https:\/\/www.billiondaysupplier.com\/fr\/wp-json\/wp\/v2\/media?parent=645"}],"wp:term":[{"taxonomy":"product_brand","embeddable":true,"href":"https:\/\/www.billiondaysupplier.com\/fr\/wp-json\/wp\/v2\/product_brand?post=645"},{"taxonomy":"product_cat","embeddable":true,"href":"https:\/\/www.billiondaysupplier.com\/fr\/wp-json\/wp\/v2\/product_cat?post=645"},{"taxonomy":"product_tag","embeddable":true,"href":"https:\/\/www.billiondaysupplier.com\/fr\/wp-json\/wp\/v2\/product_tag?post=645"}],"curies":[{"name":"wp","href":"https:\/\/api.w.org\/{rel}","templated":true}]}}