{"id":631,"date":"2025-08-04T09:09:52","date_gmt":"2025-08-04T09:09:52","guid":{"rendered":"https:\/\/www.billiondaysupplier.com\/?post_type=product&#038;p=631"},"modified":"2025-08-05T08:55:06","modified_gmt":"2025-08-05T08:55:06","slug":"bulk-beverage-dispenser","status":"publish","type":"product","link":"https:\/\/www.billiondaysupplier.com\/fr\/product\/bulk-beverage-dispenser\/","title":{"rendered":"Distributeur de boissons en vrac, double distributeur de boissons en acier inoxydable Wholesale"},"content":{"rendered":"<div class=\"wp-block-columns is-layout-flex wp-container-core-columns-is-layout-9d6595d7 wp-block-columns-is-layout-flex\">\n<div class=\"wp-block-column is-layout-flow wp-block-column-is-layout-flow\">\n<h2 class=\"wp-block-heading\">Distributeur de boissons en vrac Caract\u00e9ristiques :<\/h2>\n\n\n\n<p><strong>Plusieurs options de capacit\u00e9 :<\/strong> Disponible en 3L, 6L et 9L pour r\u00e9pondre aux besoins de diff\u00e9rents environnements commerciaux et s'adapter de mani\u00e8re flexible \u00e0 divers sc\u00e9narios d'utilisation.<\/p>\n\n\n\n<p><strong>Contr\u00f4le pr\u00e9cis de la distribution<\/strong>: Chaque sortie de distribution est \u00e9quip\u00e9e d'un robinet de contr\u00f4le de pr\u00e9cision pour assurer un contr\u00f4le pr\u00e9cis du volume de distribution de jus, r\u00e9duisant ainsi le gaspillage et am\u00e9liorant l'efficacit\u00e9.<\/p>\n\n\n\n<p><strong>Design moderne<\/strong>: Une fen\u00eatre transparente sur le niveau de liquide permet de contr\u00f4ler facilement les niveaux de boisson restants, avec un design \u00e9l\u00e9gant et moderne convenant \u00e0 divers environnements commerciaux.<\/p>\n\n\n\n<p><strong>Facile \u00e0 nettoyer<\/strong>: Tous les composants sont amovibles, ce qui facilite le nettoyage et garantit une hygi\u00e8ne parfaite apr\u00e8s chaque utilisation pour r\u00e9pondre aux exigences en mati\u00e8re de s\u00e9curit\u00e9 alimentaire.<\/p>\n\n\n\n<p><strong>Mat\u00e9riau en acier inoxydable de qualit\u00e9 alimentaire<\/strong>: Fabriqu\u00e9 en acier inoxydable de qualit\u00e9 alimentaire, il est non toxique et inoffensif, conforme aux normes internationales de s\u00e9curit\u00e9 alimentaire, garantissant la sant\u00e9 et la s\u00e9curit\u00e9 des boissons des consommateurs.<\/p>\n\n\n\n<p><strong>Large \u00e9ventail d'applications :<\/strong> Qu'il s'agisse de jus, de th\u00e9 ou de boissons non alcoolis\u00e9es, ce distributeur de jus peut parfaitement les distribuer, ce qui le rend largement utilisable dans divers sc\u00e9narios tels que les buffets, les h\u00f4tels, les restaurants et les caf\u00e9s.<\/p>\n<\/div>\n\n\n\n<div class=\"wp-block-column is-layout-flow wp-block-column-is-layout-flow\">\n<figure class=\"wp-block-image size-full\"><img decoding=\"async\" width=\"720\" height=\"720\" src=\"https:\/\/www.billiondaysupplier.com\/wp-content\/uploads\/2025\/08\/bulk-beverage-dispenser-4.webp\" alt=\"distributeur de boissons en vrac (4)\" class=\"wp-image-635\" srcset=\"https:\/\/www.billiondaysupplier.com\/wp-content\/uploads\/2025\/08\/bulk-beverage-dispenser-4.webp 720w, https:\/\/www.billiondaysupplier.com\/wp-content\/uploads\/2025\/08\/bulk-beverage-dispenser-4-300x300.webp 300w, https:\/\/www.billiondaysupplier.com\/wp-content\/uploads\/2025\/08\/bulk-beverage-dispenser-4-150x150.webp 150w, https:\/\/www.billiondaysupplier.com\/wp-content\/uploads\/2025\/08\/bulk-beverage-dispenser-4-600x600.webp 600w, https:\/\/www.billiondaysupplier.com\/wp-content\/uploads\/2025\/08\/bulk-beverage-dispenser-4-100x100.webp 100w\" sizes=\"(max-width: 720px) 100vw, 720px\" \/><\/figure>\n<\/div>\n<\/div>\n\n\n\n<div class=\"wp-block-columns is-layout-flex wp-container-core-columns-is-layout-9d6595d7 wp-block-columns-is-layout-flex\">\n<div class=\"wp-block-column is-layout-flow wp-block-column-is-layout-flow\">\n<figure class=\"wp-block-image size-full\"><img decoding=\"async\" width=\"720\" height=\"720\" src=\"https:\/\/www.billiondaysupplier.com\/wp-content\/uploads\/2025\/08\/bulk-beverage-dispenser-2.webp\" alt=\"distributeur de boissons en vrac (2)\" class=\"wp-image-633\" srcset=\"https:\/\/www.billiondaysupplier.com\/wp-content\/uploads\/2025\/08\/bulk-beverage-dispenser-2.webp 720w, https:\/\/www.billiondaysupplier.com\/wp-content\/uploads\/2025\/08\/bulk-beverage-dispenser-2-300x300.webp 300w, https:\/\/www.billiondaysupplier.com\/wp-content\/uploads\/2025\/08\/bulk-beverage-dispenser-2-150x150.webp 150w, https:\/\/www.billiondaysupplier.com\/wp-content\/uploads\/2025\/08\/bulk-beverage-dispenser-2-600x600.webp 600w, https:\/\/www.billiondaysupplier.com\/wp-content\/uploads\/2025\/08\/bulk-beverage-dispenser-2-100x100.webp 100w\" sizes=\"(max-width: 720px) 100vw, 720px\" \/><\/figure>\n<\/div>\n\n\n\n<div class=\"wp-block-column is-layout-flow wp-block-column-is-layout-flow\">\n<figure class=\"wp-block-image size-full\"><img decoding=\"async\" width=\"720\" height=\"720\" src=\"https:\/\/www.billiondaysupplier.com\/wp-content\/uploads\/2025\/08\/bulk-beverage-dispenser-5.webp\" alt=\"distributeur de boissons en vrac (5)\" class=\"wp-image-636\" srcset=\"https:\/\/www.billiondaysupplier.com\/wp-content\/uploads\/2025\/08\/bulk-beverage-dispenser-5.webp 720w, https:\/\/www.billiondaysupplier.com\/wp-content\/uploads\/2025\/08\/bulk-beverage-dispenser-5-300x300.webp 300w, https:\/\/www.billiondaysupplier.com\/wp-content\/uploads\/2025\/08\/bulk-beverage-dispenser-5-150x150.webp 150w, https:\/\/www.billiondaysupplier.com\/wp-content\/uploads\/2025\/08\/bulk-beverage-dispenser-5-600x600.webp 600w, https:\/\/www.billiondaysupplier.com\/wp-content\/uploads\/2025\/08\/bulk-beverage-dispenser-5-100x100.webp 100w\" sizes=\"(max-width: 720px) 100vw, 720px\" \/><\/figure>\n<\/div>\n<\/div>","protected":false},"excerpt":{"rendered":"<p>Les distributeurs de boissons en vrac, disponibles en 3L\/6L\/9L et en plusieurs options de distribution, sont dot\u00e9s d'un noyau de glace en acier inoxydable et d'une base \u00e9tanche, et conviennent aussi bien pour les boissons chaudes que pour les boissons froides. En direct de l'usine, nous offrons une solution unique de vente en gros et d'\u00e9quipement de buffet personnalis\u00e9. N'h\u00e9sitez pas \u00e0 nous contacter d\u00e8s aujourd'hui !<\/p>\n<h2>Param\u00e8tres du distributeur de boissons en vrac\uff1a<\/h2>\n<table width=\"378\">\n<tbody>\n<tr>\n<td width=\"155\">Mat\u00e9riau<\/td>\n<td width=\"223\">Acier inoxydable 201 + PC<\/td>\n<\/tr>\n<tr>\n<td>Couleur<\/td>\n<td width=\"223\">Argent \/ Or<\/td>\n<\/tr>\n<tr>\n<td>Nombre de robinets<\/td>\n<td>1, 2, 3<\/td>\n<\/tr>\n<tr>\n<td>Capacit\u00e9<\/td>\n<td>3L\/6L\/9L<\/td>\n<\/tr>\n<tr>\n<td>Fonction<\/td>\n<td>Isolation froide ou chaude<\/td>\n<\/tr>\n<tr>\n<td>Fonctionnalit\u00e9<\/td>\n<td width=\"223\">1. Corps de godet en PC<br \/>2. Robinet en acier inoxydable<br \/>3. Base lourde<\/td>\n<\/tr>\n<tr>\n<td>Option personnalis\u00e9e<\/td>\n<td width=\"223\">Logo\/couleur\/taille\/emballage\/accessoires<\/td>\n<\/tr>\n<\/tbody>\n<\/table>","protected":false},"featured_media":632,"comment_status":"closed","ping_status":"closed","template":"","meta":{"_acf_changed":true},"product_brand":[],"product_cat":[19],"product_tag":[],"class_list":{"0":"post-631","1":"product","2":"type-product","3":"status-publish","4":"has-post-thumbnail","6":"product_cat-wholesale-beverage-dispenser","8":"first","9":"instock","10":"shipping-taxable","11":"product-type-simple"},"acf":[],"_links":{"self":[{"href":"https:\/\/www.billiondaysupplier.com\/fr\/wp-json\/wp\/v2\/product\/631","targetHints":{"allow":["GET"]}}],"collection":[{"href":"https:\/\/www.billiondaysupplier.com\/fr\/wp-json\/wp\/v2\/product"}],"about":[{"href":"https:\/\/www.billiondaysupplier.com\/fr\/wp-json\/wp\/v2\/types\/product"}],"replies":[{"embeddable":true,"href":"https:\/\/www.billiondaysupplier.com\/fr\/wp-json\/wp\/v2\/comments?post=631"}],"wp:featuredmedia":[{"embeddable":true,"href":"https:\/\/www.billiondaysupplier.com\/fr\/wp-json\/wp\/v2\/media\/632"}],"wp:attachment":[{"href":"https:\/\/www.billiondaysupplier.com\/fr\/wp-json\/wp\/v2\/media?parent=631"}],"wp:term":[{"taxonomy":"product_brand","embeddable":true,"href":"https:\/\/www.billiondaysupplier.com\/fr\/wp-json\/wp\/v2\/product_brand?post=631"},{"taxonomy":"product_cat","embeddable":true,"href":"https:\/\/www.billiondaysupplier.com\/fr\/wp-json\/wp\/v2\/product_cat?post=631"},{"taxonomy":"product_tag","embeddable":true,"href":"https:\/\/www.billiondaysupplier.com\/fr\/wp-json\/wp\/v2\/product_tag?post=631"}],"curies":[{"name":"wp","href":"https:\/\/api.w.org\/{rel}","templated":true}]}}