{"id":619,"date":"2025-08-04T08:36:17","date_gmt":"2025-08-04T08:36:17","guid":{"rendered":"https:\/\/www.billiondaysupplier.com\/?post_type=product&#038;p=619"},"modified":"2025-08-05T08:46:29","modified_gmt":"2025-08-05T08:46:29","slug":"wholesale-beverage-dispensers","status":"publish","type":"product","link":"https:\/\/www.billiondaysupplier.com\/fr\/product\/wholesale-beverage-dispensers\/","title":{"rendered":"Distributeurs de boissons en gros, Distributeur de jus de fruits en acier inoxydable sur mesure"},"content":{"rendered":"<div class=\"wp-block-columns is-layout-flex wp-container-core-columns-is-layout-9d6595d7 wp-block-columns-is-layout-flex\">\n<div class=\"wp-block-column is-layout-flow wp-block-column-is-layout-flow\">\n<h2 class=\"wp-block-heading\">Distributeurs de boissons en gros Caract\u00e9ristiques :<\/h2>\n\n\n\n<p><strong>Acier inoxydable poli haut de gamme :<\/strong> Fabriqu\u00e9e en acier inoxydable poli de premi\u00e8re qualit\u00e9, la surface est lisse, agr\u00e9able au toucher et d'une esth\u00e9tique moderne, ce qui am\u00e9liore la qualit\u00e9 g\u00e9n\u00e9rale de l'environnement de la salle \u00e0 manger.<\/p>\n\n\n\n<p><strong>Plusieurs options de couleurs<\/strong>: Disponible dans les tons classiques or et argent, personnalisable pour r\u00e9pondre aux besoins des clients, s'int\u00e9grant de mani\u00e8re transparente dans diff\u00e9rents styles de salle \u00e0 manger.<\/p>\n\n\n\n<p><strong>Contr\u00f4le pr\u00e9cis de la distribution :<\/strong> Chaque distribution de boisson est contr\u00f4l\u00e9e avec pr\u00e9cision afin de minimiser les pertes, de r\u00e9pondre aux diverses exigences de distribution dans diff\u00e9rents sc\u00e9narios et d'am\u00e9liorer l'efficacit\u00e9 du service.<\/p>\n\n\n\n<p><strong>Facile \u00e0 nettoyer<\/strong>: La conception modulaire permet de d\u00e9monter tous les composants pour les nettoyer facilement, ce qui garantit une hygi\u00e8ne \u00e0 long terme et une facilit\u00e9 d'utilisation.<\/p>\n\n\n\n<p><strong>S\u00fbr et non toxique<\/strong>: Fabriqu\u00e9 en acier inoxydable de qualit\u00e9 alimentaire, il est non toxique et inoffensif. Il est conforme aux normes strictes de s\u00e9curit\u00e9 alimentaire, ce qui garantit la tranquillit\u00e9 d'esprit des consommateurs.<\/p>\n<\/div>\n\n\n\n<div class=\"wp-block-column is-layout-flow wp-block-column-is-layout-flow\">\n<figure class=\"wp-block-image size-full\"><img decoding=\"async\" width=\"720\" height=\"720\" src=\"https:\/\/www.billiondaysupplier.com\/wp-content\/uploads\/2025\/08\/wholesale-beverage-dispensers3.webp\" alt=\"Distributeurs de boissons en gros3\" class=\"wp-image-640\" srcset=\"https:\/\/www.billiondaysupplier.com\/wp-content\/uploads\/2025\/08\/wholesale-beverage-dispensers3.webp 720w, https:\/\/www.billiondaysupplier.com\/wp-content\/uploads\/2025\/08\/wholesale-beverage-dispensers3-300x300.webp 300w, https:\/\/www.billiondaysupplier.com\/wp-content\/uploads\/2025\/08\/wholesale-beverage-dispensers3-150x150.webp 150w, https:\/\/www.billiondaysupplier.com\/wp-content\/uploads\/2025\/08\/wholesale-beverage-dispensers3-600x600.webp 600w, https:\/\/www.billiondaysupplier.com\/wp-content\/uploads\/2025\/08\/wholesale-beverage-dispensers3-100x100.webp 100w\" sizes=\"(max-width: 720px) 100vw, 720px\" \/><\/figure>\n<\/div>\n<\/div>\n\n\n\n<div class=\"wp-block-columns is-layout-flex wp-container-core-columns-is-layout-9d6595d7 wp-block-columns-is-layout-flex\">\n<div class=\"wp-block-column is-layout-flow wp-block-column-is-layout-flow\">\n<figure class=\"wp-block-image size-full\"><img decoding=\"async\" width=\"720\" height=\"720\" src=\"https:\/\/www.billiondaysupplier.com\/wp-content\/uploads\/2025\/08\/wholesale-beverage-dispensers5.webp\" alt=\"Distributeurs de boissons en gros5\" class=\"wp-image-642\" srcset=\"https:\/\/www.billiondaysupplier.com\/wp-content\/uploads\/2025\/08\/wholesale-beverage-dispensers5.webp 720w, https:\/\/www.billiondaysupplier.com\/wp-content\/uploads\/2025\/08\/wholesale-beverage-dispensers5-300x300.webp 300w, https:\/\/www.billiondaysupplier.com\/wp-content\/uploads\/2025\/08\/wholesale-beverage-dispensers5-150x150.webp 150w, https:\/\/www.billiondaysupplier.com\/wp-content\/uploads\/2025\/08\/wholesale-beverage-dispensers5-600x600.webp 600w, https:\/\/www.billiondaysupplier.com\/wp-content\/uploads\/2025\/08\/wholesale-beverage-dispensers5-100x100.webp 100w\" sizes=\"(max-width: 720px) 100vw, 720px\" \/><\/figure>\n<\/div>\n\n\n\n<div class=\"wp-block-column is-layout-flow wp-block-column-is-layout-flow\">\n<figure class=\"wp-block-image size-full\"><img decoding=\"async\" width=\"720\" height=\"720\" src=\"https:\/\/www.billiondaysupplier.com\/wp-content\/uploads\/2025\/08\/wholesale-beverage-dispensers6.webp\" alt=\"Distributeurs de boissons en gros6\" class=\"wp-image-643\" srcset=\"https:\/\/www.billiondaysupplier.com\/wp-content\/uploads\/2025\/08\/wholesale-beverage-dispensers6.webp 720w, https:\/\/www.billiondaysupplier.com\/wp-content\/uploads\/2025\/08\/wholesale-beverage-dispensers6-300x300.webp 300w, https:\/\/www.billiondaysupplier.com\/wp-content\/uploads\/2025\/08\/wholesale-beverage-dispensers6-150x150.webp 150w, https:\/\/www.billiondaysupplier.com\/wp-content\/uploads\/2025\/08\/wholesale-beverage-dispensers6-600x600.webp 600w, https:\/\/www.billiondaysupplier.com\/wp-content\/uploads\/2025\/08\/wholesale-beverage-dispensers6-100x100.webp 100w\" sizes=\"(max-width: 720px) 100vw, 720px\" \/><\/figure>\n<\/div>\n<\/div>","protected":false},"excerpt":{"rendered":"<p>Distributeurs de boissons en gros avec options de distributeur simple\/double\/triple, fabriqu\u00e9s \u00e0 partir d'une combinaison durable d'acier inoxydable et de plastique pour un design lisse et facile \u00e0 nettoyer, parfait pour garder les boissons chaudes ou froides au chaud. Contactez-nous d\u00e8s aujourd'hui pour en savoir plus sur les options personnalis\u00e9es et les prix de gros !<\/p>\n<h2>Param\u00e8tres des distributeurs de boissons en gros\uff1a<\/h2>\n<table width=\"378\">\n<tbody>\n<tr>\n<td width=\"155\">Mat\u00e9riau<\/td>\n<td width=\"223\">Acier inoxydable 201 + PC<\/td>\n<\/tr>\n<tr>\n<td>Couleur<\/td>\n<td width=\"223\">Argent \/ Or<\/td>\n<\/tr>\n<tr>\n<td>Nombre de robinets<\/td>\n<td>1, 2, 3<\/td>\n<\/tr>\n<tr>\n<td>Capacit\u00e9<\/td>\n<td>8L\/ 16L\/ 24L<\/td>\n<\/tr>\n<tr>\n<td>Fonction<\/td>\n<td>Isolation froide ou chaude<\/td>\n<\/tr>\n<tr>\n<td>Fonctionnalit\u00e9<\/td>\n<td width=\"223\">1. Corps de godet en PC<br \/>2. Robinet en acier inoxydable<br \/>3. Carotte de glace isol\u00e9e<br \/>4. Base lourde<\/td>\n<\/tr>\n<tr>\n<td>Option personnalis\u00e9e<\/td>\n<td width=\"223\">Logo\/couleur\/taille\/emballage\/accessoires<\/td>\n<\/tr>\n<\/tbody>\n<\/table>","protected":false},"featured_media":644,"comment_status":"closed","ping_status":"closed","template":"","meta":{"_acf_changed":true},"product_brand":[],"product_cat":[19],"product_tag":[],"class_list":{"0":"post-619","1":"product","2":"type-product","3":"status-publish","4":"has-post-thumbnail","6":"product_cat-wholesale-beverage-dispenser","8":"first","9":"instock","10":"shipping-taxable","11":"product-type-simple"},"acf":[],"_links":{"self":[{"href":"https:\/\/www.billiondaysupplier.com\/fr\/wp-json\/wp\/v2\/product\/619","targetHints":{"allow":["GET"]}}],"collection":[{"href":"https:\/\/www.billiondaysupplier.com\/fr\/wp-json\/wp\/v2\/product"}],"about":[{"href":"https:\/\/www.billiondaysupplier.com\/fr\/wp-json\/wp\/v2\/types\/product"}],"replies":[{"embeddable":true,"href":"https:\/\/www.billiondaysupplier.com\/fr\/wp-json\/wp\/v2\/comments?post=619"}],"wp:featuredmedia":[{"embeddable":true,"href":"https:\/\/www.billiondaysupplier.com\/fr\/wp-json\/wp\/v2\/media\/644"}],"wp:attachment":[{"href":"https:\/\/www.billiondaysupplier.com\/fr\/wp-json\/wp\/v2\/media?parent=619"}],"wp:term":[{"taxonomy":"product_brand","embeddable":true,"href":"https:\/\/www.billiondaysupplier.com\/fr\/wp-json\/wp\/v2\/product_brand?post=619"},{"taxonomy":"product_cat","embeddable":true,"href":"https:\/\/www.billiondaysupplier.com\/fr\/wp-json\/wp\/v2\/product_cat?post=619"},{"taxonomy":"product_tag","embeddable":true,"href":"https:\/\/www.billiondaysupplier.com\/fr\/wp-json\/wp\/v2\/product_tag?post=619"}],"curies":[{"name":"wp","href":"https:\/\/api.w.org\/{rel}","templated":true}]}}