{"id":611,"date":"2025-08-04T08:16:46","date_gmt":"2025-08-04T08:16:46","guid":{"rendered":"https:\/\/www.billiondaysupplier.com\/?post_type=product&#038;p=611"},"modified":"2025-08-05T09:16:02","modified_gmt":"2025-08-05T09:16:02","slug":"bulk-snack-dispenser","status":"publish","type":"product","link":"https:\/\/www.billiondaysupplier.com\/fr\/product\/bulk-snack-dispenser\/","title":{"rendered":"Distributeur de snacks par gravit\u00e9 transparent, Distributeur de c\u00e9r\u00e9ales mural Fabricant"},"content":{"rendered":"<div class=\"wp-block-columns is-layout-flex wp-container-core-columns-is-layout-9d6595d7 wp-block-columns-is-layout-flex\">\n<div class=\"wp-block-column is-layout-flow wp-block-column-is-layout-flow\">\n<h2 class=\"wp-block-heading\">Distributeur de snacks en vrac Caract\u00e9ristiques :<\/h2>\n\n\n\n<p><strong>Triple fonction de distribution<\/strong>: \u00c9quip\u00e9 de trois distributeurs ind\u00e9pendants, les utilisateurs peuvent choisir librement diff\u00e9rents en-cas ou c\u00e9r\u00e9ales en fonction de leurs besoins, ce qui le rend pratique et efficace.<\/p>\n\n\n\n<p><strong>Un contr\u00f4le pr\u00e9cis<\/strong>: Chaque distributeur est dot\u00e9 d'un m\u00e9canisme de contr\u00f4le ind\u00e9pendant, garantissant une distribution uniforme. Il convient \u00e0 divers types de petits en-cas, c\u00e9r\u00e9ales, noix, etc. et r\u00e9pond \u00e0 des besoins vari\u00e9s.<\/p>\n\n\n\n<p><strong>Conception \u00e9tanche<\/strong>: Le couvercle herm\u00e9tique emp\u00eache l'air de p\u00e9n\u00e9trer, ce qui pr\u00e9serve la fra\u00eecheur des c\u00e9r\u00e9ales et des en-cas et pr\u00e9vient l'humidit\u00e9 et l'oxydation.<\/p>\n\n\n\n<p><strong>\u00c9conomie d'espace<\/strong>: Le design vertical unique permet d'\u00e9conomiser de l'espace dans les cuisines ou les restaurants, ce qui permet de l'utiliser dans les maisons, les bureaux, les restaurants et d'autres endroits.<\/p>\n\n\n\n<p><strong>Facile \u00e0 nettoyer<\/strong>: La conception transparente permet de voir facilement les ingr\u00e9dients internes, ce qui facilite le nettoyage et garantit l'hygi\u00e8ne \u00e0 chaque utilisation.<\/p>\n\n\n\n<p><strong>Mat\u00e9riaux de haute qualit\u00e9 :<\/strong> Fabriqu\u00e9 en acier inoxydable durable et en mat\u00e9riaux PE avec une structure robuste, il est con\u00e7u pour durer et r\u00e9sister \u00e0 une utilisation quotidienne fr\u00e9quente sans dommage.<\/p>\n<\/div>\n\n\n\n<div class=\"wp-block-column is-layout-flow wp-block-column-is-layout-flow\">\n<figure class=\"wp-block-image size-full\"><img decoding=\"async\" width=\"720\" height=\"720\" src=\"https:\/\/www.billiondaysupplier.com\/wp-content\/uploads\/2025\/08\/bulk-snack-dispenser-1.webp\" alt=\"distributeur de snacks en vrac (1)\" class=\"wp-image-612\" srcset=\"https:\/\/www.billiondaysupplier.com\/wp-content\/uploads\/2025\/08\/bulk-snack-dispenser-1.webp 720w, https:\/\/www.billiondaysupplier.com\/wp-content\/uploads\/2025\/08\/bulk-snack-dispenser-1-300x300.webp 300w, https:\/\/www.billiondaysupplier.com\/wp-content\/uploads\/2025\/08\/bulk-snack-dispenser-1-150x150.webp 150w, https:\/\/www.billiondaysupplier.com\/wp-content\/uploads\/2025\/08\/bulk-snack-dispenser-1-600x600.webp 600w, https:\/\/www.billiondaysupplier.com\/wp-content\/uploads\/2025\/08\/bulk-snack-dispenser-1-100x100.webp 100w\" sizes=\"(max-width: 720px) 100vw, 720px\" \/><\/figure>\n<\/div>\n<\/div>","protected":false},"excerpt":{"rendered":"<p>Distributeur de snacks en vrac, design transparent, syst\u00e8me de distribution \u00e0 trois becs, acc\u00e8s rapide, gestion facile des snacks et des c\u00e9r\u00e9ales, pour une cuisine propre et ordonn\u00e9e. Supports de personnalisation en vrac, contactez-nous pour un devis !<\/p>\n<h2>Param\u00e8tres du distributeur de snacks en vrac\uff1a<\/h2>\n<table width=\"378\">\n<tbody>\n<tr>\n<td width=\"155\">Mat\u00e9riau<\/td>\n<td width=\"223\">Acier inoxydable 201 + PC<\/td>\n<\/tr>\n<tr>\n<td>Couleur<\/td>\n<td width=\"223\">Argent fin<\/td>\n<\/tr>\n<tr>\n<td>Capacit\u00e9<\/td>\n<td>3,5L\/ 7L\/ 10,5L<\/td>\n<\/tr>\n<tr>\n<td>Nombre de distributeurs<\/td>\n<td>Distributeurs simples, doubles et triples<\/td>\n<\/tr>\n<tr>\n<td>Fonctionnalit\u00e9<\/td>\n<td width=\"223\">1. Capuchon d'\u00e9tanch\u00e9it\u00e9<br \/>2. Distributeur de granola<br \/>3. Base stable du comptoir<\/td>\n<\/tr>\n<tr>\n<td>Option personnalis\u00e9e<\/td>\n<td width=\"223\">Logo\/couleur\/taille\/emballage\/accessoires<\/td>\n<\/tr>\n<\/tbody>\n<\/table>","protected":false},"featured_media":616,"comment_status":"closed","ping_status":"closed","template":"","meta":{"_acf_changed":true},"product_brand":[],"product_cat":[21],"product_tag":[],"class_list":{"0":"post-611","1":"product","2":"type-product","3":"status-publish","4":"has-post-thumbnail","6":"product_cat-bulk-cereal-dispenser","8":"first","9":"instock","10":"shipping-taxable","11":"product-type-simple"},"acf":[],"_links":{"self":[{"href":"https:\/\/www.billiondaysupplier.com\/fr\/wp-json\/wp\/v2\/product\/611","targetHints":{"allow":["GET"]}}],"collection":[{"href":"https:\/\/www.billiondaysupplier.com\/fr\/wp-json\/wp\/v2\/product"}],"about":[{"href":"https:\/\/www.billiondaysupplier.com\/fr\/wp-json\/wp\/v2\/types\/product"}],"replies":[{"embeddable":true,"href":"https:\/\/www.billiondaysupplier.com\/fr\/wp-json\/wp\/v2\/comments?post=611"}],"wp:featuredmedia":[{"embeddable":true,"href":"https:\/\/www.billiondaysupplier.com\/fr\/wp-json\/wp\/v2\/media\/616"}],"wp:attachment":[{"href":"https:\/\/www.billiondaysupplier.com\/fr\/wp-json\/wp\/v2\/media?parent=611"}],"wp:term":[{"taxonomy":"product_brand","embeddable":true,"href":"https:\/\/www.billiondaysupplier.com\/fr\/wp-json\/wp\/v2\/product_brand?post=611"},{"taxonomy":"product_cat","embeddable":true,"href":"https:\/\/www.billiondaysupplier.com\/fr\/wp-json\/wp\/v2\/product_cat?post=611"},{"taxonomy":"product_tag","embeddable":true,"href":"https:\/\/www.billiondaysupplier.com\/fr\/wp-json\/wp\/v2\/product_tag?post=611"}],"curies":[{"name":"wp","href":"https:\/\/api.w.org\/{rel}","templated":true}]}}