{"id":595,"date":"2025-08-04T07:35:17","date_gmt":"2025-08-04T07:35:17","guid":{"rendered":"https:\/\/www.billiondaysupplier.com\/?post_type=product&#038;p=595"},"modified":"2025-08-05T09:14:16","modified_gmt":"2025-08-05T09:14:16","slug":"bulk-cereal-dispenser","status":"publish","type":"product","link":"https:\/\/www.billiondaysupplier.com\/fr\/product\/bulk-cereal-dispenser\/","title":{"rendered":"Distributeur de c\u00e9r\u00e9ales en vrac en acier inoxydable, couvercle \u00e9tanche avec roue en silicone de haute qualit\u00e9 personnalis\u00e9"},"content":{"rendered":"<div class=\"wp-block-columns is-layout-flex wp-container-core-columns-is-layout-9d6595d7 wp-block-columns-is-layout-flex\">\n<div class=\"wp-block-column is-layout-flow wp-block-column-is-layout-flow\">\n<h2 class=\"wp-block-heading\">Distributeur de c\u00e9r\u00e9ales en vrac Caract\u00e9ristiques :<\/h2>\n\n\n\n<p><strong>Couvercle scell\u00e9<\/strong>: Emp\u00eache efficacement l'air et l'humidit\u00e9 de p\u00e9n\u00e9trer, ce qui garantit que les c\u00e9r\u00e9ales restent fra\u00eeches et dans des conditions de stockage optimales pour une dur\u00e9e de conservation prolong\u00e9e.<\/p>\n\n\n\n<p><strong>Base lourde : <\/strong>\u00c9quip\u00e9 d'un tr\u00e9pied durable pour une stabilit\u00e9 exceptionnelle, l'appareil reste stable pendant l'utilisation pour un fonctionnement plus souple.<\/p>\n\n\n\n<p><strong>Facile \u00e0 utiliser<\/strong>: Les utilisateurs peuvent d\u00e9marrer rapidement sans configuration complexe, ce qui rend chaque utilisation simple et pratique.<\/p>\n\n\n\n<p><strong>Facile \u00e0 nettoyer<\/strong>: Toutes les pi\u00e8ces en contact avec les aliments sont fabriqu\u00e9es dans des mat\u00e9riaux faciles \u00e0 nettoyer, ce qui permet un nettoyage rapide et sans effort, garantissant l'hygi\u00e8ne et un fonctionnement fiable \u00e0 long terme de l'\u00e9quipement.<\/p>\n\n\n\n<p><strong>Roues en silicone de haute qualit\u00e9<\/strong>: Pr\u00e9venir les blocages ou les d\u00e9bits irr\u00e9guliers, am\u00e9liorer l'efficacit\u00e9 de la production et la qualit\u00e9 des produits.<\/p>\n<\/div>\n\n\n\n<div class=\"wp-block-column is-layout-flow wp-block-column-is-layout-flow\">\n<figure class=\"wp-block-image size-full\"><img decoding=\"async\" width=\"720\" height=\"720\" src=\"https:\/\/www.billiondaysupplier.com\/wp-content\/uploads\/2025\/08\/bulk-cereal-dispenser6.webp\" alt=\"distributeur de c\u00e9r\u00e9ales en vrac6\" class=\"wp-image-602\" srcset=\"https:\/\/www.billiondaysupplier.com\/wp-content\/uploads\/2025\/08\/bulk-cereal-dispenser6.webp 720w, https:\/\/www.billiondaysupplier.com\/wp-content\/uploads\/2025\/08\/bulk-cereal-dispenser6-300x300.webp 300w, https:\/\/www.billiondaysupplier.com\/wp-content\/uploads\/2025\/08\/bulk-cereal-dispenser6-150x150.webp 150w, https:\/\/www.billiondaysupplier.com\/wp-content\/uploads\/2025\/08\/bulk-cereal-dispenser6-600x600.webp 600w, https:\/\/www.billiondaysupplier.com\/wp-content\/uploads\/2025\/08\/bulk-cereal-dispenser6-100x100.webp 100w\" sizes=\"(max-width: 720px) 100vw, 720px\" \/><\/figure>\n<\/div>\n<\/div>","protected":false},"excerpt":{"rendered":"<p>Le distributeur de c\u00e9r\u00e9ales en vrac est \u00e9quip\u00e9 d'une roue en silicone pour une distribution uniforme, d'un couvercle \u00e9tanche \u00e0 la poussi\u00e8re et \u00e0 l'humidit\u00e9, et d'une structure tripode stable et fiable, facile d'acc\u00e8s. Des services de personnalisation sont disponibles. Contactez-nous pour plus de solutions !<\/p>\n<h2>Param\u00e8tres du distributeur de c\u00e9r\u00e9ales en vrac\uff1a<\/h2>\n<table width=\"378\">\n<tbody>\n<tr>\n<td width=\"155\">Mat\u00e9riau<\/td>\n<td width=\"223\">Acier inoxydable 201 + PC<\/td>\n<\/tr>\n<tr>\n<td>Couleur<\/td>\n<td width=\"223\">Argent fin<\/td>\n<\/tr>\n<tr>\n<td>Capacit\u00e9<\/td>\n<td>3,5L\/ 7L\/ 10,5L<\/td>\n<\/tr>\n<tr>\n<td>Nombre de distributeurs<\/td>\n<td>Distributeurs simples, doubles et triples<\/td>\n<\/tr>\n<tr>\n<td>Fonctionnalit\u00e9<\/td>\n<td width=\"223\">1. Capuchon d'\u00e9tanch\u00e9it\u00e9<br \/>2. Distributeur de granola<br \/>3. Base stable du comptoir<\/td>\n<\/tr>\n<tr>\n<td>Option personnalis\u00e9e<\/td>\n<td width=\"223\">Logo\/couleur\/taille\/emballage\/accessoires<\/td>\n<\/tr>\n<\/tbody>\n<\/table>","protected":false},"featured_media":600,"comment_status":"closed","ping_status":"closed","template":"","meta":{"_acf_changed":true},"product_brand":[],"product_cat":[21],"product_tag":[],"class_list":{"0":"post-595","1":"product","2":"type-product","3":"status-publish","4":"has-post-thumbnail","6":"product_cat-bulk-cereal-dispenser","8":"first","9":"instock","10":"shipping-taxable","11":"product-type-simple"},"acf":[],"_links":{"self":[{"href":"https:\/\/www.billiondaysupplier.com\/fr\/wp-json\/wp\/v2\/product\/595","targetHints":{"allow":["GET"]}}],"collection":[{"href":"https:\/\/www.billiondaysupplier.com\/fr\/wp-json\/wp\/v2\/product"}],"about":[{"href":"https:\/\/www.billiondaysupplier.com\/fr\/wp-json\/wp\/v2\/types\/product"}],"replies":[{"embeddable":true,"href":"https:\/\/www.billiondaysupplier.com\/fr\/wp-json\/wp\/v2\/comments?post=595"}],"wp:featuredmedia":[{"embeddable":true,"href":"https:\/\/www.billiondaysupplier.com\/fr\/wp-json\/wp\/v2\/media\/600"}],"wp:attachment":[{"href":"https:\/\/www.billiondaysupplier.com\/fr\/wp-json\/wp\/v2\/media?parent=595"}],"wp:term":[{"taxonomy":"product_brand","embeddable":true,"href":"https:\/\/www.billiondaysupplier.com\/fr\/wp-json\/wp\/v2\/product_brand?post=595"},{"taxonomy":"product_cat","embeddable":true,"href":"https:\/\/www.billiondaysupplier.com\/fr\/wp-json\/wp\/v2\/product_cat?post=595"},{"taxonomy":"product_tag","embeddable":true,"href":"https:\/\/www.billiondaysupplier.com\/fr\/wp-json\/wp\/v2\/product_tag?post=595"}],"curies":[{"name":"wp","href":"https:\/\/api.w.org\/{rel}","templated":true}]}}