{"id":583,"date":"2025-08-04T06:26:18","date_gmt":"2025-08-04T06:26:18","guid":{"rendered":"https:\/\/www.billiondaysupplier.com\/?post_type=product&#038;p=583"},"modified":"2025-08-05T10:01:59","modified_gmt":"2025-08-05T10:01:59","slug":"wholesale-fancy-chafing-dishes","status":"publish","type":"product","link":"https:\/\/www.billiondaysupplier.com\/fr\/product\/wholesale-fancy-chafing-dishes\/","title":{"rendered":"Grossiste Chafing Dishes, Gold Buffet Set with Hanging Lid en Bulk"},"content":{"rendered":"<div class=\"wp-block-columns is-layout-flex wp-container-core-columns-is-layout-9d6595d7 wp-block-columns-is-layout-flex\">\n<div class=\"wp-block-column is-layout-flow wp-block-column-is-layout-flow\">\n<h2 class=\"wp-block-heading\">R\u00e9cipients pour chafing fantaisie Caract\u00e9ristiques :<\/h2>\n\n\n\n<p><strong>Sculpture ancienne<\/strong>: Inspir\u00e9s des navires imp\u00e9riaux europ\u00e9ens, les reliefs exquis et l'esth\u00e9tique sym\u00e9trique cr\u00e9ent une atmosph\u00e8re raffin\u00e9e, parfaite pour les banquets, les h\u00f4tels et autres lieux haut de gamme.<\/p>\n\n\n\n<p><strong>Acier inoxydable poli miroir<\/strong>: Fabriqu\u00e9 en acier inoxydable 304 ou 201 de haute qualit\u00e9 avec une finition miroir tr\u00e8s brillante, il est r\u00e9sistant \u00e0 la corrosion, facile \u00e0 nettoyer et dure des ann\u00e9es.<\/p>\n\n\n\n<p><strong>Affichage visuel des plats<\/strong>: Le couvercle suspendu permet aux clients d'acc\u00e9der \u00e0 leurs plats sans obstruction, et le couvercle \u00e9l\u00e9gant am\u00e9liore la pr\u00e9sentation et la facilit\u00e9 d'utilisation.<\/p>\n\n\n\n<p><strong>Soutenir la personnalisation de la marque<\/strong>: Des logos, couleurs et rev\u00eatements personnalisables sont disponibles pour r\u00e9pondre aux besoins des entreprises de mariage, des groupes h\u00f4teliers, des centres de congr\u00e8s et d'exposition, et d'autres clients.<\/p>\n<\/div>\n\n\n\n<div class=\"wp-block-column is-layout-flow wp-block-column-is-layout-flow\"><div class=\"wp-block-image\">\n<figure class=\"aligncenter size-full\"><img decoding=\"async\" width=\"720\" height=\"720\" src=\"https:\/\/www.billiondaysupplier.com\/wp-content\/uploads\/2025\/08\/wholesale-fancy-chafing-dishes-4.webp\" alt=\"Gros chafing dishes de fantaisie (4)\" class=\"wp-image-587\" srcset=\"https:\/\/www.billiondaysupplier.com\/wp-content\/uploads\/2025\/08\/wholesale-fancy-chafing-dishes-4.webp 720w, https:\/\/www.billiondaysupplier.com\/wp-content\/uploads\/2025\/08\/wholesale-fancy-chafing-dishes-4-300x300.webp 300w, https:\/\/www.billiondaysupplier.com\/wp-content\/uploads\/2025\/08\/wholesale-fancy-chafing-dishes-4-150x150.webp 150w, https:\/\/www.billiondaysupplier.com\/wp-content\/uploads\/2025\/08\/wholesale-fancy-chafing-dishes-4-600x600.webp 600w, https:\/\/www.billiondaysupplier.com\/wp-content\/uploads\/2025\/08\/wholesale-fancy-chafing-dishes-4-100x100.webp 100w\" sizes=\"(max-width: 720px) 100vw, 720px\" \/><\/figure>\n<\/div><\/div>\n<\/div>","protected":false},"excerpt":{"rendered":"<p>Les chafing dishes de fantaisie en gros sont dot\u00e9s d'un creux exquis et d'un acier inoxydable tr\u00e8s brillant. Ils sont \u00e9l\u00e9gants pour les h\u00f4tels et les lieux de banquet. Nous acceptons les commandes en gros OEM\/ODM au prix d'usine. Contactez-nous pour un devis !<\/p>\n<h2>Param\u00e8tre\uff1a des chafing-dishes de fantaisie<\/h2>\n<table border=\"0\" width=\"404\" cellspacing=\"0\" cellpadding=\"0\">\n<tbody>\n<tr>\n<td style=\"text-align: left;\" width=\"148\" height=\"24\"><strong>Mat\u00e9riau<\/strong><\/td>\n<td style=\"text-align: left;\" width=\"256\">Acier inoxydable 201<\/td>\n<\/tr>\n<tr>\n<td style=\"text-align: left;\" height=\"69\"><strong>Couleur<\/strong><\/td>\n<td style=\"text-align: left;\" width=\"256\">L'or<\/td>\n<\/tr>\n<tr>\n<td style=\"text-align: left;\" height=\"24\"><strong>M\u00e9thode de chauffage<\/strong><\/td>\n<td style=\"text-align: left;\">Chauffage \u00e9lectrique ou \u00e0 combustible<\/td>\n<\/tr>\n<tr>\n<td style=\"text-align: left;\" height=\"24\"><strong>Capacit\u00e9<\/strong><\/td>\n<td style=\"text-align: left;\">4.5L\/6L\/8L<\/td>\n<\/tr>\n<tr>\n<td style=\"text-align: left;\" height=\"92\"><strong>Fonctionnalit\u00e9<\/strong><\/td>\n<td style=\"text-align: left;\" width=\"256\">1. avec couvercle suspendu exquis<br \/>2. Design creux fantaisie<br \/>3. Cadre vertical stable<\/td>\n<\/tr>\n<tr>\n<td style=\"text-align: left;\" height=\"24\"><strong>Option personnalis\u00e9e<\/strong><\/td>\n<td style=\"text-align: left;\">Logo\/couleur\/taille\/emballage\/accessoires<\/td>\n<\/tr>\n<\/tbody>\n<\/table>","protected":false},"featured_media":584,"comment_status":"closed","ping_status":"closed","template":"","meta":{"_acf_changed":false},"product_brand":[],"product_cat":[30],"product_tag":[],"class_list":{"0":"post-583","1":"product","2":"type-product","3":"status-publish","4":"has-post-thumbnail","6":"product_cat-hanging-chafing-dish-supplier","8":"first","9":"instock","10":"shipping-taxable","11":"product-type-simple"},"acf":[],"_links":{"self":[{"href":"https:\/\/www.billiondaysupplier.com\/fr\/wp-json\/wp\/v2\/product\/583","targetHints":{"allow":["GET"]}}],"collection":[{"href":"https:\/\/www.billiondaysupplier.com\/fr\/wp-json\/wp\/v2\/product"}],"about":[{"href":"https:\/\/www.billiondaysupplier.com\/fr\/wp-json\/wp\/v2\/types\/product"}],"replies":[{"embeddable":true,"href":"https:\/\/www.billiondaysupplier.com\/fr\/wp-json\/wp\/v2\/comments?post=583"}],"wp:featuredmedia":[{"embeddable":true,"href":"https:\/\/www.billiondaysupplier.com\/fr\/wp-json\/wp\/v2\/media\/584"}],"wp:attachment":[{"href":"https:\/\/www.billiondaysupplier.com\/fr\/wp-json\/wp\/v2\/media?parent=583"}],"wp:term":[{"taxonomy":"product_brand","embeddable":true,"href":"https:\/\/www.billiondaysupplier.com\/fr\/wp-json\/wp\/v2\/product_brand?post=583"},{"taxonomy":"product_cat","embeddable":true,"href":"https:\/\/www.billiondaysupplier.com\/fr\/wp-json\/wp\/v2\/product_cat?post=583"},{"taxonomy":"product_tag","embeddable":true,"href":"https:\/\/www.billiondaysupplier.com\/fr\/wp-json\/wp\/v2\/product_tag?post=583"}],"curies":[{"name":"wp","href":"https:\/\/api.w.org\/{rel}","templated":true}]}}