{"id":577,"date":"2025-08-04T06:08:26","date_gmt":"2025-08-04T06:08:26","guid":{"rendered":"https:\/\/www.billiondaysupplier.com\/?post_type=product&#038;p=577"},"modified":"2025-08-05T09:24:40","modified_gmt":"2025-08-05T09:24:40","slug":"wholesale-vintage-chafing-dish","status":"publish","type":"product","link":"https:\/\/www.billiondaysupplier.com\/fr\/product\/wholesale-vintage-chafing-dish\/","title":{"rendered":"Wholesale Vintage Chafing Dish, Gold Chafing Dish with Hanging Lid Bulk (plat \u00e0 r\u00f4tir en or avec couvercle suspendu) Bulk (en vrac)"},"content":{"rendered":"<div class=\"wp-block-columns is-layout-flex wp-container-core-columns-is-layout-9d6595d7 wp-block-columns-is-layout-flex\">\n<div class=\"wp-block-column is-layout-flow wp-block-column-is-layout-flow\">\n<h2 class=\"wp-block-heading\">Chafing Dish Vintage Caract\u00e9ristiques :<\/h2>\n\n\n\n<p><strong>Grande capacit\u00e9 de 8L<\/strong>: Id\u00e9al pour les restaurants, les buffets et les banquets d'h\u00f4tel, il permet d'accueillir plus de nourriture et d'am\u00e9liorer l'efficacit\u00e9.<\/p>\n\n\n\n<p><strong>D\u00e9coration creuse r\u00e9tro<\/strong>: Incorporant le style r\u00e9tro europ\u00e9en, l'aspect \u00e9l\u00e9gant et chic rehausse la table \u00e0 manger et convient aux lieux haut de gamme.<\/p>\n\n\n\n<p><strong>Support robuste : <\/strong>Le support en acier inoxydable \u00e0 haute r\u00e9sistance est stable, r\u00e9sistant \u00e0 la corrosion et durable, et convient aux environnements commerciaux fr\u00e9quents.<\/p>\n\n\n\n<p><strong>Couvercle pratique<\/strong>: Le couvercle peut \u00eatre solidement suspendu, ce qui \u00e9limine l'inconv\u00e9nient d'une mise en place fr\u00e9quente et am\u00e9liore l'efficacit\u00e9 op\u00e9rationnelle et l'hygi\u00e8ne.<\/p>\n\n\n\n<p><strong>Acier inoxydable de haute qualit\u00e9<\/strong>: L'acier inoxydable de qualit\u00e9 alimentaire est s\u00fbr, sain et facile \u00e0 nettoyer.<\/p>\n\n\n\n<p><strong>Personnalisation possible<\/strong>: Des couleurs, des capacit\u00e9s, des logos ou des accessoires personnalis\u00e9s sont disponibles pour r\u00e9pondre aux besoins des diff\u00e9rents march\u00e9s et projets.<\/p>\n\n\n\n<p><strong>Fourniture directe par l'usine :<\/strong> En tant que fabricant de chafing dish, Bililion Day fournit un approvisionnement stable et des prix de gros pr\u00e9f\u00e9rentiels pour vous aider \u00e0 d\u00e9velopper vos activit\u00e9s.<\/p>\n<\/div>\n\n\n\n<div class=\"wp-block-column is-layout-flow wp-block-column-is-layout-flow\">\n<figure class=\"wp-block-image size-full\"><img decoding=\"async\" width=\"720\" height=\"720\" src=\"https:\/\/www.billiondaysupplier.com\/wp-content\/uploads\/2025\/08\/wholesale-vintage-chafing-dish-3.webp\" alt=\"Gros chafing dish vintage (3)\" class=\"wp-image-580\" srcset=\"https:\/\/www.billiondaysupplier.com\/wp-content\/uploads\/2025\/08\/wholesale-vintage-chafing-dish-3.webp 720w, https:\/\/www.billiondaysupplier.com\/wp-content\/uploads\/2025\/08\/wholesale-vintage-chafing-dish-3-300x300.webp 300w, https:\/\/www.billiondaysupplier.com\/wp-content\/uploads\/2025\/08\/wholesale-vintage-chafing-dish-3-150x150.webp 150w, https:\/\/www.billiondaysupplier.com\/wp-content\/uploads\/2025\/08\/wholesale-vintage-chafing-dish-3-600x600.webp 600w, https:\/\/www.billiondaysupplier.com\/wp-content\/uploads\/2025\/08\/wholesale-vintage-chafing-dish-3-100x100.webp 100w\" sizes=\"(max-width: 720px) 100vw, 720px\" \/><\/figure>\n<\/div>\n<\/div>","protected":false},"excerpt":{"rendered":"<p>Le chafing dish vintage en gros, adopte un design r\u00e9tro \u00e0 motif creux, une capacit\u00e9 de 8L, un couvercle suspendu et un support solide sont \u00e0 la fois beaux et pratiques. Bienvenue \u00e0 la personnalisation en vrac et \u00e0 la consultation de coop\u00e9ration !<\/p>\n<h2>Param\u00e8tre du chafing dish vintage\uff1a<\/h2>\n<table border=\"0\" width=\"404\" cellspacing=\"0\" cellpadding=\"0\">\n<tbody>\n<tr>\n<td style=\"text-align: left;\" width=\"148\" height=\"24\"><strong>Mat\u00e9riau<\/strong><\/td>\n<td style=\"text-align: left;\" width=\"256\">\n<p>Acier inoxydable 201 et fer<\/p>\n<\/td>\n<\/tr>\n<tr>\n<td style=\"text-align: left;\" height=\"69\"><strong>Couleur<\/strong><\/td>\n<td style=\"text-align: left;\" width=\"256\">L'or<\/td>\n<\/tr>\n<tr>\n<td style=\"text-align: left;\" height=\"24\"><strong>M\u00e9thode de chauffage<\/strong><\/td>\n<td style=\"text-align: left;\">Chauffage au fuel<\/td>\n<\/tr>\n<tr>\n<td style=\"text-align: left;\" height=\"24\"><strong>Capacit\u00e9<\/strong><\/td>\n<td style=\"text-align: left;\">8.0L<\/td>\n<\/tr>\n<tr>\n<td style=\"text-align: left;\" height=\"92\"><strong>Fonctionnalit\u00e9<\/strong><\/td>\n<td style=\"text-align: left;\" width=\"256\">1. avec couvercle suspendu exquis<br \/>2. Design creux fantaisie<br \/>3. Cadre vertical stable<\/td>\n<\/tr>\n<tr>\n<td style=\"text-align: left;\" height=\"24\"><strong>Option personnalis\u00e9e<\/strong><\/td>\n<td style=\"text-align: left;\">Logo\/couleur\/taille\/emballage\/accessoires<\/td>\n<\/tr>\n<\/tbody>\n<\/table>","protected":false},"featured_media":578,"comment_status":"closed","ping_status":"closed","template":"","meta":{"_acf_changed":false},"product_brand":[],"product_cat":[30],"product_tag":[],"class_list":{"0":"post-577","1":"product","2":"type-product","3":"status-publish","4":"has-post-thumbnail","6":"product_cat-hanging-chafing-dish-supplier","8":"first","9":"instock","10":"shipping-taxable","11":"product-type-simple"},"acf":[],"_links":{"self":[{"href":"https:\/\/www.billiondaysupplier.com\/fr\/wp-json\/wp\/v2\/product\/577","targetHints":{"allow":["GET"]}}],"collection":[{"href":"https:\/\/www.billiondaysupplier.com\/fr\/wp-json\/wp\/v2\/product"}],"about":[{"href":"https:\/\/www.billiondaysupplier.com\/fr\/wp-json\/wp\/v2\/types\/product"}],"replies":[{"embeddable":true,"href":"https:\/\/www.billiondaysupplier.com\/fr\/wp-json\/wp\/v2\/comments?post=577"}],"wp:featuredmedia":[{"embeddable":true,"href":"https:\/\/www.billiondaysupplier.com\/fr\/wp-json\/wp\/v2\/media\/578"}],"wp:attachment":[{"href":"https:\/\/www.billiondaysupplier.com\/fr\/wp-json\/wp\/v2\/media?parent=577"}],"wp:term":[{"taxonomy":"product_brand","embeddable":true,"href":"https:\/\/www.billiondaysupplier.com\/fr\/wp-json\/wp\/v2\/product_brand?post=577"},{"taxonomy":"product_cat","embeddable":true,"href":"https:\/\/www.billiondaysupplier.com\/fr\/wp-json\/wp\/v2\/product_cat?post=577"},{"taxonomy":"product_tag","embeddable":true,"href":"https:\/\/www.billiondaysupplier.com\/fr\/wp-json\/wp\/v2\/product_tag?post=577"}],"curies":[{"name":"wp","href":"https:\/\/api.w.org\/{rel}","templated":true}]}}