{"id":567,"date":"2025-08-04T03:43:57","date_gmt":"2025-08-04T03:43:57","guid":{"rendered":"https:\/\/www.billiondaysupplier.com\/?post_type=product&#038;p=567"},"modified":"2025-08-05T09:31:52","modified_gmt":"2025-08-05T09:31:52","slug":"wholesale-luxury-chafing-dish","status":"publish","type":"product","link":"https:\/\/www.billiondaysupplier.com\/fr\/product\/wholesale-luxury-chafing-dish\/","title":{"rendered":"Set de chauffe-buffet en acier inoxydable dor\u00e9 personnalis\u00e9"},"content":{"rendered":"<div class=\"wp-block-columns is-layout-flex wp-container-core-columns-is-layout-9d6595d7 wp-block-columns-is-layout-flex\">\n<div class=\"wp-block-column is-layout-flow wp-block-column-is-layout-flow\">\n<h2 class=\"wp-block-heading\">Caract\u00e9ristiques du hachoir de luxe :<\/h2>\n\n\n\n<p><strong>Aspect luxueux et attrayant<\/strong>: Fabriqu\u00e9 avec un rev\u00eatement galvanique en or brillant et un acier inoxydable de haute qualit\u00e9 \u00e0 finition miroir, il offre un aspect luxueux qui rehausse votre exp\u00e9rience culinaire.<\/p>\n\n\n\n<p><strong>Couvercle suspendu pratique :<\/strong> Le couvercle s'accroche en toute s\u00e9curit\u00e9 pour un acc\u00e8s facile, \u00e9liminant ainsi l'encombrement et am\u00e9liorant l'exp\u00e9rience de l'utilisateur.<\/p>\n\n\n\n<p><strong>Options de capacit\u00e9 multiple<\/strong>: Disponible en 4,5L, 6L et 8L pour r\u00e9pondre aux besoins des restaurants de diff\u00e9rentes tailles.<\/p>\n\n\n\n<p><strong>S\u00fbr et durable<\/strong>: Le support est stable et anti-basculement, avec des coins arrondis pour \u00e9viter les br\u00fblures et assurer la tranquillit\u00e9 d'esprit.<\/p>\n\n\n\n<p><strong>Convient \u00e0 une vari\u00e9t\u00e9 de sc\u00e9narios<\/strong>: Adapt\u00e9 aux banquets, buffets, h\u00f4tels, restaurants, mariages et autres, c'est un compl\u00e9ment id\u00e9al \u00e0 votre \u00e9quipement de restauration.<\/p>\n\n\n\n<p><strong>Services OEM\/ODM<\/strong>: Des logos, des couleurs, des mat\u00e9riaux et des constructions personnalisables sont disponibles pour vous aider \u00e0 cr\u00e9er votre propre marque.<\/p>\n<\/div>\n\n\n\n<div class=\"wp-block-column is-layout-flow wp-block-column-is-layout-flow\"><div class=\"wp-block-image\">\n<figure class=\"aligncenter size-full\"><img decoding=\"async\" width=\"720\" height=\"720\" src=\"https:\/\/www.billiondaysupplier.com\/wp-content\/uploads\/2025\/08\/wholesale-luxury-chafing-dish-7.webp\" alt=\"Gros chafing dish de luxe (7)\" class=\"wp-image-569\" srcset=\"https:\/\/www.billiondaysupplier.com\/wp-content\/uploads\/2025\/08\/wholesale-luxury-chafing-dish-7.webp 720w, https:\/\/www.billiondaysupplier.com\/wp-content\/uploads\/2025\/08\/wholesale-luxury-chafing-dish-7-300x300.webp 300w, https:\/\/www.billiondaysupplier.com\/wp-content\/uploads\/2025\/08\/wholesale-luxury-chafing-dish-7-150x150.webp 150w, https:\/\/www.billiondaysupplier.com\/wp-content\/uploads\/2025\/08\/wholesale-luxury-chafing-dish-7-600x600.webp 600w, https:\/\/www.billiondaysupplier.com\/wp-content\/uploads\/2025\/08\/wholesale-luxury-chafing-dish-7-100x100.webp 100w\" sizes=\"(max-width: 720px) 100vw, 720px\" \/><\/figure>\n<\/div><\/div>\n<\/div>","protected":false},"excerpt":{"rendered":"<p>Ce plat \u00e0 r\u00f4tir de luxe, en acier inoxydable dor\u00e9, est dot\u00e9 d'un couvercle suspendu fantaisie et de multiples capacit\u00e9s pour r\u00e9pondre \u00e0 toutes les occasions ! Fourni directement par le fabricant, Tianze propose des services OEM\/ODM et un soutien \u00e0 la vente en gros. Les demandes de renseignements sont les bienvenues !<\/p>\n<h2>Param\u00e8tre du plat \u00e0 r\u00f4tir de luxe\uff1a<\/h2>\n<table border=\"0\" width=\"404\" cellspacing=\"0\" cellpadding=\"0\">\n<tbody>\n<tr>\n<td style=\"text-align: left;\" width=\"148\" height=\"24\"><strong>Mat\u00e9riau<\/strong><\/td>\n<td style=\"text-align: left;\" width=\"256\">Acier inoxydable 201 et fer<\/td>\n<\/tr>\n<tr>\n<td style=\"text-align: left;\" height=\"69\"><strong>Couleur<\/strong><\/td>\n<td style=\"text-align: left;\" width=\"256\">\u00a0L'or<\/td>\n<\/tr>\n<tr>\n<td style=\"text-align: left;\" height=\"24\"><strong>M\u00e9thode de chauffage<\/strong><\/td>\n<td style=\"text-align: left;\">Chauffage au fuel<\/td>\n<\/tr>\n<tr>\n<td style=\"text-align: left;\" height=\"24\"><strong>Capacit\u00e9<\/strong><\/td>\n<td style=\"text-align: left;\">4.5L\/6L\/8L<\/td>\n<\/tr>\n<tr>\n<td style=\"text-align: left;\" height=\"92\"><strong>Fonctionnalit\u00e9<\/strong><\/td>\n<td style=\"text-align: left;\" width=\"256\">1. avec couvercle suspendu exquis<br \/>2. Design creux fantaisie<br \/>3. Cadre vertical stable<\/td>\n<\/tr>\n<tr>\n<td style=\"text-align: left;\" height=\"24\"><strong>Option personnalis\u00e9e<\/strong><\/td>\n<td style=\"text-align: left;\">Logo\/couleur\/taille\/emballage\/accessoires<\/td>\n<\/tr>\n<\/tbody>\n<\/table>","protected":false},"featured_media":570,"comment_status":"closed","ping_status":"closed","template":"","meta":{"_acf_changed":false},"product_brand":[],"product_cat":[30],"product_tag":[],"class_list":{"0":"post-567","1":"product","2":"type-product","3":"status-publish","4":"has-post-thumbnail","6":"product_cat-hanging-chafing-dish-supplier","8":"first","9":"instock","10":"shipping-taxable","11":"product-type-simple"},"acf":[],"_links":{"self":[{"href":"https:\/\/www.billiondaysupplier.com\/fr\/wp-json\/wp\/v2\/product\/567","targetHints":{"allow":["GET"]}}],"collection":[{"href":"https:\/\/www.billiondaysupplier.com\/fr\/wp-json\/wp\/v2\/product"}],"about":[{"href":"https:\/\/www.billiondaysupplier.com\/fr\/wp-json\/wp\/v2\/types\/product"}],"replies":[{"embeddable":true,"href":"https:\/\/www.billiondaysupplier.com\/fr\/wp-json\/wp\/v2\/comments?post=567"}],"wp:featuredmedia":[{"embeddable":true,"href":"https:\/\/www.billiondaysupplier.com\/fr\/wp-json\/wp\/v2\/media\/570"}],"wp:attachment":[{"href":"https:\/\/www.billiondaysupplier.com\/fr\/wp-json\/wp\/v2\/media?parent=567"}],"wp:term":[{"taxonomy":"product_brand","embeddable":true,"href":"https:\/\/www.billiondaysupplier.com\/fr\/wp-json\/wp\/v2\/product_brand?post=567"},{"taxonomy":"product_cat","embeddable":true,"href":"https:\/\/www.billiondaysupplier.com\/fr\/wp-json\/wp\/v2\/product_cat?post=567"},{"taxonomy":"product_tag","embeddable":true,"href":"https:\/\/www.billiondaysupplier.com\/fr\/wp-json\/wp\/v2\/product_tag?post=567"}],"curies":[{"name":"wp","href":"https:\/\/api.w.org\/{rel}","templated":true}]}}