{"id":545,"date":"2025-08-04T02:50:52","date_gmt":"2025-08-04T02:50:52","guid":{"rendered":"https:\/\/www.billiondaysupplier.com\/?post_type=product&#038;p=545"},"modified":"2025-08-05T09:53:31","modified_gmt":"2025-08-05T09:53:31","slug":"wholesale-round-chafing-dish","status":"publish","type":"product","link":"https:\/\/www.billiondaysupplier.com\/fr\/product\/wholesale-round-chafing-dish\/","title":{"rendered":"Chafing Dish rond en gros, R\u00e9chauffeur de buffet \u00e0 roulettes de luxe pour mariage en vrac"},"content":{"rendered":"<div class=\"wp-block-columns is-layout-flex wp-container-core-columns-is-layout-9d6595d7 wp-block-columns-is-layout-flex\">\n<div class=\"wp-block-column is-layout-flow wp-block-column-is-layout-flow\">\n<h2 class=\"wp-block-heading\">Plat \u00e0 r\u00f4tir rond Caract\u00e9ristiques du plat \u00e0 r\u00f4tir :<\/h2>\n\n\n\n<p><strong>Aspect luxueux :<\/strong> La galvanisation en or ou en argent cr\u00e9e un aspect haut de gamme qui attire l'attention et met en valeur le style du lieu.<\/p>\n\n\n\n<p><strong>Acier inoxydable de haute qualit\u00e9<\/strong>: Mat\u00e9riau de qualit\u00e9 alimentaire, s\u00fbr, durable, r\u00e9sistant \u00e0 la corrosion et facile \u00e0 nettoyer, adapt\u00e9 \u00e0 un usage commercial fr\u00e9quent.<\/p>\n\n\n\n<p><strong>Couvercle de ralentissement hydraulique :<\/strong> Le couvercle s'ouvre lentement et silencieusement, \u00e9vitant les br\u00fblures et les chocs, am\u00e9liorant ainsi la s\u00e9curit\u00e9 et l'exp\u00e9rience de l'utilisateur.<\/p>\n\n\n\n<p><strong>Une capacit\u00e9 confortable de 6 litres<\/strong>: Parfait pour les tables individuelles ou les banquets et buffets de petite ou moyenne taille, il permet d'\u00e9conomiser de l'espace et d'\u00eatre pratique.<\/p>\n\n\n\n<p><strong>Conception humide\/sec<\/strong>: Il peut \u00eatre utilis\u00e9 \u00e0 la fois pour la conservation de la chaleur dans l'eau et pour la cuisson \u00e0 sec, s'adaptant ainsi aux diff\u00e9rents besoins des plats.<\/p>\n\n\n\n<p><strong>Support stable et incurv\u00e9<\/strong>: La structure robuste et la forte capacit\u00e9 de charge garantissent une utilisation stable et fiable.<\/p>\n<\/div>\n\n\n\n<div class=\"wp-block-column is-layout-flow wp-block-column-is-layout-flow\"><div class=\"wp-block-image\">\n<figure class=\"aligncenter size-full\"><img decoding=\"async\" width=\"720\" height=\"720\" src=\"https:\/\/www.billiondaysupplier.com\/wp-content\/uploads\/2025\/08\/wholesale-round-chafing-dish-2.webp\" alt=\"chafing dish rond en gros (2)\" class=\"wp-image-547\" srcset=\"https:\/\/www.billiondaysupplier.com\/wp-content\/uploads\/2025\/08\/wholesale-round-chafing-dish-2.webp 720w, https:\/\/www.billiondaysupplier.com\/wp-content\/uploads\/2025\/08\/wholesale-round-chafing-dish-2-300x300.webp 300w, https:\/\/www.billiondaysupplier.com\/wp-content\/uploads\/2025\/08\/wholesale-round-chafing-dish-2-150x150.webp 150w, https:\/\/www.billiondaysupplier.com\/wp-content\/uploads\/2025\/08\/wholesale-round-chafing-dish-2-600x600.webp 600w, https:\/\/www.billiondaysupplier.com\/wp-content\/uploads\/2025\/08\/wholesale-round-chafing-dish-2-100x100.webp 100w\" sizes=\"(max-width: 720px) 100vw, 720px\" \/><\/figure>\n<\/div><\/div>\n<\/div>\n\n\n\n<div class=\"wp-block-columns is-layout-flex wp-container-core-columns-is-layout-9d6595d7 wp-block-columns-is-layout-flex\">\n<div class=\"wp-block-column is-layout-flow wp-block-column-is-layout-flow\"><div class=\"wp-block-image\">\n<figure class=\"aligncenter size-full\"><img decoding=\"async\" width=\"720\" height=\"720\" src=\"https:\/\/www.billiondaysupplier.com\/wp-content\/uploads\/2025\/08\/wholesale-round-chafing-dish-7.webp\" alt=\"Gros plat rond pour chafing dish\" class=\"wp-image-552\" srcset=\"https:\/\/www.billiondaysupplier.com\/wp-content\/uploads\/2025\/08\/wholesale-round-chafing-dish-7.webp 720w, https:\/\/www.billiondaysupplier.com\/wp-content\/uploads\/2025\/08\/wholesale-round-chafing-dish-7-300x300.webp 300w, https:\/\/www.billiondaysupplier.com\/wp-content\/uploads\/2025\/08\/wholesale-round-chafing-dish-7-150x150.webp 150w, https:\/\/www.billiondaysupplier.com\/wp-content\/uploads\/2025\/08\/wholesale-round-chafing-dish-7-600x600.webp 600w, https:\/\/www.billiondaysupplier.com\/wp-content\/uploads\/2025\/08\/wholesale-round-chafing-dish-7-100x100.webp 100w\" sizes=\"(max-width: 720px) 100vw, 720px\" \/><\/figure>\n<\/div><\/div>\n\n\n\n<div class=\"wp-block-column is-layout-flow wp-block-column-is-layout-flow\"><div class=\"wp-block-image\">\n<figure class=\"aligncenter size-full\"><img decoding=\"async\" width=\"720\" height=\"720\" src=\"https:\/\/www.billiondaysupplier.com\/wp-content\/uploads\/2025\/08\/wholesale-round-chafing-dish-8.webp\" alt=\"Gros chafing dish rond (8)\" class=\"wp-image-553\" srcset=\"https:\/\/www.billiondaysupplier.com\/wp-content\/uploads\/2025\/08\/wholesale-round-chafing-dish-8.webp 720w, https:\/\/www.billiondaysupplier.com\/wp-content\/uploads\/2025\/08\/wholesale-round-chafing-dish-8-300x300.webp 300w, https:\/\/www.billiondaysupplier.com\/wp-content\/uploads\/2025\/08\/wholesale-round-chafing-dish-8-150x150.webp 150w, https:\/\/www.billiondaysupplier.com\/wp-content\/uploads\/2025\/08\/wholesale-round-chafing-dish-8-600x600.webp 600w, https:\/\/www.billiondaysupplier.com\/wp-content\/uploads\/2025\/08\/wholesale-round-chafing-dish-8-100x100.webp 100w\" sizes=\"(max-width: 720px) 100vw, 720px\" \/><\/figure>\n<\/div><\/div>\n<\/div>","protected":false},"excerpt":{"rendered":"<p>Ce chauffe-plats rond avec une finition miroir, disponible en or et en argent, est un chauffe-plats moderne parfait pour la restauration commerciale. Des options de prix d'usine OEM et ODM sont disponibles. N'h\u00e9sitez pas \u00e0 nous contacter pour des solutions personnalis\u00e9es.<\/p>\n<h2>Param\u00e8tre du plat \u00e0 gratin rond\uff1a<\/h2>\n<table border=\"0\" width=\"404\" cellspacing=\"0\" cellpadding=\"0\">\n<tbody>\n<tr>\n<td style=\"text-align: left;\" width=\"148\" height=\"24\"><strong>Mat\u00e9riau<\/strong><\/td>\n<td style=\"text-align: left;\" width=\"256\">Acier inoxydable 201<\/td>\n<\/tr>\n<tr>\n<td style=\"text-align: left;\" height=\"69\"><strong>Couleur<\/strong><\/td>\n<td style=\"text-align: left;\" width=\"256\">Argent\/Or\/Mi-Or\/Acceptation de la personnalisation<\/td>\n<\/tr>\n<tr>\n<td style=\"text-align: left;\" height=\"24\"><strong>M\u00e9thode de chauffage<\/strong><\/td>\n<td style=\"text-align: left;\">Chauffage \u00e9lectrique ou \u00e0 combustible<\/td>\n<\/tr>\n<tr>\n<td style=\"text-align: left;\" height=\"24\"><strong>Capacit\u00e9<\/strong><\/td>\n<td style=\"text-align: left;\">6.0L<\/td>\n<\/tr>\n<tr>\n<td style=\"text-align: left;\" height=\"92\"><strong>Fonctionnalit\u00e9<\/strong><\/td>\n<td style=\"text-align: left;\" width=\"256\">1. Avec un couvercle \u00e0 enroulement\u00a0<br \/>2. Bords arrondis polis<br \/>3. Cadre vertical stable<\/td>\n<\/tr>\n<tr>\n<td style=\"text-align: left;\" height=\"24\"><strong>Option personnalis\u00e9e<\/strong><\/td>\n<td style=\"text-align: left;\">Logo\/couleur\/taille\/emballage\/accessoires<\/td>\n<\/tr>\n<\/tbody>\n<\/table>","protected":false},"featured_media":549,"comment_status":"closed","ping_status":"closed","template":"","meta":{"_acf_changed":true},"product_brand":[],"product_cat":[18],"product_tag":[],"class_list":{"0":"post-545","1":"product","2":"type-product","3":"status-publish","4":"has-post-thumbnail","6":"product_cat-wholesale-chafing-dishes","8":"first","9":"instock","10":"shipping-taxable","11":"product-type-simple"},"acf":[],"_links":{"self":[{"href":"https:\/\/www.billiondaysupplier.com\/fr\/wp-json\/wp\/v2\/product\/545","targetHints":{"allow":["GET"]}}],"collection":[{"href":"https:\/\/www.billiondaysupplier.com\/fr\/wp-json\/wp\/v2\/product"}],"about":[{"href":"https:\/\/www.billiondaysupplier.com\/fr\/wp-json\/wp\/v2\/types\/product"}],"replies":[{"embeddable":true,"href":"https:\/\/www.billiondaysupplier.com\/fr\/wp-json\/wp\/v2\/comments?post=545"}],"wp:featuredmedia":[{"embeddable":true,"href":"https:\/\/www.billiondaysupplier.com\/fr\/wp-json\/wp\/v2\/media\/549"}],"wp:attachment":[{"href":"https:\/\/www.billiondaysupplier.com\/fr\/wp-json\/wp\/v2\/media?parent=545"}],"wp:term":[{"taxonomy":"product_brand","embeddable":true,"href":"https:\/\/www.billiondaysupplier.com\/fr\/wp-json\/wp\/v2\/product_brand?post=545"},{"taxonomy":"product_cat","embeddable":true,"href":"https:\/\/www.billiondaysupplier.com\/fr\/wp-json\/wp\/v2\/product_cat?post=545"},{"taxonomy":"product_tag","embeddable":true,"href":"https:\/\/www.billiondaysupplier.com\/fr\/wp-json\/wp\/v2\/product_tag?post=545"}],"curies":[{"name":"wp","href":"https:\/\/api.w.org\/{rel}","templated":true}]}}