{"id":544,"date":"2025-08-06T12:35:30","date_gmt":"2025-08-06T12:35:30","guid":{"rendered":"https:\/\/www.billiondaysupplier.com\/?post_type=product&#038;p=544"},"modified":"2025-08-06T12:35:30","modified_gmt":"2025-08-06T12:35:30","slug":"chafing-dishes-wholesale","status":"publish","type":"product","link":"https:\/\/www.billiondaysupplier.com\/fr\/product\/chafing-dishes-wholesale\/","title":{"rendered":"Plats \u00e0 r\u00f4tir en gros Utilisation humide et s\u00e8che, Set de buffet hydraulique en argent Personnalis\u00e9"},"content":{"rendered":"<div class=\"wp-block-columns is-layout-flex wp-container-core-columns-is-layout-9d6595d7 wp-block-columns-is-layout-flex\">\n<div class=\"wp-block-column is-layout-flow wp-block-column-is-layout-flow\">\n<h2 class=\"wp-block-heading\">Plats \u00e0 grignoter Caract\u00e9ristiques en gros :<\/h2>\n\n\n\n<p><strong>Apparence moderne<\/strong>: La galvanoplastie argent\u00e9e cr\u00e9e un design simple et \u00e9l\u00e9gant qui s'harmonise avec une vari\u00e9t\u00e9 de styles de table, parfait pour les banquets haut de gamme, les r\u00e9ceptions de conf\u00e9rence, les buffets d'affaires, et plus encore.<\/p>\n\n\n\n<p><strong>Mat\u00e9riau de haute qualit\u00e9<\/strong>: Acier inoxydable de qualit\u00e9 alimentaire, r\u00e9sistant \u00e0 la corrosion et \u00e0 la chaleur, durable et facile \u00e0 nettoyer, adapt\u00e9 \u00e0 un usage commercial fr\u00e9quent.<\/p>\n\n\n\n<p><strong>Conception humide\/sec<\/strong>: Peut \u00eatre utilis\u00e9 \u00e0 la fois pour la cuisson \u00e0 la vapeur et la cuisson \u00e0 sec, ce qui permet de r\u00e9pondre \u00e0 diverses exigences en mati\u00e8re de plats.<\/p>\n\n\n\n<p><strong>Couvercle \u00e0 ralentissement hydraulique<\/strong>: Le couvercle s'ouvre facilement \u00e0 l'aide d'un seul bouton et s'abaisse silencieusement pour \u00e9viter tout pincement, am\u00e9liorant ainsi l'exp\u00e9rience du service au client.<\/p>\n\n\n\n<p><strong>Panneau de contr\u00f4le de la temp\u00e9rature intelligent :<\/strong> Affichage num\u00e9rique, contr\u00f4le pr\u00e9cis de la temp\u00e9rature et commutation bimode entre la cuisson \u00e0 sec et l'ajout d'eau pour r\u00e9pondre aux diff\u00e9rents besoins de conservation de la chaleur.<\/p>\n\n\n\n<p><strong>9L Grande capacit\u00e9 :<\/strong> Parfait pour les banquets ou les buffets d'h\u00f4tel, il permet de cuisiner plusieurs plats sur une seule cuisini\u00e8re, ce qui est pratique et efficace.<\/p>\n<\/div>\n\n\n\n<div class=\"wp-block-column is-layout-flow wp-block-column-is-layout-flow\">\n<figure class=\"wp-block-image size-full\"><img decoding=\"async\" width=\"1200\" height=\"1200\" src=\"https:\/\/www.billiondaysupplier.com\/wp-content\/uploads\/2025\/08\/chafing-dishes-wholesale-6.webp\" alt=\"Plats \u00e0 r\u00e9chauffer en gros (6)\" class=\"wp-image-538\" srcset=\"https:\/\/www.billiondaysupplier.com\/wp-content\/uploads\/2025\/08\/chafing-dishes-wholesale-6.webp 1200w, https:\/\/www.billiondaysupplier.com\/wp-content\/uploads\/2025\/08\/chafing-dishes-wholesale-6-300x300.webp 300w, https:\/\/www.billiondaysupplier.com\/wp-content\/uploads\/2025\/08\/chafing-dishes-wholesale-6-150x150.webp 150w, https:\/\/www.billiondaysupplier.com\/wp-content\/uploads\/2025\/08\/chafing-dishes-wholesale-6-768x768.webp 768w, https:\/\/www.billiondaysupplier.com\/wp-content\/uploads\/2025\/08\/chafing-dishes-wholesale-6-600x600.webp 600w, https:\/\/www.billiondaysupplier.com\/wp-content\/uploads\/2025\/08\/chafing-dishes-wholesale-6-100x100.webp 100w\" sizes=\"(max-width: 1200px) 100vw, 1200px\" \/><\/figure>\n<\/div>\n<\/div>\n\n\n\n<div class=\"wp-block-columns is-layout-flex wp-container-core-columns-is-layout-9d6595d7 wp-block-columns-is-layout-flex\">\n<div class=\"wp-block-column is-layout-flow wp-block-column-is-layout-flow\">\n<figure class=\"wp-block-image size-full is-resized\"><img decoding=\"async\" width=\"1844\" height=\"2346\" src=\"https:\/\/www.billiondaysupplier.com\/wp-content\/uploads\/2025\/08\/chafing-dishes-wholesale-1.webp\" alt=\"chafing dishes wholesale (1)\" class=\"wp-image-533\" style=\"aspect-ratio:1;object-fit:cover;width:720px\" srcset=\"https:\/\/www.billiondaysupplier.com\/wp-content\/uploads\/2025\/08\/chafing-dishes-wholesale-1.webp 1844w, https:\/\/www.billiondaysupplier.com\/wp-content\/uploads\/2025\/08\/chafing-dishes-wholesale-1-236x300.webp 236w, https:\/\/www.billiondaysupplier.com\/wp-content\/uploads\/2025\/08\/chafing-dishes-wholesale-1-768x977.webp 768w, https:\/\/www.billiondaysupplier.com\/wp-content\/uploads\/2025\/08\/chafing-dishes-wholesale-1-1200x1527.webp 1200w, https:\/\/www.billiondaysupplier.com\/wp-content\/uploads\/2025\/08\/chafing-dishes-wholesale-1-600x763.webp 600w\" sizes=\"(max-width: 1844px) 100vw, 1844px\" \/><\/figure>\n<\/div>\n\n\n\n<div class=\"wp-block-column is-layout-flow wp-block-column-is-layout-flow\"><div class=\"wp-block-image\">\n<figure class=\"aligncenter size-full\"><img decoding=\"async\" width=\"1200\" height=\"1200\" src=\"https:\/\/www.billiondaysupplier.com\/wp-content\/uploads\/2025\/08\/chafing-dishes-wholesale-7.webp\" alt=\"Plats \u00e0 r\u00e9chauffer en gros\" class=\"wp-image-539\" srcset=\"https:\/\/www.billiondaysupplier.com\/wp-content\/uploads\/2025\/08\/chafing-dishes-wholesale-7.webp 1200w, https:\/\/www.billiondaysupplier.com\/wp-content\/uploads\/2025\/08\/chafing-dishes-wholesale-7-300x300.webp 300w, https:\/\/www.billiondaysupplier.com\/wp-content\/uploads\/2025\/08\/chafing-dishes-wholesale-7-150x150.webp 150w, https:\/\/www.billiondaysupplier.com\/wp-content\/uploads\/2025\/08\/chafing-dishes-wholesale-7-768x768.webp 768w, https:\/\/www.billiondaysupplier.com\/wp-content\/uploads\/2025\/08\/chafing-dishes-wholesale-7-600x600.webp 600w, https:\/\/www.billiondaysupplier.com\/wp-content\/uploads\/2025\/08\/chafing-dishes-wholesale-7-100x100.webp 100w\" sizes=\"(max-width: 1200px) 100vw, 1200px\" \/><\/figure>\n<\/div><\/div>\n<\/div>","protected":false},"excerpt":{"rendered":"<p>Chafing dishes wholesale, silver modern appearance, 9L large capacity, hydraulic design, wet and dry dual-use, suitable for a variety of food insulation scenarios. N'h\u00e9sitez pas \u00e0 nous contacter pour obtenir un devis d\u00e8s aujourd'hui !<\/p>\n<h2>Param\u00e8tres de vente en gros des plats \u00e0 r\u00e9chauffer\uff1a<\/h2>\n<table border=\"0\" width=\"404\" cellspacing=\"0\" cellpadding=\"0\">\n<tbody>\n<tr>\n<td style=\"text-align: left;\" width=\"148\" height=\"24\"><strong>Mat\u00e9riau<\/strong><\/td>\n<td style=\"text-align: left;\" width=\"256\">Acier inoxydable 201<\/td>\n<\/tr>\n<tr>\n<td style=\"text-align: left;\" height=\"69\"><strong>Couleur<\/strong><\/td>\n<td style=\"text-align: left;\" width=\"256\">Argent\/Or\/Mi-Or\/Acceptation de la personnalisation<\/td>\n<\/tr>\n<tr>\n<td style=\"text-align: left;\" height=\"24\"><strong>M\u00e9thode de chauffage<\/strong><\/td>\n<td style=\"text-align: left;\">Chauffage \u00e9lectrique ou \u00e0 combustible<\/td>\n<\/tr>\n<tr>\n<td style=\"text-align: left;\" height=\"24\"><strong>Capacit\u00e9<\/strong><\/td>\n<td style=\"text-align: left;\">9.0L<\/td>\n<\/tr>\n<tr>\n<td style=\"text-align: left;\" height=\"92\"><strong>Fonctionnalit\u00e9<\/strong><\/td>\n<td style=\"text-align: left;\" width=\"256\">\n<p>1. Couvercle hydraulique avec fen\u00eatre en verre<br \/>2. Bords arrondis polis<br \/>3. Utilisation humide et s\u00e8che<\/p>\n<\/td>\n<\/tr>\n<tr>\n<td style=\"text-align: left;\" height=\"24\"><strong>Option personnalis\u00e9e<\/strong><\/td>\n<td style=\"text-align: left;\">Logo\/couleur\/taille\/emballage\/accessoires<\/td>\n<\/tr>\n<\/tbody>\n<\/table>","protected":false},"featured_media":535,"comment_status":"closed","ping_status":"closed","template":"","meta":{"_acf_changed":true},"product_brand":[],"product_cat":[18],"product_tag":[],"class_list":{"0":"post-544","1":"product","2":"type-product","3":"status-publish","4":"has-post-thumbnail","6":"product_cat-wholesale-chafing-dishes","8":"first","9":"instock","10":"shipping-taxable","11":"product-type-simple"},"acf":[],"_links":{"self":[{"href":"https:\/\/www.billiondaysupplier.com\/fr\/wp-json\/wp\/v2\/product\/544","targetHints":{"allow":["GET"]}}],"collection":[{"href":"https:\/\/www.billiondaysupplier.com\/fr\/wp-json\/wp\/v2\/product"}],"about":[{"href":"https:\/\/www.billiondaysupplier.com\/fr\/wp-json\/wp\/v2\/types\/product"}],"replies":[{"embeddable":true,"href":"https:\/\/www.billiondaysupplier.com\/fr\/wp-json\/wp\/v2\/comments?post=544"}],"wp:featuredmedia":[{"embeddable":true,"href":"https:\/\/www.billiondaysupplier.com\/fr\/wp-json\/wp\/v2\/media\/535"}],"wp:attachment":[{"href":"https:\/\/www.billiondaysupplier.com\/fr\/wp-json\/wp\/v2\/media?parent=544"}],"wp:term":[{"taxonomy":"product_brand","embeddable":true,"href":"https:\/\/www.billiondaysupplier.com\/fr\/wp-json\/wp\/v2\/product_brand?post=544"},{"taxonomy":"product_cat","embeddable":true,"href":"https:\/\/www.billiondaysupplier.com\/fr\/wp-json\/wp\/v2\/product_cat?post=544"},{"taxonomy":"product_tag","embeddable":true,"href":"https:\/\/www.billiondaysupplier.com\/fr\/wp-json\/wp\/v2\/product_tag?post=544"}],"curies":[{"name":"wp","href":"https:\/\/api.w.org\/{rel}","templated":true}]}}