{"id":529,"date":"2025-08-05T09:42:00","date_gmt":"2025-08-05T09:42:00","guid":{"rendered":"https:\/\/www.billiondaysupplier.com\/?post_type=product&#038;p=529"},"modified":"2025-08-05T09:42:53","modified_gmt":"2025-08-05T09:42:53","slug":"wholesale-stainless-steel-chafing-dish","status":"publish","type":"product","link":"https:\/\/www.billiondaysupplier.com\/fr\/product\/wholesale-stainless-steel-chafing-dish\/","title":{"rendered":"Wholesale Stainless Steel Chafing Dish, Round Gold Buffet Set Custom"},"content":{"rendered":"<div class=\"wp-block-columns is-layout-flex wp-container-core-columns-is-layout-9d6595d7 wp-block-columns-is-layout-flex\">\n<div class=\"wp-block-column is-layout-flow wp-block-column-is-layout-flow\">\n<h2 class=\"wp-block-heading\">Po\u00ealon en acier inoxydable Caract\u00e9ristiques :<\/h2>\n\n\n\n<p><strong>Acier inoxydable de haute qualit\u00e9<\/strong>: Mat\u00e9riau de qualit\u00e9 alimentaire, r\u00e9sistant \u00e0 la corrosion, adapt\u00e9 \u00e0 un usage commercial fr\u00e9quent.<\/p>\n\n\n\n<p><strong>Aspect luxueux<\/strong>: La galvanoplastie d'or cr\u00e9e un aspect haut de gamme qui rehausse les banquets et les buffets.<\/p>\n\n\n\n<p><strong>Couvercle hydraulique \u00e0 fermeture progressive<\/strong>: S'ouvre et se ferme en douceur et en silence, \u00e9vitant les pincements pour une utilisation plus s\u00fbre.<\/p>\n\n\n\n<p><strong>Fen\u00eatre en verre transparent<\/strong>: Permet d'observer facilement les aliments et r\u00e9duit la perte de chaleur lorsque le couvercle est ouvert.<\/p>\n\n\n\n<p><strong>Conception \u00e0 double compartiment<\/strong>: Un four peut contenir deux plats, ce qui permet un agencement flexible.<\/p>\n\n\n\n<p><strong>Pot int\u00e9rieur rond<\/strong>: Chauffe uniform\u00e9ment les aliments et maintient la chaleur plus longtemps.<\/p>\n\n\n\n<p><strong>Structure robuste<\/strong>: Les supports \u00e9pais sont durables et r\u00e9sistants \u00e0 la pression, ce qui garantit la tranquillit\u00e9 d'esprit.<\/p>\n<\/div>\n\n\n\n<div class=\"wp-block-column is-layout-flow wp-block-column-is-layout-flow\">\n<figure class=\"wp-block-image size-full\"><img decoding=\"async\" width=\"4800\" height=\"4800\" src=\"https:\/\/www.billiondaysupplier.com\/wp-content\/uploads\/2025\/08\/wholesale-stainless-steel-chafing-dish-2.webp\" alt=\"gros chafing dish en acier inoxydable (2)\" class=\"wp-image-531\" srcset=\"https:\/\/www.billiondaysupplier.com\/wp-content\/uploads\/2025\/08\/wholesale-stainless-steel-chafing-dish-2.webp 4800w, https:\/\/www.billiondaysupplier.com\/wp-content\/uploads\/2025\/08\/wholesale-stainless-steel-chafing-dish-2-300x300.webp 300w, https:\/\/www.billiondaysupplier.com\/wp-content\/uploads\/2025\/08\/wholesale-stainless-steel-chafing-dish-2-150x150.webp 150w, https:\/\/www.billiondaysupplier.com\/wp-content\/uploads\/2025\/08\/wholesale-stainless-steel-chafing-dish-2-768x768.webp 768w, https:\/\/www.billiondaysupplier.com\/wp-content\/uploads\/2025\/08\/wholesale-stainless-steel-chafing-dish-2-1200x1200.webp 1200w, https:\/\/www.billiondaysupplier.com\/wp-content\/uploads\/2025\/08\/wholesale-stainless-steel-chafing-dish-2-600x600.webp 600w, https:\/\/www.billiondaysupplier.com\/wp-content\/uploads\/2025\/08\/wholesale-stainless-steel-chafing-dish-2-100x100.webp 100w\" sizes=\"(max-width: 4800px) 100vw, 4800px\" \/><\/figure>\n<\/div>\n<\/div>","protected":false},"excerpt":{"rendered":"<p>Bienvenue sur le march\u00e9 de la vente en gros et de la personnalisation de chafing dish en acier inoxydable, finition or poli, avec un couvercle en verre \u00e0 charni\u00e8re hydraulique, pratique et beau, id\u00e9al pour les h\u00f4tels modernes et les buffets. Meilleure remise pour les personnalisations en vrac, n'h\u00e9sitez pas \u00e0 vous renseigner !<\/p>\n<h2>Param\u00e8tres du plat \u00e0 gratin en acier inoxydable\uff1a<\/h2>\n<table border=\"0\" width=\"404\" cellspacing=\"0\" cellpadding=\"0\">\n<tbody>\n<tr>\n<td style=\"text-align: left;\" width=\"148\" height=\"24\"><strong>Mat\u00e9riau<\/strong><\/td>\n<td style=\"text-align: left;\" width=\"256\">Acier inoxydable 201<\/td>\n<\/tr>\n<tr>\n<td style=\"text-align: left;\" height=\"69\"><strong>Couleur<\/strong><\/td>\n<td style=\"text-align: left;\" width=\"256\">Argent\/Or\/Mi-Or\/Acceptation de la personnalisation<\/td>\n<\/tr>\n<tr>\n<td style=\"text-align: left;\" height=\"24\"><strong>M\u00e9thode de chauffage<\/strong><\/td>\n<td style=\"text-align: left;\">Chauffage \u00e9lectrique ou \u00e0 combustible<\/td>\n<\/tr>\n<tr>\n<td style=\"text-align: left;\" height=\"24\"><strong>Capacit\u00e9<\/strong><\/td>\n<td style=\"text-align: left;\">6.0L<\/td>\n<\/tr>\n<tr>\n<td style=\"text-align: left;\" height=\"92\"><strong>Fonctionnalit\u00e9<\/strong><\/td>\n<td style=\"text-align: left;\" width=\"256\">1. Couvercle hydraulique avec fen\u00eatre en verre<br \/>2. Bords arrondis polis<br \/>3. Cadre vertical stable<\/td>\n<\/tr>\n<tr>\n<td style=\"text-align: left;\" height=\"24\"><strong>Option personnalis\u00e9e<\/strong><\/td>\n<td style=\"text-align: left;\">Logo\/couleur\/taille\/emballage\/accessoires<\/td>\n<\/tr>\n<\/tbody>\n<\/table>","protected":false},"featured_media":532,"comment_status":"closed","ping_status":"closed","template":"","meta":{"_acf_changed":false},"product_brand":[],"product_cat":[18],"product_tag":[],"class_list":{"0":"post-529","1":"product","2":"type-product","3":"status-publish","4":"has-post-thumbnail","6":"product_cat-wholesale-chafing-dishes","8":"first","9":"instock","10":"shipping-taxable","11":"product-type-simple"},"acf":[],"_links":{"self":[{"href":"https:\/\/www.billiondaysupplier.com\/fr\/wp-json\/wp\/v2\/product\/529","targetHints":{"allow":["GET"]}}],"collection":[{"href":"https:\/\/www.billiondaysupplier.com\/fr\/wp-json\/wp\/v2\/product"}],"about":[{"href":"https:\/\/www.billiondaysupplier.com\/fr\/wp-json\/wp\/v2\/types\/product"}],"replies":[{"embeddable":true,"href":"https:\/\/www.billiondaysupplier.com\/fr\/wp-json\/wp\/v2\/comments?post=529"}],"wp:featuredmedia":[{"embeddable":true,"href":"https:\/\/www.billiondaysupplier.com\/fr\/wp-json\/wp\/v2\/media\/532"}],"wp:attachment":[{"href":"https:\/\/www.billiondaysupplier.com\/fr\/wp-json\/wp\/v2\/media?parent=529"}],"wp:term":[{"taxonomy":"product_brand","embeddable":true,"href":"https:\/\/www.billiondaysupplier.com\/fr\/wp-json\/wp\/v2\/product_brand?post=529"},{"taxonomy":"product_cat","embeddable":true,"href":"https:\/\/www.billiondaysupplier.com\/fr\/wp-json\/wp\/v2\/product_cat?post=529"},{"taxonomy":"product_tag","embeddable":true,"href":"https:\/\/www.billiondaysupplier.com\/fr\/wp-json\/wp\/v2\/product_tag?post=529"}],"curies":[{"name":"wp","href":"https:\/\/api.w.org\/{rel}","templated":true}]}}