{"id":518,"date":"2025-08-03T09:34:57","date_gmt":"2025-08-03T09:34:57","guid":{"rendered":"https:\/\/www.billiondaysupplier.com\/?post_type=product&#038;p=518"},"modified":"2025-08-03T09:41:45","modified_gmt":"2025-08-03T09:41:45","slug":"wholesale-roll-top-chafing-dish","status":"publish","type":"product","link":"https:\/\/www.billiondaysupplier.com\/fr\/product\/wholesale-roll-top-chafing-dish\/","title":{"rendered":"Wholesale Roll Top Chafing Dish, Rectangular Gold Buffet Set Bulk"},"content":{"rendered":"<div class=\"wp-block-columns is-layout-flex wp-container-core-columns-is-layout-9d6595d7 wp-block-columns-is-layout-flex\">\n<div class=\"wp-block-column is-layout-flow wp-block-column-is-layout-flow\">\n<h2 class=\"wp-block-heading\">Chafing Dish Roll Top Chafing Dish Features :<\/h2>\n\n\n\n<p><strong>Construction durable en acier inoxydable : <\/strong>Fabriqu\u00e9 en acier inoxydable durable, \u00e9paissi pour un chauffage uniforme, durable, r\u00e9sistant \u00e0 la corrosion et d'un \u00e9clat durable.<\/p>\n\n\n\n<p><strong>Options de finitions \u00e9l\u00e9gantes en or et en argent :<\/strong> Disponible en finition or luxueux ou argent classique, avec des bords polis et arrondis, l'aspect \u00e9l\u00e9gant et professionnel rehausse la pr\u00e9sentation de votre buffet.<\/p>\n\n\n\n<p><strong>Couvercle enroulable avec fen\u00eatre en verre : <\/strong>Le couvercle enroulable pratique s'ouvre \u00e0 180 degr\u00e9s pour faciliter l'acc\u00e8s aux aliments, tandis que la fen\u00eatre en verre tremp\u00e9 offre une bonne visibilit\u00e9 tout en conservant la chaleur.<\/p>\n\n\n\n<p><strong>Grande capacit\u00e9 de 9 litres : <\/strong>La conception rectangulaire et de grande taille permet d'accueillir de grandes quantit\u00e9s de nourriture, ce qui en fait la solution id\u00e9ale pour la restauration commerciale et le service de buffet.<\/p>\n\n\n\n<p><strong>Cadre vertical stable : <\/strong>Les pieds verticaux renforc\u00e9s assurent une position stable sur n'importe quelle surface, m\u00eame sous de lourdes charges.<\/p>\n\n\n\n<p><strong>Double option de chauffage : <\/strong>Compatible avec les plaques de cuisson \u00e9lectriques et les bidons de combustible traditionnels pour des applications flexibles.<\/p>\n<\/div>\n\n\n\n<div class=\"wp-block-column is-layout-flow wp-block-column-is-layout-flow\">\n<figure class=\"wp-block-image size-full\"><img decoding=\"async\" width=\"720\" height=\"720\" src=\"https:\/\/www.billiondaysupplier.com\/wp-content\/uploads\/2025\/08\/roll-top-chafing-dish-wholesale-5.webp\" alt=\"Wholesale Roll Top Chafing Dish, Rectangular Gold Buffet Set Bulk\" class=\"wp-image-523\" srcset=\"https:\/\/www.billiondaysupplier.com\/wp-content\/uploads\/2025\/08\/roll-top-chafing-dish-wholesale-5.webp 720w, https:\/\/www.billiondaysupplier.com\/wp-content\/uploads\/2025\/08\/roll-top-chafing-dish-wholesale-5-300x300.webp 300w, https:\/\/www.billiondaysupplier.com\/wp-content\/uploads\/2025\/08\/roll-top-chafing-dish-wholesale-5-150x150.webp 150w, https:\/\/www.billiondaysupplier.com\/wp-content\/uploads\/2025\/08\/roll-top-chafing-dish-wholesale-5-600x600.webp 600w, https:\/\/www.billiondaysupplier.com\/wp-content\/uploads\/2025\/08\/roll-top-chafing-dish-wholesale-5-100x100.webp 100w\" sizes=\"(max-width: 720px) 100vw, 720px\" \/><\/figure>\n<\/div>\n<\/div>\n\n\n\n<div class=\"wp-block-columns is-layout-flex wp-container-core-columns-is-layout-9d6595d7 wp-block-columns-is-layout-flex\">\n<div class=\"wp-block-column is-layout-flow wp-block-column-is-layout-flow\">\n<figure class=\"wp-block-image size-full\"><img decoding=\"async\" width=\"720\" height=\"720\" src=\"https:\/\/www.billiondaysupplier.com\/wp-content\/uploads\/2025\/08\/roll-top-chafing-dish-wholesale-3.webp\" alt=\"Wholesale Roll Top Chafing Dish, Rectangular Gold Buffet Set Bulk\" class=\"wp-image-521\" srcset=\"https:\/\/www.billiondaysupplier.com\/wp-content\/uploads\/2025\/08\/roll-top-chafing-dish-wholesale-3.webp 720w, https:\/\/www.billiondaysupplier.com\/wp-content\/uploads\/2025\/08\/roll-top-chafing-dish-wholesale-3-300x300.webp 300w, https:\/\/www.billiondaysupplier.com\/wp-content\/uploads\/2025\/08\/roll-top-chafing-dish-wholesale-3-150x150.webp 150w, https:\/\/www.billiondaysupplier.com\/wp-content\/uploads\/2025\/08\/roll-top-chafing-dish-wholesale-3-600x600.webp 600w, https:\/\/www.billiondaysupplier.com\/wp-content\/uploads\/2025\/08\/roll-top-chafing-dish-wholesale-3-100x100.webp 100w\" sizes=\"(max-width: 720px) 100vw, 720px\" \/><\/figure>\n<\/div>\n\n\n\n<div class=\"wp-block-column is-layout-flow wp-block-column-is-layout-flow\">\n<figure class=\"wp-block-image size-full\"><img decoding=\"async\" width=\"720\" height=\"720\" src=\"https:\/\/www.billiondaysupplier.com\/wp-content\/uploads\/2025\/08\/roll-top-chafing-dish-wholesale-2.webp\" alt=\"Wholesale Roll Top Chafing Dish, Rectangular Gold Buffet Set Bulk\" class=\"wp-image-520\" srcset=\"https:\/\/www.billiondaysupplier.com\/wp-content\/uploads\/2025\/08\/roll-top-chafing-dish-wholesale-2.webp 720w, https:\/\/www.billiondaysupplier.com\/wp-content\/uploads\/2025\/08\/roll-top-chafing-dish-wholesale-2-300x300.webp 300w, https:\/\/www.billiondaysupplier.com\/wp-content\/uploads\/2025\/08\/roll-top-chafing-dish-wholesale-2-150x150.webp 150w, https:\/\/www.billiondaysupplier.com\/wp-content\/uploads\/2025\/08\/roll-top-chafing-dish-wholesale-2-600x600.webp 600w, https:\/\/www.billiondaysupplier.com\/wp-content\/uploads\/2025\/08\/roll-top-chafing-dish-wholesale-2-100x100.webp 100w\" sizes=\"(max-width: 720px) 100vw, 720px\" \/><\/figure>\n<\/div>\n<\/div>","protected":false},"excerpt":{"rendered":"<p>R\u00e9cipient \u00e0 chafing en gros, avec des options or luxueux et argent classique, d'une grande capacit\u00e9 de 9 litres. \u00c9l\u00e9gant et durable, il convient aux services de restauration \u00e0 grande \u00e9chelle. Fourniture directe \u00e0 l'usine, services OEM. N'h\u00e9sitez pas \u00e0 nous contacter d\u00e8s aujourd'hui !<\/p>\n<h2>Param\u00e8tres du plat \u00e0 gratin\uff1a<\/h2>\n<table border=\"0\" width=\"404\" cellspacing=\"0\" cellpadding=\"0\">\n<tbody>\n<tr>\n<td style=\"text-align: left;\" width=\"148\" height=\"24\"><strong>Mat\u00e9riau<\/strong><\/td>\n<td style=\"text-align: left;\" width=\"256\">Acier inoxydable 201<\/td>\n<\/tr>\n<tr>\n<td style=\"text-align: left;\" height=\"69\"><strong>Couleur<\/strong><\/td>\n<td style=\"text-align: left;\" width=\"256\">Argent\/Or\/Mi-Or\/Acceptation de la personnalisation<\/td>\n<\/tr>\n<tr>\n<td style=\"text-align: left;\" height=\"24\"><strong>M\u00e9thode de chauffage<\/strong><\/td>\n<td style=\"text-align: left;\">Chauffage \u00e9lectrique ou \u00e0 combustible<\/td>\n<\/tr>\n<tr>\n<td style=\"text-align: left;\" height=\"24\"><strong>Capacit\u00e9<\/strong><\/td>\n<td style=\"text-align: left;\">9.0L<\/td>\n<\/tr>\n<tr>\n<td style=\"text-align: left;\" height=\"92\"><strong>Fonctionnalit\u00e9<\/strong><\/td>\n<td style=\"text-align: left;\" width=\"256\">1. Couvercle \u00e0 enroulement avec fen\u00eatre en verre<br \/>2. Bords arrondis polis<br \/>3. Cadre vertical stable<\/td>\n<\/tr>\n<tr>\n<td style=\"text-align: left;\" height=\"24\"><strong>Option personnalis\u00e9e<\/strong><\/td>\n<td style=\"text-align: left;\">Logo\/couleur\/taille\/emballage\/accessoires<\/td>\n<\/tr>\n<\/tbody>\n<\/table>","protected":false},"featured_media":519,"comment_status":"closed","ping_status":"closed","template":"","meta":{"_acf_changed":false},"product_brand":[],"product_cat":[18],"product_tag":[],"class_list":{"0":"post-518","1":"product","2":"type-product","3":"status-publish","4":"has-post-thumbnail","6":"product_cat-wholesale-chafing-dishes","8":"first","9":"instock","10":"shipping-taxable","11":"product-type-simple"},"acf":[],"_links":{"self":[{"href":"https:\/\/www.billiondaysupplier.com\/fr\/wp-json\/wp\/v2\/product\/518","targetHints":{"allow":["GET"]}}],"collection":[{"href":"https:\/\/www.billiondaysupplier.com\/fr\/wp-json\/wp\/v2\/product"}],"about":[{"href":"https:\/\/www.billiondaysupplier.com\/fr\/wp-json\/wp\/v2\/types\/product"}],"replies":[{"embeddable":true,"href":"https:\/\/www.billiondaysupplier.com\/fr\/wp-json\/wp\/v2\/comments?post=518"}],"wp:featuredmedia":[{"embeddable":true,"href":"https:\/\/www.billiondaysupplier.com\/fr\/wp-json\/wp\/v2\/media\/519"}],"wp:attachment":[{"href":"https:\/\/www.billiondaysupplier.com\/fr\/wp-json\/wp\/v2\/media?parent=518"}],"wp:term":[{"taxonomy":"product_brand","embeddable":true,"href":"https:\/\/www.billiondaysupplier.com\/fr\/wp-json\/wp\/v2\/product_brand?post=518"},{"taxonomy":"product_cat","embeddable":true,"href":"https:\/\/www.billiondaysupplier.com\/fr\/wp-json\/wp\/v2\/product_cat?post=518"},{"taxonomy":"product_tag","embeddable":true,"href":"https:\/\/www.billiondaysupplier.com\/fr\/wp-json\/wp\/v2\/product_tag?post=518"}],"curies":[{"name":"wp","href":"https:\/\/api.w.org\/{rel}","templated":true}]}}