{"id":2008,"date":"2026-04-20T07:55:52","date_gmt":"2026-04-20T07:55:52","guid":{"rendered":"https:\/\/www.billiondaysupplier.com\/?post_type=product&#038;p=2008"},"modified":"2026-04-23T00:59:24","modified_gmt":"2026-04-23T00:59:24","slug":"custom-stainless-steel-work-tables","status":"publish","type":"product","link":"https:\/\/www.billiondaysupplier.com\/fr\/product\/custom-stainless-steel-work-tables\/","title":{"rendered":"Tables de travail en acier inoxydable avec \u00e9tag\u00e8re, \u00e9tabli de cuisine commerciale en vrac"},"content":{"rendered":"<div class=\"wp-block-columns is-layout-flex wp-container-core-columns-is-layout-9d6595d7 wp-block-columns-is-layout-flex\">\n<div class=\"wp-block-column is-layout-flow wp-block-column-is-layout-flow\">\n<h2 class=\"wp-block-heading\">Table de travail en acier inoxydable Caract\u00e9ristiques :<\/h2>\n\n\n\n<p><strong>Construction en acier inoxydable de premi\u00e8re qualit\u00e9<\/strong>: Fabriqu\u00e9 en acier inoxydable de haute qualit\u00e9 avec une excellente r\u00e9sistance \u00e0 la corrosion et \u00e0 la rouille, il garantit des performances fiables dans les environnements de cuisine humides et \u00e0 haute intensit\u00e9.<\/p>\n\n\n\n<p><strong>Conception \u00e0 deux niveaux permettant de gagner de la place<\/strong>: Le plan de travail sup\u00e9rieur est spacieux et permet de pr\u00e9parer, d\u00e9couper, m\u00e9langer et dresser les plats. L'\u00e9tag\u00e8re de rangement inf\u00e9rieure ouverte permet de ranger les casseroles, les po\u00eales, les ingr\u00e9dients, les outils, les bacs et les objets essentiels \u00e0 la cuisine, ce qui optimise l'efficacit\u00e9.<\/p>\n\n\n\n<p><strong>Assemblage et entretien faciles<\/strong>: Livr\u00e9 \u00e0 plat pour r\u00e9duire les frais de transport, il peut \u00eatre assembl\u00e9 rapidement. Les surfaces lisses permettent un nettoyage facile et un fonctionnement hygi\u00e9nique.<\/p>\n\n\n\n<p><strong>Plusieurs tailles disponibles<\/strong>: Propos\u00e9s en diff\u00e9rentes dimensions pour s'adapter aux diff\u00e9rents agencements de cuisine, des zones de pr\u00e9paration compactes aux grands espaces de travail commerciaux.<\/p>\n\n\n\n<p><strong>Application commerciale polyvalente<\/strong>: Id\u00e9al pour les h\u00f4tels, les restaurants, les services de restauration, les boulangeries, les cantines, les chariots alimentaires et les salles de pr\u00e9paration, pour une large gamme d'utilisations professionnelles.<\/p>\n<\/div>\n\n\n\n<div class=\"wp-block-column is-layout-flow wp-block-column-is-layout-flow\">\n<figure class=\"wp-block-image size-full\"><img decoding=\"async\" width=\"800\" height=\"800\" src=\"https:\/\/www.billiondaysupplier.com\/wp-content\/uploads\/2026\/04\/Work-Table-Supplier-3.webp\" alt=\"Table de travail Fournisseur\" class=\"wp-image-2039\" srcset=\"https:\/\/www.billiondaysupplier.com\/wp-content\/uploads\/2026\/04\/Work-Table-Supplier-3.webp 800w, https:\/\/www.billiondaysupplier.com\/wp-content\/uploads\/2026\/04\/Work-Table-Supplier-3-300x300.webp 300w, https:\/\/www.billiondaysupplier.com\/wp-content\/uploads\/2026\/04\/Work-Table-Supplier-3-150x150.webp 150w, https:\/\/www.billiondaysupplier.com\/wp-content\/uploads\/2026\/04\/Work-Table-Supplier-3-768x768.webp 768w, https:\/\/www.billiondaysupplier.com\/wp-content\/uploads\/2026\/04\/Work-Table-Supplier-3-12x12.webp 12w, https:\/\/www.billiondaysupplier.com\/wp-content\/uploads\/2026\/04\/Work-Table-Supplier-3-600x600.webp 600w, https:\/\/www.billiondaysupplier.com\/wp-content\/uploads\/2026\/04\/Work-Table-Supplier-3-100x100.webp 100w\" sizes=\"(max-width: 800px) 100vw, 800px\" \/><\/figure>\n<\/div>\n<\/div>","protected":false},"excerpt":{"rendered":"<p>Les tables de travail personnalis\u00e9es en acier inoxydable sont con\u00e7ues pour am\u00e9liorer l'efficacit\u00e9 dans les environnements commerciaux exigeants. Elles sont dot\u00e9es d'un plateau en acier inoxydable tr\u00e8s r\u00e9sistant et d'un espace de rangement \u00e0 deux niveaux pour un flux de travail organis\u00e9. Con\u00e7ues pour \u00eatre durables, hygi\u00e9niques et stables, elles sont id\u00e9ales pour les cuisines, les restaurants et les ateliers. Contactez-nous pour des tailles personnalis\u00e9es et des prix de gros.<\/p>\n<h2>Tables de travail en acier inoxydable Param\u00e8tre\uff1a<\/h2>\n<table class=\"alignleft\" border=\"0\" width=\"404\" cellspacing=\"0\" cellpadding=\"0\">\n<tbody>\n<tr>\n<td style=\"text-align: left;\" width=\"148\" height=\"24\"><strong>Mat\u00e9riau<\/strong><\/td>\n<td style=\"text-align: left;\" width=\"256\">Acier inoxydable 201<\/td>\n<\/tr>\n<tr>\n<td style=\"text-align: left;\" height=\"69\"><strong>Couleur<\/strong><\/td>\n<td style=\"text-align: left;\" width=\"256\">Argent<\/td>\n<\/tr>\n<tr>\n<td style=\"text-align: left;\" height=\"24\"><strong class=\"font-semibold text-zinc-900 dark:text-zinc-100\">Epaisseur du plateau<\/strong><\/td>\n<td style=\"text-align: left;\">0,8 mm<\/td>\n<\/tr>\n<tr>\n<td style=\"text-align: left;\" height=\"24\"><strong class=\"font-semibold text-zinc-900 dark:text-zinc-100\" data-spm-anchor-id=\"4e67c6a7.77613456.0.i37.78c776cfKa3U43\">Tailles standard<\/strong><\/td>\n<td style=\"text-align: left;\">\n<p>180*80*80cm<br \/>150*80*80cm<br \/>180*60*80cm<br \/>150*60*80cm<br \/>120*80*80cm<br \/>120*60*80cm<br \/>100*80*80cm<br \/>100*60*80cm<br \/>100*50*80cm<br \/>80*60*80cm<br \/>80*50*80cm<br \/>80*40*80cm<\/p>\n<\/td>\n<\/tr>\n<tr>\n<td style=\"text-align: left;\" height=\"92\"><strong>Fonctionnalit\u00e9<\/strong><\/td>\n<td style=\"text-align: left;\" width=\"256\">1. Capacit\u00e9 de charge \u00e9lev\u00e9e<br \/>2. Acier inoxydable de premi\u00e8re qualit\u00e9<br \/>3. Assemblage et nettoyage faciles<\/td>\n<\/tr>\n<tr>\n<td style=\"text-align: left;\" height=\"24\">\n<h3 class=\"text-base font-semibold mt-3 pt-6 mb-3 text-zinc-800 dark:text-zinc-200 first:mt-0 first:pt-0 tracking-tight\"><strong class=\"font-semibold text-zinc-900 dark:text-zinc-100\" data-spm-anchor-id=\"4e67c6a7.77613456.0.i38.78c776cfKa3U43\">Applications polyvalentes<\/strong><\/h3>\n<\/td>\n<td style=\"text-align: left;\">\n<p>Restaurants et h\u00f4tels<br \/>Laboratoires de transformation des aliments<br \/>Installations m\u00e9dicales et scientifiques<br \/>Ateliers et garages\u00a0<\/p>\n<\/td>\n<\/tr>\n<\/tbody>\n<\/table>","protected":false},"featured_media":2217,"comment_status":"closed","ping_status":"closed","template":"","meta":{"_acf_changed":true},"product_brand":[],"product_cat":[32],"product_tag":[],"class_list":{"0":"post-2008","1":"product","2":"type-product","3":"status-publish","4":"has-post-thumbnail","6":"product_cat-custom-stainless-steel-work-tables","8":"first","9":"instock","10":"shipping-taxable","11":"product-type-simple"},"acf":[],"_links":{"self":[{"href":"https:\/\/www.billiondaysupplier.com\/fr\/wp-json\/wp\/v2\/product\/2008","targetHints":{"allow":["GET"]}}],"collection":[{"href":"https:\/\/www.billiondaysupplier.com\/fr\/wp-json\/wp\/v2\/product"}],"about":[{"href":"https:\/\/www.billiondaysupplier.com\/fr\/wp-json\/wp\/v2\/types\/product"}],"replies":[{"embeddable":true,"href":"https:\/\/www.billiondaysupplier.com\/fr\/wp-json\/wp\/v2\/comments?post=2008"}],"wp:featuredmedia":[{"embeddable":true,"href":"https:\/\/www.billiondaysupplier.com\/fr\/wp-json\/wp\/v2\/media\/2217"}],"wp:attachment":[{"href":"https:\/\/www.billiondaysupplier.com\/fr\/wp-json\/wp\/v2\/media?parent=2008"}],"wp:term":[{"taxonomy":"product_brand","embeddable":true,"href":"https:\/\/www.billiondaysupplier.com\/fr\/wp-json\/wp\/v2\/product_brand?post=2008"},{"taxonomy":"product_cat","embeddable":true,"href":"https:\/\/www.billiondaysupplier.com\/fr\/wp-json\/wp\/v2\/product_cat?post=2008"},{"taxonomy":"product_tag","embeddable":true,"href":"https:\/\/www.billiondaysupplier.com\/fr\/wp-json\/wp\/v2\/product_tag?post=2008"}],"curies":[{"name":"wp","href":"https:\/\/api.w.org\/{rel}","templated":true}]}}