{"id":2004,"date":"2026-04-15T09:10:00","date_gmt":"2026-04-15T09:10:00","guid":{"rendered":"https:\/\/www.billiondaysupplier.com\/?post_type=product&#038;p=2004"},"modified":"2026-04-15T09:10:04","modified_gmt":"2026-04-15T09:10:04","slug":"wholesale-commercial-food-steamer","status":"publish","type":"product","link":"https:\/\/www.billiondaysupplier.com\/fr\/product\/wholesale-commercial-food-steamer\/","title":{"rendered":"Wholesale Commercial Food Steamer, Gas Rice Steamer Stainless Steel 12Trays for Restaurants Custom (en anglais)"},"content":{"rendered":"<div class=\"wp-block-columns is-layout-flex wp-container-core-columns-is-layout-9d6595d7 wp-block-columns-is-layout-flex\">\n<div class=\"wp-block-column is-layout-flow wp-block-column-is-layout-flow\">\n<h2 class=\"wp-block-heading\">Cuiseur vapeur commercial Caract\u00e9ristiques :<\/h2>\n\n\n\n<p><strong>Chauffage \u00e0 haut rendement :<\/strong>&nbsp;Les puissants br\u00fbleurs \u00e0 gaz g\u00e9n\u00e8rent rapidement de la vapeur, ce qui r\u00e9duit consid\u00e9rablement le temps de cuisson.<\/p>\n\n\n\n<p><strong>Construction en acier inoxydable de premi\u00e8re qualit\u00e9 :<\/strong>&nbsp;201 Corps en acier inoxydable de qualit\u00e9 alimentaire, r\u00e9sistant \u00e0 la corrosion et facile \u00e0 nettoyer.<\/p>\n\n\n\n<p><strong>Isolation renforc\u00e9e :<\/strong>\u00a0Une couche d'isolation \u00e9paissie conserve la chaleur \u00e0 l'int\u00e9rieur, ce qui permet d'\u00e9conomiser de l'\u00e9nergie et de garder l'environnement de la cuisine plus frais.<\/p>\n\n\n\n<p><strong>Caract\u00e9ristiques de s\u00e9curit\u00e9 :<\/strong>&nbsp;\u00c9quip\u00e9 d'une vanne d'arr\u00eat automatique du gaz et d'un syst\u00e8me de s\u00e9curit\u00e9 contre la surpression pour un fonctionnement sans souci.<\/p>\n\n\n\n<p><strong>Mobilit\u00e9 universelle :<\/strong>&nbsp;Roulettes robustes avec freins pour un d\u00e9placement facile et un positionnement stable.<\/p>\n\n\n\n<p><strong>Fourniture directe par l'usine :<\/strong> Nous proposons la personnalisation OEM\/ODM, une capacit\u00e9 de production stable et un contr\u00f4le de qualit\u00e9 strict afin de garantir des performances constantes, des prix comp\u00e9titifs et un approvisionnement mondial fiable aux acheteurs d'ustensiles de cuisine en gros.<\/p>\n<\/div>\n\n\n\n<div class=\"wp-block-column is-layout-flow wp-block-column-is-layout-flow\">\n<figure class=\"wp-block-image size-full\"><img decoding=\"async\" width=\"800\" height=\"800\" src=\"https:\/\/www.billiondaysupplier.com\/wp-content\/uploads\/2026\/04\/Wholesale-gas-rice-steamer-2.webp\" alt=\"Vente en gros de cuiseurs \u00e0 vapeur de riz \u00e0 gaz\" class=\"wp-image-2042\" srcset=\"https:\/\/www.billiondaysupplier.com\/wp-content\/uploads\/2026\/04\/Wholesale-gas-rice-steamer-2.webp 800w, https:\/\/www.billiondaysupplier.com\/wp-content\/uploads\/2026\/04\/Wholesale-gas-rice-steamer-2-300x300.webp 300w, https:\/\/www.billiondaysupplier.com\/wp-content\/uploads\/2026\/04\/Wholesale-gas-rice-steamer-2-150x150.webp 150w, https:\/\/www.billiondaysupplier.com\/wp-content\/uploads\/2026\/04\/Wholesale-gas-rice-steamer-2-768x768.webp 768w, https:\/\/www.billiondaysupplier.com\/wp-content\/uploads\/2026\/04\/Wholesale-gas-rice-steamer-2-12x12.webp 12w, https:\/\/www.billiondaysupplier.com\/wp-content\/uploads\/2026\/04\/Wholesale-gas-rice-steamer-2-600x600.webp 600w, https:\/\/www.billiondaysupplier.com\/wp-content\/uploads\/2026\/04\/Wholesale-gas-rice-steamer-2-100x100.webp 100w\" sizes=\"(max-width: 800px) 100vw, 800px\" \/><\/figure>\n<\/div>\n<\/div>","protected":false},"excerpt":{"rendered":"<p>Le cuiseur vapeur commercial de gros est con\u00e7u pour une utilisation intensive en cuisine, avec une construction en acier inoxydable durable et un chauffage au gaz efficace pour une cuisson \u00e0 la vapeur rapide et homog\u00e8ne. Id\u00e9al pour les restaurants, les h\u00f4tels et les services de restauration, il permet de cuire rapidement \u00e0 la vapeur le riz, les fruits de mer, la viande et les l\u00e9gumes. Personnalisation OEM possible, contactez-nous pour des prix de gros comp\u00e9titifs et des livraisons en vrac.<\/p>\n<h2>Param\u00e8tres du cuiseur \u00e0 vapeur commercial\uff1a<\/h2>\n<table border=\"0\" width=\"404\" cellspacing=\"0\" cellpadding=\"0\">\n<tbody>\n<tr>\n<td style=\"text-align: left;\" width=\"148\" height=\"24\"><strong>Mat\u00e9riau<\/strong><\/td>\n<td style=\"text-align: left;\" width=\"256\">Acier inoxydable 201<\/td>\n<\/tr>\n<tr>\n<td style=\"text-align: left;\" height=\"69\"><strong>Couleur<\/strong><\/td>\n<td style=\"text-align: left;\" width=\"256\">Argent<\/td>\n<\/tr>\n<tr>\n<td style=\"text-align: left;\" height=\"24\"><strong>M\u00e9thode de chauffage<\/strong><\/td>\n<td style=\"text-align: left;\">Gaz<\/td>\n<\/tr>\n<tr>\n<td style=\"text-align: left;\" height=\"24\"><strong>Capacit\u00e9<\/strong><strong style=\"font-family: inherit; font-size: inherit;\">y<\/strong><strong><br \/><\/strong><\/td>\n<td style=\"text-align: left;\">12 plateaux<\/td>\n<\/tr>\n<tr>\n<td style=\"text-align: left;\" height=\"92\"><strong>Fonctionnalit\u00e9<\/strong><\/td>\n<td style=\"text-align: left;\" width=\"256\">1. Chauffage \u00e0 haut rendement<br \/>2. Grande capacit\u00e9 \u00e0 plusieurs niveaux<br \/>3. Mobilit\u00e9 universelle<\/td>\n<\/tr>\n<tr>\n<td style=\"text-align: left;\" height=\"24\"><strong>Option personnalis\u00e9e<\/strong><\/td>\n<td style=\"text-align: left;\">Logo\/emballage\/accessoires<\/td>\n<\/tr>\n<\/tbody>\n<\/table>","protected":false},"featured_media":2042,"comment_status":"closed","ping_status":"closed","template":"","meta":{"_acf_changed":false},"product_brand":[],"product_cat":[31],"product_tag":[],"class_list":{"0":"post-2004","1":"product","2":"type-product","3":"status-publish","4":"has-post-thumbnail","6":"product_cat-wholesale-commercial-food-steamer","8":"first","9":"instock","10":"shipping-taxable","11":"product-type-simple"},"acf":[],"_links":{"self":[{"href":"https:\/\/www.billiondaysupplier.com\/fr\/wp-json\/wp\/v2\/product\/2004","targetHints":{"allow":["GET"]}}],"collection":[{"href":"https:\/\/www.billiondaysupplier.com\/fr\/wp-json\/wp\/v2\/product"}],"about":[{"href":"https:\/\/www.billiondaysupplier.com\/fr\/wp-json\/wp\/v2\/types\/product"}],"replies":[{"embeddable":true,"href":"https:\/\/www.billiondaysupplier.com\/fr\/wp-json\/wp\/v2\/comments?post=2004"}],"wp:featuredmedia":[{"embeddable":true,"href":"https:\/\/www.billiondaysupplier.com\/fr\/wp-json\/wp\/v2\/media\/2042"}],"wp:attachment":[{"href":"https:\/\/www.billiondaysupplier.com\/fr\/wp-json\/wp\/v2\/media?parent=2004"}],"wp:term":[{"taxonomy":"product_brand","embeddable":true,"href":"https:\/\/www.billiondaysupplier.com\/fr\/wp-json\/wp\/v2\/product_brand?post=2004"},{"taxonomy":"product_cat","embeddable":true,"href":"https:\/\/www.billiondaysupplier.com\/fr\/wp-json\/wp\/v2\/product_cat?post=2004"},{"taxonomy":"product_tag","embeddable":true,"href":"https:\/\/www.billiondaysupplier.com\/fr\/wp-json\/wp\/v2\/product_tag?post=2004"}],"curies":[{"name":"wp","href":"https:\/\/api.w.org\/{rel}","templated":true}]}}