{"id":1829,"date":"2026-04-03T03:56:00","date_gmt":"2026-04-03T03:56:00","guid":{"rendered":"https:\/\/www.billiondaysupplier.com\/?post_type=product&#038;p=1829"},"modified":"2026-04-03T07:56:33","modified_gmt":"2026-04-03T07:56:33","slug":"wholesale-gold-chafing-dish-buffet","status":"publish","type":"product","link":"https:\/\/www.billiondaysupplier.com\/fr\/product\/wholesale-gold-chafing-dish-buffet\/","title":{"rendered":"Buffet de chafing dor\u00e9 en gros, chauffe-plat rectangulaire personnalis\u00e9 avec couvercle en verre pour le mariage"},"content":{"rendered":"<div class=\"wp-block-columns is-layout-flex wp-container-core-columns-is-layout-9d6595d7 wp-block-columns-is-layout-flex\">\n<div class=\"wp-block-column is-layout-flow wp-block-column-is-layout-flow\">\n<h2 class=\"wp-block-heading\">Buffet en or pour chafing dish Caract\u00e9ristiques :<\/h2>\n\n\n\n<p><strong>Placage \u00e9lectrolytique \u00e0 miroir d'or int\u00e9gral :<\/strong> Le corps est poli avec une finition miroir dor\u00e9e tr\u00e8s brillante, offrant un aspect luxueux tout en r\u00e9sistant \u00e0 l'oxydation. Parfait pour les buffets ou les banquets haut de gamme.<\/p>\n\n\n\n<p><strong>Verre panoramique Couvercle :<\/strong> Dot\u00e9 d'une grande fen\u00eatre en verre tremp\u00e9 sur le dessus, il garde les aliments au chaud tout en permettant aux invit\u00e9s de voir les plats sans ouvrir le couvercle.<\/p>\n\n\n\n<p><strong>Fermeture hydraulique douce et silencieuse :<\/strong> Equip\u00e9 de charni\u00e8res hydrauliques haut de gamme pour un fonctionnement souple et silencieux du couvercle, il am\u00e9liore l'exp\u00e9rience gastronomique sans bruit perturbateur.<\/p>\n\n\n\n<p><strong>Grande capacit\u00e9 rectangulaire :<\/strong> Le design rectangulaire classique offre beaucoup d'espace et permet d'accueillir diverses casseroles cloisonn\u00e9es, ce qui est id\u00e9al pour la restauration \u00e0 grand volume.<\/p>\n\n\n\n<p><strong>Directement de l'usine : <\/strong>Nous disposons d'un stock pr\u00eat \u00e0 l'emploi, nous prenons en charge les commandes en gros et nous proposons une personnalisation OEM, ce qui garantit des prix comp\u00e9titifs et une livraison rapide.<\/p>\n<\/div>\n\n\n\n<div class=\"wp-block-column is-layout-flow wp-block-column-is-layout-flow\">\n<figure class=\"wp-block-image size-full\"><img decoding=\"async\" width=\"800\" height=\"800\" src=\"https:\/\/www.billiondaysupplier.com\/wp-content\/uploads\/2026\/03\/chafing-15.webp\" alt=\"Set de buffet pour chafing dish wholesale\" class=\"wp-image-1824\" srcset=\"https:\/\/www.billiondaysupplier.com\/wp-content\/uploads\/2026\/03\/chafing-15.webp 800w, https:\/\/www.billiondaysupplier.com\/wp-content\/uploads\/2026\/03\/chafing-15-300x300.webp 300w, https:\/\/www.billiondaysupplier.com\/wp-content\/uploads\/2026\/03\/chafing-15-150x150.webp 150w, https:\/\/www.billiondaysupplier.com\/wp-content\/uploads\/2026\/03\/chafing-15-768x768.webp 768w, https:\/\/www.billiondaysupplier.com\/wp-content\/uploads\/2026\/03\/chafing-15-12x12.webp 12w, https:\/\/www.billiondaysupplier.com\/wp-content\/uploads\/2026\/03\/chafing-15-600x600.webp 600w, https:\/\/www.billiondaysupplier.com\/wp-content\/uploads\/2026\/03\/chafing-15-100x100.webp 100w\" sizes=\"(max-width: 800px) 100vw, 800px\" \/><\/figure>\n<\/div>\n<\/div>","protected":false},"excerpt":{"rendered":"<p>Buffet de gros chafing dish en or avec une \u00e9l\u00e9gante finition miroir, une grande capacit\u00e9 de 9 litres, un couvercle en verre panoramique, une fermeture hydraulique silencieuse et un pied sur\u00e9lev\u00e9. Parfait pour les h\u00f4tels, les restaurants et les traiteurs. Contactez-nous d\u00e8s aujourd'hui pour les commandes en gros et la personnalisation OEM !<\/p>\n<h2>Plat \u00e0 r\u00f4tir en or Buffet Param\u00e8tre\uff1a<\/h2>\n<table border=\"0\" width=\"404\" cellspacing=\"0\" cellpadding=\"0\">\n<tbody>\n<tr>\n<td style=\"text-align: left;\" width=\"148\" height=\"24\"><strong>Mat\u00e9riau<\/strong><\/td>\n<td style=\"text-align: left;\" width=\"256\">Acier inoxydable 201<\/td>\n<\/tr>\n<tr>\n<td style=\"text-align: left;\" height=\"69\"><strong>Couleur<\/strong><\/td>\n<td style=\"text-align: left;\" width=\"256\">Or\/Acceptation du sur mesure<\/td>\n<\/tr>\n<tr>\n<td style=\"text-align: left;\" height=\"24\"><strong>M\u00e9thode de chauffage<\/strong><\/td>\n<td style=\"text-align: left;\">Chauffage au fuel ou \u00e9lectrique<\/td>\n<\/tr>\n<tr>\n<td style=\"text-align: left;\" height=\"24\"><strong>Capacit\u00e9<\/strong><\/td>\n<td style=\"text-align: left;\">9.0L<\/td>\n<\/tr>\n<tr>\n<td style=\"text-align: left;\" height=\"92\"><strong>Fonctionnalit\u00e9<\/strong><\/td>\n<td style=\"text-align: left;\" width=\"256\">1. Couvercle hydraulique avec fen\u00eatre en verre<br \/>2. Bords arrondis polis miroir<br \/>3. Cadre vertical stable<\/td>\n<\/tr>\n<tr>\n<td style=\"text-align: left;\" height=\"24\"><strong>Option personnalis\u00e9e<\/strong><\/td>\n<td style=\"text-align: left;\">Logo\/couleur\/taille\/emballage\/accessoires<\/td>\n<\/tr>\n<\/tbody>\n<\/table>","protected":false},"featured_media":1824,"comment_status":"closed","ping_status":"closed","template":"","meta":{"_acf_changed":false},"product_brand":[],"product_cat":[18],"product_tag":[],"class_list":{"0":"post-1829","1":"product","2":"type-product","3":"status-publish","4":"has-post-thumbnail","6":"product_cat-wholesale-chafing-dishes","8":"first","9":"instock","10":"shipping-taxable","11":"product-type-simple"},"acf":[],"_links":{"self":[{"href":"https:\/\/www.billiondaysupplier.com\/fr\/wp-json\/wp\/v2\/product\/1829","targetHints":{"allow":["GET"]}}],"collection":[{"href":"https:\/\/www.billiondaysupplier.com\/fr\/wp-json\/wp\/v2\/product"}],"about":[{"href":"https:\/\/www.billiondaysupplier.com\/fr\/wp-json\/wp\/v2\/types\/product"}],"replies":[{"embeddable":true,"href":"https:\/\/www.billiondaysupplier.com\/fr\/wp-json\/wp\/v2\/comments?post=1829"}],"wp:featuredmedia":[{"embeddable":true,"href":"https:\/\/www.billiondaysupplier.com\/fr\/wp-json\/wp\/v2\/media\/1824"}],"wp:attachment":[{"href":"https:\/\/www.billiondaysupplier.com\/fr\/wp-json\/wp\/v2\/media?parent=1829"}],"wp:term":[{"taxonomy":"product_brand","embeddable":true,"href":"https:\/\/www.billiondaysupplier.com\/fr\/wp-json\/wp\/v2\/product_brand?post=1829"},{"taxonomy":"product_cat","embeddable":true,"href":"https:\/\/www.billiondaysupplier.com\/fr\/wp-json\/wp\/v2\/product_cat?post=1829"},{"taxonomy":"product_tag","embeddable":true,"href":"https:\/\/www.billiondaysupplier.com\/fr\/wp-json\/wp\/v2\/product_tag?post=1829"}],"curies":[{"name":"wp","href":"https:\/\/api.w.org\/{rel}","templated":true}]}}