{"id":1822,"date":"2026-03-28T03:25:36","date_gmt":"2026-03-28T03:25:36","guid":{"rendered":"https:\/\/www.billiondaysupplier.com\/?post_type=product&#038;p=1822"},"modified":"2026-03-28T06:07:52","modified_gmt":"2026-03-28T06:07:52","slug":"wholesale-buffet-chafing-dishes","status":"publish","type":"product","link":"https:\/\/www.billiondaysupplier.com\/fr\/produit\/wholesale-buffet-chafing-dishes\/","title":{"rendered":"R\u00e9chauds de buffet en gros, R\u00e9chauds ronds personnalis\u00e9s avec couvercle en verre pour les h\u00f4tels et les mariages"},"content":{"rendered":"<div class=\"wp-block-columns is-layout-flex wp-container-core-columns-is-layout-9d6595d7 wp-block-columns-is-layout-flex\">\n<div class=\"wp-block-column is-layout-flow wp-block-column-is-layout-flow\">\n<h2 class=\"wp-block-heading\">Buffet Chafing Dishes Caract\u00e9ristiques :<\/h2>\n\n\n\n<p><strong>Aspect \u00e9l\u00e9gant :<\/strong> La finition galvanique brillante est r\u00e9sistante \u00e0 la corrosion et \u00e0 l'oxydation, ce qui lui conf\u00e8re un aspect haut de gamme.<\/p>\n\n\n\n<p><strong>Couvercle en verre :<\/strong> Permet aux utilisateurs de voir les aliments sans ouvrir le couvercle, ce qui \u00e9vite les pertes de chaleur dues \u00e0 des ouvertures fr\u00e9quentes et maintient la temp\u00e9rature et l'humidit\u00e9 des aliments.<\/p>\n\n\n\n<p><strong>Pot int\u00e9rieur 6L<\/strong>: Peut maintenir simultan\u00e9ment au chaud de grands plats, s'adaptant ainsi \u00e0 diverses occasions.<\/p>\n\n\n\n<p><strong>Polyvalent : <\/strong>Convient aux h\u00f4tels, aux buffets, aux banquets et \u00e0 d'autres lieux, et r\u00e9pond parfaitement aux exigences de la restauration commerciale en mati\u00e8re d'efficacit\u00e9, de durabilit\u00e9 et d'\u00e9l\u00e9gance.<\/p>\n\n\n\n<p><strong>Facile \u00e0 nettoyer : <\/strong>Fabriqu\u00e9e en acier inoxydable et en verre de haute qualit\u00e9, la surface lisse facilite le nettoyage et l'entretien, ce qui accro\u00eet l'efficacit\u00e9.<\/p>\n\n\n\n<p><strong>Service OEM<\/strong>: Nous proposons des logos, des couleurs, des capacit\u00e9s, des styles et des emballages personnalis\u00e9s afin de personnaliser nos produits et de r\u00e9pondre aux divers besoins du march\u00e9.<\/p>\n<\/div>\n\n\n\n<div class=\"wp-block-column is-layout-flow wp-block-column-is-layout-flow\">\n<figure class=\"wp-block-image size-full\"><img decoding=\"async\" width=\"800\" height=\"800\" src=\"https:\/\/www.billiondaysupplier.com\/wp-content\/uploads\/2026\/03\/chafing-17.webp\" alt=\"chafing dish wholesale price\" class=\"wp-image-1827\" srcset=\"https:\/\/www.billiondaysupplier.com\/wp-content\/uploads\/2026\/03\/chafing-17.webp 800w, https:\/\/www.billiondaysupplier.com\/wp-content\/uploads\/2026\/03\/chafing-17-300x300.webp 300w, https:\/\/www.billiondaysupplier.com\/wp-content\/uploads\/2026\/03\/chafing-17-150x150.webp 150w, https:\/\/www.billiondaysupplier.com\/wp-content\/uploads\/2026\/03\/chafing-17-768x768.webp 768w, https:\/\/www.billiondaysupplier.com\/wp-content\/uploads\/2026\/03\/chafing-17-12x12.webp 12w, https:\/\/www.billiondaysupplier.com\/wp-content\/uploads\/2026\/03\/chafing-17-600x600.webp 600w, https:\/\/www.billiondaysupplier.com\/wp-content\/uploads\/2026\/03\/chafing-17-100x100.webp 100w\" sizes=\"(max-width: 800px) 100vw, 800px\" \/><\/figure>\n<\/div>\n<\/div>\n\n\n\n<p><\/p>","protected":false},"excerpt":{"rendered":"<p>Les chafing dishes de Billion Day sont fabriqu\u00e9s en acier inoxydable de premi\u00e8re qualit\u00e9 avec une finition galvanis\u00e9e brillante, ce qui garantit leur durabilit\u00e9, leur r\u00e9sistance \u00e0 la corrosion et leur pr\u00e9sentation \u00e9l\u00e9gante. La capacit\u00e9 de 6 litres, le couvercle en verre et les plaques int\u00e9rieures de forme ronde permettent de conserver la chaleur et de servir efficacement les plats dans la restauration commerciale. Les services OEM\/ODM sont pris en charge. Contactez-nous d\u00e8s maintenant pour obtenir des solutions personnalis\u00e9es et des prix de gros comp\u00e9titifs adapt\u00e9s aux besoins de votre projet.<\/p>\n<h2>Param\u00e8tres des plats de cuisson de buffet\uff1a<\/h2>\n<table border=\"0\" width=\"404\" cellspacing=\"0\" cellpadding=\"0\">\n<tbody>\n<tr>\n<td style=\"text-align: left;\" width=\"148\" height=\"24\"><strong>Mat\u00e9riau<\/strong><\/td>\n<td style=\"text-align: left;\" width=\"256\">Acier inoxydable 201<\/td>\n<\/tr>\n<tr>\n<td style=\"text-align: left;\" height=\"69\"><strong>Couleur<\/strong><\/td>\n<td style=\"text-align: left;\" width=\"256\">Argent\u00e9\/Or\/Acceptation de la personnalisation<\/td>\n<\/tr>\n<tr>\n<td style=\"text-align: left;\" height=\"24\"><strong>M\u00e9thode de chauffage<\/strong><\/td>\n<td style=\"text-align: left;\">Chauffage au fuel ou \u00e9lectrique<\/td>\n<\/tr>\n<tr>\n<td style=\"text-align: left;\" height=\"24\"><strong>Capacit\u00e9<\/strong><\/td>\n<td style=\"text-align: left;\">6.0L<\/td>\n<\/tr>\n<tr>\n<td style=\"text-align: left;\" height=\"92\"><strong>Fonctionnalit\u00e9<\/strong><\/td>\n<td style=\"text-align: left;\" width=\"256\">1. Couvercle hydraulique avec fen\u00eatre en verre<br \/>2. Bords arrondis polis miroir<br \/>3. Cadre vertical stable<\/td>\n<\/tr>\n<tr>\n<td style=\"text-align: left;\" height=\"24\"><strong>Option personnalis\u00e9e<\/strong><\/td>\n<td style=\"text-align: left;\">Logo\/couleur\/taille\/emballage\/accessoires<\/td>\n<\/tr>\n<\/tbody>\n<\/table>","protected":false},"featured_media":1826,"comment_status":"closed","ping_status":"closed","template":"","meta":{"_acf_changed":true},"product_brand":[],"product_cat":[18],"product_tag":[],"class_list":{"0":"post-1822","1":"product","2":"type-product","3":"status-publish","4":"has-post-thumbnail","6":"product_cat-wholesale-chafing-dishes","8":"first","9":"instock","10":"shipping-taxable","11":"product-type-simple"},"acf":[],"_links":{"self":[{"href":"https:\/\/www.billiondaysupplier.com\/fr\/wp-json\/wp\/v2\/product\/1822","targetHints":{"allow":["GET"]}}],"collection":[{"href":"https:\/\/www.billiondaysupplier.com\/fr\/wp-json\/wp\/v2\/product"}],"about":[{"href":"https:\/\/www.billiondaysupplier.com\/fr\/wp-json\/wp\/v2\/types\/product"}],"replies":[{"embeddable":true,"href":"https:\/\/www.billiondaysupplier.com\/fr\/wp-json\/wp\/v2\/comments?post=1822"}],"wp:featuredmedia":[{"embeddable":true,"href":"https:\/\/www.billiondaysupplier.com\/fr\/wp-json\/wp\/v2\/media\/1826"}],"wp:attachment":[{"href":"https:\/\/www.billiondaysupplier.com\/fr\/wp-json\/wp\/v2\/media?parent=1822"}],"wp:term":[{"taxonomy":"product_brand","embeddable":true,"href":"https:\/\/www.billiondaysupplier.com\/fr\/wp-json\/wp\/v2\/product_brand?post=1822"},{"taxonomy":"product_cat","embeddable":true,"href":"https:\/\/www.billiondaysupplier.com\/fr\/wp-json\/wp\/v2\/product_cat?post=1822"},{"taxonomy":"product_tag","embeddable":true,"href":"https:\/\/www.billiondaysupplier.com\/fr\/wp-json\/wp\/v2\/product_tag?post=1822"}],"curies":[{"name":"wp","href":"https:\/\/api.w.org\/{rel}","templated":true}]}}