{"id":1821,"date":"2026-03-28T03:57:46","date_gmt":"2026-03-28T03:57:46","guid":{"rendered":"https:\/\/www.billiondaysupplier.com\/?post_type=product&#038;p=1821"},"modified":"2026-03-28T04:00:38","modified_gmt":"2026-03-28T04:00:38","slug":"custom-chafing-dishes-electric","status":"publish","type":"product","link":"https:\/\/www.billiondaysupplier.com\/fr\/produit\/custom-chafing-dishes-electric\/","title":{"rendered":"Plats \u00e0 r\u00f4tir \u00e9lectriques, ronds hydrauliques Buffet avec panneau CNC en vrac"},"content":{"rendered":"<div class=\"wp-block-columns is-layout-flex wp-container-core-columns-is-layout-9d6595d7 wp-block-columns-is-layout-flex\">\n<div class=\"wp-block-column is-layout-flow wp-block-column-is-layout-flow\">\n<h2 class=\"wp-block-heading\">Plats \u00e0 r\u00f4tir Caract\u00e9ristiques \u00e9lectriques :<\/h2>\n\n\n\n<p><strong>Conception flexible des cloisons :<\/strong> Disponible en 1 ou 2 compartiments pour r\u00e9pondre aux diff\u00e9rents besoins de service - id\u00e9al pour garder les plats sp\u00e9ciaux s\u00e9par\u00e9s ou servir plusieurs \u00e9l\u00e9ments comme les plats principaux, les accompagnements ou les soupes.<\/p>\n\n\n\n<p><strong>Chauffage \u00e9lectrique efficace :<\/strong> Le chauffage \u00e9lectrique avanc\u00e9 avec panneau CNC assure une mont\u00e9e en temp\u00e9rature rapide et un contr\u00f4le stable de la temp\u00e9rature, ce qui permet de conserver les aliments dans des conditions de service optimales tout en pr\u00e9servant l'efficacit\u00e9 \u00e9nerg\u00e9tique.<\/p>\n\n\n\n<p><strong>Transparence Visibilit\u00e9 :<\/strong> Le couvercle en verre transparent permet de surveiller les aliments en temps r\u00e9el sans les ouvrir, ce qui r\u00e9duit les pertes de chaleur et pr\u00e9serve la fra\u00eecheur et l'humidit\u00e9.<\/p>\n\n\n\n<p><strong>Panneau de contr\u00f4le convivial<\/strong>: L'utilisation simple d'une seule touche et le contr\u00f4le ind\u00e9pendant des compartiments facilitent la gestion de plusieurs plats, m\u00eame dans des environnements de restauration tr\u00e8s charg\u00e9s.<\/p>\n\n\n\n<p><strong>Solutions d'\u00e9quipement pour la restauration :<\/strong> Billion Day propose des prix de gros directs, un contr\u00f4le strict de la qualit\u00e9, la personnalisation de petites s\u00e9ries et des services OEM\/ODM pour renforcer votre marque et votre comp\u00e9titivit\u00e9 sur le march\u00e9.<\/p>\n<\/div>\n\n\n\n<div class=\"wp-block-column is-layout-flow wp-block-column-is-layout-flow\">\n<figure class=\"wp-block-image size-full\"><img decoding=\"async\" width=\"800\" height=\"800\" src=\"https:\/\/www.billiondaysupplier.com\/wp-content\/uploads\/2026\/03\/chafing-23.webp\" alt=\"fabricants de chafing dish\" class=\"wp-image-1832\" srcset=\"https:\/\/www.billiondaysupplier.com\/wp-content\/uploads\/2026\/03\/chafing-23.webp 800w, https:\/\/www.billiondaysupplier.com\/wp-content\/uploads\/2026\/03\/chafing-23-300x300.webp 300w, https:\/\/www.billiondaysupplier.com\/wp-content\/uploads\/2026\/03\/chafing-23-150x150.webp 150w, https:\/\/www.billiondaysupplier.com\/wp-content\/uploads\/2026\/03\/chafing-23-768x768.webp 768w, https:\/\/www.billiondaysupplier.com\/wp-content\/uploads\/2026\/03\/chafing-23-12x12.webp 12w, https:\/\/www.billiondaysupplier.com\/wp-content\/uploads\/2026\/03\/chafing-23-600x600.webp 600w, https:\/\/www.billiondaysupplier.com\/wp-content\/uploads\/2026\/03\/chafing-23-100x100.webp 100w\" sizes=\"(max-width: 800px) 100vw, 800px\" \/><\/figure>\n<\/div>\n<\/div>\n\n\n\n<p><\/p>","protected":false},"excerpt":{"rendered":"<p>Bienvenue pour garder les aliments au chaud et\u00a0<span style=\"box-sizing: border-box; margin: 0px; padding: 0px;\">pr\u00e9senter \u00e9l\u00e9gamment avec des chafing dishes \u00e9lectriques personnalis\u00e9s <\/span>par Billion Day. Avec leurs couvercles transparents, leurs compartiments r\u00e9glables et leur chauffage \u00e9lectrique pr\u00e9cis, ils sont id\u00e9aux pour la restauration commerciale.  Nous proposons des configurations de compartiments flexibles et une personnalisation OEM\/ODM. N'h\u00e9sitez pas \u00e0 nous contacter pour des solutions d'\u00e9quipement de buffet !<\/p>\n<h2>Plats \u00e0 r\u00f4tir Param\u00e8tres \u00e9lectriques :<\/h2>\n<table border=\"0\" width=\"404\" cellspacing=\"0\" cellpadding=\"0\">\n<tbody>\n<tr>\n<td style=\"text-align: left;\" width=\"148\" height=\"24\"><strong>Mat\u00e9riau<\/strong><\/td>\n<td style=\"text-align: left;\" width=\"256\">Acier inoxydable 201<\/td>\n<\/tr>\n<tr>\n<td style=\"text-align: left;\" height=\"69\"><strong>Couleur<\/strong><\/td>\n<td style=\"text-align: left;\" width=\"256\">Dor\u00e9\/demi-dor\u00e9\/argent\u00e9\/Acceptation du sur-mesure<\/td>\n<\/tr>\n<tr>\n<td style=\"text-align: left;\" height=\"24\"><strong>M\u00e9thode de chauffage<\/strong><\/td>\n<td style=\"text-align: left;\">Chauffage \u00e9lectrique<\/td>\n<\/tr>\n<tr>\n<td style=\"text-align: left;\" height=\"24\"><strong>Capacit\u00e9<\/strong><\/td>\n<td style=\"text-align: left;\">6.0L<\/td>\n<\/tr>\n<tr>\n<td style=\"text-align: left;\" height=\"92\"><strong>Fonctionnalit\u00e9<\/strong><\/td>\n<td style=\"text-align: left;\" width=\"256\">1. Couvercle hydraulique avec fen\u00eatre en verre<br \/>2. Bords arrondis polis miroir<br \/>3. Cadre vertical stable<\/td>\n<\/tr>\n<tr>\n<td style=\"text-align: left;\" height=\"24\"><strong>Option personnalis\u00e9e<\/strong><\/td>\n<td style=\"text-align: left;\">Logo\/couleur\/taille\/emballage\/accessoires<\/td>\n<\/tr>\n<\/tbody>\n<\/table>","protected":false},"featured_media":1832,"comment_status":"closed","ping_status":"closed","template":"","meta":{"_acf_changed":false},"product_brand":[],"product_cat":[18],"product_tag":[],"class_list":{"0":"post-1821","1":"product","2":"type-product","3":"status-publish","4":"has-post-thumbnail","6":"product_cat-wholesale-chafing-dishes","8":"first","9":"instock","10":"shipping-taxable","11":"product-type-simple"},"acf":[],"_links":{"self":[{"href":"https:\/\/www.billiondaysupplier.com\/fr\/wp-json\/wp\/v2\/product\/1821","targetHints":{"allow":["GET"]}}],"collection":[{"href":"https:\/\/www.billiondaysupplier.com\/fr\/wp-json\/wp\/v2\/product"}],"about":[{"href":"https:\/\/www.billiondaysupplier.com\/fr\/wp-json\/wp\/v2\/types\/product"}],"replies":[{"embeddable":true,"href":"https:\/\/www.billiondaysupplier.com\/fr\/wp-json\/wp\/v2\/comments?post=1821"}],"wp:featuredmedia":[{"embeddable":true,"href":"https:\/\/www.billiondaysupplier.com\/fr\/wp-json\/wp\/v2\/media\/1832"}],"wp:attachment":[{"href":"https:\/\/www.billiondaysupplier.com\/fr\/wp-json\/wp\/v2\/media?parent=1821"}],"wp:term":[{"taxonomy":"product_brand","embeddable":true,"href":"https:\/\/www.billiondaysupplier.com\/fr\/wp-json\/wp\/v2\/product_brand?post=1821"},{"taxonomy":"product_cat","embeddable":true,"href":"https:\/\/www.billiondaysupplier.com\/fr\/wp-json\/wp\/v2\/product_cat?post=1821"},{"taxonomy":"product_tag","embeddable":true,"href":"https:\/\/www.billiondaysupplier.com\/fr\/wp-json\/wp\/v2\/product_tag?post=1821"}],"curies":[{"name":"wp","href":"https:\/\/api.w.org\/{rel}","templated":true}]}}