{"id":1763,"date":"2026-03-02T07:25:07","date_gmt":"2026-03-02T07:25:07","guid":{"rendered":"https:\/\/www.billiondaysupplier.com\/?post_type=product&#038;p=1763"},"modified":"2026-03-02T07:27:13","modified_gmt":"2026-03-02T07:27:13","slug":"custom-chafing-dish-for-buffet","status":"publish","type":"product","link":"https:\/\/www.billiondaysupplier.com\/fr\/product\/custom-chafing-dish-for-buffet\/","title":{"rendered":"Chafing Dish pour Buffet, R\u00e9chauffeur d'aliments commercial Insert en verre pour Fournisseur d'h\u00f4tel"},"content":{"rendered":"<div class=\"wp-block-columns is-layout-flex wp-container-core-columns-is-layout-9d6595d7 wp-block-columns-is-layout-flex\">\n<div class=\"wp-block-column is-layout-flow wp-block-column-is-layout-flow\">\n<h2 class=\"wp-block-heading\">Caract\u00e9ristiques du plat de cuisson pour buffet :<\/h2>\n\n\n\n<p><strong>Construction durable de premi\u00e8re qualit\u00e9<\/strong>: Fabriqu\u00e9 avec un cadre en acier inoxydable plaqu\u00e9 or et un rev\u00eatement en verre borosilicate r\u00e9sistant \u00e0 la chaleur. R\u00e9sistant \u00e0 la rouille, aux rayures et aux produits alimentaires, il est con\u00e7u pour une utilisation fr\u00e9quente dans les h\u00f4tels, les banquets et les \u00e9v\u00e9nements de restauration.<\/p>\n\n\n\n<p><strong>Nettoyage et entretien sans effort<\/strong>: Int\u00e9rieur en verre lisse et sans soudure avec une structure amovible. Les graisses et les r\u00e9sidus se rincent facilement, ce qui permet de r\u00e9pondre aux normes strictes d'hygi\u00e8ne alimentaire tout en r\u00e9duisant consid\u00e9rablement les co\u00fbts de nettoyage et la main-d'\u0153uvre.<\/p>\n\n\n\n<p><strong>Visibilit\u00e9 cristalline<\/strong>: Le rev\u00eatement en verre enti\u00e8rement transparent permet de v\u00e9rifier instantan\u00e9ment l'\u00e9tat des aliments sans soulever le couvercle. Il met en valeur la couleur et la texture des plats tout en minimisant la perte de chaleur pour pr\u00e9server la saveur et la fra\u00eecheur.<\/p>\n\n\n\n<p><strong>Application polyvalente multi-sc\u00e8ne<\/strong>: Conception rectangulaire de grande capacit\u00e9, parfaite pour les buffets d'h\u00f4tel, les stations de service de banquet, la restauration en plein air et divers environnements de restauration.<\/p>\n\n\n\n<p><strong>Personnalisation directe de l'usine :<\/strong> Services ODM\/OEM disponibles. Personnalisez les mat\u00e9riaux, les dimensions, la marque et l'emballage pour cr\u00e9er votre solution exclusive d'\u00e9quipement de restauration adapt\u00e9e \u00e0 vos sp\u00e9cifications exactes.<\/p>\n<\/div>\n\n\n\n<div class=\"wp-block-column is-layout-flow wp-block-column-is-layout-flow\"><div class=\"wp-block-image\">\n<figure class=\"aligncenter size-full\"><img decoding=\"async\" width=\"800\" height=\"800\" src=\"https:\/\/www.billiondaysupplier.com\/wp-content\/uploads\/2026\/02\/chafing-18.webp\" alt=\"Fournitures pour chafing dish\" class=\"wp-image-1764\" srcset=\"https:\/\/www.billiondaysupplier.com\/wp-content\/uploads\/2026\/02\/chafing-18.webp 800w, https:\/\/www.billiondaysupplier.com\/wp-content\/uploads\/2026\/02\/chafing-18-300x300.webp 300w, https:\/\/www.billiondaysupplier.com\/wp-content\/uploads\/2026\/02\/chafing-18-150x150.webp 150w, https:\/\/www.billiondaysupplier.com\/wp-content\/uploads\/2026\/02\/chafing-18-768x768.webp 768w, https:\/\/www.billiondaysupplier.com\/wp-content\/uploads\/2026\/02\/chafing-18-12x12.webp 12w, https:\/\/www.billiondaysupplier.com\/wp-content\/uploads\/2026\/02\/chafing-18-600x600.webp 600w, https:\/\/www.billiondaysupplier.com\/wp-content\/uploads\/2026\/02\/chafing-18-100x100.webp 100w\" sizes=\"(max-width: 800px) 100vw, 800px\" \/><\/figure>\n<\/div><\/div>\n<\/div>","protected":false},"excerpt":{"rendered":"<p>Plat \u00e0 chafing personnalis\u00e9 pour buffet avec cadre en acier inoxydable plaqu\u00e9 or de premi\u00e8re qualit\u00e9, rev\u00eatement en verre borosilicat\u00e9 de haute qualit\u00e9 et mat\u00e9riau compatible avec les aliments. Facile \u00e0 nettoyer, visibilit\u00e9 limpide et polyvalent pour les h\u00f4tels, les banquets et la restauration. Possibilit\u00e9 de personnalisation ODM\/OEM. Contactez-nous pour une solution exclusive en mati\u00e8re de buffet !<\/p>\n<h2>Plat de cuisson pour buffet Param\u00e8tre\uff1a<\/h2>\n<table border=\"0\" width=\"404\" cellspacing=\"0\" cellpadding=\"0\">\n<tbody>\n<tr>\n<td style=\"text-align: left;\" width=\"148\" height=\"24\"><strong>Mat\u00e9riau<\/strong><\/td>\n<td style=\"text-align: left;\" width=\"256\">Acier inoxydable 201, fer, verre<\/td>\n<\/tr>\n<tr>\n<td style=\"text-align: left;\" height=\"69\"><strong>Couleur<\/strong><\/td>\n<td style=\"text-align: left;\" width=\"256\">L'or<\/td>\n<\/tr>\n<tr>\n<td style=\"text-align: left;\" height=\"24\"><strong>M\u00e9thode de chauffage<\/strong><\/td>\n<td style=\"text-align: left;\">Chauffage au fuel<\/td>\n<\/tr>\n<tr>\n<td style=\"text-align: left;\" height=\"24\"><strong>Capacit\u00e9<\/strong><\/td>\n<td style=\"text-align: left;\">2L<\/td>\n<\/tr>\n<tr>\n<td style=\"text-align: left;\" height=\"92\"><strong>Fonctionnalit\u00e9<\/strong><\/td>\n<td style=\"text-align: left;\" width=\"256\">\n<p>1. Un design exquis<br \/>2. Design creux fantaisie<br \/>3. Cadre vertical stable<\/p>\n<\/td>\n<\/tr>\n<tr>\n<td style=\"text-align: left;\" height=\"24\"><strong>Option personnalis\u00e9e<\/strong><\/td>\n<td style=\"text-align: left;\">Logo\/couleur\/taille\/emballage\/accessoires<\/td>\n<\/tr>\n<\/tbody>\n<\/table>","protected":false},"featured_media":1766,"comment_status":"closed","ping_status":"closed","template":"","meta":{"_acf_changed":true},"product_brand":[],"product_cat":[18],"product_tag":[],"class_list":{"0":"post-1763","1":"product","2":"type-product","3":"status-publish","4":"has-post-thumbnail","6":"product_cat-wholesale-chafing-dishes","8":"first","9":"instock","10":"shipping-taxable","11":"product-type-simple"},"acf":[],"_links":{"self":[{"href":"https:\/\/www.billiondaysupplier.com\/fr\/wp-json\/wp\/v2\/product\/1763","targetHints":{"allow":["GET"]}}],"collection":[{"href":"https:\/\/www.billiondaysupplier.com\/fr\/wp-json\/wp\/v2\/product"}],"about":[{"href":"https:\/\/www.billiondaysupplier.com\/fr\/wp-json\/wp\/v2\/types\/product"}],"replies":[{"embeddable":true,"href":"https:\/\/www.billiondaysupplier.com\/fr\/wp-json\/wp\/v2\/comments?post=1763"}],"wp:featuredmedia":[{"embeddable":true,"href":"https:\/\/www.billiondaysupplier.com\/fr\/wp-json\/wp\/v2\/media\/1766"}],"wp:attachment":[{"href":"https:\/\/www.billiondaysupplier.com\/fr\/wp-json\/wp\/v2\/media?parent=1763"}],"wp:term":[{"taxonomy":"product_brand","embeddable":true,"href":"https:\/\/www.billiondaysupplier.com\/fr\/wp-json\/wp\/v2\/product_brand?post=1763"},{"taxonomy":"product_cat","embeddable":true,"href":"https:\/\/www.billiondaysupplier.com\/fr\/wp-json\/wp\/v2\/product_cat?post=1763"},{"taxonomy":"product_tag","embeddable":true,"href":"https:\/\/www.billiondaysupplier.com\/fr\/wp-json\/wp\/v2\/product_tag?post=1763"}],"curies":[{"name":"wp","href":"https:\/\/api.w.org\/{rel}","templated":true}]}}