{"id":1759,"date":"2026-03-02T06:18:47","date_gmt":"2026-03-02T06:18:47","guid":{"rendered":"https:\/\/www.billiondaysupplier.com\/?post_type=product&#038;p=1759"},"modified":"2026-03-02T06:20:45","modified_gmt":"2026-03-02T06:20:45","slug":"wholesale-chafing-dish-gold","status":"publish","type":"product","link":"https:\/\/www.billiondaysupplier.com\/fr\/product\/wholesale-chafing-dish-gold\/","title":{"rendered":"Wholesale Chafing Dish Gold Stainless Steel with Glass Insert Square Buffet Set Supplier"},"content":{"rendered":"<div class=\"wp-block-columns is-layout-flex wp-container-core-columns-is-layout-9d6595d7 wp-block-columns-is-layout-flex\">\n<div class=\"wp-block-column is-layout-flow wp-block-column-is-layout-flow\">\n<h2 class=\"wp-block-heading\">Chafing Dish Gold Caract\u00e9ristiques :<\/h2>\n\n\n\n<p><strong>Couvercle de pr\u00e9sentation en verre transparent<\/strong>: Le couvercle en verre enti\u00e8rement transparent fait de chaque plat un point de mire visuel. Il met parfaitement en valeur la texture, la couleur et la fra\u00eecheur de la cuisine, am\u00e9liorant ainsi la perception qu'ont les clients de la qualit\u00e9 du service du restaurant. Les convives peuvent facilement appr\u00e9cier les plats avant de les go\u00fbter, ce qui stimule leur app\u00e9tit et ajoute une touche d'\u00e9l\u00e9gance \u00e0 l'exp\u00e9rience gastronomique.<\/p>\n\n\n\n<p><strong>Mat\u00e9riaux de haute qualit\u00e9<\/strong>: Fabriqu\u00e9 en verre tr\u00e8s r\u00e9sistant et en acier inoxydable de qualit\u00e9 alimentaire, il est capable de r\u00e9sister \u00e0 des temp\u00e9ratures \u00e9lev\u00e9es provenant de sources de chaleur, ce qui garantit un fonctionnement efficace \u00e0 long terme sans risque d'endommagement.<\/p>\n\n\n\n<p><strong>Application polyvalente :<\/strong> Que ce soit pour des banquets en plein air, des buffets d'h\u00f4tel ou des plats sp\u00e9cialis\u00e9s servis dans des restaurants, ce chauffe-plats peut am\u00e9liorer l'exp\u00e9rience gastronomique globale.<\/p>\n\n\n\n<p><strong>Fond antid\u00e9rapant<\/strong>: Sa conception am\u00e9liore la stabilit\u00e9 et la s\u00e9curit\u00e9 pendant le service, ce qui emp\u00eache les assiettes de glisser ou de basculer accidentellement sur des surfaces lisses telles que les tables de banquet ou les comptoirs, r\u00e9duisant ainsi le risque de renversement des aliments, de casse et de br\u00fblures dues aux aliments chauds ou aux flammes. Ce syst\u00e8me est particuli\u00e8rement important dans les environnements de restauration tr\u00e8s fr\u00e9quent\u00e9s, les buffets ou les \u00e9v\u00e9nements en plein air, car il offre aux utilisateurs une plus grande tranquillit\u00e9 d'esprit.<\/p>\n<\/div>\n\n\n\n<div class=\"wp-block-column is-layout-flow wp-block-column-is-layout-flow\"><div class=\"wp-block-image\">\n<figure class=\"aligncenter size-full\"><img decoding=\"async\" width=\"800\" height=\"800\" src=\"https:\/\/www.billiondaysupplier.com\/wp-content\/uploads\/2026\/02\/chafing-13.webp\" alt=\"fabricants de chafing dish\" class=\"wp-image-1762\" srcset=\"https:\/\/www.billiondaysupplier.com\/wp-content\/uploads\/2026\/02\/chafing-13.webp 800w, https:\/\/www.billiondaysupplier.com\/wp-content\/uploads\/2026\/02\/chafing-13-300x300.webp 300w, https:\/\/www.billiondaysupplier.com\/wp-content\/uploads\/2026\/02\/chafing-13-150x150.webp 150w, https:\/\/www.billiondaysupplier.com\/wp-content\/uploads\/2026\/02\/chafing-13-768x768.webp 768w, https:\/\/www.billiondaysupplier.com\/wp-content\/uploads\/2026\/02\/chafing-13-12x12.webp 12w, https:\/\/www.billiondaysupplier.com\/wp-content\/uploads\/2026\/02\/chafing-13-600x600.webp 600w, https:\/\/www.billiondaysupplier.com\/wp-content\/uploads\/2026\/02\/chafing-13-100x100.webp 100w\" sizes=\"(max-width: 800px) 100vw, 800px\" \/><\/figure>\n<\/div><\/div>\n<\/div>\n\n\n\n<div class=\"wp-block-columns is-layout-flex wp-container-core-columns-is-layout-9d6595d7 wp-block-columns-is-layout-flex\">\n<div class=\"wp-block-column is-layout-flow wp-block-column-is-layout-flow\"><div class=\"wp-block-image\">\n<figure class=\"aligncenter size-full\"><img decoding=\"async\" width=\"800\" height=\"800\" src=\"https:\/\/www.billiondaysupplier.com\/wp-content\/uploads\/2026\/02\/chafing-14.webp\" alt=\"fabricants de chafing dish\" class=\"wp-image-1761\" srcset=\"https:\/\/www.billiondaysupplier.com\/wp-content\/uploads\/2026\/02\/chafing-14.webp 800w, https:\/\/www.billiondaysupplier.com\/wp-content\/uploads\/2026\/02\/chafing-14-300x300.webp 300w, https:\/\/www.billiondaysupplier.com\/wp-content\/uploads\/2026\/02\/chafing-14-150x150.webp 150w, https:\/\/www.billiondaysupplier.com\/wp-content\/uploads\/2026\/02\/chafing-14-768x768.webp 768w, https:\/\/www.billiondaysupplier.com\/wp-content\/uploads\/2026\/02\/chafing-14-12x12.webp 12w, https:\/\/www.billiondaysupplier.com\/wp-content\/uploads\/2026\/02\/chafing-14-600x600.webp 600w, https:\/\/www.billiondaysupplier.com\/wp-content\/uploads\/2026\/02\/chafing-14-100x100.webp 100w\" sizes=\"(max-width: 800px) 100vw, 800px\" \/><\/figure>\n<\/div><\/div>\n\n\n\n<div class=\"wp-block-column is-layout-flow wp-block-column-is-layout-flow\">\n<figure class=\"wp-block-image size-full\"><img decoding=\"async\" width=\"800\" height=\"800\" src=\"https:\/\/www.billiondaysupplier.com\/wp-content\/uploads\/2026\/02\/chafing-15.webp\" alt=\"fabricants de chafing dish\" class=\"wp-image-1760\" srcset=\"https:\/\/www.billiondaysupplier.com\/wp-content\/uploads\/2026\/02\/chafing-15.webp 800w, https:\/\/www.billiondaysupplier.com\/wp-content\/uploads\/2026\/02\/chafing-15-300x300.webp 300w, https:\/\/www.billiondaysupplier.com\/wp-content\/uploads\/2026\/02\/chafing-15-150x150.webp 150w, https:\/\/www.billiondaysupplier.com\/wp-content\/uploads\/2026\/02\/chafing-15-768x768.webp 768w, https:\/\/www.billiondaysupplier.com\/wp-content\/uploads\/2026\/02\/chafing-15-12x12.webp 12w, https:\/\/www.billiondaysupplier.com\/wp-content\/uploads\/2026\/02\/chafing-15-600x600.webp 600w, https:\/\/www.billiondaysupplier.com\/wp-content\/uploads\/2026\/02\/chafing-15-100x100.webp 100w\" sizes=\"(max-width: 800px) 100vw, 800px\" \/><\/figure>\n<\/div>\n<\/div>","protected":false},"excerpt":{"rendered":"<p>Notre plat \u00e0 r\u00f4tir en gros or combine des motifs ajour\u00e9s r\u00e9tro avec du verre transparent, id\u00e9al pour les banquets et les buffets haut de gamme. Fourniture directe d'usine avec des d\u00e9lais de livraison contr\u00f4lables. Contactez-nous pour des solutions de vente en gros personnalis\u00e9es !<\/p>\n<h2>Param\u00e8tre de la chafing dish en or\uff1a<\/h2>\n<table border=\"0\" width=\"404\" cellspacing=\"0\" cellpadding=\"0\">\n<tbody>\n<tr>\n<td style=\"text-align: left;\" width=\"148\" height=\"24\"><strong>Mat\u00e9riau<\/strong><\/td>\n<td style=\"text-align: left;\" width=\"256\">Acier inoxydable 201, fer, verre<\/td>\n<\/tr>\n<tr>\n<td style=\"text-align: left;\" height=\"69\"><strong>Couleur<\/strong><\/td>\n<td style=\"text-align: left;\" width=\"256\">L'or<\/td>\n<\/tr>\n<tr>\n<td style=\"text-align: left;\" height=\"24\"><strong>M\u00e9thode de chauffage<\/strong><\/td>\n<td style=\"text-align: left;\">Chauffage au fuel<\/td>\n<\/tr>\n<tr>\n<td style=\"text-align: left;\" height=\"24\"><strong>Capacit\u00e9<\/strong><\/td>\n<td style=\"text-align: left;\">2L<\/td>\n<\/tr>\n<tr>\n<td style=\"text-align: left;\" height=\"92\"><strong>Fonctionnalit\u00e9<\/strong><\/td>\n<td style=\"text-align: left;\" width=\"256\">\n<p>1. Un design exquis<br \/>2. Design creux fantaisie<br \/>3. Cadre vertical stable<\/p>\n<\/td>\n<\/tr>\n<tr>\n<td style=\"text-align: left;\" height=\"24\"><strong>Option personnalis\u00e9e<\/strong><\/td>\n<td style=\"text-align: left;\">Logo\/couleur\/taille\/emballage\/accessoires<\/td>\n<\/tr>\n<\/tbody>\n<\/table>","protected":false},"featured_media":1762,"comment_status":"closed","ping_status":"closed","template":"","meta":{"_acf_changed":true},"product_brand":[],"product_cat":[18],"product_tag":[],"class_list":{"0":"post-1759","1":"product","2":"type-product","3":"status-publish","4":"has-post-thumbnail","6":"product_cat-wholesale-chafing-dishes","8":"first","9":"instock","10":"shipping-taxable","11":"product-type-simple"},"acf":[],"_links":{"self":[{"href":"https:\/\/www.billiondaysupplier.com\/fr\/wp-json\/wp\/v2\/product\/1759","targetHints":{"allow":["GET"]}}],"collection":[{"href":"https:\/\/www.billiondaysupplier.com\/fr\/wp-json\/wp\/v2\/product"}],"about":[{"href":"https:\/\/www.billiondaysupplier.com\/fr\/wp-json\/wp\/v2\/types\/product"}],"replies":[{"embeddable":true,"href":"https:\/\/www.billiondaysupplier.com\/fr\/wp-json\/wp\/v2\/comments?post=1759"}],"wp:featuredmedia":[{"embeddable":true,"href":"https:\/\/www.billiondaysupplier.com\/fr\/wp-json\/wp\/v2\/media\/1762"}],"wp:attachment":[{"href":"https:\/\/www.billiondaysupplier.com\/fr\/wp-json\/wp\/v2\/media?parent=1759"}],"wp:term":[{"taxonomy":"product_brand","embeddable":true,"href":"https:\/\/www.billiondaysupplier.com\/fr\/wp-json\/wp\/v2\/product_brand?post=1759"},{"taxonomy":"product_cat","embeddable":true,"href":"https:\/\/www.billiondaysupplier.com\/fr\/wp-json\/wp\/v2\/product_cat?post=1759"},{"taxonomy":"product_tag","embeddable":true,"href":"https:\/\/www.billiondaysupplier.com\/fr\/wp-json\/wp\/v2\/product_tag?post=1759"}],"curies":[{"name":"wp","href":"https:\/\/api.w.org\/{rel}","templated":true}]}}