{"id":1756,"date":"2026-03-02T08:19:18","date_gmt":"2026-03-02T08:19:18","guid":{"rendered":"https:\/\/www.billiondaysupplier.com\/?post_type=product&#038;p=1756"},"modified":"2026-03-02T08:21:25","modified_gmt":"2026-03-02T08:21:25","slug":"wholesale-chafer-chafing-dish","status":"publish","type":"product","link":"https:\/\/www.billiondaysupplier.com\/fr\/product\/wholesale-chafer-chafing-dish\/","title":{"rendered":"Wholesale Chafer Chafing Dish, Premium Gold-Plated Buffet Warmer with Glass Liner Supplier"},"content":{"rendered":"<div class=\"wp-block-columns is-layout-flex wp-container-core-columns-is-layout-9d6595d7 wp-block-columns-is-layout-flex\">\n<div class=\"wp-block-column is-layout-flow wp-block-column-is-layout-flow\">\n<h2 class=\"wp-block-heading\">Chafing Dish Caract\u00e9ristiques :<\/h2>\n\n\n\n<p><strong class=\"\">Support robuste plaqu\u00e9 or<\/strong>: Cadre ajour\u00e9 en acier inoxydable plaqu\u00e9 or, d'une capacit\u00e9 de charge et d'une stabilit\u00e9 structurelle exceptionnelles. Les performances sont fiables dans les buffets et les banquets, tandis que le motif floral exquis rehausse l'\u00e9l\u00e9gance visuelle globale.<\/p>\n\n\n\n<p><strong>Couvercle enti\u00e8rement en cuivre<\/strong>: La construction enti\u00e8rement en cuivre de premi\u00e8re qualit\u00e9 offre un poids important et une distribution uniforme de la chaleur, ce qui permet de conserver la temp\u00e9rature et la saveur des aliments. Le bouton arrondi assure une ouverture et une fermeture sans effort - le luxe \u00e0 l'\u00e9tat pur dans les moindres d\u00e9tails.<\/p>\n\n\n\n<p><strong class=\"\">Bassin en verre borosilicat\u00e9 de haute qualit\u00e9<\/strong>: Le rev\u00eatement en verre thermor\u00e9sistant de qualit\u00e9 alimentaire offre une visibilit\u00e9 cristalline - v\u00e9rifiez l'\u00e9tat des aliments sans soulever le couvercle. Les couleurs des plats sont mises en valeur et la surface lisse et sans soudure permet un nettoyage facile sans aucun angle mort, conform\u00e9ment aux normes strictes de s\u00e9curit\u00e9 alimentaire.<\/p>\n\n\n\n<p><strong>Poign\u00e9e anti-br\u00fblure<\/strong>: Les poign\u00e9es lat\u00e9rales ergonomiques permettent une prise en main confortable et une isolation thermique efficace pendant le transport. Pr\u00e9vient les br\u00fblures tout en am\u00e9liorant la s\u00e9curit\u00e9 et la commodit\u00e9 d'utilisation.<\/p>\n\n\n\n<p><strong>Approvisionnement direct du fabricant<\/strong>: En tant qu'usine de production d'\u00e9quipements de buffet, Billion Day propose des prix de gros tr\u00e8s comp\u00e9titifs avec un support de personnalisation ODM\/OEM complet. Un contr\u00f4le de qualit\u00e9 rigoureux assure la coh\u00e9rence des produits, tandis que notre cha\u00eene d'approvisionnement mature garantit une livraison dans les d\u00e9lais, fournissant des solutions d'\u00e9quipement stables et fiables pour vos projets de restauration.<\/p>\n<\/div>\n\n\n\n<div class=\"wp-block-column is-layout-flow wp-block-column-is-layout-flow\"><div class=\"wp-block-image\">\n<figure class=\"aligncenter size-full\"><img decoding=\"async\" width=\"800\" height=\"800\" src=\"https:\/\/www.billiondaysupplier.com\/wp-content\/uploads\/2026\/02\/chafing-12.webp\" alt=\"chafing dish china\" class=\"wp-image-1757\" srcset=\"https:\/\/www.billiondaysupplier.com\/wp-content\/uploads\/2026\/02\/chafing-12.webp 800w, https:\/\/www.billiondaysupplier.com\/wp-content\/uploads\/2026\/02\/chafing-12-300x300.webp 300w, https:\/\/www.billiondaysupplier.com\/wp-content\/uploads\/2026\/02\/chafing-12-150x150.webp 150w, https:\/\/www.billiondaysupplier.com\/wp-content\/uploads\/2026\/02\/chafing-12-768x768.webp 768w, https:\/\/www.billiondaysupplier.com\/wp-content\/uploads\/2026\/02\/chafing-12-12x12.webp 12w, https:\/\/www.billiondaysupplier.com\/wp-content\/uploads\/2026\/02\/chafing-12-600x600.webp 600w, https:\/\/www.billiondaysupplier.com\/wp-content\/uploads\/2026\/02\/chafing-12-100x100.webp 100w\" sizes=\"(max-width: 800px) 100vw, 800px\" \/><\/figure>\n<\/div><\/div>\n<\/div>","protected":false},"excerpt":{"rendered":"<p data-pm-slice=\"1 1 []\">Ce chafing dish de gros est dot\u00e9 d'un support robuste plaqu\u00e9 or, d'un couvercle en cuivre, d'un bassin en verre r\u00e9sistant \u00e0 la chaleur et de poign\u00e9es anti-br\u00fblures, con\u00e7u pour des buffets de qualit\u00e9 sup\u00e9rieure. Nous proposons des prix de gros comp\u00e9titifs, une personnalisation compl\u00e8te ODM\/OEM, un contr\u00f4le de qualit\u00e9 strict et une livraison dans les d\u00e9lais. Contactez-nous pour obtenir votre solution de restauration sur mesure !<\/p>\n<h2>Param\u00e8tres du hachoir\uff1a<\/h2>\n<table border=\"0\" width=\"404\" cellspacing=\"0\" cellpadding=\"0\">\n<tbody>\n<tr>\n<td style=\"text-align: left;\" width=\"148\" height=\"24\"><strong>Mat\u00e9riau<\/strong><\/td>\n<td style=\"text-align: left;\" width=\"256\">Acier inoxydable 201, fer, verre<\/td>\n<\/tr>\n<tr>\n<td style=\"text-align: left;\" height=\"69\"><strong>Couleur<\/strong><\/td>\n<td style=\"text-align: left;\" width=\"256\">L'or<\/td>\n<\/tr>\n<tr>\n<td style=\"text-align: left;\" height=\"24\"><strong>M\u00e9thode de chauffage<\/strong><\/td>\n<td style=\"text-align: left;\">Chauffage au fuel<\/td>\n<\/tr>\n<tr>\n<td style=\"text-align: left;\" height=\"24\"><strong>Capacit\u00e9<\/strong><\/td>\n<td style=\"text-align: left;\">2L<\/td>\n<\/tr>\n<tr>\n<td style=\"text-align: left;\" height=\"92\"><strong>Fonctionnalit\u00e9<\/strong><\/td>\n<td style=\"text-align: left;\" width=\"256\">\n<p>1. Un design exquis<br \/>2. Design creux fantaisie<br \/>3. Cadre vertical stable<\/p>\n<\/td>\n<\/tr>\n<tr>\n<td style=\"text-align: left;\" height=\"24\"><strong>Option personnalis\u00e9e<\/strong><\/td>\n<td style=\"text-align: left;\">Logo\/couleur\/taille\/emballage\/accessoires<\/td>\n<\/tr>\n<\/tbody>\n<\/table>","protected":false},"featured_media":1757,"comment_status":"closed","ping_status":"closed","template":"","meta":{"_acf_changed":false},"product_brand":[],"product_cat":[18],"product_tag":[],"class_list":{"0":"post-1756","1":"product","2":"type-product","3":"status-publish","4":"has-post-thumbnail","6":"product_cat-wholesale-chafing-dishes","8":"first","9":"instock","10":"shipping-taxable","11":"product-type-simple"},"acf":[],"_links":{"self":[{"href":"https:\/\/www.billiondaysupplier.com\/fr\/wp-json\/wp\/v2\/product\/1756","targetHints":{"allow":["GET"]}}],"collection":[{"href":"https:\/\/www.billiondaysupplier.com\/fr\/wp-json\/wp\/v2\/product"}],"about":[{"href":"https:\/\/www.billiondaysupplier.com\/fr\/wp-json\/wp\/v2\/types\/product"}],"replies":[{"embeddable":true,"href":"https:\/\/www.billiondaysupplier.com\/fr\/wp-json\/wp\/v2\/comments?post=1756"}],"wp:featuredmedia":[{"embeddable":true,"href":"https:\/\/www.billiondaysupplier.com\/fr\/wp-json\/wp\/v2\/media\/1757"}],"wp:attachment":[{"href":"https:\/\/www.billiondaysupplier.com\/fr\/wp-json\/wp\/v2\/media?parent=1756"}],"wp:term":[{"taxonomy":"product_brand","embeddable":true,"href":"https:\/\/www.billiondaysupplier.com\/fr\/wp-json\/wp\/v2\/product_brand?post=1756"},{"taxonomy":"product_cat","embeddable":true,"href":"https:\/\/www.billiondaysupplier.com\/fr\/wp-json\/wp\/v2\/product_cat?post=1756"},{"taxonomy":"product_tag","embeddable":true,"href":"https:\/\/www.billiondaysupplier.com\/fr\/wp-json\/wp\/v2\/product_tag?post=1756"}],"curies":[{"name":"wp","href":"https:\/\/api.w.org\/{rel}","templated":true}]}}