{"id":1716,"date":"2026-01-30T02:14:17","date_gmt":"2026-01-30T02:14:17","guid":{"rendered":"https:\/\/www.billiondaysupplier.com\/?post_type=product&#038;p=1716"},"modified":"2026-01-30T06:20:14","modified_gmt":"2026-01-30T06:20:14","slug":"wholesale-drink-dispenser","status":"publish","type":"product","link":"https:\/\/www.billiondaysupplier.com\/fr\/product\/wholesale-drink-dispenser\/","title":{"rendered":"Wholesale Drink Dispenser Restaurant Supply, Elegant Beverage Dispenser Gold Stainless Steel Supplier"},"content":{"rendered":"<div class=\"wp-block-columns is-layout-flex wp-container-core-columns-is-layout-9d6595d7 wp-block-columns-is-layout-flex\">\n<div class=\"wp-block-column is-layout-flow wp-block-column-is-layout-flow\">\n<h2 class=\"wp-block-heading\">Distributeur de boissons en gros Caract\u00e9ristiques :<\/h2>\n\n\n\n<p><strong>Design luxueux et \u00e9l\u00e9gant<\/strong>: Dot\u00e9 d'un socle sculpt\u00e9 en or, d'un contenant transparent et d'un plateau m\u00e9tallique, il respire la noblesse et l'\u00e9l\u00e9gance. Il convient aux banquets haut de gamme, aux halls d'h\u00f4tel, aux restaurants et \u00e0 d'autres lieux, et rehausse le style g\u00e9n\u00e9ral de l'espace.<\/p>\n\n\n\n<p><strong>Capacit\u00e9 polyvalente<\/strong>: Disponible en version simple ou double pour r\u00e9pondre aux besoins en boissons de diff\u00e9rents sc\u00e9narios. Le mod\u00e8le \u00e0 une t\u00eate convient aux petits rassemblements, tandis que le mod\u00e8le \u00e0 deux t\u00eates est id\u00e9al pour les grands \u00e9v\u00e9nements ou les occasions r\u00e9unissant de nombreuses personnes, ce qui am\u00e9liore l'efficacit\u00e9.<\/p>\n\n\n\n<p><strong>Distribution pratique et pr\u00e9cise<\/strong>: \u00c9quip\u00e9 d'un robinet permettant de contr\u00f4ler facilement le d\u00e9bit de la boisson, il assure une distribution r\u00e9guli\u00e8re et r\u00e9duit les gouttes et les d\u00e9chets. Les utilisateurs peuvent facilement verser la quantit\u00e9 appropri\u00e9e de boisson, \u00e9vitant ainsi le gaspillage.<\/p>\n\n\n\n<p><strong>Acier inoxydable de qualit\u00e9 alimentaire Rev\u00eatement int\u00e9rieur :<\/strong> S\u00fbrs, hygi\u00e9niques, r\u00e9sistants \u00e0 la corrosion et aux odeurs, ils r\u00e9pondent aux normes de la restauration commerciale et conviennent \u00e0 la pr\u00e9sentation et au service de diverses boissons, y compris les jus, les boissons froides et le th\u00e9.<\/p>\n\n\n\n<p><strong>Structure stable et durable : <\/strong>La conception de la base \u00e9paissie assure un placement stable et convient \u00e0 une utilisation commerciale \u00e0 haute fr\u00e9quence.<\/p>\n\n\n\n<p><strong>OEM\/ODM Personnalisation possible : <\/strong>Couleurs, effets de galvanisation, logos et emballages personnalisables pour r\u00e9pondre aux exigences de la marque et du projet.<\/p>\n<\/div>\n\n\n\n<div class=\"wp-block-column is-layout-flow wp-block-column-is-layout-flow\">\n<figure class=\"wp-block-image size-full\"><img decoding=\"async\" width=\"800\" height=\"800\" src=\"https:\/\/www.billiondaysupplier.com\/wp-content\/uploads\/2026\/01\/beverage-dispenser-restaurant-supply3.webp\" alt=\"Distributeur de boissons Restaurant Supply\" class=\"wp-image-1720\" srcset=\"https:\/\/www.billiondaysupplier.com\/wp-content\/uploads\/2026\/01\/beverage-dispenser-restaurant-supply3.webp 800w, https:\/\/www.billiondaysupplier.com\/wp-content\/uploads\/2026\/01\/beverage-dispenser-restaurant-supply3-300x300.webp 300w, https:\/\/www.billiondaysupplier.com\/wp-content\/uploads\/2026\/01\/beverage-dispenser-restaurant-supply3-150x150.webp 150w, https:\/\/www.billiondaysupplier.com\/wp-content\/uploads\/2026\/01\/beverage-dispenser-restaurant-supply3-768x768.webp 768w, https:\/\/www.billiondaysupplier.com\/wp-content\/uploads\/2026\/01\/beverage-dispenser-restaurant-supply3-12x12.webp 12w, https:\/\/www.billiondaysupplier.com\/wp-content\/uploads\/2026\/01\/beverage-dispenser-restaurant-supply3-600x600.webp 600w, https:\/\/www.billiondaysupplier.com\/wp-content\/uploads\/2026\/01\/beverage-dispenser-restaurant-supply3-100x100.webp 100w\" sizes=\"(max-width: 800px) 100vw, 800px\" \/><\/figure>\n<\/div>\n<\/div>","protected":false},"excerpt":{"rendered":"<p>Distributeur de boissons en gros avec une base creuse \u00e9l\u00e9gante, distributeurs de boissons \u00e9l\u00e9gants \u00e0 une ou deux t\u00eates avec des accents dor\u00e9s, id\u00e9al pour les h\u00f4tels et les buffets. Marquage personnalis\u00e9 disponible. Contactez-nous pour un prix de gros.<\/p>\n<h2>Distributeur de boissons en gros Param\u00e8tre\uff1a<\/h2>\n<table width=\"378\">\n<tbody>\n<tr>\n<td width=\"155\">Mat\u00e9riau<\/td>\n<td width=\"223\">Acier inoxydable 201 + PC<\/td>\n<\/tr>\n<tr>\n<td>Couleur<\/td>\n<td width=\"223\">L'or<\/td>\n<\/tr>\n<tr>\n<td>Nombre de robinets<\/td>\n<td>1, 2<\/td>\n<\/tr>\n<tr>\n<td>Capacit\u00e9<\/td>\n<td>8L\/16L<\/td>\n<\/tr>\n<tr>\n<td>Fonction<\/td>\n<td>Isolation froide ou chaude<\/td>\n<\/tr>\n<tr>\n<td>Fonctionnalit\u00e9<\/td>\n<td width=\"223\">\n<p>1. Corps de godet en PC<br \/>2. Robinet en acier inoxydable<br \/>3. Carotte de glace isol\u00e9e<br \/>4. Base fantaisie<\/p>\n<\/td>\n<\/tr>\n<tr>\n<td>Option personnalis\u00e9e<\/td>\n<td width=\"223\">Logo\/couleur\/taille\/emballage\/accessoires<\/td>\n<\/tr>\n<\/tbody>\n<\/table>","protected":false},"featured_media":1717,"comment_status":"closed","ping_status":"closed","template":"","meta":{"_acf_changed":true},"product_brand":[],"product_cat":[19],"product_tag":[],"class_list":{"0":"post-1716","1":"product","2":"type-product","3":"status-publish","4":"has-post-thumbnail","6":"product_cat-wholesale-beverage-dispenser","8":"first","9":"instock","10":"shipping-taxable","11":"product-type-simple"},"acf":[],"_links":{"self":[{"href":"https:\/\/www.billiondaysupplier.com\/fr\/wp-json\/wp\/v2\/product\/1716","targetHints":{"allow":["GET"]}}],"collection":[{"href":"https:\/\/www.billiondaysupplier.com\/fr\/wp-json\/wp\/v2\/product"}],"about":[{"href":"https:\/\/www.billiondaysupplier.com\/fr\/wp-json\/wp\/v2\/types\/product"}],"replies":[{"embeddable":true,"href":"https:\/\/www.billiondaysupplier.com\/fr\/wp-json\/wp\/v2\/comments?post=1716"}],"wp:featuredmedia":[{"embeddable":true,"href":"https:\/\/www.billiondaysupplier.com\/fr\/wp-json\/wp\/v2\/media\/1717"}],"wp:attachment":[{"href":"https:\/\/www.billiondaysupplier.com\/fr\/wp-json\/wp\/v2\/media?parent=1716"}],"wp:term":[{"taxonomy":"product_brand","embeddable":true,"href":"https:\/\/www.billiondaysupplier.com\/fr\/wp-json\/wp\/v2\/product_brand?post=1716"},{"taxonomy":"product_cat","embeddable":true,"href":"https:\/\/www.billiondaysupplier.com\/fr\/wp-json\/wp\/v2\/product_cat?post=1716"},{"taxonomy":"product_tag","embeddable":true,"href":"https:\/\/www.billiondaysupplier.com\/fr\/wp-json\/wp\/v2\/product_tag?post=1716"}],"curies":[{"name":"wp","href":"https:\/\/api.w.org\/{rel}","templated":true}]}}