{"id":1709,"date":"2026-01-30T01:42:00","date_gmt":"2026-01-30T01:42:00","guid":{"rendered":"https:\/\/www.billiondaysupplier.com\/?post_type=product&#038;p=1709"},"modified":"2026-01-30T02:18:26","modified_gmt":"2026-01-30T02:18:26","slug":"wholesale-plastic-plates","status":"publish","type":"product","link":"https:\/\/www.billiondaysupplier.com\/fr\/product\/wholesale-plastic-plates\/","title":{"rendered":"Assiettes en Plastique D\u00eener Assiettes de Luxe \u00e0 Bordures Or Argent Or pour Buffet"},"content":{"rendered":"<div class=\"wp-block-columns is-layout-flex wp-container-core-columns-is-layout-9d6595d7 wp-block-columns-is-layout-flex\">\n<div class=\"wp-block-column is-layout-flow wp-block-column-is-layout-flow\">\n<h2 class=\"wp-block-heading\">Assiettes en plastique en gros Caract\u00e9ristiques :<\/h2>\n\n\n\n<p><strong>Taille optimale et stabilit\u00e9<\/strong>: Avec un diam\u00e8tre de 33 cm, l'assiette offre suffisamment d'espace pour servir, tandis que son bord sur\u00e9lev\u00e9 emp\u00eache les aliments de glisser. Le poids l\u00e9ger de 1015 g facilite la manipulation, tandis que la base en plastique robuste assure la stabilit\u00e9 de l'assiette sur une table ou un comptoir.<\/p>\n\n\n\n<p><strong>3cm de profondeur Design<\/strong>: Avec un diam\u00e8tre de 33 cm, il offre suffisamment d'espace pour les tartines du th\u00e9 de l'apr\u00e8s-midi, les plateaux de charcuterie ou les pr\u00e9sentations de desserts. Id\u00e9al pour les p\u00e2tisseries glac\u00e9es, les hors-d'\u0153uvre sal\u00e9s et les friandises d\u00e9licates, il garantit une pr\u00e9sentation soign\u00e9e et professionnelle.<\/p>\n\n\n\n<p><strong>Finition bicolore intemporelle<\/strong>: Disponible en or et en argent classiques, ce qui s'accorde avec les int\u00e9rieurs modernes, glam et traditionnels. La palette neutre est parfaite pour les repas \u00e0 domicile, la restauration \u00e9v\u00e9nementielle ou les restaurants haut de gamme.<\/p>\n\n\n\n<p><strong>Texture d'\u00e9corce d'arbre en 3D<\/strong>: Les assiettes pr\u00e9sentent une texture d'\u00e9corce d'arbre en 3D, avec un motif naturel et dynamique qui cr\u00e9e un effet visuel \"r\u00eaveur et magnifique\", rompant avec la monotonie des assiettes traditionnelles. Lorsqu'elles sont empil\u00e9es, elles cr\u00e9ent une esth\u00e9tique unique en couches, devenant facilement le \"visage\" de la zone du buffet et am\u00e9liorant l'ambiance du restaurant.<\/p>\n\n\n\n<p><strong>Mat\u00e9riau s\u00fbr et durable<\/strong>: Fabriqu\u00e9es en plastique de qualit\u00e9 alimentaire, leur r\u00e9sistance aux chutes et aux fissures est sup\u00e9rieure \u00e0 celle des plaques en c\u00e9ramique ou en verre ordinaires. Le lavage et l'empilage fr\u00e9quents r\u00e9duisent le risque de casse, ce qui minimise consid\u00e9rablement les co\u00fbts li\u00e9s aux d\u00e9chets.<\/p>\n\n\n\n<p><strong>Facile \u00e0 nettoyer :<\/strong> La surface lisse est facile \u00e0 nettoyer ; les taches d'huile s'enl\u00e8vent facilement, ce qui r\u00e9pond aux besoins de nettoyage fr\u00e9quent des buffets.<\/p>\n\n\n\n<p><strong>Personnalisation flexible pour correspondre \u00e0 la tonalit\u00e9 de la marque<\/strong>: Il permet d'imprimer des logos, d'ajuster leur taille et d'affiner les textures\/couleurs (textures radiales or\/gris argent\u00e9 personnalis\u00e9es, nuances d'\u00e9corce d'arbre, etc. pour s'adapter au th\u00e8me du restaurant), ce qui aide les entreprises \u00e0 cr\u00e9er des assiettes exclusives et \u00e0 renforcer la m\u00e9morisation de la marque.<\/p>\n<\/div>\n\n\n\n<div class=\"wp-block-column is-layout-flow wp-block-column-is-layout-flow\">\n<figure class=\"wp-block-image size-full\"><img decoding=\"async\" width=\"800\" height=\"800\" src=\"https:\/\/www.billiondaysupplier.com\/wp-content\/uploads\/2026\/01\/buffet-table-accessories1.webp\" alt=\"Accessoires pour tables de buffet\" class=\"wp-image-1711\" srcset=\"https:\/\/www.billiondaysupplier.com\/wp-content\/uploads\/2026\/01\/buffet-table-accessories1.webp 800w, https:\/\/www.billiondaysupplier.com\/wp-content\/uploads\/2026\/01\/buffet-table-accessories1-300x300.webp 300w, https:\/\/www.billiondaysupplier.com\/wp-content\/uploads\/2026\/01\/buffet-table-accessories1-150x150.webp 150w, https:\/\/www.billiondaysupplier.com\/wp-content\/uploads\/2026\/01\/buffet-table-accessories1-768x768.webp 768w, https:\/\/www.billiondaysupplier.com\/wp-content\/uploads\/2026\/01\/buffet-table-accessories1-12x12.webp 12w, https:\/\/www.billiondaysupplier.com\/wp-content\/uploads\/2026\/01\/buffet-table-accessories1-600x600.webp 600w, https:\/\/www.billiondaysupplier.com\/wp-content\/uploads\/2026\/01\/buffet-table-accessories1-100x100.webp 100w\" sizes=\"(max-width: 800px) 100vw, 800px\" \/><\/figure>\n<\/div>\n<\/div>","protected":false},"excerpt":{"rendered":"<p>Les assiettes en plastique en gros Billion Day pr\u00e9sentent un motif arbor\u00e9 en 3D qui rehausse la qualit\u00e9 g\u00e9n\u00e9rale des buffets. Elles sont r\u00e9sistantes \u00e0 l'usure, faciles \u00e0 nettoyer et conviennent aux h\u00f4tels, banquets, restaurants et autres buffets. Il est possible de personnaliser les tailles, les couleurs et les logos pour qu'ils correspondent \u00e0 votre image de marque. Nous proposons un approvisionnement stable en vrac, des prix de gros comp\u00e9titifs et une livraison dans les d\u00e9lais. Contactez-nous pour un devis gratuit et des \u00e9chantillons !<\/p>\n<h2>Plaques en plastique en gros Param\u00e8tre :<\/h2>\n<table style=\"height: 252px;\" width=\"378\">\n<tbody>\n<tr>\n<td style=\"text-align: left;\" width=\"155\">Mat\u00e9riau<\/td>\n<td style=\"text-align: left;\" width=\"223\">Plastique<\/td>\n<\/tr>\n<tr>\n<td style=\"text-align: left;\" width=\"155\">Couleur<\/td>\n<td style=\"text-align: left;\" width=\"223\">Argent \/ Or<\/td>\n<\/tr>\n<tr>\n<td style=\"text-align: left;\">Fonctionnalit\u00e9<\/td>\n<td style=\"text-align: left;\" width=\"223\">\n<ul>\n<li>Morden Luxe<\/li>\n<li>Disponible en or ou en argent<\/li>\n<\/ul>\n<\/td>\n<\/tr>\n<tr>\n<td style=\"text-align: left;\" width=\"155\">Option personnalis\u00e9e<\/td>\n<td style=\"text-align: left;\" width=\"223\">Logo\/couleur\/taille\/emballage\/accessoires<\/td>\n<\/tr>\n<\/tbody>\n<\/table>","protected":false},"featured_media":1710,"comment_status":"closed","ping_status":"closed","template":"","meta":{"_acf_changed":false},"product_brand":[],"product_cat":[23],"product_tag":[],"class_list":{"0":"post-1709","1":"product","2":"type-product","3":"status-publish","4":"has-post-thumbnail","6":"product_cat-wholesale-buffet-accessories","8":"first","9":"instock","10":"shipping-taxable","11":"product-type-simple"},"acf":[],"_links":{"self":[{"href":"https:\/\/www.billiondaysupplier.com\/fr\/wp-json\/wp\/v2\/product\/1709","targetHints":{"allow":["GET"]}}],"collection":[{"href":"https:\/\/www.billiondaysupplier.com\/fr\/wp-json\/wp\/v2\/product"}],"about":[{"href":"https:\/\/www.billiondaysupplier.com\/fr\/wp-json\/wp\/v2\/types\/product"}],"replies":[{"embeddable":true,"href":"https:\/\/www.billiondaysupplier.com\/fr\/wp-json\/wp\/v2\/comments?post=1709"}],"wp:featuredmedia":[{"embeddable":true,"href":"https:\/\/www.billiondaysupplier.com\/fr\/wp-json\/wp\/v2\/media\/1710"}],"wp:attachment":[{"href":"https:\/\/www.billiondaysupplier.com\/fr\/wp-json\/wp\/v2\/media?parent=1709"}],"wp:term":[{"taxonomy":"product_brand","embeddable":true,"href":"https:\/\/www.billiondaysupplier.com\/fr\/wp-json\/wp\/v2\/product_brand?post=1709"},{"taxonomy":"product_cat","embeddable":true,"href":"https:\/\/www.billiondaysupplier.com\/fr\/wp-json\/wp\/v2\/product_cat?post=1709"},{"taxonomy":"product_tag","embeddable":true,"href":"https:\/\/www.billiondaysupplier.com\/fr\/wp-json\/wp\/v2\/product_tag?post=1709"}],"curies":[{"name":"wp","href":"https:\/\/api.w.org\/{rel}","templated":true}]}}