{"id":1702,"date":"2026-03-05T01:50:07","date_gmt":"2026-03-05T01:50:07","guid":{"rendered":"https:\/\/www.billiondaysupplier.com\/?post_type=product&#038;p=1702"},"modified":"2026-03-05T01:51:59","modified_gmt":"2026-03-05T01:51:59","slug":"custom-modern-chafing-dish","status":"publish","type":"product","link":"https:\/\/www.billiondaysupplier.com\/fr\/product\/custom-modern-chafing-dish\/","title":{"rendered":"Chafing Dish moderne \u00e9lectrique, r\u00e9chaud commercial pour buffet avec couvercle en verre en vrac"},"content":{"rendered":"<div class=\"wp-block-columns is-layout-flex wp-container-core-columns-is-layout-9d6595d7 wp-block-columns-is-layout-flex\">\n<div class=\"wp-block-column is-layout-flow wp-block-column-is-layout-flow\">\n<h2 class=\"wp-block-heading\">Chafing Dish moderne Caract\u00e9ristiques \u00e9lectriques :<\/h2>\n\n\n\n<p><strong>Verre panoramique Couvercle :<\/strong> Le couvercle en verre tremp\u00e9 \u00e0 assistance hydraulique offre aux convives une vue d\u00e9gag\u00e9e tout en maintenant une temp\u00e9rature et une humidit\u00e9 de service optimales.<\/p>\n\n\n\n<p><strong>Contr\u00f4le pr\u00e9cis de la temp\u00e9rature :<\/strong> Affichage num\u00e9rique intuitif avec plage de temp\u00e9rature r\u00e9glable, protection contre les br\u00fblures s\u00e8ches et arr\u00eat automatique pour un fonctionnement s\u00fbr et sans surveillance.<\/p>\n\n\n\n<p><strong>Acier inoxydable 201 de qualit\u00e9 alimentaire :<\/strong> La construction de qualit\u00e9 commerciale, r\u00e9sistante \u00e0 la corrosion, est conforme aux normes de s\u00e9curit\u00e9 alimentaire de la FDA ; la conception sans soudure garantit une d\u00e9sinfection sans effort.<\/p>\n\n\n\n<p><strong>Isolation de l'eau environnante :<\/strong> La couche isolante environnante remplie d'eau assure un chauffage homog\u00e8ne, \u00e9vite les surchauffes localis\u00e9es et pr\u00e9serve le go\u00fbt et la couleur des plats.<\/p>\n\n\n\n<p><strong>Fonctionnement \u00e9conome en \u00e9nergie : <\/strong>Le chauffage \u00e9lectrique sans flamme (tension universelle 110V\/220V) \u00e9limine les co\u00fbts de combustible et les besoins de ventilation, r\u00e9duisant ainsi les d\u00e9penses d'exploitation jusqu'\u00e0 60%.<\/p>\n\n\n\n<p><strong>Con\u00e7u pour une utilisation 24\/7 :<\/strong> Le corps en acier inoxydable de gros calibre et les pieds renforc\u00e9s r\u00e9sistent \u00e0 un service commercial continu.<\/p>\n<\/div>\n\n\n\n<div class=\"wp-block-column is-layout-flow wp-block-column-is-layout-flow\">\n<figure class=\"wp-block-image size-full\"><img decoding=\"async\" width=\"800\" height=\"800\" src=\"https:\/\/www.billiondaysupplier.com\/wp-content\/uploads\/2026\/01\/chafing-dishes-china1.webp\" alt=\"Chafing Dishes China\" class=\"wp-image-1704\" srcset=\"https:\/\/www.billiondaysupplier.com\/wp-content\/uploads\/2026\/01\/chafing-dishes-china1.webp 800w, https:\/\/www.billiondaysupplier.com\/wp-content\/uploads\/2026\/01\/chafing-dishes-china1-300x300.webp 300w, https:\/\/www.billiondaysupplier.com\/wp-content\/uploads\/2026\/01\/chafing-dishes-china1-150x150.webp 150w, https:\/\/www.billiondaysupplier.com\/wp-content\/uploads\/2026\/01\/chafing-dishes-china1-768x768.webp 768w, https:\/\/www.billiondaysupplier.com\/wp-content\/uploads\/2026\/01\/chafing-dishes-china1-12x12.webp 12w, https:\/\/www.billiondaysupplier.com\/wp-content\/uploads\/2026\/01\/chafing-dishes-china1-600x600.webp 600w, https:\/\/www.billiondaysupplier.com\/wp-content\/uploads\/2026\/01\/chafing-dishes-china1-100x100.webp 100w\" sizes=\"(max-width: 800px) 100vw, 800px\" \/><\/figure>\n<\/div>\n<\/div>","protected":false},"excerpt":{"rendered":"<p>Con\u00e7u pour les h\u00f4tels et les buffets haut de gamme, notre chafing dish moderne personnalis\u00e9 est dot\u00e9 d'une commande de chauffage num\u00e9rique, d'un grand couvercle en verre et d'un corps en acier inoxydable de qualit\u00e9 alimentaire. Con\u00e7u pour des performances commerciales et un approvisionnement en gros \u00e0 l'\u00e9chelle mondiale. Renseignez-vous d\u00e8s maintenant pour conna\u00eetre le prix de votre projet.<\/p>\n<h2>Param\u00e8tres du hachoir \u00e9lectrique moderne\uff1a<\/h2>\n<table border=\"0\" width=\"404\" cellspacing=\"0\" cellpadding=\"0\">\n<tbody>\n<tr>\n<td style=\"text-align: left;\" width=\"148\" height=\"24\"><strong>Mat\u00e9riau<\/strong><\/td>\n<td style=\"text-align: left;\" width=\"256\">Acier inoxydable 201<\/td>\n<\/tr>\n<tr>\n<td style=\"text-align: left;\" height=\"69\"><strong>Couleur<\/strong><\/td>\n<td style=\"text-align: left;\" width=\"256\">Dor\u00e9\/demi-dor\u00e9\/argent\u00e9\/Acceptation du sur-mesure<\/td>\n<\/tr>\n<tr>\n<td style=\"text-align: left;\" height=\"24\"><strong>M\u00e9thode de chauffage<\/strong><\/td>\n<td style=\"text-align: left;\">Chauffage \u00e9lectrique<\/td>\n<\/tr>\n<tr>\n<td style=\"text-align: left;\" height=\"24\"><strong>Capacit\u00e9<\/strong><\/td>\n<td style=\"text-align: left;\">6.0L<\/td>\n<\/tr>\n<tr>\n<td style=\"text-align: left;\" height=\"92\"><strong>Fonctionnalit\u00e9<\/strong><\/td>\n<td style=\"text-align: left;\" width=\"256\">1. Couvercle hydraulique avec fen\u00eatre en verre<br \/>2. Bords droits polis miroir<br \/>3. Cadre vertical stable<\/td>\n<\/tr>\n<tr>\n<td style=\"text-align: left;\" height=\"24\"><strong>Option personnalis\u00e9e<\/strong><\/td>\n<td style=\"text-align: left;\">Logo\/couleur\/taille\/emballage\/accessoires<\/td>\n<\/tr>\n<\/tbody>\n<\/table>","protected":false},"featured_media":1704,"comment_status":"closed","ping_status":"closed","template":"","meta":{"_acf_changed":false},"product_brand":[],"product_cat":[18],"product_tag":[],"class_list":{"0":"post-1702","1":"product","2":"type-product","3":"status-publish","4":"has-post-thumbnail","6":"product_cat-wholesale-chafing-dishes","8":"first","9":"instock","10":"shipping-taxable","11":"product-type-simple"},"acf":[],"_links":{"self":[{"href":"https:\/\/www.billiondaysupplier.com\/fr\/wp-json\/wp\/v2\/product\/1702","targetHints":{"allow":["GET"]}}],"collection":[{"href":"https:\/\/www.billiondaysupplier.com\/fr\/wp-json\/wp\/v2\/product"}],"about":[{"href":"https:\/\/www.billiondaysupplier.com\/fr\/wp-json\/wp\/v2\/types\/product"}],"replies":[{"embeddable":true,"href":"https:\/\/www.billiondaysupplier.com\/fr\/wp-json\/wp\/v2\/comments?post=1702"}],"wp:featuredmedia":[{"embeddable":true,"href":"https:\/\/www.billiondaysupplier.com\/fr\/wp-json\/wp\/v2\/media\/1704"}],"wp:attachment":[{"href":"https:\/\/www.billiondaysupplier.com\/fr\/wp-json\/wp\/v2\/media?parent=1702"}],"wp:term":[{"taxonomy":"product_brand","embeddable":true,"href":"https:\/\/www.billiondaysupplier.com\/fr\/wp-json\/wp\/v2\/product_brand?post=1702"},{"taxonomy":"product_cat","embeddable":true,"href":"https:\/\/www.billiondaysupplier.com\/fr\/wp-json\/wp\/v2\/product_cat?post=1702"},{"taxonomy":"product_tag","embeddable":true,"href":"https:\/\/www.billiondaysupplier.com\/fr\/wp-json\/wp\/v2\/product_tag?post=1702"}],"curies":[{"name":"wp","href":"https:\/\/api.w.org\/{rel}","templated":true}]}}