{"id":1695,"date":"2026-02-27T07:34:23","date_gmt":"2026-02-27T07:34:23","guid":{"rendered":"https:\/\/www.billiondaysupplier.com\/?post_type=product&#038;p=1695"},"modified":"2026-02-27T07:36:53","modified_gmt":"2026-02-27T07:36:53","slug":"custom-electric-chafing-dish-buffet-set","status":"publish","type":"product","link":"https:\/\/www.billiondaysupplier.com\/fr\/product\/custom-electric-chafing-dish-buffet-set\/","title":{"rendered":"Chafing Dish \u00e9lectrique en vrac, R\u00e9chauffeur d'aliments rectangulaire avec poign\u00e9e"},"content":{"rendered":"<div class=\"wp-block-columns is-layout-flex wp-container-core-columns-is-layout-9d6595d7 wp-block-columns-is-layout-flex\">\n<div class=\"wp-block-column is-layout-flow wp-block-column-is-layout-flow\">\n<h2 class=\"wp-block-heading\">Ensemble de buffets \u00e9lectriques pour chafing dish Caract\u00e9ristiques :<\/h2>\n\n\n\n<p><strong>Polissage miroir<\/strong>: Une finition lisse et brillante rehausse l'esth\u00e9tique tout en \u00e9tant facile \u00e0 nettoyer, garantissant un aspect impeccable et durable, id\u00e9al pour les \u00e9v\u00e9nements haut de gamme et les lieux de restauration raffin\u00e9s.<\/p>\n\n\n\n<p><strong>Mat\u00e9riau durable<\/strong>: Fabriqu\u00e9 en acier inoxydable 304 de premi\u00e8re qualit\u00e9, ce chafing dish offre une durabilit\u00e9 sup\u00e9rieure et une r\u00e9sistance exceptionnelle aux rayures, aux taches, aux temp\u00e9ratures \u00e9lev\u00e9es et \u00e0 la corrosion. Sa composition alimentaire garantit un contact s\u00fbr avec tous les types de cuisine, ce qui en fait un choix fiable pour une utilisation quotidienne dans la restauration.<\/p>\n\n\n\n<p><strong>Chauffage \u00e9lectrique<\/strong>: Utilisant un syst\u00e8me de chauffage \u00e9lectrique avanc\u00e9, il chauffe rapidement jusqu'\u00e0 la temp\u00e9rature souhait\u00e9e et maintient une temp\u00e9rature constante, offrant \u00e0 la fois une efficacit\u00e9 \u00e9nerg\u00e9tique et un rendement \u00e9lev\u00e9.<\/p>\n\n\n\n<p><strong>Couvercle en verre transparent : <\/strong>Le couvercle en verre cristallin offre une vue d\u00e9gag\u00e9e sur le plat, am\u00e9liorant ainsi la pr\u00e9sentation tout en retenant la chaleur et l'humidit\u00e9 pour pr\u00e9server la temp\u00e9rature et la fra\u00eecheur des aliments.<\/p>\n\n\n\n<p><strong>Conception de la charni\u00e8re hydraulique<\/strong>: Il permet une ouverture et une fermeture en douceur et silencieuse, ajoutant une touche de sophistication \u00e0 votre service.<\/p>\n\n\n\n<p><strong>Fourniture directe par l'usine : <\/strong>Fournis par l'usine de Billion Day, nous garantissons une haute qualit\u00e9 \u00e0 des prix comp\u00e9titifs. Nous proposons \u00e9galement des services OEM\/ODM.<\/p>\n<\/div>\n\n\n\n<div class=\"wp-block-column is-layout-flow wp-block-column-is-layout-flow\">\n<figure class=\"wp-block-image size-full\"><img decoding=\"async\" width=\"800\" height=\"800\" src=\"https:\/\/www.billiondaysupplier.com\/wp-content\/uploads\/2026\/01\/restaurant-supply-chafing-dishes3.webp\" alt=\"Approvisionnement des restaurants Plaques de cuisson\" class=\"wp-image-1699\" srcset=\"https:\/\/www.billiondaysupplier.com\/wp-content\/uploads\/2026\/01\/restaurant-supply-chafing-dishes3.webp 800w, https:\/\/www.billiondaysupplier.com\/wp-content\/uploads\/2026\/01\/restaurant-supply-chafing-dishes3-300x300.webp 300w, https:\/\/www.billiondaysupplier.com\/wp-content\/uploads\/2026\/01\/restaurant-supply-chafing-dishes3-150x150.webp 150w, https:\/\/www.billiondaysupplier.com\/wp-content\/uploads\/2026\/01\/restaurant-supply-chafing-dishes3-768x768.webp 768w, https:\/\/www.billiondaysupplier.com\/wp-content\/uploads\/2026\/01\/restaurant-supply-chafing-dishes3-12x12.webp 12w, https:\/\/www.billiondaysupplier.com\/wp-content\/uploads\/2026\/01\/restaurant-supply-chafing-dishes3-600x600.webp 600w, https:\/\/www.billiondaysupplier.com\/wp-content\/uploads\/2026\/01\/restaurant-supply-chafing-dishes3-100x100.webp 100w\" sizes=\"(max-width: 800px) 100vw, 800px\" \/><\/figure>\n<\/div>\n<\/div>","protected":false},"excerpt":{"rendered":"<p>Am\u00e9liorez votre buffet avec notre ensemble de chafing dish \u00e9lectrique personnalis\u00e9, en acier inoxydable 304 de premi\u00e8re qualit\u00e9, finition miroir, chauffage \u00e9lectrique et couvercle en verre hydraulique, adapt\u00e9 \u00e0 une vari\u00e9t\u00e9 de sc\u00e9narios de repas. La personnalisation est possible, avec des prix de gros comp\u00e9titifs. Contactez-nous pour un devis.<\/p>\n<h2>Set d'ustensiles de cuisine \u00e9lectriques Param\u00e8tre\uff1a<\/h2>\n<table border=\"0\" width=\"404\" cellspacing=\"0\" cellpadding=\"0\">\n<tbody>\n<tr>\n<td style=\"text-align: left;\" width=\"148\" height=\"24\"><strong>Mat\u00e9riau<\/strong><\/td>\n<td style=\"text-align: left;\" width=\"256\">Acier inoxydable 304<\/td>\n<\/tr>\n<tr>\n<td style=\"text-align: left;\" height=\"69\"><strong>Couleur<\/strong><\/td>\n<td style=\"text-align: left;\" width=\"256\">Dor\u00e9\/demi-dor\u00e9\/argent\u00e9\/Acceptation du sur-mesure<\/td>\n<\/tr>\n<tr>\n<td style=\"text-align: left;\" height=\"24\"><strong>M\u00e9thode de chauffage<\/strong><\/td>\n<td style=\"text-align: left;\">Chauffage \u00e9lectrique<\/td>\n<\/tr>\n<tr>\n<td style=\"text-align: left;\" height=\"24\"><strong>Capacit\u00e9<\/strong><\/td>\n<td style=\"text-align: left;\">9.0L<\/td>\n<\/tr>\n<tr>\n<td style=\"text-align: left;\" height=\"92\"><strong>Fonctionnalit\u00e9<\/strong><\/td>\n<td style=\"text-align: left;\" width=\"256\">1. Couvercle hydraulique avec fen\u00eatre en verre<br \/>2. Bords arrondis polis miroir<br \/>3. Cadre vertical stable<\/td>\n<\/tr>\n<tr>\n<td style=\"text-align: left;\" height=\"24\"><strong>Option personnalis\u00e9e<\/strong><\/td>\n<td style=\"text-align: left;\">Logo\/couleur\/taille\/emballage\/accessoires<\/td>\n<\/tr>\n<\/tbody>\n<\/table>","protected":false},"featured_media":1696,"comment_status":"closed","ping_status":"closed","template":"","meta":{"_acf_changed":false},"product_brand":[],"product_cat":[18],"product_tag":[],"class_list":{"0":"post-1695","1":"product","2":"type-product","3":"status-publish","4":"has-post-thumbnail","6":"product_cat-wholesale-chafing-dishes","8":"first","9":"instock","10":"shipping-taxable","11":"product-type-simple"},"acf":[],"_links":{"self":[{"href":"https:\/\/www.billiondaysupplier.com\/fr\/wp-json\/wp\/v2\/product\/1695","targetHints":{"allow":["GET"]}}],"collection":[{"href":"https:\/\/www.billiondaysupplier.com\/fr\/wp-json\/wp\/v2\/product"}],"about":[{"href":"https:\/\/www.billiondaysupplier.com\/fr\/wp-json\/wp\/v2\/types\/product"}],"replies":[{"embeddable":true,"href":"https:\/\/www.billiondaysupplier.com\/fr\/wp-json\/wp\/v2\/comments?post=1695"}],"wp:featuredmedia":[{"embeddable":true,"href":"https:\/\/www.billiondaysupplier.com\/fr\/wp-json\/wp\/v2\/media\/1696"}],"wp:attachment":[{"href":"https:\/\/www.billiondaysupplier.com\/fr\/wp-json\/wp\/v2\/media?parent=1695"}],"wp:term":[{"taxonomy":"product_brand","embeddable":true,"href":"https:\/\/www.billiondaysupplier.com\/fr\/wp-json\/wp\/v2\/product_brand?post=1695"},{"taxonomy":"product_cat","embeddable":true,"href":"https:\/\/www.billiondaysupplier.com\/fr\/wp-json\/wp\/v2\/product_cat?post=1695"},{"taxonomy":"product_tag","embeddable":true,"href":"https:\/\/www.billiondaysupplier.com\/fr\/wp-json\/wp\/v2\/product_tag?post=1695"}],"curies":[{"name":"wp","href":"https:\/\/api.w.org\/{rel}","templated":true}]}}