{"id":1679,"date":"2026-02-02T10:30:02","date_gmt":"2026-02-02T10:30:02","guid":{"rendered":"https:\/\/www.billiondaysupplier.com\/?post_type=product&#038;p=1679"},"modified":"2026-02-02T10:31:56","modified_gmt":"2026-02-02T10:31:56","slug":"custom-chafing-dish-round","status":"publish","type":"product","link":"https:\/\/www.billiondaysupplier.com\/fr\/product\/custom-chafing-dish-round\/","title":{"rendered":"Plat \u00e0 r\u00f4tir rond en acier inoxydable, r\u00e9chauffeur d'aliments pour f\u00eate, restaurant, argent en vrac"},"content":{"rendered":"<div class=\"wp-block-columns is-layout-flex wp-container-core-columns-is-layout-9d6595d7 wp-block-columns-is-layout-flex\">\n<div class=\"wp-block-column is-layout-flow wp-block-column-is-layout-flow\">\n<h2 class=\"wp-block-heading\">Caract\u00e9ristiques de l'ustensile de cuisson rond :<\/h2>\n\n\n\n<p><strong>Efficace et \u00e9conome en \u00e9nergie<\/strong>: L'\u00e9l\u00e9ment chauffant int\u00e9gr\u00e9 \u00e0 haut rendement permet une mont\u00e9e en temp\u00e9rature rapide et une distribution thermique homog\u00e8ne, r\u00e9duisant ainsi les co\u00fbts d'exploitation pour la restauration \u00e0 grande \u00e9chelle.<\/p>\n\n\n\n<p><strong>Acier inoxydable durable de qualit\u00e9 alimentaire<\/strong>: Fabriqu\u00e9 en acier inoxydable de haute qualit\u00e9, r\u00e9sistant \u00e0 la corrosion et con\u00e7u pour r\u00e9sister aux exigences rigoureuses des environnements commerciaux \u00e0 fort trafic.<\/p>\n\n\n\n<p><strong>Contr\u00f4le pr\u00e9cis de la temp\u00e9rature :<\/strong> \u00c9quip\u00e9 d'un panneau de commande num\u00e9rique tactile pour des r\u00e9glages pr\u00e9cis de la temp\u00e9rature, garantissant que les aliments restent \u00e0 la temp\u00e9rature id\u00e9ale de service sans \u00eatre trop cuits.<\/p>\n\n\n\n<p><strong>Pr\u00e9sentation visuelle \u00e9l\u00e9gante<\/strong>: Dot\u00e9 d'un hublot en verre tremp\u00e9 et d'une charni\u00e8re hydraulique silencieuse, il permet aux convives de voir clairement les plats tout en garantissant une atmosph\u00e8re de repas de qualit\u00e9 et silencieuse.<\/p>\n\n\n\n<p><strong>Services personnalis\u00e9s :<\/strong> Nous pouvons personnaliser la taille, la forme et le design des grils alimentaires en acier inoxydable pour les adapter \u00e0 l'agencement de votre restaurant, de votre h\u00f4tel ou de votre buffet.<\/p>\n<\/div>\n\n\n\n<div class=\"wp-block-column is-layout-flow wp-block-column-is-layout-flow\">\n<figure class=\"wp-block-image size-full\"><img decoding=\"async\" width=\"800\" height=\"800\" src=\"https:\/\/www.billiondaysupplier.com\/wp-content\/uploads\/2026\/01\/restaurant.webp\" alt=\"fourniture de restaurants plats chafing\" class=\"wp-image-1681\" srcset=\"https:\/\/www.billiondaysupplier.com\/wp-content\/uploads\/2026\/01\/restaurant.webp 800w, https:\/\/www.billiondaysupplier.com\/wp-content\/uploads\/2026\/01\/restaurant-300x300.webp 300w, https:\/\/www.billiondaysupplier.com\/wp-content\/uploads\/2026\/01\/restaurant-150x150.webp 150w, https:\/\/www.billiondaysupplier.com\/wp-content\/uploads\/2026\/01\/restaurant-768x768.webp 768w, https:\/\/www.billiondaysupplier.com\/wp-content\/uploads\/2026\/01\/restaurant-12x12.webp 12w, https:\/\/www.billiondaysupplier.com\/wp-content\/uploads\/2026\/01\/restaurant-600x600.webp 600w, https:\/\/www.billiondaysupplier.com\/wp-content\/uploads\/2026\/01\/restaurant-100x100.webp 100w\" sizes=\"(max-width: 800px) 100vw, 800px\" \/><\/figure>\n<\/div>\n<\/div>","protected":false},"excerpt":{"rendered":"<p>Le chafing dish rond personnalis\u00e9 Billion Day se compose d'acier inoxydable, d'un panneau de commande CNC pr\u00e9cis, d'un couvercle en verre transparent, d'un syst\u00e8me de chauffage efficace et d'un design personnalisable. Les commandes en gros sont les bienvenues. Contactez-nous pour obtenir des solutions d'\u00e9quipement de buffet de haute qualit\u00e9.<\/p>\n<h2>Param\u00e8tre du plat \u00e0 gratin rond\uff1a<\/h2>\n<table border=\"0\" width=\"404\" cellspacing=\"0\" cellpadding=\"0\">\n<tbody>\n<tr>\n<td style=\"text-align: left;\" width=\"148\" height=\"24\"><strong>Mat\u00e9riau<\/strong><\/td>\n<td style=\"text-align: left;\" width=\"256\">Acier inoxydable 201<\/td>\n<\/tr>\n<tr>\n<td style=\"text-align: left;\" height=\"69\"><strong>Couleur<\/strong><\/td>\n<td style=\"text-align: left;\" width=\"256\">Argent\/Acceptation de la personnalisation<\/td>\n<\/tr>\n<tr>\n<td style=\"text-align: left;\" height=\"24\"><strong>M\u00e9thode de chauffage<\/strong><\/td>\n<td style=\"text-align: left;\">Chauffage \u00e9lectrique<\/td>\n<\/tr>\n<tr>\n<td style=\"text-align: left;\" height=\"24\"><strong>Capacit\u00e9<\/strong><\/td>\n<td style=\"text-align: left;\">6.0L<\/td>\n<\/tr>\n<tr>\n<td style=\"text-align: left;\" height=\"92\"><strong>Fonctionnalit\u00e9<\/strong><\/td>\n<td style=\"text-align: left;\" width=\"256\">1. Couvercle hydraulique avec fen\u00eatre en verre<br \/>2. Bords arrondis polis miroir<br \/>3. Cadre vertical stable<\/td>\n<\/tr>\n<tr>\n<td style=\"text-align: left;\" height=\"24\"><strong>Option personnalis\u00e9e<\/strong><\/td>\n<td style=\"text-align: left;\">Logo\/couleur\/taille\/emballage\/accessoires<\/td>\n<\/tr>\n<\/tbody>\n<\/table>","protected":false},"featured_media":1680,"comment_status":"closed","ping_status":"closed","template":"","meta":{"_acf_changed":false},"product_brand":[],"product_cat":[18],"product_tag":[],"class_list":{"0":"post-1679","1":"product","2":"type-product","3":"status-publish","4":"has-post-thumbnail","6":"product_cat-wholesale-chafing-dishes","8":"first","9":"instock","10":"shipping-taxable","11":"product-type-simple"},"acf":[],"_links":{"self":[{"href":"https:\/\/www.billiondaysupplier.com\/fr\/wp-json\/wp\/v2\/product\/1679","targetHints":{"allow":["GET"]}}],"collection":[{"href":"https:\/\/www.billiondaysupplier.com\/fr\/wp-json\/wp\/v2\/product"}],"about":[{"href":"https:\/\/www.billiondaysupplier.com\/fr\/wp-json\/wp\/v2\/types\/product"}],"replies":[{"embeddable":true,"href":"https:\/\/www.billiondaysupplier.com\/fr\/wp-json\/wp\/v2\/comments?post=1679"}],"wp:featuredmedia":[{"embeddable":true,"href":"https:\/\/www.billiondaysupplier.com\/fr\/wp-json\/wp\/v2\/media\/1680"}],"wp:attachment":[{"href":"https:\/\/www.billiondaysupplier.com\/fr\/wp-json\/wp\/v2\/media?parent=1679"}],"wp:term":[{"taxonomy":"product_brand","embeddable":true,"href":"https:\/\/www.billiondaysupplier.com\/fr\/wp-json\/wp\/v2\/product_brand?post=1679"},{"taxonomy":"product_cat","embeddable":true,"href":"https:\/\/www.billiondaysupplier.com\/fr\/wp-json\/wp\/v2\/product_cat?post=1679"},{"taxonomy":"product_tag","embeddable":true,"href":"https:\/\/www.billiondaysupplier.com\/fr\/wp-json\/wp\/v2\/product_tag?post=1679"}],"curies":[{"name":"wp","href":"https:\/\/api.w.org\/{rel}","templated":true}]}}