{"id":1676,"date":"2026-02-02T09:43:54","date_gmt":"2026-02-02T09:43:54","guid":{"rendered":"https:\/\/www.billiondaysupplier.com\/?post_type=product&#038;p=1676"},"modified":"2026-02-02T09:44:52","modified_gmt":"2026-02-02T09:44:52","slug":"wholesale-electric-chafing-dish-set","status":"publish","type":"product","link":"https:\/\/www.billiondaysupplier.com\/fr\/product\/wholesale-electric-chafing-dish-set\/","title":{"rendered":"Set d'ustensiles de cuisine \u00e9lectrique, R\u00e9chauffeur de nourriture de luxe en acier inoxydable pour restaurant sur mesure"},"content":{"rendered":"<div class=\"wp-block-columns is-layout-flex wp-container-core-columns-is-layout-9d6595d7 wp-block-columns-is-layout-flex\">\n<div class=\"wp-block-column is-layout-flow wp-block-column-is-layout-flow\">\n<h2 class=\"wp-block-heading\">Ensemble de r\u00e9chauds \u00e9lectriques Caract\u00e9ristiques :<\/h2>\n\n\n\n<p><strong>Panneau de commande num\u00e9rique :<\/strong> L'\u00e9cran LED intuitif et les touches \u00e0 effleurement vous permettent de r\u00e9gler les temp\u00e9ratures avec pr\u00e9cision, ce qui conf\u00e8re \u00e0 votre service un caract\u00e8re professionnel et technologique.<\/p>\n\n\n\n<p><strong>Construction en acier inoxydable de premi\u00e8re qualit\u00e9<\/strong>: Le corps en acier inoxydable, \u00e9l\u00e9gant et r\u00e9sistant aux empreintes digitales, pr\u00e9sente une finition miroir qui r\u00e9siste aux rayures, \u00e0 la corrosion et aux temp\u00e9ratures \u00e9lev\u00e9es.<\/p>\n\n\n\n<p><strong>Forme carr\u00e9e moderne<\/strong>: Il maximise l'espace de la table tout en ajoutant une touche de minimalisme sophistiqu\u00e9 \u00e0 tout buffet.<\/p>\n\n\n\n<p><strong>Couvercle en verre transparent :<\/strong> Le couvercle en verre transparent et r\u00e9sistant \u00e0 la chaleur permet aux convives d'admirer la cuisine tout en prot\u00e9geant les aliments de la poussi\u00e8re et des contaminants.<\/p>\n\n\n\n<p><strong>Un portefeuille de produits diversifi\u00e9 :<\/strong> Qu'il s'agisse de chafing dishes en acier inoxydable, de marmites, de r\u00e9chauds \u00e0 soupe ou d'accessoires de buffet, l'achat en gros \u00e0 partir d'un guichet unique permet aux grossistes d'\u00e9conomiser du temps et de l'argent.<\/p>\n<\/div>\n\n\n\n<div class=\"wp-block-column is-layout-flow wp-block-column-is-layout-flow\">\n<figure class=\"wp-block-image size-full\"><img decoding=\"async\" width=\"800\" height=\"800\" src=\"https:\/\/www.billiondaysupplier.com\/wp-content\/uploads\/2026\/01\/chafing-15.webp\" alt=\"fournisseurs de chafing dish\" class=\"wp-image-1678\" srcset=\"https:\/\/www.billiondaysupplier.com\/wp-content\/uploads\/2026\/01\/chafing-15.webp 800w, https:\/\/www.billiondaysupplier.com\/wp-content\/uploads\/2026\/01\/chafing-15-300x300.webp 300w, https:\/\/www.billiondaysupplier.com\/wp-content\/uploads\/2026\/01\/chafing-15-150x150.webp 150w, https:\/\/www.billiondaysupplier.com\/wp-content\/uploads\/2026\/01\/chafing-15-768x768.webp 768w, https:\/\/www.billiondaysupplier.com\/wp-content\/uploads\/2026\/01\/chafing-15-12x12.webp 12w, https:\/\/www.billiondaysupplier.com\/wp-content\/uploads\/2026\/01\/chafing-15-600x600.webp 600w, https:\/\/www.billiondaysupplier.com\/wp-content\/uploads\/2026\/01\/chafing-15-100x100.webp 100w\" sizes=\"(max-width: 800px) 100vw, 800px\" \/><\/figure>\n<\/div>\n<\/div>","protected":false},"excerpt":{"rendered":"<p>Bienvenue dans la vente en gros d'un ensemble de chafing dish \u00e9lectrique dot\u00e9 d'un contr\u00f4le CNC pr\u00e9cis, d'un corps en acier inoxydable r\u00e9sistant aux traces de doigts, d'un couvercle en verre et d'un design moderne de forme carr\u00e9e. Livraison en gros et personnalisation possible. Demandez-nous d\u00e8s maintenant !<\/p>\n<h2>Param\u00e8tres de l'ensemble de r\u00e9chauds \u00e9lectriques\uff1a<\/h2>\n<table border=\"0\" width=\"404\" cellspacing=\"0\" cellpadding=\"0\">\n<tbody>\n<tr>\n<td style=\"text-align: left;\" width=\"148\" height=\"24\">Mat\u00e9riau<\/td>\n<td style=\"text-align: left;\" width=\"256\">Acier inoxydable 201<\/td>\n<\/tr>\n<tr>\n<td style=\"text-align: left;\" height=\"69\">Couleur<\/td>\n<td style=\"text-align: left;\" width=\"256\">Argent\/Acceptation de la personnalisation<\/td>\n<\/tr>\n<tr>\n<td style=\"text-align: left;\" height=\"24\">M\u00e9thode de chauffage<\/td>\n<td style=\"text-align: left;\">Chauffage \u00e9lectrique<\/td>\n<\/tr>\n<tr>\n<td style=\"text-align: left;\" height=\"24\">Capacit\u00e9<\/td>\n<td style=\"text-align: left;\">6.0L<\/td>\n<\/tr>\n<tr>\n<td style=\"text-align: left;\" height=\"92\">Fonctionnalit\u00e9<\/td>\n<td style=\"text-align: left;\" width=\"256\">1. Couvercle hydraulique avec fen\u00eatre en verre<br \/>2. Bords arrondis polis miroir<br \/>3. Cadre vertical stable<br \/>4. Contr\u00f4le pr\u00e9cis de la temp\u00e9rature<\/td>\n<\/tr>\n<tr>\n<td style=\"text-align: left;\" height=\"24\">Option personnalis\u00e9e<\/td>\n<td style=\"text-align: left;\">Logo\/couleur\/taille\/emballage\/accessoires<\/td>\n<\/tr>\n<\/tbody>\n<\/table>","protected":false},"featured_media":1678,"comment_status":"closed","ping_status":"closed","template":"","meta":{"_acf_changed":true},"product_brand":[],"product_cat":[18],"product_tag":[],"class_list":{"0":"post-1676","1":"product","2":"type-product","3":"status-publish","4":"has-post-thumbnail","6":"product_cat-wholesale-chafing-dishes","8":"first","9":"instock","10":"shipping-taxable","11":"product-type-simple"},"acf":[],"_links":{"self":[{"href":"https:\/\/www.billiondaysupplier.com\/fr\/wp-json\/wp\/v2\/product\/1676","targetHints":{"allow":["GET"]}}],"collection":[{"href":"https:\/\/www.billiondaysupplier.com\/fr\/wp-json\/wp\/v2\/product"}],"about":[{"href":"https:\/\/www.billiondaysupplier.com\/fr\/wp-json\/wp\/v2\/types\/product"}],"replies":[{"embeddable":true,"href":"https:\/\/www.billiondaysupplier.com\/fr\/wp-json\/wp\/v2\/comments?post=1676"}],"wp:featuredmedia":[{"embeddable":true,"href":"https:\/\/www.billiondaysupplier.com\/fr\/wp-json\/wp\/v2\/media\/1678"}],"wp:attachment":[{"href":"https:\/\/www.billiondaysupplier.com\/fr\/wp-json\/wp\/v2\/media?parent=1676"}],"wp:term":[{"taxonomy":"product_brand","embeddable":true,"href":"https:\/\/www.billiondaysupplier.com\/fr\/wp-json\/wp\/v2\/product_brand?post=1676"},{"taxonomy":"product_cat","embeddable":true,"href":"https:\/\/www.billiondaysupplier.com\/fr\/wp-json\/wp\/v2\/product_cat?post=1676"},{"taxonomy":"product_tag","embeddable":true,"href":"https:\/\/www.billiondaysupplier.com\/fr\/wp-json\/wp\/v2\/product_tag?post=1676"}],"curies":[{"name":"wp","href":"https:\/\/api.w.org\/{rel}","templated":true}]}}