{"id":1669,"date":"2026-01-24T06:42:03","date_gmt":"2026-01-24T06:42:03","guid":{"rendered":"https:\/\/www.billiondaysupplier.com\/?post_type=product&#038;p=1669"},"modified":"2026-01-24T06:42:06","modified_gmt":"2026-01-24T06:42:06","slug":"electric-chafing-dish-wholesale","status":"publish","type":"product","link":"https:\/\/www.billiondaysupplier.com\/fr\/product\/electric-chafing-dish-wholesale\/","title":{"rendered":"Fabricants de plats \u00e0 r\u00f4tir \u00e9lectriques Wholesale, plats \u00e0 r\u00f4tir hydrauliques en acier inoxydable"},"content":{"rendered":"<div class=\"wp-block-columns is-layout-flex wp-container-core-columns-is-layout-9d6595d7 wp-block-columns-is-layout-flex\">\n<div class=\"wp-block-column is-layout-flow wp-block-column-is-layout-flow\">\n<h2 class=\"wp-block-heading\">Caract\u00e9ristiques d'un plat \u00e0 gratin \u00e9lectrique :<\/h2>\n\n\n\n<p><strong>Esth\u00e9tique moderne minimaliste<\/strong>: Le bord noir et la zone de visualisation claire permettent \u00e0 vos cr\u00e9ations culinaires d'occuper le devant de la sc\u00e8ne, tandis que l'empreinte carr\u00e9e et compacte maximise l'espace de la table sans sacrifier le style.<\/p>\n\n\n\n<p><strong>Construction en acier inoxydable de premi\u00e8re qualit\u00e9<\/strong>: Durable, compatible avec les aliments et facile \u00e0 nettoyer, le corps en acier inoxydable poli r\u00e9siste aux rayures et \u00e0 la corrosion, ce qui lui permet de conserver son aspect neuf m\u00eame en cas d'utilisation commerciale quotidienne.<\/p>\n\n\n\n<p><strong>Conception humide :<\/strong> En ajoutant la quantit\u00e9 d'eau appropri\u00e9e et en activant le contr\u00f4le intelligent de la temp\u00e9rature, la vapeur g\u00e9n\u00e9r\u00e9e enveloppe uniform\u00e9ment les aliments pour les maintenir humides et textur\u00e9s en permanence, de sorte que la soupe reste chaude et fra\u00eeche, et les plats brais\u00e9s tendres et juteux, afin de pr\u00e9senter parfaitement l'\u00e9tat optimal dont les plats de style chinois ont besoin en mati\u00e8re de r\u00e9tention d'humidit\u00e9.<\/p>\n\n\n\n<p><strong>Couvercle hydraulique :<\/strong> Le couvercle s'ouvre d'une simple pression sur un bouton et glisse silencieusement vers le bas pour \u00e9viter tout pincement. Il offre plus d'\u00e9l\u00e9gance et de s\u00e9curit\u00e9 aux clients et au personnel.<\/p>\n\n\n\n<p><strong>Capacit\u00e9 g\u00e9n\u00e9reuse de 6 litres<\/strong>: Parfait pour servir des quantit\u00e9s moyennes \u00e0 importantes de plats chauds - des \u0153ufs brouill\u00e9s aux l\u00e9gumes saut\u00e9s en passant par les currys et les p\u00e2tes - afin de garder votre buffet bien garni sans avoir \u00e0 le remplir constamment.<\/p>\n\n\n\n<p><strong>Services de personnalisation<\/strong>: Nous pouvons personnaliser les tailles, les accessoires, les logos et les emballages en fonction des besoins des clients, afin de r\u00e9pondre avec souplesse aux besoins des diff\u00e9rents march\u00e9s.<\/p>\n<\/div>\n\n\n\n<div class=\"wp-block-column is-layout-flow wp-block-column-is-layout-flow\">\n<figure class=\"wp-block-image size-full\"><img decoding=\"async\" width=\"800\" height=\"800\" src=\"https:\/\/www.billiondaysupplier.com\/wp-content\/uploads\/2026\/01\/chafing-9-1.webp\" alt=\"fabricants de chafing dish\" class=\"wp-image-1671\" srcset=\"https:\/\/www.billiondaysupplier.com\/wp-content\/uploads\/2026\/01\/chafing-9-1.webp 800w, https:\/\/www.billiondaysupplier.com\/wp-content\/uploads\/2026\/01\/chafing-9-1-300x300.webp 300w, https:\/\/www.billiondaysupplier.com\/wp-content\/uploads\/2026\/01\/chafing-9-1-150x150.webp 150w, https:\/\/www.billiondaysupplier.com\/wp-content\/uploads\/2026\/01\/chafing-9-1-768x768.webp 768w, https:\/\/www.billiondaysupplier.com\/wp-content\/uploads\/2026\/01\/chafing-9-1-12x12.webp 12w, https:\/\/www.billiondaysupplier.com\/wp-content\/uploads\/2026\/01\/chafing-9-1-600x600.webp 600w, https:\/\/www.billiondaysupplier.com\/wp-content\/uploads\/2026\/01\/chafing-9-1-100x100.webp 100w\" sizes=\"(max-width: 800px) 100vw, 800px\" \/><\/figure>\n<\/div>\n<\/div>\n\n\n\n<div class=\"wp-block-columns is-layout-flex wp-container-core-columns-is-layout-9d6595d7 wp-block-columns-is-layout-flex\">\n<div class=\"wp-block-column is-layout-flow wp-block-column-is-layout-flow\">\n<figure class=\"wp-block-image size-full is-resized\"><img decoding=\"async\" width=\"800\" height=\"800\" src=\"https:\/\/www.billiondaysupplier.com\/wp-content\/uploads\/2025\/11\/chafing-dish-suppliers-2.webp\" alt=\"fournisseurs de chafing dish\" class=\"wp-image-1449\" style=\"aspect-ratio:1;object-fit:cover;width:720px\" srcset=\"https:\/\/www.billiondaysupplier.com\/wp-content\/uploads\/2025\/11\/chafing-dish-suppliers-2.webp 800w, https:\/\/www.billiondaysupplier.com\/wp-content\/uploads\/2025\/11\/chafing-dish-suppliers-2-300x300.webp 300w, https:\/\/www.billiondaysupplier.com\/wp-content\/uploads\/2025\/11\/chafing-dish-suppliers-2-150x150.webp 150w, https:\/\/www.billiondaysupplier.com\/wp-content\/uploads\/2025\/11\/chafing-dish-suppliers-2-768x768.webp 768w, https:\/\/www.billiondaysupplier.com\/wp-content\/uploads\/2025\/11\/chafing-dish-suppliers-2-12x12.webp 12w, https:\/\/www.billiondaysupplier.com\/wp-content\/uploads\/2025\/11\/chafing-dish-suppliers-2-600x600.webp 600w, https:\/\/www.billiondaysupplier.com\/wp-content\/uploads\/2025\/11\/chafing-dish-suppliers-2-100x100.webp 100w\" sizes=\"(max-width: 800px) 100vw, 800px\" \/><\/figure>\n<\/div>\n\n\n\n<div class=\"wp-block-column is-layout-flow wp-block-column-is-layout-flow\"><div class=\"wp-block-image\">\n<figure class=\"aligncenter size-full\"><img decoding=\"async\" width=\"800\" height=\"800\" src=\"https:\/\/www.billiondaysupplier.com\/wp-content\/uploads\/2026\/01\/chafing-9-1.webp\" alt=\"fabricants de chafing dish\" class=\"wp-image-1671\" srcset=\"https:\/\/www.billiondaysupplier.com\/wp-content\/uploads\/2026\/01\/chafing-9-1.webp 800w, https:\/\/www.billiondaysupplier.com\/wp-content\/uploads\/2026\/01\/chafing-9-1-300x300.webp 300w, https:\/\/www.billiondaysupplier.com\/wp-content\/uploads\/2026\/01\/chafing-9-1-150x150.webp 150w, https:\/\/www.billiondaysupplier.com\/wp-content\/uploads\/2026\/01\/chafing-9-1-768x768.webp 768w, https:\/\/www.billiondaysupplier.com\/wp-content\/uploads\/2026\/01\/chafing-9-1-12x12.webp 12w, https:\/\/www.billiondaysupplier.com\/wp-content\/uploads\/2026\/01\/chafing-9-1-600x600.webp 600w, https:\/\/www.billiondaysupplier.com\/wp-content\/uploads\/2026\/01\/chafing-9-1-100x100.webp 100w\" sizes=\"(max-width: 800px) 100vw, 800px\" \/><\/figure>\n<\/div><\/div>\n<\/div>\n\n\n\n<p><\/p>","protected":false},"excerpt":{"rendered":"<p>Le chafing dish \u00e9lectrique de Billion Day offre des solutions de chauffage de buffet \u00e9l\u00e9gantes, durables et efficaces avec une capacit\u00e9 de 6 litres, un contr\u00f4le intelligent de la chaleur humide et un couvercle hydraulique s\u00fbr. Contactez-nous d\u00e8s maintenant pour obtenir des prix de gros et des solutions OEM\/ODM personnalis\u00e9es.<\/p>\n<h2>Param\u00e8tres du r\u00e9chaud \u00e9lectrique\uff1a<\/h2>\n<table border=\"0\" width=\"404\" cellspacing=\"0\" cellpadding=\"0\">\n<tbody>\n<tr>\n<td style=\"text-align: left;\" width=\"148\" height=\"24\"><strong>Mat\u00e9riau<\/strong><\/td>\n<td style=\"text-align: left;\" width=\"256\">Acier inoxydable 201<\/td>\n<\/tr>\n<tr>\n<td style=\"text-align: left;\" height=\"69\"><strong>Couleur<\/strong><\/td>\n<td style=\"text-align: left;\" width=\"256\">Argent\/Or\/Mi-Or\/Acceptation de la personnalisation<\/td>\n<\/tr>\n<tr>\n<td style=\"text-align: left;\" height=\"24\"><strong>M\u00e9thode de chauffage<\/strong><\/td>\n<td style=\"text-align: left;\">Chauffage \u00e9lectrique<\/td>\n<\/tr>\n<tr>\n<td style=\"text-align: left;\" height=\"24\"><strong>Capacit\u00e9<\/strong><\/td>\n<td style=\"text-align: left;\">6.0L<\/td>\n<\/tr>\n<tr>\n<td style=\"text-align: left;\" height=\"92\"><strong>Fonctionnalit\u00e9<\/strong><\/td>\n<td style=\"text-align: left;\" width=\"256\">\n<p>1. Couvercle hydraulique avec fen\u00eatre en verre<br \/>2. Polis<br \/>3. Utilisation en milieu humide<\/p>\n<\/td>\n<\/tr>\n<tr>\n<td style=\"text-align: left;\" height=\"24\"><strong>Option personnalis\u00e9e<\/strong><\/td>\n<td style=\"text-align: left;\">Logo\/couleur\/taille\/emballage\/accessoires<\/td>\n<\/tr>\n<\/tbody>\n<\/table>","protected":false},"featured_media":1671,"comment_status":"closed","ping_status":"closed","template":"","meta":{"_acf_changed":false},"product_brand":[],"product_cat":[18],"product_tag":[],"class_list":{"0":"post-1669","1":"product","2":"type-product","3":"status-publish","4":"has-post-thumbnail","6":"product_cat-wholesale-chafing-dishes","8":"first","9":"instock","10":"shipping-taxable","11":"product-type-simple"},"acf":[],"_links":{"self":[{"href":"https:\/\/www.billiondaysupplier.com\/fr\/wp-json\/wp\/v2\/product\/1669","targetHints":{"allow":["GET"]}}],"collection":[{"href":"https:\/\/www.billiondaysupplier.com\/fr\/wp-json\/wp\/v2\/product"}],"about":[{"href":"https:\/\/www.billiondaysupplier.com\/fr\/wp-json\/wp\/v2\/types\/product"}],"replies":[{"embeddable":true,"href":"https:\/\/www.billiondaysupplier.com\/fr\/wp-json\/wp\/v2\/comments?post=1669"}],"wp:featuredmedia":[{"embeddable":true,"href":"https:\/\/www.billiondaysupplier.com\/fr\/wp-json\/wp\/v2\/media\/1671"}],"wp:attachment":[{"href":"https:\/\/www.billiondaysupplier.com\/fr\/wp-json\/wp\/v2\/media?parent=1669"}],"wp:term":[{"taxonomy":"product_brand","embeddable":true,"href":"https:\/\/www.billiondaysupplier.com\/fr\/wp-json\/wp\/v2\/product_brand?post=1669"},{"taxonomy":"product_cat","embeddable":true,"href":"https:\/\/www.billiondaysupplier.com\/fr\/wp-json\/wp\/v2\/product_cat?post=1669"},{"taxonomy":"product_tag","embeddable":true,"href":"https:\/\/www.billiondaysupplier.com\/fr\/wp-json\/wp\/v2\/product_tag?post=1669"}],"curies":[{"name":"wp","href":"https:\/\/api.w.org\/{rel}","templated":true}]}}