{"id":1638,"date":"2026-01-19T09:41:05","date_gmt":"2026-01-19T09:41:05","guid":{"rendered":"https:\/\/www.billiondaysupplier.com\/?post_type=product&#038;p=1638"},"modified":"2026-01-19T09:42:56","modified_gmt":"2026-01-19T09:42:56","slug":"bulk-drink-dispenser","status":"publish","type":"product","link":"https:\/\/www.billiondaysupplier.com\/fr\/product\/bulk-drink-dispenser\/","title":{"rendered":"Distributeur de boissons en vrac 13L Urne \u00e0 caf\u00e9 Acier inoxydable Buffet Ware Argent"},"content":{"rendered":"<div class=\"wp-block-columns is-layout-flex wp-container-core-columns-is-layout-9d6595d7 wp-block-columns-is-layout-flex\">\n<div class=\"wp-block-column is-layout-flow wp-block-column-is-layout-flow\">\n<h2 class=\"wp-block-heading\">Distributeur de boissons en acier inoxydable 13L Caract\u00e9ristiques :<\/h2>\n\n\n\n<p><strong>Grande capacit\u00e9 de 13 litres :<\/strong> Convient aux buffets, h\u00f4tels, banquets et conf\u00e9rences, r\u00e9pondant aux besoins de plusieurs personnes \u00e0 la fois, r\u00e9duisant les remplissages fr\u00e9quents et am\u00e9liorant l'efficacit\u00e9 du service.<\/p>\n\n\n\n<p><strong>Conception de la t\u00eate d'\u00e9tanch\u00e9it\u00e9 \u00e0 haute efficacit\u00e9 :<\/strong> Le bouchon scell\u00e9 avec pr\u00e9cision garantit que les boissons restent chaudes et ne fuient pas, tout en pr\u00e9servant l'hygi\u00e8ne et en emp\u00eachant la poussi\u00e8re et les odeurs de p\u00e9n\u00e9trer.<\/p>\n\n\n\n<p><strong>Bec lisse et facile \u00e0 utiliser :<\/strong> Le bec est lisse et sans fuite, simple \u00e0 utiliser, adapt\u00e9 aux environnements \u00e0 haute fr\u00e9quence, ce qui rend la distribution de boissons plus pratique et plus s\u00fbre.<\/p>\n\n\n\n<p><strong>Base stable et structure durable :<\/strong> Le mat\u00e9riau en acier inoxydable \u00e9pais, associ\u00e9 \u00e0 une base stable, maintient l'\u00e9quilibre g\u00e9n\u00e9ral, emp\u00eachant le basculement et le glissement, ce qui garantit une s\u00e9curit\u00e9 \u00e0 long terme dans les environnements commerciaux.<\/p>\n\n\n\n<p><strong>Mat\u00e9riaux commerciaux de qualit\u00e9 alimentaire<\/strong>: L'ensemble de la machine est fabriqu\u00e9 en acier inoxydable de qualit\u00e9 alimentaire, r\u00e9sistant \u00e0 la corrosion, facile \u00e0 nettoyer et conforme aux normes d'hygi\u00e8ne, convenant aussi bien aux boissons chaudes que froides.<\/p>\n\n\n\n<p><strong>Aspect moderne :<\/strong> La surface en acier inoxydable bross\u00e9 argent\u00e9 a une forte touche de modernit\u00e9, convenant \u00e0 diverses tables de buffet et \u00e0 des environnements commerciaux, \u00e9quilibrant praticit\u00e9 et esth\u00e9tique.<\/p>\n\n\n\n<p><strong>Fourniture du fabricant :<\/strong> Billion Day a de nombreuses ann\u00e9es d'exp\u00e9rience dans la production d'\u00e9quipements pour boissons en acier inoxydable. Nous sommes un fabricant professionnel d'urnes \u00e0 caf\u00e9 commerciales et de distributeurs de boissons, fournissant un contr\u00f4le de qualit\u00e9 strict, un approvisionnement stable et des services de personnalisation.<\/p>\n<\/div>\n\n\n\n<div class=\"wp-block-column is-layout-flow wp-block-column-is-layout-flow\">\n<figure class=\"wp-block-image size-full\"><img decoding=\"async\" width=\"720\" height=\"720\" src=\"https:\/\/www.billiondaysupplier.com\/wp-content\/uploads\/2025\/08\/bulk-stainless-steel-beverage-dispenser-1.webp\" alt=\"distributeur de boissons en vrac en acier inoxydable (1)\" class=\"wp-image-669\" srcset=\"https:\/\/www.billiondaysupplier.com\/wp-content\/uploads\/2025\/08\/bulk-stainless-steel-beverage-dispenser-1.webp 720w, https:\/\/www.billiondaysupplier.com\/wp-content\/uploads\/2025\/08\/bulk-stainless-steel-beverage-dispenser-1-300x300.webp 300w, https:\/\/www.billiondaysupplier.com\/wp-content\/uploads\/2025\/08\/bulk-stainless-steel-beverage-dispenser-1-150x150.webp 150w, https:\/\/www.billiondaysupplier.com\/wp-content\/uploads\/2025\/08\/bulk-stainless-steel-beverage-dispenser-1-600x600.webp 600w, https:\/\/www.billiondaysupplier.com\/wp-content\/uploads\/2025\/08\/bulk-stainless-steel-beverage-dispenser-1-100x100.webp 100w\" sizes=\"(max-width: 720px) 100vw, 720px\" \/><\/figure>\n<\/div>\n<\/div>\n\n\n\n<div class=\"wp-block-columns is-layout-flex wp-container-core-columns-is-layout-9d6595d7 wp-block-columns-is-layout-flex\">\n<div class=\"wp-block-column is-layout-flow wp-block-column-is-layout-flow\">\n<figure class=\"wp-block-image size-full\"><img decoding=\"async\" width=\"720\" height=\"720\" src=\"https:\/\/www.billiondaysupplier.com\/wp-content\/uploads\/2025\/08\/bulk-stainless-steel-beverage-dispenser-4.webp\" alt=\"distributeur de boissons en vrac en acier inoxydable (4)\" class=\"wp-image-672\" srcset=\"https:\/\/www.billiondaysupplier.com\/wp-content\/uploads\/2025\/08\/bulk-stainless-steel-beverage-dispenser-4.webp 720w, https:\/\/www.billiondaysupplier.com\/wp-content\/uploads\/2025\/08\/bulk-stainless-steel-beverage-dispenser-4-300x300.webp 300w, https:\/\/www.billiondaysupplier.com\/wp-content\/uploads\/2025\/08\/bulk-stainless-steel-beverage-dispenser-4-150x150.webp 150w, https:\/\/www.billiondaysupplier.com\/wp-content\/uploads\/2025\/08\/bulk-stainless-steel-beverage-dispenser-4-600x600.webp 600w, https:\/\/www.billiondaysupplier.com\/wp-content\/uploads\/2025\/08\/bulk-stainless-steel-beverage-dispenser-4-100x100.webp 100w\" sizes=\"(max-width: 720px) 100vw, 720px\" \/><\/figure>\n<\/div>\n\n\n\n<div class=\"wp-block-column is-layout-flow wp-block-column-is-layout-flow\">\n<figure class=\"wp-block-image size-full\"><img decoding=\"async\" width=\"720\" height=\"720\" src=\"https:\/\/www.billiondaysupplier.com\/wp-content\/uploads\/2025\/08\/bulk-stainless-steel-beverage-dispenser-3.webp\" alt=\"distributeur de boissons en vrac en acier inoxydable (3)\" class=\"wp-image-671\" srcset=\"https:\/\/www.billiondaysupplier.com\/wp-content\/uploads\/2025\/08\/bulk-stainless-steel-beverage-dispenser-3.webp 720w, https:\/\/www.billiondaysupplier.com\/wp-content\/uploads\/2025\/08\/bulk-stainless-steel-beverage-dispenser-3-300x300.webp 300w, https:\/\/www.billiondaysupplier.com\/wp-content\/uploads\/2025\/08\/bulk-stainless-steel-beverage-dispenser-3-150x150.webp 150w, https:\/\/www.billiondaysupplier.com\/wp-content\/uploads\/2025\/08\/bulk-stainless-steel-beverage-dispenser-3-600x600.webp 600w, https:\/\/www.billiondaysupplier.com\/wp-content\/uploads\/2025\/08\/bulk-stainless-steel-beverage-dispenser-3-100x100.webp 100w\" sizes=\"(max-width: 720px) 100vw, 720px\" \/><\/figure>\n<\/div>\n<\/div>","protected":false},"excerpt":{"rendered":"<p>Distributeur de boissons en vrac et urne \u00e0 caf\u00e9, 13L, id\u00e9al pour les lieux tr\u00e8s fr\u00e9quent\u00e9s et les grands \u00e9v\u00e9nements. Distribution efficace, excellente r\u00e9tention de la chaleur et options personnalisables disponibles. Contactez-nous pour des solutions de restauration haut de gamme !<\/p>\n<h2>Distributeur de boissons en acier inoxydable 13L Param\u00e8tre\uff1a<\/h2>\n<table width=\"378\">\n<tbody>\n<tr>\n<td width=\"155\">Mat\u00e9riau<\/td>\n<td width=\"223\">Acier inoxydable 201 + PE<\/td>\n<\/tr>\n<tr>\n<td>Couleur<\/td>\n<td width=\"223\">Argent \/ Or<\/td>\n<\/tr>\n<tr>\n<td>Capacit\u00e9<\/td>\n<td>13L<\/td>\n<\/tr>\n<tr>\n<td>Fonction<\/td>\n<td>Isolation froide ou chaude<\/td>\n<\/tr>\n<tr>\n<td>Fonctionnalit\u00e9<\/td>\n<td width=\"223\">1. Corps du godet en acier inoxydable<br \/>2. Robinet en acier inoxydable<br \/>3. Base lourde<\/td>\n<\/tr>\n<tr>\n<td>Option personnalis\u00e9e<\/td>\n<td width=\"223\">Logo\/couleur\/taille\/emballage\/accessoires<\/td>\n<\/tr>\n<\/tbody>\n<\/table>","protected":false},"featured_media":669,"comment_status":"closed","ping_status":"closed","template":"","meta":{"_acf_changed":true},"product_brand":[],"product_cat":[19],"product_tag":[],"class_list":{"0":"post-1638","1":"product","2":"type-product","3":"status-publish","4":"has-post-thumbnail","6":"product_cat-wholesale-beverage-dispenser","8":"first","9":"instock","10":"shipping-taxable","11":"product-type-simple"},"acf":[],"_links":{"self":[{"href":"https:\/\/www.billiondaysupplier.com\/fr\/wp-json\/wp\/v2\/product\/1638","targetHints":{"allow":["GET"]}}],"collection":[{"href":"https:\/\/www.billiondaysupplier.com\/fr\/wp-json\/wp\/v2\/product"}],"about":[{"href":"https:\/\/www.billiondaysupplier.com\/fr\/wp-json\/wp\/v2\/types\/product"}],"replies":[{"embeddable":true,"href":"https:\/\/www.billiondaysupplier.com\/fr\/wp-json\/wp\/v2\/comments?post=1638"}],"wp:featuredmedia":[{"embeddable":true,"href":"https:\/\/www.billiondaysupplier.com\/fr\/wp-json\/wp\/v2\/media\/669"}],"wp:attachment":[{"href":"https:\/\/www.billiondaysupplier.com\/fr\/wp-json\/wp\/v2\/media?parent=1638"}],"wp:term":[{"taxonomy":"product_brand","embeddable":true,"href":"https:\/\/www.billiondaysupplier.com\/fr\/wp-json\/wp\/v2\/product_brand?post=1638"},{"taxonomy":"product_cat","embeddable":true,"href":"https:\/\/www.billiondaysupplier.com\/fr\/wp-json\/wp\/v2\/product_cat?post=1638"},{"taxonomy":"product_tag","embeddable":true,"href":"https:\/\/www.billiondaysupplier.com\/fr\/wp-json\/wp\/v2\/product_tag?post=1638"}],"curies":[{"name":"wp","href":"https:\/\/api.w.org\/{rel}","templated":true}]}}