{"id":1631,"date":"2026-01-09T01:36:44","date_gmt":"2026-01-09T01:36:44","guid":{"rendered":"https:\/\/www.billiondaysupplier.com\/?post_type=product&#038;p=1631"},"modified":"2026-01-09T01:40:14","modified_gmt":"2026-01-09T01:40:14","slug":"wholesale-soup-warmer-pot","status":"publish","type":"product","link":"https:\/\/www.billiondaysupplier.com\/fr\/product\/wholesale-soup-warmer-pot\/","title":{"rendered":"Wholesale Soup Warmer Pot 10L, Commercial Soup Warmer Silver Custom"},"content":{"rendered":"<div class=\"wp-block-columns is-layout-flex wp-container-core-columns-is-layout-9d6595d7 wp-block-columns-is-layout-flex\">\n<div class=\"wp-block-column is-layout-flow wp-block-column-is-layout-flow\">\n<h2 class=\"wp-block-heading\">Pot \u00e0 soupe Caract\u00e9ristiques :<\/h2>\n\n\n\n<p><strong>S\u00e9curit\u00e9 et mat\u00e9riaux durables :<\/strong> Construit avec un rev\u00eatement en acier inoxydable de qualit\u00e9 alimentaire et une structure renforc\u00e9e, il est r\u00e9sistant \u00e0 la corrosion, solide et durable. L'ext\u00e9rieur est recouvert d'une peinture thermor\u00e9sistante en acier argent\u00e9 pour plus de durabilit\u00e9 et de solidit\u00e9.<\/p>\n\n\n\n<p><strong>Contr\u00f4le pr\u00e9cis et flexible de la temp\u00e9rature<\/strong>: La plage de temp\u00e9rature de 35\u00b0C \u00e0 80\u00b0C (95\u00b0F \u00e0 176\u00b0F) peut \u00eatre r\u00e9gul\u00e9e, en chauffant rapidement pour offrir un contr\u00f4le pr\u00e9cis de la temp\u00e9rature des aliments.<\/p>\n\n\n\n<p><strong>Pr\u00e9servation durable de la chaleur :<\/strong> Gr\u00e2ce \u00e0 une structure en acier inoxydable \u00e0 double couche, une couche de vide est form\u00e9e entre les deux couches d'acier inoxydable, ce qui emp\u00eache efficacement la conduction et la convection de la chaleur, r\u00e9duit la perte de chaleur et permet de maintenir la temp\u00e9rature des aliments pendant une p\u00e9riode plus longue.<\/p>\n\n\n\n<p><strong>Isolation thermique et anti-calcaire<\/strong>: L'ext\u00e9rieur de la marmite est compos\u00e9 de mat\u00e9riaux thermo-isolants et poss\u00e8de une structure \u00e0 double couche. M\u00eame si la soupe \u00e0 l'int\u00e9rieur de la marmite est tr\u00e8s chaude, l'ext\u00e9rieur de la marmite ne surchauffe pas, ce qui \u00e9vite aux utilisateurs d'\u00eatre \u00e9bouillant\u00e9s lorsqu'ils la touchent accidentellement, am\u00e9liorant ainsi la s\u00e9curit\u00e9 pendant l'utilisation.<\/p>\n\n\n\n<p><strong>Conception \u00e0 grande capacit\u00e9 :<\/strong> Il poss\u00e8de une \u00e9norme capacit\u00e9 de 10,5 Qt\/10L pour garder au chaud d'\u00e9normes quantit\u00e9s d'aliments.<\/p>\n\n\n\n<p><strong>Facile \u00e0 nettoyer<\/strong>: La surface en acier inoxydable de haute qualit\u00e9 est lisse et plate, et le rev\u00eatement amovible permet un nettoyage facile.<\/p>\n\n\n\n<p><strong>Largement applicable<\/strong>: Il peut \u00eatre utilis\u00e9 pour maintenir au chaud plusieurs aliments, par exemple la soupe, les flocons d'avoine et la bouillie de riz, ce qui est parfait pour les restaurants et les lieux de restauration commerciale.<\/p>\n<\/div>\n\n\n\n<div class=\"wp-block-column is-layout-flow wp-block-column-is-layout-flow\">\n<figure class=\"wp-block-image size-full\"><img decoding=\"async\" width=\"800\" height=\"800\" src=\"https:\/\/www.billiondaysupplier.com\/wp-content\/uploads\/2026\/01\/soup.webp\" alt=\"R\u00e9chauffeur de marmite \u00e0 soupe\" class=\"wp-image-1633\" srcset=\"https:\/\/www.billiondaysupplier.com\/wp-content\/uploads\/2026\/01\/soup.webp 800w, https:\/\/www.billiondaysupplier.com\/wp-content\/uploads\/2026\/01\/soup-300x300.webp 300w, https:\/\/www.billiondaysupplier.com\/wp-content\/uploads\/2026\/01\/soup-150x150.webp 150w, https:\/\/www.billiondaysupplier.com\/wp-content\/uploads\/2026\/01\/soup-768x768.webp 768w, https:\/\/www.billiondaysupplier.com\/wp-content\/uploads\/2026\/01\/soup-12x12.webp 12w, https:\/\/www.billiondaysupplier.com\/wp-content\/uploads\/2026\/01\/soup-600x600.webp 600w, https:\/\/www.billiondaysupplier.com\/wp-content\/uploads\/2026\/01\/soup-100x100.webp 100w\" sizes=\"(max-width: 800px) 100vw, 800px\" \/><\/figure>\n<\/div>\n<\/div>\n\n\n\n<div class=\"wp-block-columns is-layout-flex wp-container-core-columns-is-layout-9d6595d7 wp-block-columns-is-layout-flex\">\n<div class=\"wp-block-column is-layout-flow wp-block-column-is-layout-flow\">\n<figure class=\"wp-block-image size-full\"><img decoding=\"async\" width=\"800\" height=\"800\" src=\"https:\/\/www.billiondaysupplier.com\/wp-content\/uploads\/2026\/01\/soup-1.webp\" alt=\"R\u00e9chauffeur de marmite \u00e0 soupe\" class=\"wp-image-1632\" srcset=\"https:\/\/www.billiondaysupplier.com\/wp-content\/uploads\/2026\/01\/soup-1.webp 800w, https:\/\/www.billiondaysupplier.com\/wp-content\/uploads\/2026\/01\/soup-1-300x300.webp 300w, https:\/\/www.billiondaysupplier.com\/wp-content\/uploads\/2026\/01\/soup-1-150x150.webp 150w, https:\/\/www.billiondaysupplier.com\/wp-content\/uploads\/2026\/01\/soup-1-768x768.webp 768w, https:\/\/www.billiondaysupplier.com\/wp-content\/uploads\/2026\/01\/soup-1-12x12.webp 12w, https:\/\/www.billiondaysupplier.com\/wp-content\/uploads\/2026\/01\/soup-1-600x600.webp 600w, https:\/\/www.billiondaysupplier.com\/wp-content\/uploads\/2026\/01\/soup-1-100x100.webp 100w\" sizes=\"(max-width: 800px) 100vw, 800px\" \/><\/figure>\n<\/div>\n\n\n\n<div class=\"wp-block-column is-layout-flow wp-block-column-is-layout-flow\">\n<figure class=\"wp-block-image size-full\"><img decoding=\"async\" width=\"1500\" height=\"1500\" src=\"https:\/\/www.billiondaysupplier.com\/wp-content\/uploads\/2025\/10\/wholesale-soup-warmer-3.webp\" alt=\"chauffe-soupe en gros (3)\" class=\"wp-image-1242\" srcset=\"https:\/\/www.billiondaysupplier.com\/wp-content\/uploads\/2025\/10\/wholesale-soup-warmer-3.webp 1500w, https:\/\/www.billiondaysupplier.com\/wp-content\/uploads\/2025\/10\/wholesale-soup-warmer-3-300x300.webp 300w, https:\/\/www.billiondaysupplier.com\/wp-content\/uploads\/2025\/10\/wholesale-soup-warmer-3-150x150.webp 150w, https:\/\/www.billiondaysupplier.com\/wp-content\/uploads\/2025\/10\/wholesale-soup-warmer-3-768x768.webp 768w, https:\/\/www.billiondaysupplier.com\/wp-content\/uploads\/2025\/10\/wholesale-soup-warmer-3-12x12.webp 12w, https:\/\/www.billiondaysupplier.com\/wp-content\/uploads\/2025\/10\/wholesale-soup-warmer-3-1200x1200.webp 1200w, https:\/\/www.billiondaysupplier.com\/wp-content\/uploads\/2025\/10\/wholesale-soup-warmer-3-600x600.webp 600w, https:\/\/www.billiondaysupplier.com\/wp-content\/uploads\/2025\/10\/wholesale-soup-warmer-3-100x100.webp 100w\" sizes=\"(max-width: 1500px) 100vw, 1500px\" \/><\/figure>\n<\/div>\n<\/div>","protected":false},"excerpt":{"rendered":"<p>Bienvenue sur le site de vente en gros de la marmite chauffante pour soupe, qui se caract\u00e9rise par des mat\u00e9riaux en acier inoxydable, un aspect argent\u00e9 moderne, une grande capacit\u00e9 de 10L\/13L, un contr\u00f4le pr\u00e9cis de la temp\u00e9rature, est facile \u00e0 nettoyer et convient aux restaurants commerciaux. Billion Day manufacturer direct supply, we support bulk customization. Contactez-nous pour une solution de vente en gros.<\/p>\n<h2>Param\u00e8tres de la marmite chauffante pour soupe\uff1a<\/h2>\n<table border=\"0\" width=\"404\" cellspacing=\"0\" cellpadding=\"0\">\n<tbody>\n<tr>\n<td style=\"text-align: left;\" width=\"148\" height=\"24\"><strong>Mat\u00e9riau<\/strong><\/td>\n<td style=\"text-align: left;\" width=\"256\">Acier inoxydable 201<\/td>\n<\/tr>\n<tr>\n<td style=\"text-align: left;\" width=\"148\" height=\"24\"><strong>Couleur<\/strong><\/td>\n<td style=\"text-align: left;\" width=\"256\">Argent fin<\/td>\n<\/tr>\n<tr>\n<td style=\"text-align: left;\" width=\"148\" height=\"24\"><strong>Capacit\u00e9<\/strong><\/td>\n<td style=\"text-align: left;\" width=\"256\">10 L\/ 13L<\/td>\n<\/tr>\n<tr>\n<td style=\"text-align: left;\" height=\"92\"><strong>Fonctionnalit\u00e9<\/strong><\/td>\n<td style=\"text-align: left;\" width=\"256\">1. Conception anti-br\u00fblure<br \/>2. Pieds stables<br \/>3. Rev\u00eatement en aluminium<br \/>4. Bouton de r\u00e9glage de la temp\u00e9rature<\/td>\n<\/tr>\n<tr>\n<td style=\"text-align: left;\" height=\"24\"><strong>Option personnalis\u00e9e<\/strong><\/td>\n<td style=\"text-align: left;\">Logo\/taille\/emballage\/accessoires<\/td>\n<\/tr>\n<\/tbody>\n<\/table>","protected":false},"featured_media":1633,"comment_status":"closed","ping_status":"closed","template":"","meta":{"_acf_changed":true},"product_brand":[],"product_cat":[20],"product_tag":[],"class_list":{"0":"post-1631","1":"product","2":"type-product","3":"status-publish","4":"has-post-thumbnail","6":"product_cat-wholesale-soup-warmer","8":"first","9":"instock","10":"shipping-taxable","11":"product-type-simple"},"acf":[],"_links":{"self":[{"href":"https:\/\/www.billiondaysupplier.com\/fr\/wp-json\/wp\/v2\/product\/1631","targetHints":{"allow":["GET"]}}],"collection":[{"href":"https:\/\/www.billiondaysupplier.com\/fr\/wp-json\/wp\/v2\/product"}],"about":[{"href":"https:\/\/www.billiondaysupplier.com\/fr\/wp-json\/wp\/v2\/types\/product"}],"replies":[{"embeddable":true,"href":"https:\/\/www.billiondaysupplier.com\/fr\/wp-json\/wp\/v2\/comments?post=1631"}],"wp:featuredmedia":[{"embeddable":true,"href":"https:\/\/www.billiondaysupplier.com\/fr\/wp-json\/wp\/v2\/media\/1633"}],"wp:attachment":[{"href":"https:\/\/www.billiondaysupplier.com\/fr\/wp-json\/wp\/v2\/media?parent=1631"}],"wp:term":[{"taxonomy":"product_brand","embeddable":true,"href":"https:\/\/www.billiondaysupplier.com\/fr\/wp-json\/wp\/v2\/product_brand?post=1631"},{"taxonomy":"product_cat","embeddable":true,"href":"https:\/\/www.billiondaysupplier.com\/fr\/wp-json\/wp\/v2\/product_cat?post=1631"},{"taxonomy":"product_tag","embeddable":true,"href":"https:\/\/www.billiondaysupplier.com\/fr\/wp-json\/wp\/v2\/product_tag?post=1631"}],"curies":[{"name":"wp","href":"https:\/\/api.w.org\/{rel}","templated":true}]}}