{"id":1571,"date":"2025-12-16T02:35:06","date_gmt":"2025-12-16T02:35:06","guid":{"rendered":"https:\/\/www.billiondaysupplier.com\/?post_type=product&#038;p=1571"},"modified":"2025-12-18T03:21:00","modified_gmt":"2025-12-18T03:21:00","slug":"custom-stainless-steel-serving-spoons","status":"publish","type":"product","link":"https:\/\/www.billiondaysupplier.com\/fr\/product\/custom-stainless-steel-serving-spoons\/","title":{"rendered":"Cuill\u00e8res de service en acier inoxydable avec assiettes, set de cuill\u00e8res rondes argent\u00e9es et dor\u00e9es Wholesale"},"content":{"rendered":"<div class=\"wp-block-columns is-layout-flex wp-container-core-columns-is-layout-9d6595d7 wp-block-columns-is-layout-flex\">\n<div class=\"wp-block-column is-layout-flow wp-block-column-is-layout-flow\">\n<h2 class=\"wp-block-heading\">Ensemble de cuill\u00e8res de service et d'assiettes en acier inoxydable Caract\u00e9ristiques :<\/h2>\n\n\n\n<p><strong>Texture de qualit\u00e9 : <\/strong>Le corps principal est fabriqu\u00e9 en acier inoxydable, avec une surface polie qui pr\u00e9sente une texture m\u00e9tallique brillante.<\/p>\n\n\n\n<p><strong>Conception int\u00e9gr\u00e9e \"cuill\u00e8re + plateau\" :<\/strong> La cuill\u00e8re a une grande capacit\u00e9 et le plateau soutient la cuill\u00e8re, \u00e9vitant ainsi le contact direct entre l'ustensile et la table.<\/p>\n\n\n\n<p><strong>Tenue confortable :<\/strong> La poign\u00e9e plus longue et plus \u00e9paisse s'adapte parfaitement \u00e0 la paume de l'utilisateur, ce qui lui assure une bonne prise en main. Certains mod\u00e8les int\u00e8grent un processus de moulage en une seule pi\u00e8ce, ce qui r\u00e9duit les risques de glissement et optimise l'exp\u00e9rience gastronomique.<\/p>\n\n\n\n<p><strong>Design premium bicolore<\/strong>: Deux couleurs intemporelles, l'argent et l'or, toutes deux avec une finition polie brillante, sont id\u00e9ales pour la maison, les restaurants ou les cadeaux.<\/p>\n\n\n\n<p><strong>Personnalisation du support<\/strong>: Nous proposons des services de personnalisation, y compris des couleurs, des finitions, des logos et des emballages, etc., pour r\u00e9pondre aux besoins des marques de buffet et de restauration.<\/p>\n<\/div>\n\n\n\n<div class=\"wp-block-column is-layout-flow wp-block-column-is-layout-flow\">\n<figure class=\"wp-block-image size-full\"><img decoding=\"async\" width=\"800\" height=\"800\" src=\"https:\/\/www.billiondaysupplier.com\/wp-content\/uploads\/2025\/12\/buffet-table-accessories2.webp\" alt=\"accessoires pour table de buffet\" class=\"wp-image-1574\" srcset=\"https:\/\/www.billiondaysupplier.com\/wp-content\/uploads\/2025\/12\/buffet-table-accessories2.webp 800w, https:\/\/www.billiondaysupplier.com\/wp-content\/uploads\/2025\/12\/buffet-table-accessories2-300x300.webp 300w, https:\/\/www.billiondaysupplier.com\/wp-content\/uploads\/2025\/12\/buffet-table-accessories2-150x150.webp 150w, https:\/\/www.billiondaysupplier.com\/wp-content\/uploads\/2025\/12\/buffet-table-accessories2-768x768.webp 768w, https:\/\/www.billiondaysupplier.com\/wp-content\/uploads\/2025\/12\/buffet-table-accessories2-12x12.webp 12w, https:\/\/www.billiondaysupplier.com\/wp-content\/uploads\/2025\/12\/buffet-table-accessories2-600x600.webp 600w, https:\/\/www.billiondaysupplier.com\/wp-content\/uploads\/2025\/12\/buffet-table-accessories2-100x100.webp 100w\" sizes=\"(max-width: 800px) 100vw, 800px\" \/><\/figure>\n<\/div>\n<\/div>\n\n\n\n<p><\/p>","protected":false},"excerpt":{"rendered":"<p>Les cuill\u00e8res de service en acier inoxydable, disponibles en or et en argent, sont dot\u00e9es d'un manche allong\u00e9 et d'une t\u00eate large, parfaites pour servir les soupes, le porridge, les desserts et autres aliments. Prix d'usine, personnalisation en vrac disponible. Contactez-nous d\u00e8s maintenant pour un devis gratuit et des \u00e9chantillons !<\/p>\n<h2>Set de cuill\u00e8res de service et d'assiettes en acier inoxydable Parameter\uff1a<\/h2>\n<table style=\"height: 252px;\" width=\"378\">\n<tbody>\n<tr>\n<td style=\"text-align: left;\" width=\"155\">Mat\u00e9riau<\/td>\n<td style=\"text-align: left;\" width=\"223\">Acier inoxydable\u00a0<\/td>\n<\/tr>\n<tr>\n<td style=\"text-align: left;\" width=\"155\">Couleur<\/td>\n<td style=\"text-align: left;\" width=\"223\">Argent \/ Or<\/td>\n<\/tr>\n<tr>\n<td style=\"text-align: left;\">Fonctionnalit\u00e9<\/td>\n<td style=\"text-align: left;\" width=\"223\">\n<ul>\n<li>Poign\u00e9e allong\u00e9e et \u00e9paisse<\/li>\n<li>Disponible en or ou en argent<\/li>\n<li>Conception ergonomique<\/li>\n<\/ul>\n<\/td>\n<\/tr>\n<tr>\n<td style=\"text-align: left;\" width=\"155\">Option personnalis\u00e9e<\/td>\n<td style=\"text-align: left;\" width=\"223\">Logo\/couleur\/taille\/emballage\/accessoires<\/td>\n<\/tr>\n<\/tbody>\n<\/table>","protected":false},"featured_media":1572,"comment_status":"closed","ping_status":"closed","template":"","meta":{"_acf_changed":false},"product_brand":[],"product_cat":[23],"product_tag":[],"class_list":{"0":"post-1571","1":"product","2":"type-product","3":"status-publish","4":"has-post-thumbnail","6":"product_cat-wholesale-buffet-accessories","8":"first","9":"instock","10":"shipping-taxable","11":"product-type-simple"},"acf":[],"_links":{"self":[{"href":"https:\/\/www.billiondaysupplier.com\/fr\/wp-json\/wp\/v2\/product\/1571","targetHints":{"allow":["GET"]}}],"collection":[{"href":"https:\/\/www.billiondaysupplier.com\/fr\/wp-json\/wp\/v2\/product"}],"about":[{"href":"https:\/\/www.billiondaysupplier.com\/fr\/wp-json\/wp\/v2\/types\/product"}],"replies":[{"embeddable":true,"href":"https:\/\/www.billiondaysupplier.com\/fr\/wp-json\/wp\/v2\/comments?post=1571"}],"wp:featuredmedia":[{"embeddable":true,"href":"https:\/\/www.billiondaysupplier.com\/fr\/wp-json\/wp\/v2\/media\/1572"}],"wp:attachment":[{"href":"https:\/\/www.billiondaysupplier.com\/fr\/wp-json\/wp\/v2\/media?parent=1571"}],"wp:term":[{"taxonomy":"product_brand","embeddable":true,"href":"https:\/\/www.billiondaysupplier.com\/fr\/wp-json\/wp\/v2\/product_brand?post=1571"},{"taxonomy":"product_cat","embeddable":true,"href":"https:\/\/www.billiondaysupplier.com\/fr\/wp-json\/wp\/v2\/product_cat?post=1571"},{"taxonomy":"product_tag","embeddable":true,"href":"https:\/\/www.billiondaysupplier.com\/fr\/wp-json\/wp\/v2\/product_tag?post=1571"}],"curies":[{"name":"wp","href":"https:\/\/api.w.org\/{rel}","templated":true}]}}