{"id":1548,"date":"2025-12-15T07:28:48","date_gmt":"2025-12-15T07:28:48","guid":{"rendered":"https:\/\/www.billiondaysupplier.com\/?post_type=product&#038;p=1548"},"modified":"2025-12-15T07:28:52","modified_gmt":"2025-12-15T07:28:52","slug":"wholesale-stainless-steel-buffet-tray-with-lid","status":"publish","type":"product","link":"https:\/\/www.billiondaysupplier.com\/fr\/product\/wholesale-stainless-steel-buffet-tray-with-lid\/","title":{"rendered":"Grossiste Plateau de Buffet en Acier Inoxydable avec Couvercle Goutte d'Eau Martel\u00e9e pour Buffet Cuisine"},"content":{"rendered":"<div class=\"wp-block-columns is-layout-flex wp-container-core-columns-is-layout-9d6595d7 wp-block-columns-is-layout-flex\">\n<div class=\"wp-block-column is-layout-flow wp-block-column-is-layout-flow\">\n<h2 class=\"wp-block-heading\">Plateau de buffet en acier inoxydable avec couvercle Caract\u00e9ristiques :<\/h2>\n\n\n\n<p><strong>Finition textur\u00e9e am\u00e9liorant l'atmosph\u00e8re<\/strong>: Le couvercle bomb\u00e9 gaufr\u00e9, dot\u00e9 d'un fleuron d\u00e9coratif, est disponible dans un total de 5 finitions de haute qualit\u00e9 : or, argent, or rose, bronze antique et rouge antique. Gr\u00e2ce \u00e0 lui, il est possible d'amplifier en un instant le charme esth\u00e9tique d'une table de banquet, qui passe d'un simple \u00e9talage de nourriture \u00e0 un v\u00e9ritable chef-d'\u0153uvre.<\/p>\n\n\n\n<p><strong>Primum Mat\u00e9riau : <\/strong>Fabriqu\u00e9 en acier inoxydable de qualit\u00e9 410, il est suffisamment solide pour r\u00e9sister \u00e0 un usage quotidien intensif et peut \u00eatre nettoy\u00e9\/entretenu facilement.<\/p>\n\n\n\n<p><strong>Conception multi-tailles<\/strong>: Le produit contient des tailles de 30\/35\/40\/45\/50 cm pour r\u00e9pondre \u00e0 diff\u00e9rents besoins.<\/p>\n\n\n\n<p><strong>Isolation et protection contre la poussi\u00e8re<\/strong>: Le couvercle en m\u00e9tal permet de conserver la chaleur des aliments gr\u00e2ce \u00e0 un joint \u00e9tanche \u00e0 la poussi\u00e8re, ce qui en fait un r\u00e9cipient id\u00e9al pour les f\u00eates ou les repas en plein air.<\/p>\n\n\n\n<p><strong>Une grande capacit\u00e9 d'adaptation aux sc\u00e9narios<\/strong>: Utilis\u00e9 comme contenant alimentaire dans les buffets, les mariages, les h\u00f4tels-restaurants et les galas d'affaires, ce produit r\u00e9pondra \u00e0 un large \u00e9ventail de situations gr\u00e2ce \u00e0 sa taille adaptable et \u00e0 ses combinaisons de couleurs.<\/p>\n<\/div>\n\n\n\n<div class=\"wp-block-column is-layout-flow wp-block-column-is-layout-flow\">\n<figure class=\"wp-block-image size-full\"><img decoding=\"async\" width=\"800\" height=\"800\" src=\"https:\/\/www.billiondaysupplier.com\/wp-content\/uploads\/2025\/12\/buffetware1.webp\" alt=\"buffet\" class=\"wp-image-1550\" srcset=\"https:\/\/www.billiondaysupplier.com\/wp-content\/uploads\/2025\/12\/buffetware1.webp 800w, https:\/\/www.billiondaysupplier.com\/wp-content\/uploads\/2025\/12\/buffetware1-300x300.webp 300w, https:\/\/www.billiondaysupplier.com\/wp-content\/uploads\/2025\/12\/buffetware1-150x150.webp 150w, https:\/\/www.billiondaysupplier.com\/wp-content\/uploads\/2025\/12\/buffetware1-768x768.webp 768w, https:\/\/www.billiondaysupplier.com\/wp-content\/uploads\/2025\/12\/buffetware1-12x12.webp 12w, https:\/\/www.billiondaysupplier.com\/wp-content\/uploads\/2025\/12\/buffetware1-600x600.webp 600w, https:\/\/www.billiondaysupplier.com\/wp-content\/uploads\/2025\/12\/buffetware1-100x100.webp 100w\" sizes=\"(max-width: 800px) 100vw, 800px\" \/><\/figure>\n<\/div>\n<\/div>\n\n\n\n<div class=\"wp-block-columns is-layout-flex wp-container-core-columns-is-layout-9d6595d7 wp-block-columns-is-layout-flex\">\n<div class=\"wp-block-column is-layout-flow wp-block-column-is-layout-flow\">\n<figure class=\"wp-block-image size-full\"><img decoding=\"async\" width=\"800\" height=\"800\" src=\"https:\/\/www.billiondaysupplier.com\/wp-content\/uploads\/2025\/12\/buffetware3.webp\" alt=\"buffet\" class=\"wp-image-1552\" srcset=\"https:\/\/www.billiondaysupplier.com\/wp-content\/uploads\/2025\/12\/buffetware3.webp 800w, https:\/\/www.billiondaysupplier.com\/wp-content\/uploads\/2025\/12\/buffetware3-300x300.webp 300w, https:\/\/www.billiondaysupplier.com\/wp-content\/uploads\/2025\/12\/buffetware3-150x150.webp 150w, https:\/\/www.billiondaysupplier.com\/wp-content\/uploads\/2025\/12\/buffetware3-768x768.webp 768w, https:\/\/www.billiondaysupplier.com\/wp-content\/uploads\/2025\/12\/buffetware3-12x12.webp 12w, https:\/\/www.billiondaysupplier.com\/wp-content\/uploads\/2025\/12\/buffetware3-600x600.webp 600w, https:\/\/www.billiondaysupplier.com\/wp-content\/uploads\/2025\/12\/buffetware3-100x100.webp 100w\" sizes=\"(max-width: 800px) 100vw, 800px\" \/><\/figure>\n<\/div>\n\n\n\n<div class=\"wp-block-column is-layout-flow wp-block-column-is-layout-flow\">\n<figure class=\"wp-block-image size-full\"><img decoding=\"async\" width=\"800\" height=\"800\" src=\"https:\/\/www.billiondaysupplier.com\/wp-content\/uploads\/2025\/12\/buffetware5.webp\" alt=\"buffet\" class=\"wp-image-1554\" srcset=\"https:\/\/www.billiondaysupplier.com\/wp-content\/uploads\/2025\/12\/buffetware5.webp 800w, https:\/\/www.billiondaysupplier.com\/wp-content\/uploads\/2025\/12\/buffetware5-300x300.webp 300w, https:\/\/www.billiondaysupplier.com\/wp-content\/uploads\/2025\/12\/buffetware5-150x150.webp 150w, https:\/\/www.billiondaysupplier.com\/wp-content\/uploads\/2025\/12\/buffetware5-768x768.webp 768w, https:\/\/www.billiondaysupplier.com\/wp-content\/uploads\/2025\/12\/buffetware5-12x12.webp 12w, https:\/\/www.billiondaysupplier.com\/wp-content\/uploads\/2025\/12\/buffetware5-600x600.webp 600w, https:\/\/www.billiondaysupplier.com\/wp-content\/uploads\/2025\/12\/buffetware5-100x100.webp 100w\" sizes=\"(max-width: 800px) 100vw, 800px\" \/><\/figure>\n<\/div>\n<\/div>","protected":false},"excerpt":{"rendered":"<p>Le plateau alimentaire en gros en acier inoxydable avec couvercle pr\u00e9sente une gamme \u00e9tonnante de finitions m\u00e9talliques (or, or rose, argent, bronze) et des surfaces textur\u00e9es en 3D captivantes. Con\u00e7us pour conserver la fra\u00eecheur des aliments gr\u00e2ce \u00e0 des d\u00f4mes durables et \u00e9l\u00e9gants, ils sont parfaits pour toutes les occasions de restauration. Nous proposons des accessoires de buffet sur mesure. Contactez-nous pour obtenir un devis d\u00e8s aujourd'hui !<\/p>\n<h2>Plateau de buffet en acier inoxydable avec couvercle Parameter\uff1a<\/h2>\n<table width=\"378\">\n<tbody>\n<tr>\n<td style=\"text-align: left;\" width=\"155\">Mat\u00e9riau<\/td>\n<td style=\"text-align: left;\" width=\"223\">Acier inoxydable 410<\/td>\n<\/tr>\n<tr>\n<td>Couleur<\/td>\n<td width=\"223\">Argent \/ Or \/ Or rose<\/td>\n<\/tr>\n<tr>\n<td width=\"155\">Fonctionnalit\u00e9<\/td>\n<td width=\"223\">\n<p>1.  Acier inoxydable<br \/>2. Design de luxe<br \/>3. Compatibilit\u00e9 multi-sc\u00e8ne<\/p>\n<\/td>\n<\/tr>\n<tr>\n<td>Option personnalis\u00e9e<\/td>\n<td style=\"text-align: left;\" width=\"223\">Logo\/couleur\/taille\/emballage\/accessoires<\/td>\n<\/tr>\n<\/tbody>\n<\/table>","protected":false},"featured_media":1549,"comment_status":"closed","ping_status":"closed","template":"","meta":{"_acf_changed":false},"product_brand":[],"product_cat":[23],"product_tag":[],"class_list":{"0":"post-1548","1":"product","2":"type-product","3":"status-publish","4":"has-post-thumbnail","6":"product_cat-wholesale-buffet-accessories","8":"first","9":"instock","10":"shipping-taxable","11":"product-type-simple"},"acf":[],"_links":{"self":[{"href":"https:\/\/www.billiondaysupplier.com\/fr\/wp-json\/wp\/v2\/product\/1548","targetHints":{"allow":["GET"]}}],"collection":[{"href":"https:\/\/www.billiondaysupplier.com\/fr\/wp-json\/wp\/v2\/product"}],"about":[{"href":"https:\/\/www.billiondaysupplier.com\/fr\/wp-json\/wp\/v2\/types\/product"}],"replies":[{"embeddable":true,"href":"https:\/\/www.billiondaysupplier.com\/fr\/wp-json\/wp\/v2\/comments?post=1548"}],"wp:featuredmedia":[{"embeddable":true,"href":"https:\/\/www.billiondaysupplier.com\/fr\/wp-json\/wp\/v2\/media\/1549"}],"wp:attachment":[{"href":"https:\/\/www.billiondaysupplier.com\/fr\/wp-json\/wp\/v2\/media?parent=1548"}],"wp:term":[{"taxonomy":"product_brand","embeddable":true,"href":"https:\/\/www.billiondaysupplier.com\/fr\/wp-json\/wp\/v2\/product_brand?post=1548"},{"taxonomy":"product_cat","embeddable":true,"href":"https:\/\/www.billiondaysupplier.com\/fr\/wp-json\/wp\/v2\/product_cat?post=1548"},{"taxonomy":"product_tag","embeddable":true,"href":"https:\/\/www.billiondaysupplier.com\/fr\/wp-json\/wp\/v2\/product_tag?post=1548"}],"curies":[{"name":"wp","href":"https:\/\/api.w.org\/{rel}","templated":true}]}}