{"id":1541,"date":"2025-12-16T01:33:16","date_gmt":"2025-12-16T01:33:16","guid":{"rendered":"https:\/\/www.billiondaysupplier.com\/?post_type=product&#038;p=1541"},"modified":"2025-12-16T01:33:19","modified_gmt":"2025-12-16T01:33:19","slug":"custom-dessert-stand-set","status":"publish","type":"product","link":"https:\/\/www.billiondaysupplier.com\/fr\/product\/custom-dessert-stand-set\/","title":{"rendered":"Supports \u00e0 desserts en acier inoxydable pour buffets et mariages"},"content":{"rendered":"<div class=\"wp-block-columns is-layout-flex wp-container-core-columns-is-layout-9d6595d7 wp-block-columns-is-layout-flex\">\n<div class=\"wp-block-column is-layout-flow wp-block-column-is-layout-flow\">\n<h2 class=\"wp-block-heading\">Ensemble de supports \u00e0 dessert Caract\u00e9ristiques :<\/h2>\n\n\n\n<p><strong>Cadre g\u00e9om\u00e9trique dor\u00e9<\/strong>: Le cadre g\u00e9om\u00e9trique dor\u00e9 artistique est fabriqu\u00e9 en acier inoxydable 201 - robuste et stable. Son aspect \u00e9l\u00e9gant et moderne convient parfaitement aux lieux haut de gamme tels que les mariages et les h\u00f4tels.<\/p>\n\n\n\n<p><strong>Options multi-tailles :<\/strong><\/p>\n\n\n\n<ul class=\"wp-block-list\">\n<li><strong>Petit<\/strong>: Compact pour les environnements intimes, tels que les pr\u00e9sentoirs de desserts de caf\u00e9s, les d\u00e9cors de table de f\u00eates priv\u00e9es.<\/li>\n\n\n\n<li><strong>Moyen<\/strong>: Polyvalent pour les bars \u00e0 desserts des h\u00f4tels, les tables d'invit\u00e9s de mariage ou les stations de p\u00e2tisseries des restaurants.<\/li>\n\n\n\n<li><strong>Grandes dimensions<\/strong>: Spacieux pour les buffets, les tables de desserts des r\u00e9ceptions de mariage ou les pr\u00e9sentations alimentaires \u00e0 grande \u00e9chelle.<\/li>\n<\/ul>\n\n\n\n<p><strong>Polyvalence de la sc\u00e8ne :<\/strong><\/p>\n\n\n\n<ul class=\"wp-block-list\">\n<li><strong>Mariages<\/strong>: Rehausse les tartinades de desserts, se marie bien avec les d\u00e9corations florales.<\/li>\n\n\n\n<li><strong>H\u00f4tels<\/strong>: Convient aussi bien aux salles de restaurant qu'aux buffets d\u00e9contract\u00e9s.<\/li>\n\n\n\n<li><strong>Buffets :<\/strong> Permet d'organiser les desserts et de les mettre en valeur.<\/li>\n\n\n\n<li>Il fonctionne \u00e9galement pour les \u00e9v\u00e9nements d'entreprise et les banquets priv\u00e9s.<\/li>\n<\/ul>\n\n\n\n<p><strong>Efficacit\u00e9 visuelle et spatiale :<\/strong> La disposition en gradins (plusieurs tailles) permet de cr\u00e9er une pr\u00e9sentation en couches, ce qui renforce l'attrait des desserts tout en optimisant l'espace sur la table.<\/p>\n\n\n\n<p><strong>Un soutien stable<\/strong>: Le support robuste assure un soutien stable au support \u00e0 g\u00e2teaux, m\u00eame lorsque vous placez des g\u00e2teaux plus lourds ; ils peuvent \u00eatre expos\u00e9s en toute s\u00e9curit\u00e9 et de mani\u00e8re stable.<\/p>\n<\/div>\n\n\n\n<div class=\"wp-block-column is-layout-flow wp-block-column-is-layout-flow\">\n<figure class=\"wp-block-image size-full\"><img decoding=\"async\" width=\"800\" height=\"800\" src=\"https:\/\/www.billiondaysupplier.com\/wp-content\/uploads\/2025\/12\/buffet-accessories1.png\" alt=\"accessoires de buffet\" class=\"wp-image-1543\" srcset=\"https:\/\/www.billiondaysupplier.com\/wp-content\/uploads\/2025\/12\/buffet-accessories1.png 800w, https:\/\/www.billiondaysupplier.com\/wp-content\/uploads\/2025\/12\/buffet-accessories1-300x300.png 300w, https:\/\/www.billiondaysupplier.com\/wp-content\/uploads\/2025\/12\/buffet-accessories1-150x150.png 150w, https:\/\/www.billiondaysupplier.com\/wp-content\/uploads\/2025\/12\/buffet-accessories1-768x768.png 768w, https:\/\/www.billiondaysupplier.com\/wp-content\/uploads\/2025\/12\/buffet-accessories1-12x12.png 12w, https:\/\/www.billiondaysupplier.com\/wp-content\/uploads\/2025\/12\/buffet-accessories1-600x600.png 600w, https:\/\/www.billiondaysupplier.com\/wp-content\/uploads\/2025\/12\/buffet-accessories1-100x100.png 100w\" sizes=\"(max-width: 800px) 100vw, 800px\" \/><\/figure>\n<\/div>\n<\/div>","protected":false},"excerpt":{"rendered":"<p>Ensemble de pr\u00e9sentoirs \u00e0 dessert personnalis\u00e9s, fabriqu\u00e9s en acier inoxydable 201, cette pi\u00e8ce est \u00e0 la fois robuste et artistique. Disponible en diff\u00e9rentes tailles, il convient aux mariages, aux h\u00f4tels, aux buffets et \u00e0 toutes sortes d'\u00e9v\u00e9nements. Livraison directe par l'usine ; contactez-nous pour obtenir des \u00e9chantillons.<\/p>\n<h2>Set de stands \u00e0 dessert Parameter\uff1a<\/h2>\n<table width=\"378\">\n<tbody>\n<tr>\n<td style=\"text-align: left;\" width=\"155\">Mat\u00e9riau<\/td>\n<td style=\"text-align: left;\" width=\"223\">Acier inoxydable 201 et c\u00e9ramique<\/td>\n<\/tr>\n<tr>\n<td>Couleur<\/td>\n<td width=\"223\">Argent \/ Or \/ Noir<\/td>\n<\/tr>\n<tr>\n<td width=\"155\">Fonctionnalit\u00e9<\/td>\n<td width=\"223\">\n<p>1. acier inoxydable<br \/>2. Conception en creux<br \/>3. Compatibilit\u00e9 multi-sc\u00e8ne<\/p>\n<\/td>\n<\/tr>\n<tr>\n<td>Option personnalis\u00e9e<\/td>\n<td style=\"text-align: left;\" width=\"223\">Logo\/couleur\/taille\/emballage\/accessoires<\/td>\n<\/tr>\n<\/tbody>\n<\/table>","protected":false},"featured_media":1542,"comment_status":"closed","ping_status":"closed","template":"","meta":{"_acf_changed":true},"product_brand":[],"product_cat":[23],"product_tag":[],"class_list":{"0":"post-1541","1":"product","2":"type-product","3":"status-publish","4":"has-post-thumbnail","6":"product_cat-wholesale-buffet-accessories","8":"first","9":"instock","10":"shipping-taxable","11":"product-type-simple"},"acf":[],"_links":{"self":[{"href":"https:\/\/www.billiondaysupplier.com\/fr\/wp-json\/wp\/v2\/product\/1541","targetHints":{"allow":["GET"]}}],"collection":[{"href":"https:\/\/www.billiondaysupplier.com\/fr\/wp-json\/wp\/v2\/product"}],"about":[{"href":"https:\/\/www.billiondaysupplier.com\/fr\/wp-json\/wp\/v2\/types\/product"}],"replies":[{"embeddable":true,"href":"https:\/\/www.billiondaysupplier.com\/fr\/wp-json\/wp\/v2\/comments?post=1541"}],"wp:featuredmedia":[{"embeddable":true,"href":"https:\/\/www.billiondaysupplier.com\/fr\/wp-json\/wp\/v2\/media\/1542"}],"wp:attachment":[{"href":"https:\/\/www.billiondaysupplier.com\/fr\/wp-json\/wp\/v2\/media?parent=1541"}],"wp:term":[{"taxonomy":"product_brand","embeddable":true,"href":"https:\/\/www.billiondaysupplier.com\/fr\/wp-json\/wp\/v2\/product_brand?post=1541"},{"taxonomy":"product_cat","embeddable":true,"href":"https:\/\/www.billiondaysupplier.com\/fr\/wp-json\/wp\/v2\/product_cat?post=1541"},{"taxonomy":"product_tag","embeddable":true,"href":"https:\/\/www.billiondaysupplier.com\/fr\/wp-json\/wp\/v2\/product_tag?post=1541"}],"curies":[{"name":"wp","href":"https:\/\/api.w.org\/{rel}","templated":true}]}}