{"id":1538,"date":"2025-12-09T08:37:48","date_gmt":"2025-12-09T08:37:48","guid":{"rendered":"https:\/\/www.billiondaysupplier.com\/?post_type=product&#038;p=1538"},"modified":"2025-12-09T08:37:51","modified_gmt":"2025-12-09T08:37:51","slug":"wholesale-gold-chafing-dishes","status":"publish","type":"product","link":"https:\/\/www.billiondaysupplier.com\/fr\/product\/wholesale-gold-chafing-dishes\/","title":{"rendered":"Wholesale Gold Chafing Dishes, Stainless Steel Buffet Warmer Luxury Heart-Shaped Ball Custom"},"content":{"rendered":"<div class=\"wp-block-columns is-layout-flex wp-container-core-columns-is-layout-9d6595d7 wp-block-columns-is-layout-flex\">\n<div class=\"wp-block-column is-layout-flow wp-block-column-is-layout-flow\">\n<h2 class=\"wp-block-heading\">Plats \u00e0 r\u00f4tir en or Caract\u00e9ristiques :<\/h2>\n\n\n\n<p>Style luxueux : Adoptant un processus de plaquage d'or int\u00e9gral et un design de d\u00f4me en forme de c\u0153ur, il est riche en lustre et luxueux en texture. Son couvercle flottant et son corps profil\u00e9 le rendent tr\u00e8s reconnaissable et l'adaptent aux tables principales des mariages, aux buffets VIP des h\u00f4tels \u00e9toil\u00e9s, aux banquets d'affaires haut de gamme et \u00e0 d'autres occasions, rehaussant instantan\u00e9ment le style de la pr\u00e9sentation des aliments et la transformant en un point fort visuel dans le lieu de r\u00e9union.<\/p>\n\n\n\n<p><strong>D\u00e9tails pratiques :<\/strong> Le support m\u00e9tallique assure la stabilit\u00e9 de l'emplacement, et le c\u00f4t\u00e9 du four est \u00e9quip\u00e9 d'une poign\u00e9e isol\u00e9e thermiquement pour faciliter le d\u00e9placement et le r\u00e9glage par le personnel. Cette conception r\u00e9duit les risques op\u00e9rationnels dans les environnements tr\u00e8s fr\u00e9quent\u00e9s.<\/p>\n\n\n\n<p><strong>Mat\u00e9riau de haute qualit\u00e9<\/strong>: Le corps principal du four est en acier inoxydable de qualit\u00e9 alimentaire, avec une couche ext\u00e9rieure de placage en or r\u00e9sistant \u00e0 l'usure. Il est conforme aux normes de s\u00e9curit\u00e9 de la restauration et pr\u00e9sente des propri\u00e9t\u00e9s de r\u00e9sistance \u00e0 la corrosion et aux rayures. Il ne se d\u00e9colore pas et ne se d\u00e9forme pas facilement pendant les longues p\u00e9riodes d'utilisation dans les \u00e9tablissements commerciaux.<\/p>\n\n\n\n<p><strong>Entretien facile<\/strong>: Un simple essuyage suffit pour le nettoyer quotidiennement, ce qui r\u00e9duit les co\u00fbts d'entretien.<\/p>\n\n\n\n<p><strong>Couvercle suspendu Design :<\/strong> Le couvercle peut \u00eatre ouvert sans effort en soulevant uniquement la garniture sup\u00e9rieure, ce qui facilite l'op\u00e9ration et \u00e9limine les br\u00fblures.<\/p>\n\n\n\n<p><strong>Service d'assistance OEM<\/strong>: Nous proposons la personnalisation des \u00e9quipements de buffet. Les logos, les tailles et les couleurs peuvent \u00eatre personnalis\u00e9s en fonction des besoins de nos clients.<\/p>\n<\/div>\n\n\n\n<div class=\"wp-block-column is-layout-flow wp-block-column-is-layout-flow\"><div class=\"wp-block-image\">\n<figure class=\"aligncenter size-full\"><img decoding=\"async\" width=\"2953\" height=\"2953\" src=\"https:\/\/www.billiondaysupplier.com\/wp-content\/uploads\/2025\/12\/Restaurant-Supply-Chafing-Dishes-1.png\" alt=\"Approvisionnement des restaurants Plats \u00e0 d\u00e9couper\" class=\"wp-image-1540\" srcset=\"https:\/\/www.billiondaysupplier.com\/wp-content\/uploads\/2025\/12\/Restaurant-Supply-Chafing-Dishes-1.png 2953w, https:\/\/www.billiondaysupplier.com\/wp-content\/uploads\/2025\/12\/Restaurant-Supply-Chafing-Dishes-1-300x300.png 300w, https:\/\/www.billiondaysupplier.com\/wp-content\/uploads\/2025\/12\/Restaurant-Supply-Chafing-Dishes-1-150x150.png 150w, https:\/\/www.billiondaysupplier.com\/wp-content\/uploads\/2025\/12\/Restaurant-Supply-Chafing-Dishes-1-768x768.png 768w, https:\/\/www.billiondaysupplier.com\/wp-content\/uploads\/2025\/12\/Restaurant-Supply-Chafing-Dishes-1-12x12.png 12w, https:\/\/www.billiondaysupplier.com\/wp-content\/uploads\/2025\/12\/Restaurant-Supply-Chafing-Dishes-1-1200x1200.png 1200w, https:\/\/www.billiondaysupplier.com\/wp-content\/uploads\/2025\/12\/Restaurant-Supply-Chafing-Dishes-1-600x600.png 600w, https:\/\/www.billiondaysupplier.com\/wp-content\/uploads\/2025\/12\/Restaurant-Supply-Chafing-Dishes-1-100x100.png 100w\" sizes=\"(max-width: 2953px) 100vw, 2953px\" \/><\/figure>\n<\/div><\/div>\n<\/div>\n\n\n\n<p><\/p>","protected":false},"excerpt":{"rendered":"<p>Les chafing dishes dor\u00e9s en gros pr\u00e9sentent un aspect dor\u00e9 luxueux, un acier inoxydable de haute qualit\u00e9, une boule en forme de c\u0153ur, un couvercle suspendu, combinant l'\u00e9l\u00e9gance et la fonctionnalit\u00e9. La capacit\u00e9 de 8 litres est id\u00e9ale pour la plupart des banques. Billion Day buffet equipment manufacturer direct supplies, we offer OEM\/ODM services. N'h\u00e9sitez pas \u00e0 nous contacter pour plus d'informations !<\/p>\n<h2>Param\u00e8tres des plats de cuisson en or\uff1a<\/h2>\n<table border=\"0\" width=\"404\" cellspacing=\"0\" cellpadding=\"0\">\n<tbody>\n<tr>\n<td style=\"text-align: left;\" width=\"148\" height=\"24\"><strong>Mat\u00e9riau<\/strong><\/td>\n<td style=\"text-align: left;\" width=\"256\">Acier inoxydable 201<\/td>\n<\/tr>\n<tr>\n<td style=\"text-align: left;\" height=\"69\"><strong>Couleur<\/strong><\/td>\n<td style=\"text-align: left;\" width=\"256\">L'or<\/td>\n<\/tr>\n<tr>\n<td style=\"text-align: left;\" height=\"24\"><strong>M\u00e9thode de chauffage<\/strong><\/td>\n<td style=\"text-align: left;\">Chauffage au fuel<\/td>\n<\/tr>\n<tr>\n<td style=\"text-align: left;\" height=\"24\"><strong>Capacit\u00e9<\/strong><\/td>\n<td style=\"text-align: left;\">4.5L\/6L\/8L<\/td>\n<\/tr>\n<tr>\n<td style=\"text-align: left;\" height=\"92\"><strong>Fonctionnalit\u00e9<\/strong><\/td>\n<td style=\"text-align: left;\" width=\"256\">1. avec couvercle suspendu exquis<br \/>2. Design creux fantaisie<br \/>3. Cadre vertical stable<\/td>\n<\/tr>\n<tr>\n<td style=\"text-align: left;\" height=\"24\"><strong>Option personnalis\u00e9e<\/strong><\/td>\n<td style=\"text-align: left;\">Logo\/couleur\/taille\/emballage\/accessoires<\/td>\n<\/tr>\n<\/tbody>\n<\/table>","protected":false},"featured_media":1540,"comment_status":"closed","ping_status":"closed","template":"","meta":{"_acf_changed":false},"product_brand":[],"product_cat":[30],"product_tag":[],"class_list":{"0":"post-1538","1":"product","2":"type-product","3":"status-publish","4":"has-post-thumbnail","6":"product_cat-hanging-chafing-dish-supplier","8":"first","9":"instock","10":"shipping-taxable","11":"product-type-simple"},"acf":[],"_links":{"self":[{"href":"https:\/\/www.billiondaysupplier.com\/fr\/wp-json\/wp\/v2\/product\/1538","targetHints":{"allow":["GET"]}}],"collection":[{"href":"https:\/\/www.billiondaysupplier.com\/fr\/wp-json\/wp\/v2\/product"}],"about":[{"href":"https:\/\/www.billiondaysupplier.com\/fr\/wp-json\/wp\/v2\/types\/product"}],"replies":[{"embeddable":true,"href":"https:\/\/www.billiondaysupplier.com\/fr\/wp-json\/wp\/v2\/comments?post=1538"}],"wp:featuredmedia":[{"embeddable":true,"href":"https:\/\/www.billiondaysupplier.com\/fr\/wp-json\/wp\/v2\/media\/1540"}],"wp:attachment":[{"href":"https:\/\/www.billiondaysupplier.com\/fr\/wp-json\/wp\/v2\/media?parent=1538"}],"wp:term":[{"taxonomy":"product_brand","embeddable":true,"href":"https:\/\/www.billiondaysupplier.com\/fr\/wp-json\/wp\/v2\/product_brand?post=1538"},{"taxonomy":"product_cat","embeddable":true,"href":"https:\/\/www.billiondaysupplier.com\/fr\/wp-json\/wp\/v2\/product_cat?post=1538"},{"taxonomy":"product_tag","embeddable":true,"href":"https:\/\/www.billiondaysupplier.com\/fr\/wp-json\/wp\/v2\/product_tag?post=1538"}],"curies":[{"name":"wp","href":"https:\/\/api.w.org\/{rel}","templated":true}]}}