{"id":1535,"date":"2025-12-10T03:57:37","date_gmt":"2025-12-10T03:57:37","guid":{"rendered":"https:\/\/www.billiondaysupplier.com\/?post_type=product&#038;p=1535"},"modified":"2025-12-10T03:57:40","modified_gmt":"2025-12-10T03:57:40","slug":"wholesale-round-chafing-dishes","status":"publish","type":"product","link":"https:\/\/www.billiondaysupplier.com\/fr\/product\/wholesale-round-chafing-dishes\/","title":{"rendered":"Wholesale Round Chafing Dishes, Gold Buffet Food Warmer with Hanging Lid Supplier"},"content":{"rendered":"<div class=\"wp-block-columns is-layout-flex wp-container-core-columns-is-layout-9d6595d7 wp-block-columns-is-layout-flex\">\n<div class=\"wp-block-column is-layout-flow wp-block-column-is-layout-flow\">\n<h2 class=\"wp-block-heading\">Plats \u00e0 r\u00f4tir ronds Caract\u00e9ristiques :<\/h2>\n\n\n\n<p><strong>Style luxueux :<\/strong> Adoptant un processus de plaquage d'or en finition miroir et pr\u00e9sentant un design circulaire rationalis\u00e9 associ\u00e9 \u00e0 un couvercle suspendu, la texture g\u00e9n\u00e9rale est exquise et luxueuse.<\/p>\n\n\n\n<p><strong>Adaptation multi-sc\u00e8ne<\/strong>: Striking Gold peut \u00eatre utilis\u00e9 pour les mariages, les buffets d'h\u00f4tels \u00e9toil\u00e9s et les banquets d'affaires de haut niveau, en rehaussant instantan\u00e9ment le sens de la c\u00e9r\u00e9monie et la sophistication visuelle de la pr\u00e9sentation des aliments.<\/p>\n\n\n\n<p><strong>Design \u00e9l\u00e9gant et pratique<\/strong>: Le corps principal est fabriqu\u00e9 en acier inoxydable de qualit\u00e9 alimentaire et recouvert d'une couche de protection dor\u00e9e, conform\u00e9ment aux normes de s\u00e9curit\u00e9 alimentaire. Il pr\u00e9sente des propri\u00e9t\u00e9s anti-corrosion, anti-rayures et anti-d\u00e9coloration. Il peut supporter de longues p\u00e9riodes d'utilisation commerciale sans d\u00e9formation ni d\u00e9coloration, tandis qu'un nettoyage r\u00e9gulier ne n\u00e9cessite qu'un l\u00e9ger essuyage pour lui redonner son \u00e9clat, ce qui r\u00e9duit les co\u00fbts d'entretien.<\/p>\n\n\n\n<p><strong>Couvercle en verre transparent<\/strong>: La conception suspendue du couvercle en verre permet au personnel de v\u00e9rifier l'\u00e9tat et de soulever le couvercle facilement, ce qui facilite l'op\u00e9ration et \u00e9vite les br\u00fblures.<\/p>\n\n\n\n<p><strong>Structure stable :<\/strong> Il est \u00e9quip\u00e9 d'un support m\u00e9tallique \u00e9pais \u00e0 la base pour assurer sa stabilit\u00e9 lorsqu'il est plac\u00e9, r\u00e9duisant ainsi le risque de basculement dans des situations compliqu\u00e9es, m\u00eame dans la restauration.<\/p>\n\n\n\n<p><strong>Service d'assistance OEM :<\/strong> Nous proposons la personnalisation des \u00e9quipements de buffet. Les logos, les tailles et les couleurs peuvent \u00eatre personnalis\u00e9s en fonction des besoins.<\/p>\n<\/div>\n\n\n\n<div class=\"wp-block-column is-layout-flow wp-block-column-is-layout-flow\"><div class=\"wp-block-image\">\n<figure class=\"aligncenter size-full\"><img decoding=\"async\" width=\"3125\" height=\"3125\" src=\"https:\/\/www.billiondaysupplier.com\/wp-content\/uploads\/2025\/12\/Chafing-Dish-Manufacturers-China-1.png\" alt=\"Fabricants de chafing dish Chine\" class=\"wp-image-1537\" srcset=\"https:\/\/www.billiondaysupplier.com\/wp-content\/uploads\/2025\/12\/Chafing-Dish-Manufacturers-China-1.png 3125w, https:\/\/www.billiondaysupplier.com\/wp-content\/uploads\/2025\/12\/Chafing-Dish-Manufacturers-China-1-300x300.png 300w, https:\/\/www.billiondaysupplier.com\/wp-content\/uploads\/2025\/12\/Chafing-Dish-Manufacturers-China-1-150x150.png 150w, https:\/\/www.billiondaysupplier.com\/wp-content\/uploads\/2025\/12\/Chafing-Dish-Manufacturers-China-1-768x768.png 768w, https:\/\/www.billiondaysupplier.com\/wp-content\/uploads\/2025\/12\/Chafing-Dish-Manufacturers-China-1-12x12.png 12w, https:\/\/www.billiondaysupplier.com\/wp-content\/uploads\/2025\/12\/Chafing-Dish-Manufacturers-China-1-1200x1200.png 1200w, https:\/\/www.billiondaysupplier.com\/wp-content\/uploads\/2025\/12\/Chafing-Dish-Manufacturers-China-1-600x600.png 600w, https:\/\/www.billiondaysupplier.com\/wp-content\/uploads\/2025\/12\/Chafing-Dish-Manufacturers-China-1-100x100.png 100w\" sizes=\"(max-width: 3125px) 100vw, 3125px\" \/><\/figure>\n<\/div><\/div>\n<\/div>\n\n\n\n<p><\/p>","protected":false},"excerpt":{"rendered":"<p>Les chafing dishes ronds en gros sont en acier inoxydable, avec un couvercle suspendu et une base stable. Ils sont id\u00e9aux pour les buffets, les h\u00f4tels et les \u00e9v\u00e9nements. Facile \u00e0 nettoyer. Nous offrons des solutions personnalis\u00e9es pour les \u00e9quipements de buffet. Contactez-nous pour la vente en gros et la personnalisation !<\/p>\n<h2>Param\u00e8tres des plats \u00e0 r\u00f4tir ronds\uff1a<\/h2>\n<table border=\"0\" width=\"404\" cellspacing=\"0\" cellpadding=\"0\">\n<tbody>\n<tr>\n<td style=\"text-align: left;\" width=\"148\" height=\"24\"><strong>Mat\u00e9riau<\/strong><\/td>\n<td style=\"text-align: left;\" width=\"256\">Acier inoxydable 201<\/td>\n<\/tr>\n<tr>\n<td style=\"text-align: left;\" height=\"69\"><strong>Couleur<\/strong><\/td>\n<td style=\"text-align: left;\" width=\"256\">L'or<\/td>\n<\/tr>\n<tr>\n<td style=\"text-align: left;\" height=\"24\"><strong>M\u00e9thode de chauffage<\/strong><\/td>\n<td style=\"text-align: left;\">Chauffage au fuel<\/td>\n<\/tr>\n<tr>\n<td style=\"text-align: left;\" height=\"24\"><strong>Capacit\u00e9<\/strong><\/td>\n<td style=\"text-align: left;\">4.5L\/6L\/8L<\/td>\n<\/tr>\n<tr>\n<td style=\"text-align: left;\" height=\"92\"><strong>Fonctionnalit\u00e9<\/strong><\/td>\n<td style=\"text-align: left;\" width=\"256\">1. avec couvercle suspendu exquis<br \/>2. Design creux fantaisie<br \/>3. Cadre vertical stable<\/td>\n<\/tr>\n<tr>\n<td style=\"text-align: left;\" height=\"24\"><strong>Option personnalis\u00e9e<\/strong><\/td>\n<td style=\"text-align: left;\">Logo\/couleur\/taille\/emballage\/accessoires<\/td>\n<\/tr>\n<\/tbody>\n<\/table>","protected":false},"featured_media":1537,"comment_status":"closed","ping_status":"closed","template":"","meta":{"_acf_changed":true},"product_brand":[],"product_cat":[30],"product_tag":[],"class_list":{"0":"post-1535","1":"product","2":"type-product","3":"status-publish","4":"has-post-thumbnail","6":"product_cat-hanging-chafing-dish-supplier","8":"first","9":"instock","10":"shipping-taxable","11":"product-type-simple"},"acf":[],"_links":{"self":[{"href":"https:\/\/www.billiondaysupplier.com\/fr\/wp-json\/wp\/v2\/product\/1535","targetHints":{"allow":["GET"]}}],"collection":[{"href":"https:\/\/www.billiondaysupplier.com\/fr\/wp-json\/wp\/v2\/product"}],"about":[{"href":"https:\/\/www.billiondaysupplier.com\/fr\/wp-json\/wp\/v2\/types\/product"}],"replies":[{"embeddable":true,"href":"https:\/\/www.billiondaysupplier.com\/fr\/wp-json\/wp\/v2\/comments?post=1535"}],"wp:featuredmedia":[{"embeddable":true,"href":"https:\/\/www.billiondaysupplier.com\/fr\/wp-json\/wp\/v2\/media\/1537"}],"wp:attachment":[{"href":"https:\/\/www.billiondaysupplier.com\/fr\/wp-json\/wp\/v2\/media?parent=1535"}],"wp:term":[{"taxonomy":"product_brand","embeddable":true,"href":"https:\/\/www.billiondaysupplier.com\/fr\/wp-json\/wp\/v2\/product_brand?post=1535"},{"taxonomy":"product_cat","embeddable":true,"href":"https:\/\/www.billiondaysupplier.com\/fr\/wp-json\/wp\/v2\/product_cat?post=1535"},{"taxonomy":"product_tag","embeddable":true,"href":"https:\/\/www.billiondaysupplier.com\/fr\/wp-json\/wp\/v2\/product_tag?post=1535"}],"curies":[{"name":"wp","href":"https:\/\/api.w.org\/{rel}","templated":true}]}}