{"id":1532,"date":"2025-12-10T06:31:01","date_gmt":"2025-12-10T06:31:01","guid":{"rendered":"https:\/\/www.billiondaysupplier.com\/?post_type=product&#038;p=1532"},"modified":"2025-12-20T01:20:07","modified_gmt":"2025-12-20T01:20:07","slug":"wholesale-chafing-dish-buffet","status":"publish","type":"product","link":"https:\/\/www.billiondaysupplier.com\/fr\/product\/wholesale-chafing-dish-buffet\/","title":{"rendered":"Wholesale Chafing Dish Buffet Stainless Steel Diamond Hanging Rod Gold Custom"},"content":{"rendered":"<div class=\"wp-block-columns is-layout-flex wp-container-core-columns-is-layout-9d6595d7 wp-block-columns-is-layout-flex\">\n<div class=\"wp-block-column is-layout-flow wp-block-column-is-layout-flow\">\n<h2 class=\"wp-block-heading\">Buffet pour chafing dish Caract\u00e9ristiques :<\/h2>\n\n\n\n<p><strong>Texture fine<\/strong>: La surface est recouverte de fines textures g\u00e9om\u00e9triques, telles que <strong>les motifs en losange, les c\u00f4nes pointus et les motifs ajour\u00e9s<\/strong>qui renforcent la tridimensionnalit\u00e9 visuelle et le luxe.<\/p>\n\n\n\n<p><strong>Chauffage au fuel :<\/strong> \u00c9quip\u00e9 d'un chauffage \u00e0 l'alcool ind\u00e9pendant, il ne d\u00e9pend pas d'une source d'\u00e9nergie et peut \u00eatre librement plac\u00e9 dans les banquets en plein air, les salles de banquet temporaires et d'autres lieux sans alimentation \u00e9lectrique. Apr\u00e8s le chauffage, il peut maintenir de mani\u00e8re stable une temp\u00e9rature de consommation appropri\u00e9e de 60-85\u2103, enfermant efficacement la chaleur et la fra\u00eecheur des aliments pendant une longue p\u00e9riode.<\/p>\n\n\n\n<p><strong>Support en m\u00e9tal renforc\u00e9 :<\/strong> La conception du couvercle en forme de fl\u00e8che facilite l'ouverture et la fermeture du couvercle par le personnel, r\u00e9duisant ainsi l'effort n\u00e9cessaire. Le support inf\u00e9rieur, associ\u00e9 \u00e0 la structure creuse du corps du four, assure une bonne ventilation et une bonne combustion du r\u00e9chaud \u00e0 alcool, tout en am\u00e9liorant la stabilit\u00e9 g\u00e9n\u00e9rale et en r\u00e9duisant le risque de basculement pendant les banquets.<\/p>\n\n\n\n<p><strong>Placage d'or de premi\u00e8re qualit\u00e9 Finition :<\/strong> Le corps principal est en acier inoxydable de qualit\u00e9 alimentaire, avec une couche de protection dor\u00e9e \u00e0 l'ext\u00e9rieur. Il est conforme aux normes de s\u00e9curit\u00e9 alimentaire et r\u00e9siste \u00e0 la corrosion et aux rayures. Il ne risque pas de se d\u00e9colorer ou de se d\u00e9former en cas d'utilisation prolong\u00e9e dans un environnement commercial.<\/p>\n\n\n\n<p><strong>Facile \u00e0 nettoyer :<\/strong> Le pot int\u00e9rieur en acier inoxydable est durable et la base ext\u00e9rieure en or utilise une conception modulaire, les deux \u00e9tant faciles \u00e0 nettoyer.<\/p>\n\n\n\n<p><strong>Options de personnalisation<\/strong>: Les couleurs, les capacit\u00e9s, les logos et les accessoires peuvent \u00eatre personnalis\u00e9s pour r\u00e9pondre aux exigences de diff\u00e9rents march\u00e9s ou projets.<\/p>\n\n\n\n<p><strong>Fourniture directe par l'usine : <\/strong>Billion Day assure une production stable et des prix de gros comp\u00e9titifs pour soutenir les distributeurs, les d\u00e9taillants et les fournisseurs de services de restauration.<\/p>\n<\/div>\n\n\n\n<div class=\"wp-block-column is-layout-flow wp-block-column-is-layout-flow\">\n<figure class=\"wp-block-image size-full\"><img decoding=\"async\" width=\"800\" height=\"800\" src=\"https:\/\/www.billiondaysupplier.com\/wp-content\/uploads\/2025\/12\/Chafing-Dish-Supplier-1.png\" alt=\"Chafing Dish Supplier\" class=\"wp-image-1534\" srcset=\"https:\/\/www.billiondaysupplier.com\/wp-content\/uploads\/2025\/12\/Chafing-Dish-Supplier-1.png 800w, https:\/\/www.billiondaysupplier.com\/wp-content\/uploads\/2025\/12\/Chafing-Dish-Supplier-1-300x300.png 300w, https:\/\/www.billiondaysupplier.com\/wp-content\/uploads\/2025\/12\/Chafing-Dish-Supplier-1-150x150.png 150w, https:\/\/www.billiondaysupplier.com\/wp-content\/uploads\/2025\/12\/Chafing-Dish-Supplier-1-768x768.png 768w, https:\/\/www.billiondaysupplier.com\/wp-content\/uploads\/2025\/12\/Chafing-Dish-Supplier-1-12x12.png 12w, https:\/\/www.billiondaysupplier.com\/wp-content\/uploads\/2025\/12\/Chafing-Dish-Supplier-1-600x600.png 600w, https:\/\/www.billiondaysupplier.com\/wp-content\/uploads\/2025\/12\/Chafing-Dish-Supplier-1-100x100.png 100w\" sizes=\"(max-width: 800px) 100vw, 800px\" \/><\/figure>\n<\/div>\n<\/div>\n\n\n\n<p><\/p>","protected":false},"excerpt":{"rendered":"<div class=\"auto-hide-last-sibling-br paragraph-pP9ZLC paragraph-element br-paragraph-space\">Billion Day wholesale chafing dish buffet avec chauffage \u00e0 combustible, cadre renforc\u00e9 stable, couvercle suspendu, motif exquis en or, acier inoxydable et nettoyage facile. Nous proposons des options de personnalisation compl\u00e8tes. Contactez-nous pour un devis en gros.<\/div>\n<h2>Param\u00e8tres du r\u00e9chaud Buffet\uff1a<\/h2>\n<table border=\"0\" width=\"404\" cellspacing=\"0\" cellpadding=\"0\">\n<tbody>\n<tr>\n<td style=\"text-align: left;\" width=\"148\" height=\"24\"><strong>Mat\u00e9riau<\/strong><\/td>\n<td style=\"text-align: left;\" width=\"256\">\n<p>Acier inoxydable 201 et fer<\/p>\n<\/td>\n<\/tr>\n<tr>\n<td style=\"text-align: left;\" height=\"69\"><strong>Couleur<\/strong><\/td>\n<td style=\"text-align: left;\" width=\"256\">L'or<\/td>\n<\/tr>\n<tr>\n<td style=\"text-align: left;\" height=\"24\"><strong>M\u00e9thode de chauffage<\/strong><\/td>\n<td style=\"text-align: left;\">Chauffage au fuel<\/td>\n<\/tr>\n<tr>\n<td style=\"text-align: left;\" height=\"24\"><strong>Capacit\u00e9<\/strong><\/td>\n<td style=\"text-align: left;\">8.0L<\/td>\n<\/tr>\n<tr>\n<td style=\"text-align: left;\" height=\"92\"><strong>Fonctionnalit\u00e9<\/strong><\/td>\n<td style=\"text-align: left;\" width=\"256\">1. avec couvercle suspendu exquis<br \/>2. Design creux fantaisie<br \/>3. Cadre vertical stable<\/td>\n<\/tr>\n<tr>\n<td style=\"text-align: left;\" height=\"24\"><strong>Option personnalis\u00e9e<\/strong><\/td>\n<td style=\"text-align: left;\">Logo\/couleur\/taille\/emballage\/accessoires<\/td>\n<\/tr>\n<\/tbody>\n<\/table>","protected":false},"featured_media":1534,"comment_status":"closed","ping_status":"closed","template":"","meta":{"_acf_changed":false},"product_brand":[],"product_cat":[30],"product_tag":[],"class_list":{"0":"post-1532","1":"product","2":"type-product","3":"status-publish","4":"has-post-thumbnail","6":"product_cat-hanging-chafing-dish-supplier","8":"first","9":"instock","10":"shipping-taxable","11":"product-type-simple"},"acf":[],"_links":{"self":[{"href":"https:\/\/www.billiondaysupplier.com\/fr\/wp-json\/wp\/v2\/product\/1532","targetHints":{"allow":["GET"]}}],"collection":[{"href":"https:\/\/www.billiondaysupplier.com\/fr\/wp-json\/wp\/v2\/product"}],"about":[{"href":"https:\/\/www.billiondaysupplier.com\/fr\/wp-json\/wp\/v2\/types\/product"}],"replies":[{"embeddable":true,"href":"https:\/\/www.billiondaysupplier.com\/fr\/wp-json\/wp\/v2\/comments?post=1532"}],"wp:featuredmedia":[{"embeddable":true,"href":"https:\/\/www.billiondaysupplier.com\/fr\/wp-json\/wp\/v2\/media\/1534"}],"wp:attachment":[{"href":"https:\/\/www.billiondaysupplier.com\/fr\/wp-json\/wp\/v2\/media?parent=1532"}],"wp:term":[{"taxonomy":"product_brand","embeddable":true,"href":"https:\/\/www.billiondaysupplier.com\/fr\/wp-json\/wp\/v2\/product_brand?post=1532"},{"taxonomy":"product_cat","embeddable":true,"href":"https:\/\/www.billiondaysupplier.com\/fr\/wp-json\/wp\/v2\/product_cat?post=1532"},{"taxonomy":"product_tag","embeddable":true,"href":"https:\/\/www.billiondaysupplier.com\/fr\/wp-json\/wp\/v2\/product_tag?post=1532"}],"curies":[{"name":"wp","href":"https:\/\/api.w.org\/{rel}","templated":true}]}}