{"id":1529,"date":"2025-12-10T06:50:14","date_gmt":"2025-12-10T06:50:14","guid":{"rendered":"https:\/\/www.billiondaysupplier.com\/?post_type=product&#038;p=1529"},"modified":"2025-12-10T06:50:53","modified_gmt":"2025-12-10T06:50:53","slug":"wholesale-modern-chafing-dish","status":"publish","type":"product","link":"https:\/\/www.billiondaysupplier.com\/fr\/product\/wholesale-modern-chafing-dish\/","title":{"rendered":"Wholesale Modern Chafing Dish, Buffet Food Warmer Sliver Diamond-Textured Lid Custom"},"content":{"rendered":"<div class=\"wp-block-columns is-layout-flex wp-container-core-columns-is-layout-9d6595d7 wp-block-columns-is-layout-flex\">\n<div class=\"wp-block-column is-layout-flow wp-block-column-is-layout-flow\">\n<h2 class=\"wp-block-heading\">Modern Chafing Dish Features :<\/h2>\n\n\n\n<p><strong>Diamant de luxe<\/strong>: Dot\u00e9 d'un couvercle \u00e0 la texture diamant\u00e9e et d'un corps en acier inoxydable poli miroir, cet appareil offre une sensation exquise et sophistiqu\u00e9e, compl\u00e9t\u00e9e par un fort attrait visuel.<\/p>\n\n\n\n<p><strong>Grande capacit\u00e9 de 8 litres : <\/strong>Id\u00e9al pour les restaurants, les pique-niques, les mariages, les buffets et les banquets d'h\u00f4tel, il peut contenir plus de nourriture et am\u00e9liorer l'efficacit\u00e9.<\/p>\n\n\n\n<p><strong>Couvercle suspendu<\/strong>: Le couvercle peut \u00eatre solidement suspendu, ce qui \u00e9limine l'inconv\u00e9nient d'une mise en place fr\u00e9quente et am\u00e9liore l'efficacit\u00e9 op\u00e9rationnelle et l'hygi\u00e8ne.<\/p>\n\n\n\n<p><strong>Support robuste<\/strong>: \u00c9quip\u00e9 d'un support portable incurv\u00e9, il permet au personnel de d\u00e9placer le chafing dish et d'ajuster son emplacement rapidement ; la base est dot\u00e9e d'un support triangulaire pour plus de stabilit\u00e9, r\u00e9duisant ainsi le risque de basculement pendant l'utilisation.<\/p>\n\n\n\n<p><strong>Acier inoxydable de haute qualit\u00e9 :<\/strong> Le corps principal est en acier inoxydable de qualit\u00e9 alimentaire, qui r\u00e9pond aux normes de s\u00e9curit\u00e9 de la restauration ; il pr\u00e9sente les caract\u00e9ristiques suivantes : r\u00e9sistance \u00e0 la corrosion, r\u00e9sistance aux temp\u00e9ratures \u00e9lev\u00e9es et r\u00e9sistance aux rayures. I<\/p>\n\n\n\n<p><strong>Personnalisation possible :<\/strong> Des couleurs, des capacit\u00e9s, des logos ou des accessoires personnalis\u00e9s sont disponibles pour r\u00e9pondre aux besoins des diff\u00e9rents march\u00e9s et projets.<\/p>\n\n\n\n<p><strong>Approvisionnement direct de l'usine<\/strong>: En tant que fabricant de chafing dish, Billion Day fournit un approvisionnement stable et des prix de gros pr\u00e9f\u00e9rentiels pour vous aider \u00e0 d\u00e9velopper votre activit\u00e9.<\/p>\n<\/div>\n\n\n\n<div class=\"wp-block-column is-layout-flow wp-block-column-is-layout-flow\">\n<figure class=\"wp-block-image size-full\"><img decoding=\"async\" width=\"800\" height=\"800\" src=\"https:\/\/www.billiondaysupplier.com\/wp-content\/uploads\/2025\/12\/Chafing-Dish-Manufacturers-1.png\" alt=\"Fabricants de chafing-dish\" class=\"wp-image-1531\" srcset=\"https:\/\/www.billiondaysupplier.com\/wp-content\/uploads\/2025\/12\/Chafing-Dish-Manufacturers-1.png 800w, https:\/\/www.billiondaysupplier.com\/wp-content\/uploads\/2025\/12\/Chafing-Dish-Manufacturers-1-300x300.png 300w, https:\/\/www.billiondaysupplier.com\/wp-content\/uploads\/2025\/12\/Chafing-Dish-Manufacturers-1-150x150.png 150w, https:\/\/www.billiondaysupplier.com\/wp-content\/uploads\/2025\/12\/Chafing-Dish-Manufacturers-1-768x768.png 768w, https:\/\/www.billiondaysupplier.com\/wp-content\/uploads\/2025\/12\/Chafing-Dish-Manufacturers-1-12x12.png 12w, https:\/\/www.billiondaysupplier.com\/wp-content\/uploads\/2025\/12\/Chafing-Dish-Manufacturers-1-600x600.png 600w, https:\/\/www.billiondaysupplier.com\/wp-content\/uploads\/2025\/12\/Chafing-Dish-Manufacturers-1-100x100.png 100w\" sizes=\"(max-width: 800px) 100vw, 800px\" \/><\/figure>\n<\/div>\n<\/div>","protected":false},"excerpt":{"rendered":"<p>Ce chafing dish moderne est dot\u00e9 d'un couvercle \u00e0 motif de diamant et d'un corps en acier inoxydable poli comme un miroir, avec des options de capacit\u00e9 multiples, offrant une sensation exquise et haut de gamme avec un fort attrait visuel. La personnalisation en vrac et la consultation en coop\u00e9ration sont les bienvenues ! Contactez-nous pour obtenir un devis !<\/p>\n<h2>Param\u00e8tre du plat \u00e0 gratin moderne\uff1a<\/h2>\n<table border=\"0\" width=\"404\" cellspacing=\"0\" cellpadding=\"0\">\n<tbody>\n<tr>\n<td style=\"text-align: left;\" width=\"148\" height=\"24\"><strong>Mat\u00e9riau<\/strong><\/td>\n<td style=\"text-align: left;\" width=\"256\">\n<p>Acier inoxydable 201 et fer<\/p>\n<\/td>\n<\/tr>\n<tr>\n<td style=\"text-align: left;\" height=\"69\"><strong>Couleur<\/strong><\/td>\n<td style=\"text-align: left;\" width=\"256\">argent liquide<\/td>\n<\/tr>\n<tr>\n<td style=\"text-align: left;\" height=\"24\"><strong>M\u00e9thode de chauffage<\/strong><\/td>\n<td style=\"text-align: left;\">Chauffage au fuel<\/td>\n<\/tr>\n<tr>\n<td style=\"text-align: left;\" height=\"24\"><strong>Capacit\u00e9<\/strong><\/td>\n<td style=\"text-align: left;\">4.5L\/6L\/8.0L<\/td>\n<\/tr>\n<tr>\n<td style=\"text-align: left;\" height=\"92\"><strong>Fonctionnalit\u00e9<\/strong><\/td>\n<td style=\"text-align: left;\" width=\"256\">1. avec couvercle suspendu exquis<br \/>2. Design creux fantaisie<br \/>3. Cadre vertical stable<\/td>\n<\/tr>\n<tr>\n<td style=\"text-align: left;\" height=\"24\"><strong>Option personnalis\u00e9e<\/strong><\/td>\n<td style=\"text-align: left;\">Logo\/couleur\/taille\/emballage\/accessoires<\/td>\n<\/tr>\n<\/tbody>\n<\/table>","protected":false},"featured_media":1531,"comment_status":"closed","ping_status":"closed","template":"","meta":{"_acf_changed":false},"product_brand":[],"product_cat":[30],"product_tag":[],"class_list":{"0":"post-1529","1":"product","2":"type-product","3":"status-publish","4":"has-post-thumbnail","6":"product_cat-hanging-chafing-dish-supplier","8":"first","9":"instock","10":"shipping-taxable","11":"product-type-simple"},"acf":[],"_links":{"self":[{"href":"https:\/\/www.billiondaysupplier.com\/fr\/wp-json\/wp\/v2\/product\/1529","targetHints":{"allow":["GET"]}}],"collection":[{"href":"https:\/\/www.billiondaysupplier.com\/fr\/wp-json\/wp\/v2\/product"}],"about":[{"href":"https:\/\/www.billiondaysupplier.com\/fr\/wp-json\/wp\/v2\/types\/product"}],"replies":[{"embeddable":true,"href":"https:\/\/www.billiondaysupplier.com\/fr\/wp-json\/wp\/v2\/comments?post=1529"}],"wp:featuredmedia":[{"embeddable":true,"href":"https:\/\/www.billiondaysupplier.com\/fr\/wp-json\/wp\/v2\/media\/1531"}],"wp:attachment":[{"href":"https:\/\/www.billiondaysupplier.com\/fr\/wp-json\/wp\/v2\/media?parent=1529"}],"wp:term":[{"taxonomy":"product_brand","embeddable":true,"href":"https:\/\/www.billiondaysupplier.com\/fr\/wp-json\/wp\/v2\/product_brand?post=1529"},{"taxonomy":"product_cat","embeddable":true,"href":"https:\/\/www.billiondaysupplier.com\/fr\/wp-json\/wp\/v2\/product_cat?post=1529"},{"taxonomy":"product_tag","embeddable":true,"href":"https:\/\/www.billiondaysupplier.com\/fr\/wp-json\/wp\/v2\/product_tag?post=1529"}],"curies":[{"name":"wp","href":"https:\/\/api.w.org\/{rel}","templated":true}]}}