{"id":1497,"date":"2025-12-04T07:42:41","date_gmt":"2025-12-04T07:42:41","guid":{"rendered":"https:\/\/www.billiondaysupplier.com\/?post_type=product&#038;p=1497"},"modified":"2026-01-30T03:58:34","modified_gmt":"2026-01-30T03:58:34","slug":"wholesale-stainless-steel-beverage-dispenser-2","status":"publish","type":"product","link":"https:\/\/www.billiondaysupplier.com\/fr\/product\/wholesale-stainless-steel-beverage-dispenser-2\/","title":{"rendered":"Wholesale Stainless Steel Beverage Dispenser, Large Capacity Coffee Urn Supplier"},"content":{"rendered":"<div class=\"wp-block-columns is-layout-flex wp-container-core-columns-is-layout-9d6595d7 wp-block-columns-is-layout-flex\">\n<div class=\"wp-block-column is-layout-flow wp-block-column-is-layout-flow\">\n<h2 class=\"wp-block-heading\">Distributeur de boissons en acier inoxydable Caract\u00e9ristiques :<\/h2>\n\n\n\n<p><strong>Acier inoxydable durable :<\/strong> L'acier inoxydable de haute qualit\u00e9 emp\u00eache les rayures et l'oxydation, garantissant une utilisation \u00e0 long terme sans perdre son aspect neuf et \u00e9l\u00e9gant.<\/p>\n\n\n\n<p><strong>Capacit\u00e9 extra-large de 13 litres<\/strong>: Il est sp\u00e9cialement con\u00e7u pour les zones \u00e0 fort trafic. Il r\u00e9pondra aux besoins des \u00e9v\u00e9nements plus importants tels que les banquets, les restaurants et les expositions.<\/p>\n\n\n\n<p><strong>Technologie d'isolation avanc\u00e9e :<\/strong> Conserver les boissons chaudes et froides \u00e0 la bonne temp\u00e9rature pendant une p\u00e9riode plus longue.<\/p>\n\n\n\n<p><strong>Contr\u00f4le efficace des flux :<\/strong> distribution r\u00e9guli\u00e8re et continue des boissons, sans fuite ni gaspillage. Fonctionnement simple, en un seul mouvement.<\/p>\n\n\n\n<p><strong>Une conception soucieuse de la s\u00e9curit\u00e9<\/strong>: \u00c9quip\u00e9 d'une poign\u00e9e r\u00e9sistante \u00e0 la chaleur qui emp\u00eache les liquides chauds de se r\u00e9pandre, ce qui accro\u00eet la s\u00e9curit\u00e9 lors de l'utilisation et r\u00e9duit les risques d'accident.<\/p>\n\n\n\n<p><strong>Aspect \u00e9l\u00e9gant : <\/strong>Int\u00e9grant un design minimaliste moderne et une texture classique en acier inoxydable, il rehausse l'ambiance de chaque lieu et conf\u00e8re \u00e0 la distribution de boissons une touche de sophistication.<\/p>\n<\/div>\n\n\n\n<div class=\"wp-block-column is-layout-flow wp-block-column-is-layout-flow\">\n<figure class=\"wp-block-image size-full\"><img decoding=\"async\" width=\"720\" height=\"720\" src=\"https:\/\/www.billiondaysupplier.com\/wp-content\/uploads\/2025\/08\/bulk-stainless-steel-beverage-dispenser-1.webp\" alt=\"distributeur de boissons en vrac en acier inoxydable (1)\" class=\"wp-image-669\" srcset=\"https:\/\/www.billiondaysupplier.com\/wp-content\/uploads\/2025\/08\/bulk-stainless-steel-beverage-dispenser-1.webp 720w, https:\/\/www.billiondaysupplier.com\/wp-content\/uploads\/2025\/08\/bulk-stainless-steel-beverage-dispenser-1-300x300.webp 300w, https:\/\/www.billiondaysupplier.com\/wp-content\/uploads\/2025\/08\/bulk-stainless-steel-beverage-dispenser-1-150x150.webp 150w, https:\/\/www.billiondaysupplier.com\/wp-content\/uploads\/2025\/08\/bulk-stainless-steel-beverage-dispenser-1-600x600.webp 600w, https:\/\/www.billiondaysupplier.com\/wp-content\/uploads\/2025\/08\/bulk-stainless-steel-beverage-dispenser-1-100x100.webp 100w\" sizes=\"(max-width: 720px) 100vw, 720px\" \/><\/figure>\n<\/div>\n<\/div>\n\n\n\n<div class=\"wp-block-columns is-layout-flex wp-container-core-columns-is-layout-9d6595d7 wp-block-columns-is-layout-flex\">\n<div class=\"wp-block-column is-layout-flow wp-block-column-is-layout-flow\">\n<figure class=\"wp-block-image size-full\"><img decoding=\"async\" width=\"720\" height=\"720\" src=\"https:\/\/www.billiondaysupplier.com\/wp-content\/uploads\/2025\/08\/bulk-stainless-steel-beverage-dispenser-4.webp\" alt=\"distributeur de boissons en vrac en acier inoxydable (4)\" class=\"wp-image-672\" srcset=\"https:\/\/www.billiondaysupplier.com\/wp-content\/uploads\/2025\/08\/bulk-stainless-steel-beverage-dispenser-4.webp 720w, https:\/\/www.billiondaysupplier.com\/wp-content\/uploads\/2025\/08\/bulk-stainless-steel-beverage-dispenser-4-300x300.webp 300w, https:\/\/www.billiondaysupplier.com\/wp-content\/uploads\/2025\/08\/bulk-stainless-steel-beverage-dispenser-4-150x150.webp 150w, https:\/\/www.billiondaysupplier.com\/wp-content\/uploads\/2025\/08\/bulk-stainless-steel-beverage-dispenser-4-600x600.webp 600w, https:\/\/www.billiondaysupplier.com\/wp-content\/uploads\/2025\/08\/bulk-stainless-steel-beverage-dispenser-4-100x100.webp 100w\" sizes=\"(max-width: 720px) 100vw, 720px\" \/><\/figure>\n<\/div>\n\n\n\n<div class=\"wp-block-column is-layout-flow wp-block-column-is-layout-flow\">\n<figure class=\"wp-block-image size-full\"><img decoding=\"async\" width=\"720\" height=\"720\" src=\"https:\/\/www.billiondaysupplier.com\/wp-content\/uploads\/2025\/08\/bulk-stainless-steel-beverage-dispenser-3.webp\" alt=\"distributeur de boissons en vrac en acier inoxydable (3)\" class=\"wp-image-671\" srcset=\"https:\/\/www.billiondaysupplier.com\/wp-content\/uploads\/2025\/08\/bulk-stainless-steel-beverage-dispenser-3.webp 720w, https:\/\/www.billiondaysupplier.com\/wp-content\/uploads\/2025\/08\/bulk-stainless-steel-beverage-dispenser-3-300x300.webp 300w, https:\/\/www.billiondaysupplier.com\/wp-content\/uploads\/2025\/08\/bulk-stainless-steel-beverage-dispenser-3-150x150.webp 150w, https:\/\/www.billiondaysupplier.com\/wp-content\/uploads\/2025\/08\/bulk-stainless-steel-beverage-dispenser-3-600x600.webp 600w, https:\/\/www.billiondaysupplier.com\/wp-content\/uploads\/2025\/08\/bulk-stainless-steel-beverage-dispenser-3-100x100.webp 100w\" sizes=\"(max-width: 720px) 100vw, 720px\" \/><\/figure>\n<\/div>\n<\/div>","protected":false},"excerpt":{"rendered":"<p>Distributeur de boissons en gros en acier inoxydable d'une grande capacit\u00e9 de 13 litres pour les lieux tr\u00e8s fr\u00e9quent\u00e9s. Il se caract\u00e9rise par une r\u00e9tention avanc\u00e9e de la chaleur, un contr\u00f4le efficace du d\u00e9bit et une conception s\u00fbre avec une poign\u00e9e isol\u00e9e. Id\u00e9al pour les banquets et les restaurants. Les commandes en vrac et le service personnalis\u00e9 sont disponibles.  N'h\u00e9sitez pas \u00e0 nous contacter pour un devis !<\/p>\n<h2>Distributeur de boissons en acier inoxydable Param\u00e8tre\uff1a<\/h2>\n<table width=\"378\">\n<tbody>\n<tr>\n<td width=\"155\">Mat\u00e9riau<\/td>\n<td width=\"223\">Acier inoxydable 201 + PE<\/td>\n<\/tr>\n<tr>\n<td>Couleur<\/td>\n<td width=\"223\">Argent \/ Or<\/td>\n<\/tr>\n<tr>\n<td>Capacit\u00e9<\/td>\n<td>13L<\/td>\n<\/tr>\n<tr>\n<td>Fonction<\/td>\n<td>Isolation froide ou chaude<\/td>\n<\/tr>\n<tr>\n<td>Fonctionnalit\u00e9<\/td>\n<td width=\"223\">1. Corps du godet en acier inoxydable<br \/>2. Robinet en acier inoxydable<br \/>3. Base lourde<\/td>\n<\/tr>\n<tr>\n<td>Option personnalis\u00e9e<\/td>\n<td width=\"223\">Logo\/couleur\/taille\/emballage\/accessoires<\/td>\n<\/tr>\n<\/tbody>\n<\/table>","protected":false},"featured_media":669,"comment_status":"closed","ping_status":"closed","template":"","meta":{"_acf_changed":false},"product_brand":[],"product_cat":[19],"product_tag":[],"class_list":{"0":"post-1497","1":"product","2":"type-product","3":"status-publish","4":"has-post-thumbnail","6":"product_cat-wholesale-beverage-dispenser","8":"first","9":"instock","10":"shipping-taxable","11":"product-type-simple"},"acf":[],"_links":{"self":[{"href":"https:\/\/www.billiondaysupplier.com\/fr\/wp-json\/wp\/v2\/product\/1497","targetHints":{"allow":["GET"]}}],"collection":[{"href":"https:\/\/www.billiondaysupplier.com\/fr\/wp-json\/wp\/v2\/product"}],"about":[{"href":"https:\/\/www.billiondaysupplier.com\/fr\/wp-json\/wp\/v2\/types\/product"}],"replies":[{"embeddable":true,"href":"https:\/\/www.billiondaysupplier.com\/fr\/wp-json\/wp\/v2\/comments?post=1497"}],"wp:featuredmedia":[{"embeddable":true,"href":"https:\/\/www.billiondaysupplier.com\/fr\/wp-json\/wp\/v2\/media\/669"}],"wp:attachment":[{"href":"https:\/\/www.billiondaysupplier.com\/fr\/wp-json\/wp\/v2\/media?parent=1497"}],"wp:term":[{"taxonomy":"product_brand","embeddable":true,"href":"https:\/\/www.billiondaysupplier.com\/fr\/wp-json\/wp\/v2\/product_brand?post=1497"},{"taxonomy":"product_cat","embeddable":true,"href":"https:\/\/www.billiondaysupplier.com\/fr\/wp-json\/wp\/v2\/product_cat?post=1497"},{"taxonomy":"product_tag","embeddable":true,"href":"https:\/\/www.billiondaysupplier.com\/fr\/wp-json\/wp\/v2\/product_tag?post=1497"}],"curies":[{"name":"wp","href":"https:\/\/api.w.org\/{rel}","templated":true}]}}