{"id":1496,"date":"2025-12-15T07:29:35","date_gmt":"2025-12-15T07:29:35","guid":{"rendered":"https:\/\/www.billiondaysupplier.com\/?post_type=product&#038;p=1496"},"modified":"2025-12-15T07:29:35","modified_gmt":"2025-12-15T07:29:35","slug":"custom-electric-chafing-dish-set","status":"publish","type":"product","link":"https:\/\/www.billiondaysupplier.com\/fr\/product\/custom-electric-chafing-dish-set\/","title":{"rendered":"Ensemble de plats \u00e0 r\u00f4tir \u00e9lectriques, 6L Stainless Steel Buffet Set Silver Rectangular en vrac"},"content":{"rendered":"<div class=\"wp-block-columns is-layout-flex wp-container-core-columns-is-layout-9d6595d7 wp-block-columns-is-layout-flex\">\n<div class=\"wp-block-column is-layout-flow wp-block-column-is-layout-flow\">\n<h2 class=\"wp-block-heading\">Ensemble de r\u00e9chauds \u00e9lectriques Caract\u00e9ristiques :<\/h2>\n\n\n\n<p><strong>Ext\u00e9rieur en acier inoxydable argent\u00e9<\/strong>: Fabriqu\u00e9e en acier inoxydable argent\u00e9 de haute qualit\u00e9, la surface est lisse et raffin\u00e9e, s'harmonisant parfaitement avec la d\u00e9coration des salles \u00e0 manger haut de gamme.<\/p>\n\n\n\n<p><strong>Verre tremp\u00e9 Couvercle :<\/strong> Gr\u00e2ce \u00e0 ce couvercle en verre transparent et durable, vous pouvez voir clairement, pr\u00e9server efficacement la temp\u00e9rature des aliments et v\u00e9rifier facilement l'\u00e9tat des plats, ce qui am\u00e9liore la qualit\u00e9 du service de restauration.<\/p>\n\n\n\n<p><strong>Chauffage \u00e9lectrique efficace :<\/strong> Augmente rapidement et maintient avec pr\u00e9cision la temp\u00e9rature r\u00e9gl\u00e9e pour un chauffage rapide et homog\u00e8ne, r\u00e9pondant \u00e0 une grande vari\u00e9t\u00e9 de besoins de chauffage.<\/p>\n\n\n\n<p><strong>Panneau de commande num\u00e9rique :<\/strong> permet de r\u00e9gler facilement et pr\u00e9cis\u00e9ment la temp\u00e9rature et la dur\u00e9e, ce qui permet aux utilisateurs d'obtenir facilement l'effet de chauffage d\u00e9sir\u00e9, am\u00e9liorant ainsi la facilit\u00e9 d'utilisation.<\/p>\n\n\n\n<p><strong>6L Grande capacit\u00e9 :<\/strong> Adapt\u00e9 aux restaurants de taille moyenne, aux banquets et aux rassemblements de groupes, il peut chauffer de grandes quantit\u00e9s \u00e0 la fois avec une grande efficacit\u00e9 \u00e9nerg\u00e9tique.<\/p>\n\n\n\n<p><strong>Convient \u00e0 tous les types de repas<\/strong>: H\u00f4tels, buffets, banquets et r\u00e9unions de famille, ce chafing dish s'adaptera \u00e0 toutes les occasions et offrira une exp\u00e9rience culinaire exceptionnelle.<\/p>\n<\/div>\n\n\n\n<div class=\"wp-block-column is-layout-flow wp-block-column-is-layout-flow\">\n<figure class=\"wp-block-image size-full\"><img decoding=\"async\" width=\"800\" height=\"800\" src=\"https:\/\/www.billiondaysupplier.com\/wp-content\/uploads\/2025\/11\/restaurant-6.webp\" alt=\"fourniture de restaurants plats chafing\" class=\"wp-image-1498\" srcset=\"https:\/\/www.billiondaysupplier.com\/wp-content\/uploads\/2025\/11\/restaurant-6.webp 800w, https:\/\/www.billiondaysupplier.com\/wp-content\/uploads\/2025\/11\/restaurant-6-300x300.webp 300w, https:\/\/www.billiondaysupplier.com\/wp-content\/uploads\/2025\/11\/restaurant-6-150x150.webp 150w, https:\/\/www.billiondaysupplier.com\/wp-content\/uploads\/2025\/11\/restaurant-6-768x768.webp 768w, https:\/\/www.billiondaysupplier.com\/wp-content\/uploads\/2025\/11\/restaurant-6-12x12.webp 12w, https:\/\/www.billiondaysupplier.com\/wp-content\/uploads\/2025\/11\/restaurant-6-600x600.webp 600w, https:\/\/www.billiondaysupplier.com\/wp-content\/uploads\/2025\/11\/restaurant-6-100x100.webp 100w\" sizes=\"(max-width: 800px) 100vw, 800px\" \/><\/figure>\n<\/div>\n<\/div>\n\n\n\n<div class=\"wp-block-columns is-layout-flex wp-container-core-columns-is-layout-9d6595d7 wp-block-columns-is-layout-flex\">\n<div class=\"wp-block-column is-layout-flow wp-block-column-is-layout-flow\">\n<figure class=\"wp-block-image size-full\"><img decoding=\"async\" width=\"800\" height=\"800\" src=\"https:\/\/www.billiondaysupplier.com\/wp-content\/uploads\/2025\/11\/restaurant-4.webp\" alt=\"fourniture de restaurants plats chafing\" class=\"wp-image-1499\" srcset=\"https:\/\/www.billiondaysupplier.com\/wp-content\/uploads\/2025\/11\/restaurant-4.webp 800w, https:\/\/www.billiondaysupplier.com\/wp-content\/uploads\/2025\/11\/restaurant-4-300x300.webp 300w, https:\/\/www.billiondaysupplier.com\/wp-content\/uploads\/2025\/11\/restaurant-4-150x150.webp 150w, https:\/\/www.billiondaysupplier.com\/wp-content\/uploads\/2025\/11\/restaurant-4-768x768.webp 768w, https:\/\/www.billiondaysupplier.com\/wp-content\/uploads\/2025\/11\/restaurant-4-12x12.webp 12w, https:\/\/www.billiondaysupplier.com\/wp-content\/uploads\/2025\/11\/restaurant-4-600x600.webp 600w, https:\/\/www.billiondaysupplier.com\/wp-content\/uploads\/2025\/11\/restaurant-4-100x100.webp 100w\" sizes=\"(max-width: 800px) 100vw, 800px\" \/><\/figure>\n<\/div>\n\n\n\n<div class=\"wp-block-column is-layout-flow wp-block-column-is-layout-flow\">\n<figure class=\"wp-block-image size-full\"><img decoding=\"async\" width=\"800\" height=\"800\" src=\"https:\/\/www.billiondaysupplier.com\/wp-content\/uploads\/2025\/11\/restaurant-5.webp\" alt=\"fourniture de restaurants plats chafing\" class=\"wp-image-1500\" srcset=\"https:\/\/www.billiondaysupplier.com\/wp-content\/uploads\/2025\/11\/restaurant-5.webp 800w, https:\/\/www.billiondaysupplier.com\/wp-content\/uploads\/2025\/11\/restaurant-5-300x300.webp 300w, https:\/\/www.billiondaysupplier.com\/wp-content\/uploads\/2025\/11\/restaurant-5-150x150.webp 150w, https:\/\/www.billiondaysupplier.com\/wp-content\/uploads\/2025\/11\/restaurant-5-768x768.webp 768w, https:\/\/www.billiondaysupplier.com\/wp-content\/uploads\/2025\/11\/restaurant-5-12x12.webp 12w, https:\/\/www.billiondaysupplier.com\/wp-content\/uploads\/2025\/11\/restaurant-5-600x600.webp 600w, https:\/\/www.billiondaysupplier.com\/wp-content\/uploads\/2025\/11\/restaurant-5-100x100.webp 100w\" sizes=\"(max-width: 800px) 100vw, 800px\" \/><\/figure>\n<\/div>\n<\/div>","protected":false},"excerpt":{"rendered":"<p>Le chafing dish \u00e9lectrique Wholesale, d'une capacit\u00e9 de 6 litres, r\u00e9pond parfaitement aux besoins des banquets et des rassemblements de groupes. Associ\u00e9 \u00e0 un couvercle en verre transparent et \u00e0 un fonctionnement \u00e0 commande num\u00e9rique, il peut facilement s'adapter \u00e0 diff\u00e9rents sc\u00e9narios. Contactez-nous pour personnaliser votre \u00e9quipement de restauration !<\/p>\n<h2>Param\u00e8tres du r\u00e9chaud \u00e9lectrique\uff1a<\/h2>\n<table border=\"0\" width=\"404\" cellspacing=\"0\" cellpadding=\"0\">\n<tbody>\n<tr>\n<td style=\"text-align: left\" width=\"148\" height=\"24\"><strong>Mat\u00e9riau<\/strong><\/td>\n<td style=\"text-align: left\" width=\"256\">Acier inoxydable 201<\/td>\n<\/tr>\n<tr>\n<td style=\"text-align: left\" height=\"69\"><strong>Couleur<\/strong><\/td>\n<td style=\"text-align: left\" width=\"256\">Dor\u00e9\/demi-dor\u00e9\/argent\u00e9\/Acceptation du sur-mesure<\/td>\n<\/tr>\n<tr>\n<td style=\"text-align: left\" height=\"24\"><strong>M\u00e9thode de chauffage<\/strong><\/td>\n<td style=\"text-align: left\">Chauffage \u00e9lectrique<\/td>\n<\/tr>\n<tr>\n<td style=\"text-align: left\" height=\"24\"><strong>Capacit\u00e96<\/strong><\/td>\n<td style=\"text-align: left\">6.0L<\/td>\n<\/tr>\n<tr>\n<td style=\"text-align: left\" height=\"92\"><strong>Fonctionnalit\u00e9<\/strong><\/td>\n<td style=\"text-align: left\" width=\"256\">1. Couvercle hydraulique avec fen\u00eatre en verre<br \/>2. Bords arrondis polis miroir<br \/>3. Cadre vertical stable<\/td>\n<\/tr>\n<tr>\n<td style=\"text-align: left\" height=\"24\"><strong>Option personnalis\u00e9e<\/strong><\/td>\n<td style=\"text-align: left\">Logo\/couleur\/taille\/emballage\/accessoires<\/td>\n<\/tr>\n<\/tbody>\n<\/table>","protected":false},"featured_media":1499,"comment_status":"closed","ping_status":"closed","template":"","meta":{"_acf_changed":true},"product_brand":[],"product_cat":[18],"product_tag":[],"class_list":{"0":"post-1496","1":"product","2":"type-product","3":"status-publish","4":"has-post-thumbnail","6":"product_cat-wholesale-chafing-dishes","8":"first","9":"instock","10":"shipping-taxable","11":"product-type-simple"},"acf":[],"_links":{"self":[{"href":"https:\/\/www.billiondaysupplier.com\/fr\/wp-json\/wp\/v2\/product\/1496","targetHints":{"allow":["GET"]}}],"collection":[{"href":"https:\/\/www.billiondaysupplier.com\/fr\/wp-json\/wp\/v2\/product"}],"about":[{"href":"https:\/\/www.billiondaysupplier.com\/fr\/wp-json\/wp\/v2\/types\/product"}],"replies":[{"embeddable":true,"href":"https:\/\/www.billiondaysupplier.com\/fr\/wp-json\/wp\/v2\/comments?post=1496"}],"wp:featuredmedia":[{"embeddable":true,"href":"https:\/\/www.billiondaysupplier.com\/fr\/wp-json\/wp\/v2\/media\/1499"}],"wp:attachment":[{"href":"https:\/\/www.billiondaysupplier.com\/fr\/wp-json\/wp\/v2\/media?parent=1496"}],"wp:term":[{"taxonomy":"product_brand","embeddable":true,"href":"https:\/\/www.billiondaysupplier.com\/fr\/wp-json\/wp\/v2\/product_brand?post=1496"},{"taxonomy":"product_cat","embeddable":true,"href":"https:\/\/www.billiondaysupplier.com\/fr\/wp-json\/wp\/v2\/product_cat?post=1496"},{"taxonomy":"product_tag","embeddable":true,"href":"https:\/\/www.billiondaysupplier.com\/fr\/wp-json\/wp\/v2\/product_tag?post=1496"}],"curies":[{"name":"wp","href":"https:\/\/api.w.org\/{rel}","templated":true}]}}