{"id":1487,"date":"2025-12-03T07:44:07","date_gmt":"2025-12-03T07:44:07","guid":{"rendered":"https:\/\/www.billiondaysupplier.com\/?post_type=product&#038;p=1487"},"modified":"2025-12-03T07:44:10","modified_gmt":"2025-12-03T07:44:10","slug":"custom-restaurant-chafing-dishes","status":"publish","type":"product","link":"https:\/\/www.billiondaysupplier.com\/fr\/product\/custom-restaurant-chafing-dishes\/","title":{"rendered":"Fabriquer des plats \u00e0 r\u00f4tir sur mesure pour les restaurants, des buffets hydrauliques carr\u00e9s en or."},"content":{"rendered":"<div class=\"wp-block-columns is-layout-flex wp-container-core-columns-is-layout-9d6595d7 wp-block-columns-is-layout-flex\">\n<div class=\"wp-block-column is-layout-flow wp-block-column-is-layout-flow\">\n<h2 class=\"wp-block-heading\">Plats \u00e0 r\u00f4tir de restaurant Caract\u00e9ristiques :<\/h2>\n\n\n\n<p><strong>Acier inoxydable de premi\u00e8re qualit\u00e9 : <\/strong>Fabriqu\u00e9 \u00e0 partir de mat\u00e9riaux de qualit\u00e9 sup\u00e9rieure, il est durable et convient \u00e0 un usage commercial fr\u00e9quent.<\/p>\n\n\n\n<p><strong>Aspect luxueux :<\/strong> La galvanoplastie en or donne un aspect de grande classe et met en valeur les banquets et les buffets.<\/p>\n\n\n\n<p><strong>Couvercle hydraulique amovible \u00e0 fermeture progressive<\/strong>Le syst\u00e8me d'ouverture : s'ouvre et se ferme en douceur et en silence, sans pincement des doigts. Plus s\u00fbr \u00e0 utiliser et plus facile \u00e0 nettoyer.<\/p>\n\n\n\n<p><strong>Esth\u00e9tiquement agr\u00e9able<\/strong>: Le couvercle incurv\u00e9 en verre transparent offre une visibilit\u00e9 totale des plats, ce qui stimule l'app\u00e9tit des clients.<\/p>\n\n\n\n<p><strong>Conception multi-compartiments configurable<\/strong>Le plat \u00e0 chafing peut contenir 1 ou 2 plats, ce qui permet une grande souplesse d'utilisation.<\/p>\n\n\n\n<div class=\"wp-block-group is-nowrap is-layout-flex wp-container-core-group-is-layout-ad2f72ca wp-block-group-is-layout-flex\">\n<p><strong>Construction rigide<\/strong>: Les supports \u00e9pais sont durables et r\u00e9sistants \u00e0 la pression, ce qui \u00e9vite toute inqui\u00e9tude.<\/p>\n<\/div>\n\n\n\n<p><strong>Fourniture directe par l'usine : <\/strong>La production \u00e0 grande \u00e9chelle permet de b\u00e9n\u00e9ficier d'avantages de prix \u00e0 la source, ce qui permet aux grossistes et aux distributeurs d'obtenir des prix de gros tr\u00e8s comp\u00e9titifs.<\/p>\n<\/div>\n\n\n\n<div class=\"wp-block-column is-layout-flow wp-block-column-is-layout-flow\">\n<figure class=\"wp-block-image size-full\"><img decoding=\"async\" width=\"800\" height=\"800\" src=\"https:\/\/www.billiondaysupplier.com\/wp-content\/uploads\/2025\/11\/chafing-2-2.webp\" alt=\"fabricants de chafing dish\" class=\"wp-image-1490\" srcset=\"https:\/\/www.billiondaysupplier.com\/wp-content\/uploads\/2025\/11\/chafing-2-2.webp 800w, https:\/\/www.billiondaysupplier.com\/wp-content\/uploads\/2025\/11\/chafing-2-2-300x300.webp 300w, https:\/\/www.billiondaysupplier.com\/wp-content\/uploads\/2025\/11\/chafing-2-2-150x150.webp 150w, https:\/\/www.billiondaysupplier.com\/wp-content\/uploads\/2025\/11\/chafing-2-2-768x768.webp 768w, https:\/\/www.billiondaysupplier.com\/wp-content\/uploads\/2025\/11\/chafing-2-2-12x12.webp 12w, https:\/\/www.billiondaysupplier.com\/wp-content\/uploads\/2025\/11\/chafing-2-2-600x600.webp 600w, https:\/\/www.billiondaysupplier.com\/wp-content\/uploads\/2025\/11\/chafing-2-2-100x100.webp 100w\" sizes=\"(max-width: 800px) 100vw, 800px\" \/><\/figure>\n<\/div>\n<\/div>","protected":false},"excerpt":{"rendered":"<p>Les chafing dishes de restaurant personnalis\u00e9s sont en acier inoxydable de haute qualit\u00e9, avec une finition dor\u00e9e polie et une forme carr\u00e9e, avec un couvercle amovible en verre hydraulique, id\u00e9al pour les h\u00f4tels modernes et les buffets. Meilleure remise pour les personnalisations en vrac, n'h\u00e9sitez pas \u00e0 vous renseigner !<\/p>\n<h2>Param\u00e8tres des plats de cuisson des restaurants\uff1a<\/h2>\n<table border=\"0\" width=\"404\" cellspacing=\"0\" cellpadding=\"0\">\n<tbody>\n<tr>\n<td style=\"text-align: left;\" width=\"148\" height=\"24\"><strong>Mat\u00e9riau<\/strong><\/td>\n<td style=\"text-align: left;\" width=\"256\">Acier inoxydable 201<\/td>\n<\/tr>\n<tr>\n<td style=\"text-align: left;\" height=\"69\"><strong>Couleur<\/strong><\/td>\n<td style=\"text-align: left;\" width=\"256\">Argent\/Or\/Mi-Or\/Acceptation de la personnalisation<\/td>\n<\/tr>\n<tr>\n<td style=\"text-align: left;\" height=\"24\"><strong>M\u00e9thode de chauffage<\/strong><\/td>\n<td style=\"text-align: left;\">Chauffage \u00e9lectrique ou \u00e0 combustible<\/td>\n<\/tr>\n<tr>\n<td style=\"text-align: left;\" height=\"24\"><strong>Capacit\u00e9<\/strong><\/td>\n<td style=\"text-align: left;\">6.0L<\/td>\n<\/tr>\n<tr>\n<td style=\"text-align: left;\" height=\"92\"><strong>Fonctionnalit\u00e9<\/strong><\/td>\n<td style=\"text-align: left;\" width=\"256\">1. Couvercle hydraulique avec fen\u00eatre en verre<br \/>2. Bords arrondis polis<br \/>3. Cadre vertical stable<\/td>\n<\/tr>\n<tr>\n<td style=\"text-align: left;\" height=\"24\"><strong>Option personnalis\u00e9e<\/strong><\/td>\n<td style=\"text-align: left;\">Logo\/couleur\/taille\/emballage\/accessoires<\/td>\n<\/tr>\n<\/tbody>\n<\/table>","protected":false},"featured_media":1490,"comment_status":"closed","ping_status":"closed","template":"","meta":{"_acf_changed":false},"product_brand":[],"product_cat":[18],"product_tag":[],"class_list":{"0":"post-1487","1":"product","2":"type-product","3":"status-publish","4":"has-post-thumbnail","6":"product_cat-wholesale-chafing-dishes","8":"first","9":"instock","10":"shipping-taxable","11":"product-type-simple"},"acf":[],"_links":{"self":[{"href":"https:\/\/www.billiondaysupplier.com\/fr\/wp-json\/wp\/v2\/product\/1487","targetHints":{"allow":["GET"]}}],"collection":[{"href":"https:\/\/www.billiondaysupplier.com\/fr\/wp-json\/wp\/v2\/product"}],"about":[{"href":"https:\/\/www.billiondaysupplier.com\/fr\/wp-json\/wp\/v2\/types\/product"}],"replies":[{"embeddable":true,"href":"https:\/\/www.billiondaysupplier.com\/fr\/wp-json\/wp\/v2\/comments?post=1487"}],"wp:featuredmedia":[{"embeddable":true,"href":"https:\/\/www.billiondaysupplier.com\/fr\/wp-json\/wp\/v2\/media\/1490"}],"wp:attachment":[{"href":"https:\/\/www.billiondaysupplier.com\/fr\/wp-json\/wp\/v2\/media?parent=1487"}],"wp:term":[{"taxonomy":"product_brand","embeddable":true,"href":"https:\/\/www.billiondaysupplier.com\/fr\/wp-json\/wp\/v2\/product_brand?post=1487"},{"taxonomy":"product_cat","embeddable":true,"href":"https:\/\/www.billiondaysupplier.com\/fr\/wp-json\/wp\/v2\/product_cat?post=1487"},{"taxonomy":"product_tag","embeddable":true,"href":"https:\/\/www.billiondaysupplier.com\/fr\/wp-json\/wp\/v2\/product_tag?post=1487"}],"curies":[{"name":"wp","href":"https:\/\/api.w.org\/{rel}","templated":true}]}}